{"id":17446,"date":"2025-09-15T17:48:19","date_gmt":"2025-09-15T14:48:19","guid":{"rendered":"https:\/\/ecostera.com\/dk\/product\/fixatorer-til-grene\/"},"modified":"2025-09-15T23:57:42","modified_gmt":"2025-09-15T20:57:42","slug":"fixatorer-til-grene","status":"publish","type":"product","link":"https:\/\/ecostera.com\/dk\/product\/fixatorer-til-grene\/","title":{"rendered":"Fixatorer til grene"},"content":{"rendered":"<p style=\"text-align: center\" data-start=\"91\" data-end=\"147\"><strong>\ud83c\udf33 Hj\u00e6lp Dine Tr\u00e6er Med At Vokse Sig St\u00e6rke, P\u00e6ne Og Fuld Af Frugt!<\/strong><\/p>\n<p style=\"text-align: center\" data-start=\"149\" data-end=\"401\">Grenfiksatorer adskiller forsigtigt sammenflettede grene for at give dine planter mere plads til at tr\u00e6kke vejret, blomstre og vokse produktivt. Uanset om du arbejder med frugttr\u00e6er, potteplanter eller buske &#8211; disse klemmer \u00f8ger v\u00e6ksten og holder alting p\u00e6nt.<\/p>\n<p data-start=\"149\" data-end=\"401\"><img decoding=\"async\" class=\"size-full wp-image-28251 aligncenter\" src=\"https:\/\/keluvo.com\/template\/wp-content\/uploads\/sites\/5\/2025\/07\/GIF2_b7bdda47-5aa9-4044-ad9d-6a098b5ca6e8_480x480.webp\" alt=\"\" \/><\/p>\n<h2 style=\"text-align: center\" data-start=\"403\" data-end=\"424\">\ud83c\udf4e Vigtigste Fordele<\/h2>\n<p data-start=\"427\" data-end=\"483\">\ud83c\udf3f Adskiller sammenfiltrede grene for bedre luft og lys<\/p>\n<p data-start=\"486\" data-end=\"532\">\ud83c\udf51 Forbedrer frugt- og blomstringspotentialet<\/p>\n<p data-start=\"535\" data-end=\"591\">\ud83e\uddf9 Holder tr\u00e6er og planter p\u00e6ne og symmetriske<\/p>\n<p data-start=\"594\" data-end=\"644\">\ud83e\udeb4 Velegnet til tr\u00e6er, buske og potteplanter<\/p>\n<p data-start=\"647\" data-end=\"677\">\ud83d\udee0\ufe0f Let at anvende og justere<\/p>\n<p data-start=\"647\" data-end=\"677\"><img decoding=\"async\" class=\"size-full wp-image-28252 aligncenter\" src=\"https:\/\/keluvo.com\/template\/wp-content\/uploads\/sites\/5\/2025\/07\/GIF1_518c5163-04c4-4b8e-8f1e-e2aec572cebb_480x480.webp\" alt=\"\" \/><\/p>\n<h2 style=\"text-align: center\" data-start=\"679\" data-end=\"697\">\ud83d\udccc S\u00e5dan Bruges<\/h2>\n<ol data-start=\"698\" data-end=\"858\">\n<li data-start=\"698\" data-end=\"743\">\n<p data-start=\"701\" data-end=\"743\">Identificer sammenfiltrede eller overlappende grene.<\/p>\n<\/li>\n<li data-start=\"744\" data-end=\"805\">\n<p data-start=\"747\" data-end=\"805\">Klip forsigtigt p\u00e5 klemmen for at adskille og holde dem p\u00e5 plads.<\/p>\n<\/li>\n<li data-start=\"806\" data-end=\"858\">\n<p data-start=\"809\" data-end=\"858\">Se dine planter vokse mere j\u00e6vnt og sundt!<\/p>\n<\/li>\n<\/ol>\n<h2 style=\"text-align: center\" data-start=\"860\" data-end=\"883\">\ud83d\udcd0 Produktdetaljer<\/h2>\n<ul data-start=\"884\" data-end=\"970\">\n<li data-start=\"884\" data-end=\"903\">\n<p data-start=\"886\" data-end=\"903\">Materiale: metal<\/p>\n<\/li>\n<li data-start=\"904\" data-end=\"935\">\n<p data-start=\"906\" data-end=\"935\">M\u00e6ngde: 20 eller 40 <span style=\"font-size: 16px\">stk. pr. s\u00e6t<\/span><\/p>\n<\/li>\n<li data-start=\"936\" data-end=\"970\">\n<p data-start=\"938\" data-end=\"970\">Anvendelig og vejrbestandig<\/p>\n<\/li>\n<\/ul>\n<h2 style=\"text-align: center\" data-start=\"972\" data-end=\"996\">\ud83d\udce6 Pakken Indeholder<\/h2>\n<ul data-start=\"997\" data-end=\"1034\">\n<li data-start=\"997\" data-end=\"1034\">\n<p data-start=\"999\" data-end=\"1034\">20, 40x grenfiksatorer.<\/p>\n<\/li>\n<\/ul>\n","protected":false},"excerpt":{"rendered":"<p>\ud83c\udf33 Hj\u00e6lp Dine Tr\u00e6er Med At Vokse Sig St\u00e6rke, P\u00e6ne Og Fuld Af Frugt! Grenfiksatorer adskiller forsigtigt sammenflettede grene for [&hellip;]<\/p>\n","protected":false},"featured_media":17442,"comment_status":"open","ping_status":"closed","template":"","meta":{"site-sidebar-layout":"default","site-content-layout":"","ast-site-content-layout":"default","site-content-style":"default","site-sidebar-style":"default","ast-global-header-display":"","ast-banner-title-visibility":"","ast-main-header-display":"","ast-hfb-above-header-display":"","ast-hfb-below-header-display":"","ast-hfb-mobile-header-display":"","site-post-title":"","ast-breadcrumbs-content":"","ast-featured-img":"","footer-sml-layout":"","theme-transparent-header-meta":"default","adv-header-id-meta":"","stick-header-meta":"","header-above-stick-meta":"","header-main-stick-meta":"","header-below-stick-meta":"","astra-migrate-meta-layouts":"set","ast-page-background-enabled":"default","ast-page-background-meta":{"desktop":{"background-color":"var(--ast-global-color-5)","background-image":"","background-repeat":"repeat","background-position":"center center","background-size":"auto","background-attachment":"scroll","background-type":"","background-media":"","overlay-type":"","overlay-color":"","overlay-opacity":"","overlay-gradient":""},"tablet":{"background-color":"","background-image":"","background-repeat":"repeat","background-position":"center center","background-size":"auto","background-attachment":"scroll","background-type":"","background-media":"","overlay-type":"","overlay-color":"","overlay-opacity":"","overlay-gradient":""},"mobile":{"background-color":"","background-image":"","background-repeat":"repeat","background-position":"center center","background-size":"auto","background-attachment":"scroll","background-type":"","background-media":"","overlay-type":"","overlay-color":"","overlay-opacity":"","overlay-gradient":""}},"ast-content-background-meta":{"desktop":{"background-color":"var(--ast-global-color-4)","background-image":"","background-repeat":"repeat","background-position":"center center","background-size":"auto","background-attachment":"scroll","background-type":"","background-media":"","overlay-type":"","overlay-color":"","overlay-opacity":"","overlay-gradient":""},"tablet":{"background-color":"var(--ast-global-color-4)","background-image":"","background-repeat":"repeat","background-position":"center center","background-size":"auto","background-attachment":"scroll","background-type":"","background-media":"","overlay-type":"","overlay-color":"","overlay-opacity":"","overlay-gradient":""},"mobile":{"background-color":"var(--ast-global-color-4)","background-image":"","background-repeat":"repeat","background-position":"center center","background-size":"auto","background-attachment":"scroll","background-type":"","background-media":"","overlay-type":"","overlay-color":"","overlay-opacity":"","overlay-gradient":""}}},"product_brand":[],"product_cat":[19],"product_tag":[],"class_list":{"0":"post-17446","1":"product","2":"type-product","3":"status-publish","4":"has-post-thumbnail","6":"product_cat-uncategorized","7":"pa_19352_2xvic9kd-20-stk","8":"pa_19352_2xvic9kd-40-stk","9":"desktop-align-left","10":"tablet-align-left","11":"mobile-align-left","13":"first","14":"instock","15":"shipping-taxable","16":"purchasable","17":"product-type-variable"},"_links":{"self":[{"href":"https:\/\/ecostera.com\/dk\/wp-json\/wp\/v2\/product\/17446","targetHints":{"allow":["GET"]}}],"collection":[{"href":"https:\/\/ecostera.com\/dk\/wp-json\/wp\/v2\/product"}],"about":[{"href":"https:\/\/ecostera.com\/dk\/wp-json\/wp\/v2\/types\/product"}],"replies":[{"embeddable":true,"href":"https:\/\/ecostera.com\/dk\/wp-json\/wp\/v2\/comments?post=17446"}],"wp:featuredmedia":[{"embeddable":true,"href":"https:\/\/ecostera.com\/dk\/wp-json\/wp\/v2\/media\/17442"}],"wp:attachment":[{"href":"https:\/\/ecostera.com\/dk\/wp-json\/wp\/v2\/media?parent=17446"}],"wp:term":[{"taxonomy":"product_brand","embeddable":true,"href":"https:\/\/ecostera.com\/dk\/wp-json\/wp\/v2\/product_brand?post=17446"},{"taxonomy":"product_cat","embeddable":true,"href":"https:\/\/ecostera.com\/dk\/wp-json\/wp\/v2\/product_cat?post=17446"},{"taxonomy":"product_tag","embeddable":true,"href":"https:\/\/ecostera.com\/dk\/wp-json\/wp\/v2\/product_tag?post=17446"}],"curies":[{"name":"wp","href":"https:\/\/api.w.org\/{rel}","templated":true}]}}