{"id":17533,"date":"2025-09-15T17:56:11","date_gmt":"2025-09-15T14:56:11","guid":{"rendered":"https:\/\/ecostera.com\/dk\/product\/kaedesav-sliber\/"},"modified":"2025-10-07T16:40:32","modified_gmt":"2025-10-07T13:40:32","slug":"kaedesav-sliber","status":"publish","type":"product","link":"https:\/\/ecostera.com\/dk\/product\/kaedesav-sliber\/","title":{"rendered":"K\u00e6desavssliber"},"content":{"rendered":"<p style=\"text-align: center\" data-start=\"65\" data-end=\"119\"><strong>Slib din motorsav som en professionel \u2013 p\u00e5 f\u00e5 sekunder! \u26d3\ufe0f\u26a1<\/strong><\/p>\n<p style=\"text-align: center\" data-start=\"121\" data-end=\"323\">Ikke flere sl\u00f8ve k\u00e6der eller besv\u00e6rlig manuel filing! Denne k\u00e6desavssliber g\u00f8r det hurtigt, nemt og pr\u00e6cist at slibe din k\u00e6desav \u2013 selv for begyndere. Du skal blot montere den p\u00e5 din vinkelsliber, og s\u00e5 er du klar til at slibe!<\/p>\n<p data-start=\"121\" data-end=\"323\"><img decoding=\"async\" class=\"size-full wp-image-29020 aligncenter\" src=\"https:\/\/keluvo.com\/template\/wp-content\/uploads\/sites\/5\/2025\/07\/07212-ezgif.com-video-to-webp-converter-1.webp\" alt=\"\" \/><\/p>\n<h2 style=\"text-align: center\" data-start=\"325\" data-end=\"346\">\ud83d\udd27 Vigtigste fordele<\/h2>\n<p data-start=\"349\" data-end=\"397\">\u2699\ufe0f Perfekte vinkler: Sliber k\u00e6desavens t\u00e6nder i den helt rigtige vinkel.<\/p>\n<p data-start=\"349\" data-end=\"397\">\u23f1\ufe0f Tidsbesparende: Opn\u00e5 hurtige og ensartede resultater hver gang.<\/p>\n<p data-start=\"349\" data-end=\"397\">\ud83d\udd12 \u00d8get sikkerhed: En skarp k\u00e6de giver sikrere savning.<\/p>\n<p data-start=\"349\" data-end=\"397\">\ud83d\udcaa Universal pasform: Fungerer med de fleste almindelige vinkelslibere.<\/p>\n<p data-start=\"349\" data-end=\"397\">\ud83e\uddf0 Let at bruge: Nem at anvende, selv for begyndere.<\/p>\n<p data-start=\"539\" data-end=\"581\"><img decoding=\"async\" class=\"size-full wp-image-29025 aligncenter\" src=\"https:\/\/keluvo.com\/template\/wp-content\/uploads\/sites\/5\/2025\/07\/GRINNEX25478-ezgif.com-video-to-webp-converter.webp\" alt=\"\" \/><\/p>\n<h2 style=\"text-align: center\" data-start=\"583\" data-end=\"602\">\ud83d\udee0\ufe0f S\u00e5dan g\u00f8r du<\/h2>\n<ol data-start=\"603\" data-end=\"770\">\n<li data-start=\"603\" data-end=\"645\">\n<p data-start=\"606\" data-end=\"645\">Mont\u00e9r slibev\u00e6rkt\u00f8jet sikkert p\u00e5 din vinkelsliber.<\/p>\n<\/li>\n<li data-start=\"603\" data-end=\"645\">\n<p data-start=\"606\" data-end=\"645\">\u00a0F\u00f8lg den medf\u00f8lgende vejledning for at slibe hver enkelt savtand.<\/p>\n<\/li>\n<li data-start=\"603\" data-end=\"645\">\n<p data-start=\"606\" data-end=\"645\">Opn\u00e5 en perfekt slebet k\u00e6de p\u00e5 f\u00e5 minutter.<\/p>\n<\/li>\n<\/ol>\n<h2 style=\"text-align: center\" data-start=\"772\" data-end=\"795\">\ud83d\udccf Produktdetaljer<\/h2>\n<ul data-start=\"796\" data-end=\"937\">\n<li data-start=\"847\" data-end=\"895\">\n<p data-start=\"849\" data-end=\"895\">Kompatibilitet: Passer til de fleste standardvinkelslibere.<\/p>\n<\/li>\n<li data-start=\"847\" data-end=\"895\">\n<p data-start=\"849\" data-end=\"895\">Design: Udviklet med fokus p\u00e5 pr\u00e6cision og holdbarhed.<\/p>\n<\/li>\n<\/ul>\n<h2 style=\"text-align: center\" data-start=\"939\" data-end=\"963\">\ud83d\udce6 Pakken indeholder<\/h2>\n<ul data-start=\"964\" data-end=\"1061\">\n<li data-start=\"964\" data-end=\"993\">\n<p data-start=\"966\" data-end=\"993\">1 x Slibeforsats til k\u00e6desav<\/p>\n<\/li>\n<li data-start=\"964\" data-end=\"993\">\n<p data-start=\"966\" data-end=\"993\">3 x Slibestifter<\/p>\n<\/li>\n<li data-start=\"964\" data-end=\"993\">\n<p data-start=\"966\" data-end=\"993\">1 x Skruen\u00f8gle og tilbeh\u00f8r.<\/p>\n<\/li>\n<\/ul>\n","protected":false},"excerpt":{"rendered":"<p>Slib din motorsav som en professionel \u2013 p\u00e5 f\u00e5 sekunder! \u26d3\ufe0f\u26a1 Ikke flere sl\u00f8ve k\u00e6der eller besv\u00e6rlig manuel filing! Denne [&hellip;]<\/p>\n","protected":false},"featured_media":17529,"comment_status":"open","ping_status":"closed","template":"","meta":{"site-sidebar-layout":"default","site-content-layout":"","ast-site-content-layout":"default","site-content-style":"default","site-sidebar-style":"default","ast-global-header-display":"","ast-banner-title-visibility":"","ast-main-header-display":"","ast-hfb-above-header-display":"","ast-hfb-below-header-display":"","ast-hfb-mobile-header-display":"","site-post-title":"","ast-breadcrumbs-content":"","ast-featured-img":"","footer-sml-layout":"","theme-transparent-header-meta":"default","adv-header-id-meta":"","stick-header-meta":"","header-above-stick-meta":"","header-main-stick-meta":"","header-below-stick-meta":"","astra-migrate-meta-layouts":"set","ast-page-background-enabled":"default","ast-page-background-meta":{"desktop":{"background-color":"var(--ast-global-color-5)","background-image":"","background-repeat":"repeat","background-position":"center center","background-size":"auto","background-attachment":"scroll","background-type":"","background-media":"","overlay-type":"","overlay-color":"","overlay-opacity":"","overlay-gradient":""},"tablet":{"background-color":"","background-image":"","background-repeat":"repeat","background-position":"center center","background-size":"auto","background-attachment":"scroll","background-type":"","background-media":"","overlay-type":"","overlay-color":"","overlay-opacity":"","overlay-gradient":""},"mobile":{"background-color":"","background-image":"","background-repeat":"repeat","background-position":"center center","background-size":"auto","background-attachment":"scroll","background-type":"","background-media":"","overlay-type":"","overlay-color":"","overlay-opacity":"","overlay-gradient":""}},"ast-content-background-meta":{"desktop":{"background-color":"var(--ast-global-color-4)","background-image":"","background-repeat":"repeat","background-position":"center center","background-size":"auto","background-attachment":"scroll","background-type":"","background-media":"","overlay-type":"","overlay-color":"","overlay-opacity":"","overlay-gradient":""},"tablet":{"background-color":"var(--ast-global-color-4)","background-image":"","background-repeat":"repeat","background-position":"center center","background-size":"auto","background-attachment":"scroll","background-type":"","background-media":"","overlay-type":"","overlay-color":"","overlay-opacity":"","overlay-gradient":""},"mobile":{"background-color":"var(--ast-global-color-4)","background-image":"","background-repeat":"repeat","background-position":"center center","background-size":"auto","background-attachment":"scroll","background-type":"","background-media":"","overlay-type":"","overlay-color":"","overlay-opacity":"","overlay-gradient":""}}},"product_brand":[],"product_cat":[19],"product_tag":[],"class_list":{"0":"post-17533","1":"product","2":"type-product","3":"status-publish","4":"has-post-thumbnail","6":"product_cat-uncategorized","7":"desktop-align-left","8":"tablet-align-left","9":"mobile-align-left","11":"first","12":"instock","13":"shipping-taxable","14":"purchasable","15":"product-type-simple"},"_links":{"self":[{"href":"https:\/\/ecostera.com\/dk\/wp-json\/wp\/v2\/product\/17533","targetHints":{"allow":["GET"]}}],"collection":[{"href":"https:\/\/ecostera.com\/dk\/wp-json\/wp\/v2\/product"}],"about":[{"href":"https:\/\/ecostera.com\/dk\/wp-json\/wp\/v2\/types\/product"}],"replies":[{"embeddable":true,"href":"https:\/\/ecostera.com\/dk\/wp-json\/wp\/v2\/comments?post=17533"}],"wp:featuredmedia":[{"embeddable":true,"href":"https:\/\/ecostera.com\/dk\/wp-json\/wp\/v2\/media\/17529"}],"wp:attachment":[{"href":"https:\/\/ecostera.com\/dk\/wp-json\/wp\/v2\/media?parent=17533"}],"wp:term":[{"taxonomy":"product_brand","embeddable":true,"href":"https:\/\/ecostera.com\/dk\/wp-json\/wp\/v2\/product_brand?post=17533"},{"taxonomy":"product_cat","embeddable":true,"href":"https:\/\/ecostera.com\/dk\/wp-json\/wp\/v2\/product_cat?post=17533"},{"taxonomy":"product_tag","embeddable":true,"href":"https:\/\/ecostera.com\/dk\/wp-json\/wp\/v2\/product_tag?post=17533"}],"curies":[{"name":"wp","href":"https:\/\/api.w.org\/{rel}","templated":true}]}}