{"id":17570,"date":"2025-09-15T18:01:22","date_gmt":"2025-09-15T15:01:22","guid":{"rendered":"https:\/\/ecostera.com\/dk\/product\/blomsterstativ\/"},"modified":"2025-09-22T18:37:35","modified_gmt":"2025-09-22T15:37:35","slug":"blomsterstativ","status":"publish","type":"product","link":"https:\/\/ecostera.com\/dk\/product\/blomsterstativ\/","title":{"rendered":"Blomsterstativ"},"content":{"rendered":"<p style=\"text-align: center\" data-start=\"0\" data-end=\"71\"><strong data-start=\"0\" data-end=\"71\">Tilf\u00f8j moderne charme til dit rum med dette stilfulde blomsterstativ i jern! \ud83c\udf31<\/strong><\/p>\n<p style=\"text-align: center\" data-start=\"73\" data-end=\"354\">Denne holdbare h\u00e6ngende blomsterstand er lavet af st\u00e6rkt jern og designet til at holde dine yndlingsplanter sikkert og samtidig forbedre dit hjems udseende. Den er nem at installere og perfekt til indend\u00f8rs haver, balkoner eller vinduer, og den kombinerer funktion og stil, s\u00e5 dine planter st\u00e5r smukt.<\/p>\n<p data-start=\"73\" data-end=\"354\"><img decoding=\"async\" class=\"size-full wp-image-29979 aligncenter\" src=\"https:\/\/keluvo.com\/template\/wp-content\/uploads\/sites\/5\/2025\/08\/072115-ezgif.com-video-to-webp-converter.webp\" alt=\"\" \/><\/p>\n<h2 style=\"text-align: center\" data-start=\"361\" data-end=\"383\"><strong>Hovedfordele<\/strong><\/h2>\n<p data-start=\"386\" data-end=\"448\">\ud83e\udeb4 St\u00e6rk jernkonstruktion &#8211; holder dine planter med confidence<\/p>\n<p data-start=\"451\" data-end=\"508\">\ud83d\udee0\ufe0f Let at installere &#8211; ingen kompliceret ops\u00e6tning n\u00f8dvendig<\/p>\n<p data-start=\"511\" data-end=\"574\">\ud83e\uddf1 Moderne minimalistisk look &#8211; passer til enhver bolig- eller haveindretning<\/p>\n<p data-start=\"577\" data-end=\"658\">\ud83c\udf3f Fantastisk til indend\u00f8rs brug &#8211; perfekt til altaner, k\u00f8kkener og stuer<\/p>\n<p data-start=\"661\" data-end=\"730\">\ud83c\udfa8 F\u00e5s i 3 farver &#8211; v\u00e6lg den, der passer til dit rum<\/p>\n<p data-start=\"661\" data-end=\"730\"><img decoding=\"async\" class=\"size-full wp-image-29978 aligncenter\" src=\"https:\/\/keluvo.com\/template\/wp-content\/uploads\/sites\/5\/2025\/08\/29cec5b3-000f-4959-b0f6-733d0865e8d0.webp\" alt=\"\" \/><\/p>\n<h2 style=\"text-align: center\" data-start=\"737\" data-end=\"756\"><strong>S\u00e5dan Bruges<\/strong><\/h2>\n<ol data-start=\"757\" data-end=\"989\">\n<li data-start=\"757\" data-end=\"828\">\n<p data-start=\"760\" data-end=\"828\">V\u00e6lg et robust sted indend\u00f8rs (som en v\u00e6g, et altangel\u00e6nder eller en krog).<\/p>\n<\/li>\n<li data-start=\"829\" data-end=\"895\">\n<p data-start=\"832\" data-end=\"895\">Installer blomsterstativet ved hj\u00e6lp af din foretrukne oph\u00e6ngningsmetode.<\/p>\n<\/li>\n<li data-start=\"896\" data-end=\"940\">\n<p data-start=\"899\" data-end=\"940\">Placer din urtepotte inde i holderen.<\/p>\n<\/li>\n<li data-start=\"941\" data-end=\"989\">\n<p data-start=\"944\" data-end=\"989\">S\u00f8rg for, at planten er centreret og stabil.<\/p>\n<\/li>\n<\/ol>\n<h2 style=\"text-align: center\" data-start=\"996\" data-end=\"1020\"><strong>Produktdetaljer<\/strong><\/h2>\n<ul data-start=\"1021\" data-end=\"1249\">\n<li data-start=\"1021\" data-end=\"1039\">\n<p data-start=\"1023\" data-end=\"1039\">Materiale: Jern<\/p>\n<\/li>\n<li data-start=\"1040\" data-end=\"1085\">\n<p data-start=\"1042\" data-end=\"1085\">Total h\u00f8jde: Ca. 18 cm<\/p>\n<\/li>\n<li data-start=\"1086\" data-end=\"1116\">\n<p data-start=\"1088\" data-end=\"1116\">Farvemuligheder: 3 tilg\u00e6ngelige<\/p>\n<\/li>\n<li data-start=\"1117\" data-end=\"1192\">\n<p data-start=\"1119\" data-end=\"1192\">Lastkapacitet: St\u00e6rk og sikker til de fleste sm\u00e5 til mellemstore potteplanter<\/p>\n<\/li>\n<li data-start=\"1193\" data-end=\"1249\">\n<p data-start=\"1195\" data-end=\"1249\">Anvendelse: Indend\u00f8rs indretning, balkoner, haver, opholdsrum<\/p>\n<\/li>\n<\/ul>\n<h2 style=\"text-align: center\" data-start=\"1256\" data-end=\"1281\"><strong>Pakken Indeholder<\/strong><\/h2>\n<ul data-start=\"1282\" data-end=\"1310\">\n<li data-start=\"1282\" data-end=\"1310\">\n<p data-start=\"1284\" data-end=\"1310\">1, 2, 4x blomsterstativ.<\/p>\n<\/li>\n<\/ul>\n","protected":false},"excerpt":{"rendered":"<p>Tilf\u00f8j moderne charme til dit rum med dette stilfulde blomsterstativ i jern! \ud83c\udf31 Denne holdbare h\u00e6ngende blomsterstand er lavet af [&hellip;]<\/p>\n","protected":false},"featured_media":17566,"comment_status":"open","ping_status":"closed","template":"","meta":{"site-sidebar-layout":"default","site-content-layout":"","ast-site-content-layout":"default","site-content-style":"default","site-sidebar-style":"default","ast-global-header-display":"","ast-banner-title-visibility":"","ast-main-header-display":"","ast-hfb-above-header-display":"","ast-hfb-below-header-display":"","ast-hfb-mobile-header-display":"","site-post-title":"","ast-breadcrumbs-content":"","ast-featured-img":"","footer-sml-layout":"","theme-transparent-header-meta":"default","adv-header-id-meta":"","stick-header-meta":"","header-above-stick-meta":"","header-main-stick-meta":"","header-below-stick-meta":"","astra-migrate-meta-layouts":"set","ast-page-background-enabled":"default","ast-page-background-meta":{"desktop":{"background-color":"var(--ast-global-color-5)","background-image":"","background-repeat":"repeat","background-position":"center center","background-size":"auto","background-attachment":"scroll","background-type":"","background-media":"","overlay-type":"","overlay-color":"","overlay-opacity":"","overlay-gradient":""},"tablet":{"background-color":"","background-image":"","background-repeat":"repeat","background-position":"center center","background-size":"auto","background-attachment":"scroll","background-type":"","background-media":"","overlay-type":"","overlay-color":"","overlay-opacity":"","overlay-gradient":""},"mobile":{"background-color":"","background-image":"","background-repeat":"repeat","background-position":"center center","background-size":"auto","background-attachment":"scroll","background-type":"","background-media":"","overlay-type":"","overlay-color":"","overlay-opacity":"","overlay-gradient":""}},"ast-content-background-meta":{"desktop":{"background-color":"var(--ast-global-color-4)","background-image":"","background-repeat":"repeat","background-position":"center center","background-size":"auto","background-attachment":"scroll","background-type":"","background-media":"","overlay-type":"","overlay-color":"","overlay-opacity":"","overlay-gradient":""},"tablet":{"background-color":"var(--ast-global-color-4)","background-image":"","background-repeat":"repeat","background-position":"center center","background-size":"auto","background-attachment":"scroll","background-type":"","background-media":"","overlay-type":"","overlay-color":"","overlay-opacity":"","overlay-gradient":""},"mobile":{"background-color":"var(--ast-global-color-4)","background-image":"","background-repeat":"repeat","background-position":"center center","background-size":"auto","background-attachment":"scroll","background-type":"","background-media":"","overlay-type":"","overlay-color":"","overlay-opacity":"","overlay-gradient":""}}},"product_brand":[],"product_cat":[19],"product_tag":[],"class_list":{"0":"post-17570","1":"product","2":"type-product","3":"status-publish","4":"has-post-thumbnail","6":"product_cat-uncategorized","7":"pa_41606_fde73kwb-1-stk","8":"pa_41606_fde73kwb-2-stk","9":"pa_41606_fde73kwb-4-stk","10":"pa_41606_q38fj7cj-brun","11":"pa_41606_q38fj7cj-hvid","12":"pa_41606_q38fj7cj-sort","13":"desktop-align-left","14":"tablet-align-left","15":"mobile-align-left","17":"first","18":"instock","19":"shipping-taxable","20":"purchasable","21":"product-type-variable","22":"has-default-attributes"},"_links":{"self":[{"href":"https:\/\/ecostera.com\/dk\/wp-json\/wp\/v2\/product\/17570","targetHints":{"allow":["GET"]}}],"collection":[{"href":"https:\/\/ecostera.com\/dk\/wp-json\/wp\/v2\/product"}],"about":[{"href":"https:\/\/ecostera.com\/dk\/wp-json\/wp\/v2\/types\/product"}],"replies":[{"embeddable":true,"href":"https:\/\/ecostera.com\/dk\/wp-json\/wp\/v2\/comments?post=17570"}],"wp:featuredmedia":[{"embeddable":true,"href":"https:\/\/ecostera.com\/dk\/wp-json\/wp\/v2\/media\/17566"}],"wp:attachment":[{"href":"https:\/\/ecostera.com\/dk\/wp-json\/wp\/v2\/media?parent=17570"}],"wp:term":[{"taxonomy":"product_brand","embeddable":true,"href":"https:\/\/ecostera.com\/dk\/wp-json\/wp\/v2\/product_brand?post=17570"},{"taxonomy":"product_cat","embeddable":true,"href":"https:\/\/ecostera.com\/dk\/wp-json\/wp\/v2\/product_cat?post=17570"},{"taxonomy":"product_tag","embeddable":true,"href":"https:\/\/ecostera.com\/dk\/wp-json\/wp\/v2\/product_tag?post=17570"}],"curies":[{"name":"wp","href":"https:\/\/api.w.org\/{rel}","templated":true}]}}