{"id":17630,"date":"2025-09-15T18:07:33","date_gmt":"2025-09-15T15:07:33","guid":{"rendered":"https:\/\/ecostera.com\/dk\/product\/detox-plaster\/"},"modified":"2025-09-15T18:07:33","modified_gmt":"2025-09-15T15:07:33","slug":"detox-plaster","status":"publish","type":"product","link":"https:\/\/ecostera.com\/dk\/product\/detox-plaster\/","title":{"rendered":"Detox-plaster"},"content":{"rendered":"<p style=\"text-align: center\" data-start=\"0\" data-end=\"72\"><strong data-start=\"0\" data-end=\"70\">Detox-Fodplastre &#8211; Rens Din Krop, Mens Du Sover \ud83c\udf3f<\/strong><\/p>\n<p style=\"text-align: center\" data-start=\"74\" data-end=\"317\">V\u00e5gn op og f\u00f8l dig lettere, forfrisket og mere energisk med disse naturlige detox-fodplastre. De er designet til at tr\u00e6kke toksiner og urenheder ud i l\u00f8bet af natten og underst\u00f8tter bedre s\u00f8vn, forbedret cirkulation og generelt velv\u00e6re &#8211; alt sammen, mens du hviler dig.<\/p>\n<p data-start=\"74\" data-end=\"317\"><img decoding=\"async\" class=\"size-full wp-image-31984 aligncenter\" src=\"https:\/\/keluvo.com\/template\/wp-content\/uploads\/sites\/5\/2025\/08\/Patch.gif\" alt=\"\" \/><\/p>\n<h2 style=\"text-align: center\" data-start=\"324\" data-end=\"346\"><strong>Vigtigste Fordele<\/strong><\/h2>\n<p data-start=\"349\" data-end=\"394\">\ud83c\udf19 Virker, mens du sover &#8211; du beh\u00f8ver ikke anstrenge dig<\/p>\n<p data-start=\"397\" data-end=\"470\">\ud83c\udf43 Lavet med naturlige ingredienser som bambuseddike og ingef\u00e6rekstrakt<\/p>\n<p data-start=\"473\" data-end=\"519\">\ud83d\udc86 Hj\u00e6lper med at fremme afslapning og dybere s\u00f8vn<\/p>\n<p data-start=\"522\" data-end=\"574\">\ud83e\ude78 Underst\u00f8tter cirkulation og naturlig afgiftning<\/p>\n<p data-start=\"577\" data-end=\"615\">\ud83e\uddfc Nemt, problemfrit og ikke-invasivt<\/p>\n<p data-start=\"577\" data-end=\"615\"><img decoding=\"async\" class=\"size-full wp-image-31981 aligncenter\" src=\"https:\/\/keluvo.com\/template\/wp-content\/uploads\/sites\/5\/2025\/08\/Druga-slika-LT-2-1.jpg\" alt=\"\" \/><\/p>\n<h2 style=\"text-align: center\" data-start=\"622\" data-end=\"641\"><strong>S\u00e5dan Bruges<\/strong><\/h2>\n<ol data-start=\"642\" data-end=\"892\">\n<li data-start=\"642\" data-end=\"686\">\n<p data-start=\"645\" data-end=\"686\">Reng\u00f8r og t\u00f8r dine f\u00f8dder inden sengetid.<\/p>\n<\/li>\n<li data-start=\"687\" data-end=\"754\">\n<p data-start=\"690\" data-end=\"754\">Tag plasteret ud af emballagen, og tr\u00e6k kl\u00e6bemidlet af.<\/p>\n<\/li>\n<li data-start=\"755\" data-end=\"801\">\n<p data-start=\"758\" data-end=\"801\">Placer plasteret p\u00e5 fods\u00e5len.<\/p>\n<\/li>\n<li data-start=\"802\" data-end=\"845\">\n<p data-start=\"805\" data-end=\"845\">Sov med plasteret p\u00e5 i 6-8 timer.<\/p>\n<\/li>\n<li data-start=\"846\" data-end=\"892\">\n<p data-start=\"849\" data-end=\"892\">Fjern det om morgenen, og vask f\u00f8dderne.<\/p>\n<\/li>\n<\/ol>\n<h2 style=\"text-align: center\" data-start=\"899\" data-end=\"923\"><strong>Produktdetaljer<\/strong><\/h2>\n<ul data-start=\"924\" data-end=\"1066\">\n<li data-start=\"924\" data-end=\"959\">\n<p data-start=\"926\" data-end=\"959\">M\u00e6ngde: 10 plastre<\/p>\n<\/li>\n<li data-start=\"960\" data-end=\"1040\">\n<p data-start=\"962\" data-end=\"1040\">Ingredienser: bambuseddike, turmalin, ingef\u00e6rekstrakt, andre naturlige urter<\/p>\n<\/li>\n<li data-start=\"1041\" data-end=\"1066\">\n<p data-start=\"1043\" data-end=\"1066\">Kun til udvortes brug<\/p>\n<\/li>\n<\/ul>\n<h2 style=\"text-align: center\" data-start=\"1073\" data-end=\"1098\"><strong>Pakken Indeholder<\/strong><\/h2>\n<ul data-start=\"1099\" data-end=\"1162\">\n<li data-start=\"1099\" data-end=\"1126\">\n<p data-start=\"1101\" data-end=\"1126\">10x detox-fodplastre.<\/p>\n<\/li>\n<\/ul>\n","protected":false},"excerpt":{"rendered":"<p>Detox-Fodplastre &#8211; Rens Din Krop, Mens Du Sover \ud83c\udf3f V\u00e5gn op og f\u00f8l dig lettere, forfrisket og mere energisk med [&hellip;]<\/p>\n","protected":false},"featured_media":17626,"comment_status":"open","ping_status":"closed","template":"","meta":{"site-sidebar-layout":"default","site-content-layout":"","ast-site-content-layout":"default","site-content-style":"default","site-sidebar-style":"default","ast-global-header-display":"","ast-banner-title-visibility":"","ast-main-header-display":"","ast-hfb-above-header-display":"","ast-hfb-below-header-display":"","ast-hfb-mobile-header-display":"","site-post-title":"","ast-breadcrumbs-content":"","ast-featured-img":"","footer-sml-layout":"","theme-transparent-header-meta":"default","adv-header-id-meta":"","stick-header-meta":"","header-above-stick-meta":"","header-main-stick-meta":"","header-below-stick-meta":"","astra-migrate-meta-layouts":"set","ast-page-background-enabled":"default","ast-page-background-meta":{"desktop":{"background-color":"var(--ast-global-color-5)","background-image":"","background-repeat":"repeat","background-position":"center center","background-size":"auto","background-attachment":"scroll","background-type":"","background-media":"","overlay-type":"","overlay-color":"","overlay-opacity":"","overlay-gradient":""},"tablet":{"background-color":"","background-image":"","background-repeat":"repeat","background-position":"center center","background-size":"auto","background-attachment":"scroll","background-type":"","background-media":"","overlay-type":"","overlay-color":"","overlay-opacity":"","overlay-gradient":""},"mobile":{"background-color":"","background-image":"","background-repeat":"repeat","background-position":"center center","background-size":"auto","background-attachment":"scroll","background-type":"","background-media":"","overlay-type":"","overlay-color":"","overlay-opacity":"","overlay-gradient":""}},"ast-content-background-meta":{"desktop":{"background-color":"var(--ast-global-color-4)","background-image":"","background-repeat":"repeat","background-position":"center center","background-size":"auto","background-attachment":"scroll","background-type":"","background-media":"","overlay-type":"","overlay-color":"","overlay-opacity":"","overlay-gradient":""},"tablet":{"background-color":"var(--ast-global-color-4)","background-image":"","background-repeat":"repeat","background-position":"center center","background-size":"auto","background-attachment":"scroll","background-type":"","background-media":"","overlay-type":"","overlay-color":"","overlay-opacity":"","overlay-gradient":""},"mobile":{"background-color":"var(--ast-global-color-4)","background-image":"","background-repeat":"repeat","background-position":"center center","background-size":"auto","background-attachment":"scroll","background-type":"","background-media":"","overlay-type":"","overlay-color":"","overlay-opacity":"","overlay-gradient":""}}},"product_brand":[],"product_cat":[19],"product_tag":[],"class_list":{"0":"post-17630","1":"product","2":"type-product","3":"status-publish","4":"has-post-thumbnail","6":"product_cat-uncategorized","7":"desktop-align-left","8":"tablet-align-left","9":"mobile-align-left","11":"first","12":"instock","13":"shipping-taxable","14":"purchasable","15":"product-type-simple"},"_links":{"self":[{"href":"https:\/\/ecostera.com\/dk\/wp-json\/wp\/v2\/product\/17630","targetHints":{"allow":["GET"]}}],"collection":[{"href":"https:\/\/ecostera.com\/dk\/wp-json\/wp\/v2\/product"}],"about":[{"href":"https:\/\/ecostera.com\/dk\/wp-json\/wp\/v2\/types\/product"}],"replies":[{"embeddable":true,"href":"https:\/\/ecostera.com\/dk\/wp-json\/wp\/v2\/comments?post=17630"}],"wp:featuredmedia":[{"embeddable":true,"href":"https:\/\/ecostera.com\/dk\/wp-json\/wp\/v2\/media\/17626"}],"wp:attachment":[{"href":"https:\/\/ecostera.com\/dk\/wp-json\/wp\/v2\/media?parent=17630"}],"wp:term":[{"taxonomy":"product_brand","embeddable":true,"href":"https:\/\/ecostera.com\/dk\/wp-json\/wp\/v2\/product_brand?post=17630"},{"taxonomy":"product_cat","embeddable":true,"href":"https:\/\/ecostera.com\/dk\/wp-json\/wp\/v2\/product_cat?post=17630"},{"taxonomy":"product_tag","embeddable":true,"href":"https:\/\/ecostera.com\/dk\/wp-json\/wp\/v2\/product_tag?post=17630"}],"curies":[{"name":"wp","href":"https:\/\/api.w.org\/{rel}","templated":true}]}}