{"id":18106,"date":"2025-09-18T09:34:06","date_gmt":"2025-09-18T06:34:06","guid":{"rendered":"https:\/\/ecostera.com\/dk\/product\/solbriller\/"},"modified":"2025-09-22T18:26:49","modified_gmt":"2025-09-22T15:26:49","slug":"solbriller","status":"publish","type":"product","link":"https:\/\/ecostera.com\/dk\/product\/solbriller\/","title":{"rendered":"Solbriller"},"content":{"rendered":"<p style=\"text-align: center\"><strong>\ud83d\ude0e Stilfuld Solbeskyttelse Med Et Strejf Af Luksus!<\/strong><\/p>\n<p style=\"text-align: center\"><span style=\"font-weight: 400\">L\u00f8ft dit hverdagslook med disse elegante cat eye-solbriller med perledekoration &#8211; designet til modeelskere, der ogs\u00e5 v\u00e6rds\u00e6tter komfort og \u00f8jensikkerhed. Med et dristigt metalstel og perledekorationer er disse solbriller mere end bare et statement &#8211; de er dit valg til overlegen UV-beskyttelse og tidl\u00f8s stil. Med et bredt linseomr\u00e5de og en let fornemmelse er de ideelle til udend\u00f8rs aktiviteter, bilk\u00f8rsel eller bare til at give dit outfit lidt flair. Nyd komfort, d\u00e6kning og klasse i \u00e9t.<\/span><\/p>\n<p><img decoding=\"async\" class=\"alignnone size-full wp-image-19370 aligncenter\" src=\"https:\/\/keluvo.com\/template\/wp-content\/uploads\/sites\/5\/2025\/05\/a7656a1e-02b8-4e5d-8ce7-5fa90a2cfc09.webp.webp\" alt=\"\" \/><\/p>\n<h2 style=\"text-align: center\">\ud83c\udf1f Main Benefits<\/h2>\n<p><span style=\"font-weight: 400\">\ud83d\udd76\ufe0f <\/span><b>Elegant Cat Eye-Design<\/b><span style=\"font-weight: 400\"> &#8211; Smarte perle-accenter tilf\u00f8jer luksus til ethvert look<\/span><span style=\"font-weight: 400\"><br \/>\n<\/span><\/p>\n<p><span style=\"font-weight: 400\">\ud83c\udf1e <\/span><b>UV400-Beskyttelse<\/b><span style=\"font-weight: 400\"> &#8211; Beskytter dine \u00f8jne mod 100 % af de skadelige UV-str\u00e5ler<\/span><span style=\"font-weight: 400\"><br \/>\n<\/span><\/p>\n<p><span style=\"font-weight: 400\">\ud83c\udf08 <\/span><b>Gradientlinser<\/b><span style=\"font-weight: 400\"> &#8211; Bl\u00f8d overgang for bedre udsyn og reduceret bl\u00e6nding<\/span><span style=\"font-weight: 400\"><br \/>\n<\/span><\/p>\n<p><span style=\"font-weight: 400\">\ud83d\udc8e <\/span><b>Holdbar &amp; Ridsefast<\/b><span style=\"font-weight: 400\"> &#8211; Plastlinser og legeringsstel bygget til at holde<\/span><span style=\"font-weight: 400\"><br \/>\n<\/span><\/p>\n<p><span style=\"font-weight: 400\">\ud83d\udc53 <\/span><b>Unisex-Stil<\/b><span style=\"font-weight: 400\"> &#8211; Designet til b\u00e5de m\u00e6nd og kvinder med k\u00e6rlighed til fed mode<\/span><\/p>\n<p><span style=\"font-weight: 400\">\ud83e\udeb6 <b style=\"font-style: inherit\">Letv\u00e6gtskomfort<\/b><span style=\"font-weight: 400\"> &#8211; B\u00e6r hele dagen uden ubehag eller slipping<\/span><\/span><\/p>\n<p><img decoding=\"async\" class=\"alignnone size-full wp-image-19378 aligncenter\" src=\"https:\/\/keluvo.com\/template\/wp-content\/uploads\/sites\/5\/2025\/05\/f3935f73-f3a7-459c-bf55-964320977ba8.webp.webp\" alt=\"\" \/><\/p>\n<h2 style=\"text-align: center\">\ud83d\udee0\ufe0f S\u00e5dan Bruges<\/h2>\n<ol>\n<li style=\"font-weight: 400\"><span style=\"font-weight: 400\">Brug dem p\u00e5 solrige dage for at beskytte dine \u00f8jne mod UV-str\u00e5ler.<\/span><span style=\"font-weight: 400\"><br \/>\n<\/span><\/li>\n<li style=\"font-weight: 400\"><span style=\"font-weight: 400\">Opbevar dem i et beskyttende etui, n\u00e5r de ikke er i brug, for at undg\u00e5 ridser.<\/span><span style=\"font-weight: 400\"><br \/>\n<\/span><\/li>\n<li style=\"font-weight: 400\"><span style=\"font-weight: 400\">Store in a protective case when not in use to prevent scratches.<\/span><\/li>\n<\/ol>\n<h2 style=\"text-align: center\">\ud83d\udccf Produktdetaljer<\/h2>\n<ul>\n<li style=\"font-weight: 400\"><span style=\"font-weight: 400\"><strong>Linseh\u00f8jde<\/strong>: 55 mm<\/span><span style=\"font-weight: 400\"><br \/>\n<\/span><\/li>\n<li style=\"font-weight: 400\"><span style=\"font-weight: 400\"><strong>Linsebredde<\/strong>: 61 mm<\/span><span style=\"font-weight: 400\"><br \/>\n<\/span><\/li>\n<li style=\"font-weight: 400\"><span style=\"font-weight: 400\"><strong>Stelmateriale<\/strong>: Metallegering<\/span><span style=\"font-weight: 400\"><br \/>\n<\/span><\/li>\n<li style=\"font-weight: 400\"><span style=\"font-weight: 400\"><strong>Linsernes Materiale<\/strong>: Holdbar plast<\/span><span style=\"font-weight: 400\"><br \/>\n<\/span><\/li>\n<li style=\"font-weight: 400\"><span style=\"font-weight: 400\"><strong>UV-Beskyttelse<\/strong>: UV400<\/span><span style=\"font-weight: 400\"><br \/>\n<\/span><\/li>\n<li style=\"font-weight: 400\"><span style=\"font-weight: 400\"><strong>Pasform<\/strong>: Unisex<\/span><span style=\"font-weight: 400\"><br \/>\n<\/span><\/li>\n<li style=\"font-weight: 400\"><span style=\"font-weight: 400\"><strong>S\u00e6rlige Funktioner<\/strong>: Gradientglas, perleaccenter, t\u00e6t pasform med 3 dB b\u00e5ndbredde, varmebestandig op til 105\u00b0C<\/span><\/li>\n<\/ul>\n<h2 style=\"text-align: center\">\ud83d\udce6 Pakken Indeholder<\/h2>\n<ul>\n<li><span style=\"font-weight: 400\">1x par solbriller.<\/span><\/li>\n<\/ul>\n","protected":false},"excerpt":{"rendered":"<p>\ud83d\ude0e Stilfuld Solbeskyttelse Med Et Strejf Af Luksus! L\u00f8ft dit hverdagslook med disse elegante cat eye-solbriller med perledekoration &#8211; designet [&hellip;]<\/p>\n","protected":false},"featured_media":18102,"comment_status":"open","ping_status":"closed","template":"","meta":{"site-sidebar-layout":"default","site-content-layout":"","ast-site-content-layout":"default","site-content-style":"default","site-sidebar-style":"default","ast-global-header-display":"","ast-banner-title-visibility":"","ast-main-header-display":"","ast-hfb-above-header-display":"","ast-hfb-below-header-display":"","ast-hfb-mobile-header-display":"","site-post-title":"","ast-breadcrumbs-content":"","ast-featured-img":"","footer-sml-layout":"","theme-transparent-header-meta":"default","adv-header-id-meta":"","stick-header-meta":"","header-above-stick-meta":"","header-main-stick-meta":"","header-below-stick-meta":"","astra-migrate-meta-layouts":"set","ast-page-background-enabled":"default","ast-page-background-meta":{"desktop":{"background-color":"var(--ast-global-color-5)","background-image":"","background-repeat":"repeat","background-position":"center center","background-size":"auto","background-attachment":"scroll","background-type":"","background-media":"","overlay-type":"","overlay-color":"","overlay-opacity":"","overlay-gradient":""},"tablet":{"background-color":"","background-image":"","background-repeat":"repeat","background-position":"center center","background-size":"auto","background-attachment":"scroll","background-type":"","background-media":"","overlay-type":"","overlay-color":"","overlay-opacity":"","overlay-gradient":""},"mobile":{"background-color":"","background-image":"","background-repeat":"repeat","background-position":"center center","background-size":"auto","background-attachment":"scroll","background-type":"","background-media":"","overlay-type":"","overlay-color":"","overlay-opacity":"","overlay-gradient":""}},"ast-content-background-meta":{"desktop":{"background-color":"var(--ast-global-color-4)","background-image":"","background-repeat":"repeat","background-position":"center center","background-size":"auto","background-attachment":"scroll","background-type":"","background-media":"","overlay-type":"","overlay-color":"","overlay-opacity":"","overlay-gradient":""},"tablet":{"background-color":"var(--ast-global-color-4)","background-image":"","background-repeat":"repeat","background-position":"center center","background-size":"auto","background-attachment":"scroll","background-type":"","background-media":"","overlay-type":"","overlay-color":"","overlay-opacity":"","overlay-gradient":""},"mobile":{"background-color":"var(--ast-global-color-4)","background-image":"","background-repeat":"repeat","background-position":"center center","background-size":"auto","background-attachment":"scroll","background-type":"","background-media":"","overlay-type":"","overlay-color":"","overlay-opacity":"","overlay-gradient":""}}},"product_brand":[],"product_cat":[19],"product_tag":[],"class_list":{"0":"post-18106","1":"product","2":"type-product","3":"status-publish","4":"has-post-thumbnail","6":"product_cat-uncategorized","7":"pa_41365_7xub3oa1-blaa","8":"pa_41365_7xub3oa1-brun","9":"pa_41365_7xub3oa1-graa","10":"pa_41365_7xub3oa1-groen","11":"pa_41365_7xub3oa1-lilla","12":"pa_41365_7xub3oa1-lyseroed","13":"desktop-align-left","14":"tablet-align-left","15":"mobile-align-left","17":"first","18":"instock","19":"shipping-taxable","20":"purchasable","21":"product-type-variable"},"_links":{"self":[{"href":"https:\/\/ecostera.com\/dk\/wp-json\/wp\/v2\/product\/18106","targetHints":{"allow":["GET"]}}],"collection":[{"href":"https:\/\/ecostera.com\/dk\/wp-json\/wp\/v2\/product"}],"about":[{"href":"https:\/\/ecostera.com\/dk\/wp-json\/wp\/v2\/types\/product"}],"replies":[{"embeddable":true,"href":"https:\/\/ecostera.com\/dk\/wp-json\/wp\/v2\/comments?post=18106"}],"wp:featuredmedia":[{"embeddable":true,"href":"https:\/\/ecostera.com\/dk\/wp-json\/wp\/v2\/media\/18102"}],"wp:attachment":[{"href":"https:\/\/ecostera.com\/dk\/wp-json\/wp\/v2\/media?parent=18106"}],"wp:term":[{"taxonomy":"product_brand","embeddable":true,"href":"https:\/\/ecostera.com\/dk\/wp-json\/wp\/v2\/product_brand?post=18106"},{"taxonomy":"product_cat","embeddable":true,"href":"https:\/\/ecostera.com\/dk\/wp-json\/wp\/v2\/product_cat?post=18106"},{"taxonomy":"product_tag","embeddable":true,"href":"https:\/\/ecostera.com\/dk\/wp-json\/wp\/v2\/product_tag?post=18106"}],"curies":[{"name":"wp","href":"https:\/\/api.w.org\/{rel}","templated":true}]}}