{"id":18227,"date":"2025-09-18T11:32:13","date_gmt":"2025-09-18T08:32:13","guid":{"rendered":"https:\/\/ecostera.com\/dk\/product\/statue-af-havenisse\/"},"modified":"2025-09-18T11:32:30","modified_gmt":"2025-09-18T08:32:30","slug":"statue-af-havenisse","status":"publish","type":"product","link":"https:\/\/ecostera.com\/dk\/product\/statue-af-havenisse\/","title":{"rendered":"Statue af havenisse"},"content":{"rendered":"<p style=\"text-align: center\" data-start=\"71\" data-end=\"128\"><strong>\ud83c\udf84 Tilf\u00f8j Lidt Ondskab Til Din Have Eller Ferieindretning!<\/strong><\/p>\n<p style=\"text-align: center\" data-start=\"130\" data-end=\"372\">Denne fr\u00e6kke havenisse-statue giver \u00f8jeblikkelig latter og charme, uanset hvor han sidder &#8211; p\u00e5 din gr\u00e6spl\u00e6ne, under tr\u00e6et eller endda ved siden af pejsen. Med sin dristige positur og legesyge attitude vil han med garanti vende hoveder og s\u00e6tte gang i samtaler!<\/p>\n<p data-start=\"130\" data-end=\"372\"><img decoding=\"async\" class=\"size-full wp-image-24508 aligncenter\" src=\"https:\/\/keluvo.com\/template\/wp-content\/uploads\/sites\/5\/2025\/06\/1_a8d1cb52-26df-4042-835b-7fa39a52e68e_480x480.webp\" alt=\"\" \/><\/p>\n<h2 style=\"text-align: center\" data-start=\"374\" data-end=\"395\">\ud83c\udf85 Vigtigste Fordele<\/h2>\n<p data-start=\"398\" data-end=\"452\">\ud83d\ude02 Sjovt og unikt nissedesign, der f\u00e5r opm\u00e6rksomhed<\/p>\n<p data-start=\"455\" data-end=\"511\">\ud83c\udfe1 Perfekt til haven, verandaen, indend\u00f8rs eller ferieindretning<\/p>\n<p data-start=\"514\" data-end=\"566\">\ud83c\udf81 Fantastisk gaveid\u00e9 til nisseelskere og sp\u00f8gefugle<\/p>\n<p data-start=\"569\" data-end=\"616\">\ud83d\udcaa Lavet af holdbar harpiks, der kan modst\u00e5 vejret<\/p>\n<p data-start=\"619\" data-end=\"663\">\ud83c\udf32 Tilf\u00f8rer personlighed og humor til ethvert rum<\/p>\n<p data-start=\"619\" data-end=\"663\"><img decoding=\"async\" class=\"size-full wp-image-24509 aligncenter\" src=\"https:\/\/keluvo.com\/template\/wp-content\/uploads\/sites\/5\/2025\/06\/2_2_4b05fb64-5233-4578-b4c5-2c18598ca582_480x480.jpg\" alt=\"\" \/><\/p>\n<h2 style=\"text-align: center\" data-start=\"665\" data-end=\"682\">\u2705 S\u00e5dan Bruges<\/h2>\n<ol data-start=\"683\" data-end=\"856\">\n<li data-start=\"683\" data-end=\"751\">\n<p data-start=\"686\" data-end=\"751\">Pak din nisse ud, og v\u00e6lg det perfekte sted (indend\u00f8rs eller udend\u00f8rs).<\/p>\n<\/li>\n<li data-start=\"752\" data-end=\"812\">\n<p data-start=\"755\" data-end=\"812\">Placer ham, hvor han vil overraske og gl\u00e6de dine g\u00e6ster.<\/p>\n<\/li>\n<li data-start=\"813\" data-end=\"856\">\n<p data-start=\"816\" data-end=\"856\">Nyd de smil og grin, han bringer med sig!<\/p>\n<\/li>\n<\/ol>\n<h2 style=\"text-align: center\" data-start=\"858\" data-end=\"881\">\ud83d\udce6 Produktdetaljer<\/h2>\n<ul data-start=\"882\" data-end=\"973\">\n<li data-start=\"882\" data-end=\"901\">\n<p data-start=\"884\" data-end=\"901\">Materiale: harpiks<\/p>\n<\/li>\n<li data-start=\"902\" data-end=\"930\">\n<p data-start=\"904\" data-end=\"930\">V\u00e6gt: ca. 120-200 g<\/p>\n<\/li>\n<li data-start=\"931\" data-end=\"973\">\n<p data-start=\"933\" data-end=\"973\">St\u00f8rrelse varierer lidt afh\u00e6ngigt af positur<\/p>\n<\/li>\n<\/ul>\n<h2 style=\"text-align: center\" data-start=\"975\" data-end=\"999\">\ud83d\udcec Pakken Indeholder<\/h2>\n<ul data-start=\"1000\" data-end=\"1031\">\n<li data-start=\"1000\" data-end=\"1031\">\n<p data-start=\"1002\" data-end=\"1031\">1x havenissefigur.<\/p>\n<\/li>\n<\/ul>\n","protected":false},"excerpt":{"rendered":"<p>\ud83c\udf84 Tilf\u00f8j Lidt Ondskab Til Din Have Eller Ferieindretning! Denne fr\u00e6kke havenisse-statue giver \u00f8jeblikkelig latter og charme, uanset hvor han [&hellip;]<\/p>\n","protected":false},"featured_media":18223,"comment_status":"open","ping_status":"closed","template":"","meta":{"site-sidebar-layout":"default","site-content-layout":"","ast-site-content-layout":"default","site-content-style":"default","site-sidebar-style":"default","ast-global-header-display":"","ast-banner-title-visibility":"","ast-main-header-display":"","ast-hfb-above-header-display":"","ast-hfb-below-header-display":"","ast-hfb-mobile-header-display":"","site-post-title":"","ast-breadcrumbs-content":"","ast-featured-img":"","footer-sml-layout":"","theme-transparent-header-meta":"default","adv-header-id-meta":"","stick-header-meta":"","header-above-stick-meta":"","header-main-stick-meta":"","header-below-stick-meta":"","astra-migrate-meta-layouts":"set","ast-page-background-enabled":"default","ast-page-background-meta":{"desktop":{"background-color":"var(--ast-global-color-5)","background-image":"","background-repeat":"repeat","background-position":"center center","background-size":"auto","background-attachment":"scroll","background-type":"","background-media":"","overlay-type":"","overlay-color":"","overlay-opacity":"","overlay-gradient":""},"tablet":{"background-color":"","background-image":"","background-repeat":"repeat","background-position":"center center","background-size":"auto","background-attachment":"scroll","background-type":"","background-media":"","overlay-type":"","overlay-color":"","overlay-opacity":"","overlay-gradient":""},"mobile":{"background-color":"","background-image":"","background-repeat":"repeat","background-position":"center center","background-size":"auto","background-attachment":"scroll","background-type":"","background-media":"","overlay-type":"","overlay-color":"","overlay-opacity":"","overlay-gradient":""}},"ast-content-background-meta":{"desktop":{"background-color":"var(--ast-global-color-4)","background-image":"","background-repeat":"repeat","background-position":"center center","background-size":"auto","background-attachment":"scroll","background-type":"","background-media":"","overlay-type":"","overlay-color":"","overlay-opacity":"","overlay-gradient":""},"tablet":{"background-color":"var(--ast-global-color-4)","background-image":"","background-repeat":"repeat","background-position":"center center","background-size":"auto","background-attachment":"scroll","background-type":"","background-media":"","overlay-type":"","overlay-color":"","overlay-opacity":"","overlay-gradient":""},"mobile":{"background-color":"var(--ast-global-color-4)","background-image":"","background-repeat":"repeat","background-position":"center center","background-size":"auto","background-attachment":"scroll","background-type":"","background-media":"","overlay-type":"","overlay-color":"","overlay-opacity":"","overlay-gradient":""}}},"product_brand":[],"product_cat":[19],"product_tag":[],"class_list":{"0":"post-18227","1":"product","2":"type-product","3":"status-publish","4":"has-post-thumbnail","6":"product_cat-uncategorized","7":"pa_31936_sebnpff9-a","8":"pa_31936_sebnpff9-b","9":"pa_31936_sebnpff9-c","10":"pa_31936_sebnpff9-d","11":"desktop-align-left","12":"tablet-align-left","13":"mobile-align-left","15":"first","16":"instock","17":"shipping-taxable","18":"purchasable","19":"product-type-variable"},"_links":{"self":[{"href":"https:\/\/ecostera.com\/dk\/wp-json\/wp\/v2\/product\/18227","targetHints":{"allow":["GET"]}}],"collection":[{"href":"https:\/\/ecostera.com\/dk\/wp-json\/wp\/v2\/product"}],"about":[{"href":"https:\/\/ecostera.com\/dk\/wp-json\/wp\/v2\/types\/product"}],"replies":[{"embeddable":true,"href":"https:\/\/ecostera.com\/dk\/wp-json\/wp\/v2\/comments?post=18227"}],"wp:featuredmedia":[{"embeddable":true,"href":"https:\/\/ecostera.com\/dk\/wp-json\/wp\/v2\/media\/18223"}],"wp:attachment":[{"href":"https:\/\/ecostera.com\/dk\/wp-json\/wp\/v2\/media?parent=18227"}],"wp:term":[{"taxonomy":"product_brand","embeddable":true,"href":"https:\/\/ecostera.com\/dk\/wp-json\/wp\/v2\/product_brand?post=18227"},{"taxonomy":"product_cat","embeddable":true,"href":"https:\/\/ecostera.com\/dk\/wp-json\/wp\/v2\/product_cat?post=18227"},{"taxonomy":"product_tag","embeddable":true,"href":"https:\/\/ecostera.com\/dk\/wp-json\/wp\/v2\/product_tag?post=18227"}],"curies":[{"name":"wp","href":"https:\/\/api.w.org\/{rel}","templated":true}]}}