{"id":18246,"date":"2025-09-18T11:35:12","date_gmt":"2025-09-18T08:35:12","guid":{"rendered":"https:\/\/ecostera.com\/dk\/product\/concealer-til-haaret\/"},"modified":"2025-09-18T13:01:28","modified_gmt":"2025-09-18T10:01:28","slug":"concealer-til-haaret","status":"publish","type":"product","link":"https:\/\/ecostera.com\/dk\/product\/concealer-til-haaret\/","title":{"rendered":"Concealer til h\u00e5ret"},"content":{"rendered":"<p style=\"text-align: center\" data-start=\"86\" data-end=\"148\"><strong>\ud83d\udc81\u200d\u2640\ufe0f Skjul \u00d8jeblikkeligt Tynde Pletter Og Styrk Din Selvtillid!<\/strong><\/p>\n<p style=\"text-align: center\" data-start=\"150\" data-end=\"354\">Denne brugervenlige h\u00e5rconcealer udfylder tynde omr\u00e5der og skaldede pletter med blot et par str\u00f8g &#8211; og giver dig fyldigere, naturligt udseende h\u00e5r p\u00e5 f\u00e5 sekunder. Ikke mere stress over uj\u00e6vne h\u00e5rgr\u00e6nser eller synlig hovedbund!<\/p>\n<p data-start=\"150\" data-end=\"354\"><img decoding=\"async\" class=\"size-full wp-image-24518 aligncenter\" src=\"https:\/\/keluvo.com\/template\/wp-content\/uploads\/sites\/5\/2025\/06\/06231-ezgif.com-video-to-webp-converter.webp\" alt=\"\" \/><\/p>\n<h2 style=\"text-align: center\" data-start=\"356\" data-end=\"377\">\ud83c\udf1f Vigtigste Fordele<\/h2>\n<p data-start=\"380\" data-end=\"430\">\u2728 Skjuler \u00f8jeblikkeligt tyndt h\u00e5r og skaldede pletter<\/p>\n<p data-start=\"433\" data-end=\"484\">\ud83c\udfaf Blander sig problemfrit med dit naturlige h\u00e5r color<\/p>\n<p data-start=\"487\" data-end=\"535\">\ud83d\udd8c\ufe0f Nem svampapplikator til hurtige touch-ups<\/p>\n<p data-start=\"538\" data-end=\"591\">\ud83d\udca7 Sved- og vandafvisende til langvarig brug<\/p>\n<p data-start=\"594\" data-end=\"645\">\ud83d\udcbc Kompakt og perfekt til rejser eller hverdagsbrug<\/p>\n<p data-start=\"594\" data-end=\"645\"><img decoding=\"async\" class=\"size-full wp-image-24519 aligncenter\" src=\"https:\/\/keluvo.com\/template\/wp-content\/uploads\/sites\/5\/2025\/06\/1-22.jpg\" alt=\"\" \/><\/p>\n<h2 style=\"text-align: center\" data-start=\"647\" data-end=\"664\">\u2705 S\u00e5dan Bruges<\/h2>\n<ol data-start=\"665\" data-end=\"843\">\n<li data-start=\"665\" data-end=\"702\">\n<p data-start=\"668\" data-end=\"702\">Dup svampen p\u00e5 produktet.<\/p>\n<\/li>\n<li data-start=\"703\" data-end=\"750\">P\u00e5f\u00f8r forsigtigt p\u00e5 udtyndende eller skaldede omr\u00e5der.<\/li>\n<li data-start=\"703\" data-end=\"750\"><span style=\"font-size: 16px\">Bland let, indtil det ser naturligt ud.<\/span><\/li>\n<li data-start=\"751\" data-end=\"793\">\n<p data-start=\"754\" data-end=\"793\">Nyd en mere fyldig frisure p\u00e5 f\u00e5 sekunder!<\/p>\n<\/li>\n<\/ol>\n<h2 style=\"text-align: center\" data-start=\"845\" data-end=\"868\">\ud83d\udce6 Produktdetaljer<\/h2>\n<ul data-start=\"869\" data-end=\"992\">\n<li data-start=\"869\" data-end=\"899\">\n<p data-start=\"871\" data-end=\"899\">Velegnet til m\u00e6nd og kvinder<\/p>\n<\/li>\n<li data-start=\"900\" data-end=\"946\">\n<p data-start=\"902\" data-end=\"946\">Virker p\u00e5 h\u00e5rgr\u00e6nser, skilninger og sk\u00e6g<\/p>\n<\/li>\n<li data-start=\"947\" data-end=\"992\">\n<p data-start=\"949\" data-end=\"992\">F\u00e5s i flere naturlige h\u00e5rfarver<\/p>\n<\/li>\n<\/ul>\n<h2 style=\"text-align: center\" data-start=\"994\" data-end=\"1018\">\ud83d\udcec Pakken Indeholder<\/h2>\n<ul data-start=\"1019\" data-end=\"1074\">\n<li data-start=\"1019\" data-end=\"1074\">\n<p data-start=\"1021\" data-end=\"1074\">1x concealer til tyndt h\u00e5r med indbygget applikator.<\/p>\n<\/li>\n<\/ul>\n","protected":false},"excerpt":{"rendered":"<p>\ud83d\udc81\u200d\u2640\ufe0f Skjul \u00d8jeblikkeligt Tynde Pletter Og Styrk Din Selvtillid! Denne brugervenlige h\u00e5rconcealer udfylder tynde omr\u00e5der og skaldede pletter med blot [&hellip;]<\/p>\n","protected":false},"featured_media":18242,"comment_status":"open","ping_status":"closed","template":"","meta":{"site-sidebar-layout":"default","site-content-layout":"","ast-site-content-layout":"default","site-content-style":"default","site-sidebar-style":"default","ast-global-header-display":"","ast-banner-title-visibility":"","ast-main-header-display":"","ast-hfb-above-header-display":"","ast-hfb-below-header-display":"","ast-hfb-mobile-header-display":"","site-post-title":"","ast-breadcrumbs-content":"","ast-featured-img":"","footer-sml-layout":"","theme-transparent-header-meta":"default","adv-header-id-meta":"","stick-header-meta":"","header-above-stick-meta":"","header-main-stick-meta":"","header-below-stick-meta":"","astra-migrate-meta-layouts":"set","ast-page-background-enabled":"default","ast-page-background-meta":{"desktop":{"background-color":"var(--ast-global-color-5)","background-image":"","background-repeat":"repeat","background-position":"center center","background-size":"auto","background-attachment":"scroll","background-type":"","background-media":"","overlay-type":"","overlay-color":"","overlay-opacity":"","overlay-gradient":""},"tablet":{"background-color":"","background-image":"","background-repeat":"repeat","background-position":"center center","background-size":"auto","background-attachment":"scroll","background-type":"","background-media":"","overlay-type":"","overlay-color":"","overlay-opacity":"","overlay-gradient":""},"mobile":{"background-color":"","background-image":"","background-repeat":"repeat","background-position":"center center","background-size":"auto","background-attachment":"scroll","background-type":"","background-media":"","overlay-type":"","overlay-color":"","overlay-opacity":"","overlay-gradient":""}},"ast-content-background-meta":{"desktop":{"background-color":"var(--ast-global-color-4)","background-image":"","background-repeat":"repeat","background-position":"center center","background-size":"auto","background-attachment":"scroll","background-type":"","background-media":"","overlay-type":"","overlay-color":"","overlay-opacity":"","overlay-gradient":""},"tablet":{"background-color":"var(--ast-global-color-4)","background-image":"","background-repeat":"repeat","background-position":"center center","background-size":"auto","background-attachment":"scroll","background-type":"","background-media":"","overlay-type":"","overlay-color":"","overlay-opacity":"","overlay-gradient":""},"mobile":{"background-color":"var(--ast-global-color-4)","background-image":"","background-repeat":"repeat","background-position":"center center","background-size":"auto","background-attachment":"scroll","background-type":"","background-media":"","overlay-type":"","overlay-color":"","overlay-opacity":"","overlay-gradient":""}}},"product_brand":[],"product_cat":[19],"product_tag":[],"class_list":{"0":"post-18246","1":"product","2":"type-product","3":"status-publish","4":"has-post-thumbnail","6":"product_cat-uncategorized","7":"pa_21167_zlfx2c17-cappuccino","8":"pa_21167_zlfx2c17-chokolade","9":"pa_21167_zlfx2c17-graa","10":"pa_21167_zlfx2c17-kastanje","11":"pa_21167_zlfx2c17-knaldroed","12":"pa_21167_zlfx2c17-let-kaffe","13":"pa_21167_zlfx2c17-lys-brun","14":"pa_21167_zlfx2c17-lysebrun","15":"pa_21167_zlfx2c17-lysegul","16":"pa_21167_zlfx2c17-moerkebrun","17":"pa_21167_zlfx2c17-soelv","18":"pa_21167_zlfx2c17-sort","19":"desktop-align-left","20":"tablet-align-left","21":"mobile-align-left","23":"first","24":"instock","25":"shipping-taxable","26":"purchasable","27":"product-type-variable"},"_links":{"self":[{"href":"https:\/\/ecostera.com\/dk\/wp-json\/wp\/v2\/product\/18246","targetHints":{"allow":["GET"]}}],"collection":[{"href":"https:\/\/ecostera.com\/dk\/wp-json\/wp\/v2\/product"}],"about":[{"href":"https:\/\/ecostera.com\/dk\/wp-json\/wp\/v2\/types\/product"}],"replies":[{"embeddable":true,"href":"https:\/\/ecostera.com\/dk\/wp-json\/wp\/v2\/comments?post=18246"}],"wp:featuredmedia":[{"embeddable":true,"href":"https:\/\/ecostera.com\/dk\/wp-json\/wp\/v2\/media\/18242"}],"wp:attachment":[{"href":"https:\/\/ecostera.com\/dk\/wp-json\/wp\/v2\/media?parent=18246"}],"wp:term":[{"taxonomy":"product_brand","embeddable":true,"href":"https:\/\/ecostera.com\/dk\/wp-json\/wp\/v2\/product_brand?post=18246"},{"taxonomy":"product_cat","embeddable":true,"href":"https:\/\/ecostera.com\/dk\/wp-json\/wp\/v2\/product_cat?post=18246"},{"taxonomy":"product_tag","embeddable":true,"href":"https:\/\/ecostera.com\/dk\/wp-json\/wp\/v2\/product_tag?post=18246"}],"curies":[{"name":"wp","href":"https:\/\/api.w.org\/{rel}","templated":true}]}}