{"id":18331,"date":"2025-09-18T11:42:48","date_gmt":"2025-09-18T08:42:48","guid":{"rendered":"https:\/\/ecostera.com\/dk\/product\/bordlampe-2\/"},"modified":"2025-09-18T13:14:26","modified_gmt":"2025-09-18T10:14:26","slug":"bordlampe-2","status":"publish","type":"product","link":"https:\/\/ecostera.com\/dk\/product\/bordlampe-2\/","title":{"rendered":"Bordlampe"},"content":{"rendered":"<p style=\"text-align: center\" data-start=\"129\" data-end=\"404\"><strong data-start=\"129\" data-end=\"191\">S\u00e6t stemningen med elegant belysning &#8211; hvor som helst, n\u00e5r som helst! \ud83c\udf77\ud83d\udca1<\/strong><\/p>\n<p style=\"text-align: center\" data-start=\"129\" data-end=\"404\">Denne tr\u00e5dl\u00f8se restaurantbordlampe tilf\u00f8jer et strejf af raffinement til ethvert rum. Dens bl\u00f8de, omgivende lys skaber den perfekte stemning til romantiske middage, hyggelige caf\u00e9er, eksklusive barer eller endda din egen spisestue.<\/p>\n<p data-start=\"129\" data-end=\"404\"><img decoding=\"async\" class=\"size-full wp-image-25106 aligncenter\" src=\"https:\/\/keluvo.com\/template\/wp-content\/uploads\/sites\/5\/2025\/06\/qq1_480x480.webp\" alt=\"\" \/><\/p>\n<h2 style=\"text-align: center\" data-start=\"411\" data-end=\"432\">Vigtigste Fordele \u2728<\/h2>\n<p data-start=\"435\" data-end=\"486\">\ud83d\udca1 Bl\u00f8dt, varmt lys, perfekt til intime omgivelser<\/p>\n<p data-start=\"489\" data-end=\"550\">\ud83d\udd0b Ledningsfri med langtidsholdbart batteri &#8211; op til 10 timer use<\/p>\n<p data-start=\"553\" data-end=\"598\">\ud83c\udf9b\ufe0f Touch-kontrol til justering af lysstyrke<\/p>\n<p data-start=\"601\" data-end=\"639\">\ud83e\uddf3 B\u00e6rbar og genopladelig via USB<\/p>\n<p data-start=\"642\" data-end=\"684\">\ud83c\udfc6 Elegant, moderne design, der passer til enhver indretning<\/p>\n<p data-start=\"642\" data-end=\"684\"><img decoding=\"async\" class=\"size-full wp-image-25107 aligncenter\" src=\"https:\/\/keluvo.com\/template\/wp-content\/uploads\/sites\/5\/2025\/06\/s-l1200_480x480.webp\" alt=\"\" \/><\/p>\n<h2 style=\"text-align: center\" data-start=\"691\" data-end=\"710\">S\u00e5dan Bruges Den \ud83d\udc47<\/h2>\n<ol data-start=\"711\" data-end=\"855\">\n<li data-start=\"711\" data-end=\"751\">\n<p data-start=\"714\" data-end=\"751\">Oplad lampen ved hj\u00e6lp af USB-kablet.<\/p>\n<\/li>\n<li data-start=\"752\" data-end=\"801\">\n<p data-start=\"755\" data-end=\"801\">Tryk p\u00e5 toppen for at t\u00e6nde og justere lysstyrken.<\/p>\n<\/li>\n<li data-start=\"802\" data-end=\"855\">\n<p data-start=\"805\" data-end=\"855\">Placer den p\u00e5 dit bord og nyd den varme stemning.<\/p>\n<\/li>\n<\/ol>\n<h2 style=\"text-align: center\" data-start=\"862\" data-end=\"886\">Produktdetaljer \ud83d\udccb<\/h2>\n<ul data-start=\"887\" data-end=\"1098\">\n<li data-start=\"887\" data-end=\"915\">\n<p data-start=\"889\" data-end=\"915\">Materiale: Aluminiumslegering<\/p>\n<\/li>\n<li data-start=\"916\" data-end=\"936\">\n<p data-start=\"918\" data-end=\"936\">St\u00f8rrelse: 10 x 38 cm<\/p>\n<\/li>\n<li data-start=\"937\" data-end=\"974\">\n<p data-start=\"939\" data-end=\"974\">Batteri: 1800mAh (op til 10 timer)<\/p>\n<\/li>\n<li data-start=\"975\" data-end=\"1002\">\n<p data-start=\"977\" data-end=\"1002\">Lysfarve: Varm hvid<\/p>\n<\/li>\n<li data-start=\"1003\" data-end=\"1037\">\n<p data-start=\"1005\" data-end=\"1037\">Opladning: USB (kabel medf\u00f8lger)<\/p>\n<\/li>\n<\/ul>\n<h2 style=\"text-align: center\" data-start=\"1105\" data-end=\"1130\">Pakken Indeholder \ud83d\udce6<\/h2>\n<ul data-start=\"1131\" data-end=\"1200\">\n<li data-start=\"1131\" data-end=\"1157\">\n<p data-start=\"1133\" data-end=\"1157\">1x ledningsfri bordlampe<\/p>\n<\/li>\n<li data-start=\"1158\" data-end=\"1183\">\n<p data-start=\"1160\" data-end=\"1183\">1x USB-opladerkabel<\/p>\n<\/li>\n<li data-start=\"1184\" data-end=\"1200\">\n<p data-start=\"1186\" data-end=\"1200\">1x brugervejledning.<\/p>\n<\/li>\n<\/ul>\n","protected":false},"excerpt":{"rendered":"<p>S\u00e6t stemningen med elegant belysning &#8211; hvor som helst, n\u00e5r som helst! \ud83c\udf77\ud83d\udca1 Denne tr\u00e5dl\u00f8se restaurantbordlampe tilf\u00f8jer et strejf af [&hellip;]<\/p>\n","protected":false},"featured_media":18327,"comment_status":"open","ping_status":"closed","template":"","meta":{"site-sidebar-layout":"default","site-content-layout":"","ast-site-content-layout":"default","site-content-style":"default","site-sidebar-style":"default","ast-global-header-display":"","ast-banner-title-visibility":"","ast-main-header-display":"","ast-hfb-above-header-display":"","ast-hfb-below-header-display":"","ast-hfb-mobile-header-display":"","site-post-title":"","ast-breadcrumbs-content":"","ast-featured-img":"","footer-sml-layout":"","theme-transparent-header-meta":"default","adv-header-id-meta":"","stick-header-meta":"","header-above-stick-meta":"","header-main-stick-meta":"","header-below-stick-meta":"","astra-migrate-meta-layouts":"set","ast-page-background-enabled":"default","ast-page-background-meta":{"desktop":{"background-color":"var(--ast-global-color-5)","background-image":"","background-repeat":"repeat","background-position":"center center","background-size":"auto","background-attachment":"scroll","background-type":"","background-media":"","overlay-type":"","overlay-color":"","overlay-opacity":"","overlay-gradient":""},"tablet":{"background-color":"","background-image":"","background-repeat":"repeat","background-position":"center center","background-size":"auto","background-attachment":"scroll","background-type":"","background-media":"","overlay-type":"","overlay-color":"","overlay-opacity":"","overlay-gradient":""},"mobile":{"background-color":"","background-image":"","background-repeat":"repeat","background-position":"center center","background-size":"auto","background-attachment":"scroll","background-type":"","background-media":"","overlay-type":"","overlay-color":"","overlay-opacity":"","overlay-gradient":""}},"ast-content-background-meta":{"desktop":{"background-color":"var(--ast-global-color-4)","background-image":"","background-repeat":"repeat","background-position":"center center","background-size":"auto","background-attachment":"scroll","background-type":"","background-media":"","overlay-type":"","overlay-color":"","overlay-opacity":"","overlay-gradient":""},"tablet":{"background-color":"var(--ast-global-color-4)","background-image":"","background-repeat":"repeat","background-position":"center center","background-size":"auto","background-attachment":"scroll","background-type":"","background-media":"","overlay-type":"","overlay-color":"","overlay-opacity":"","overlay-gradient":""},"mobile":{"background-color":"var(--ast-global-color-4)","background-image":"","background-repeat":"repeat","background-position":"center center","background-size":"auto","background-attachment":"scroll","background-type":"","background-media":"","overlay-type":"","overlay-color":"","overlay-opacity":"","overlay-gradient":""}}},"product_brand":[],"product_cat":[19],"product_tag":[],"class_list":{"0":"post-18331","1":"product","2":"type-product","3":"status-publish","4":"has-post-thumbnail","6":"product_cat-uncategorized","7":"pa_31391_9d814p4j-bronze","8":"pa_31391_9d814p4j-guld","9":"pa_31391_9d814p4j-soelv","10":"pa_31391_9d814p4j-sort","11":"pa_31391_uejlxq64-cylinder","12":"pa_31391_uejlxq64-kegle","13":"pa_31391_uejlxq64-kuppel","14":"pa_31391_uejlxq64-straalende","15":"desktop-align-left","16":"tablet-align-left","17":"mobile-align-left","19":"first","20":"instock","21":"shipping-taxable","22":"purchasable","23":"product-type-variable","24":"has-default-attributes"},"_links":{"self":[{"href":"https:\/\/ecostera.com\/dk\/wp-json\/wp\/v2\/product\/18331","targetHints":{"allow":["GET"]}}],"collection":[{"href":"https:\/\/ecostera.com\/dk\/wp-json\/wp\/v2\/product"}],"about":[{"href":"https:\/\/ecostera.com\/dk\/wp-json\/wp\/v2\/types\/product"}],"replies":[{"embeddable":true,"href":"https:\/\/ecostera.com\/dk\/wp-json\/wp\/v2\/comments?post=18331"}],"wp:featuredmedia":[{"embeddable":true,"href":"https:\/\/ecostera.com\/dk\/wp-json\/wp\/v2\/media\/18327"}],"wp:attachment":[{"href":"https:\/\/ecostera.com\/dk\/wp-json\/wp\/v2\/media?parent=18331"}],"wp:term":[{"taxonomy":"product_brand","embeddable":true,"href":"https:\/\/ecostera.com\/dk\/wp-json\/wp\/v2\/product_brand?post=18331"},{"taxonomy":"product_cat","embeddable":true,"href":"https:\/\/ecostera.com\/dk\/wp-json\/wp\/v2\/product_cat?post=18331"},{"taxonomy":"product_tag","embeddable":true,"href":"https:\/\/ecostera.com\/dk\/wp-json\/wp\/v2\/product_tag?post=18331"}],"curies":[{"name":"wp","href":"https:\/\/api.w.org\/{rel}","templated":true}]}}