{"id":18372,"date":"2025-09-18T11:45:56","date_gmt":"2025-09-18T08:45:56","guid":{"rendered":"https:\/\/ecostera.com\/dk\/product\/vandmarkoerer\/"},"modified":"2025-09-24T12:36:28","modified_gmt":"2025-09-24T09:36:28","slug":"vandmarkoerer","status":"publish","type":"product","link":"https:\/\/ecostera.com\/dk\/product\/vandmarkoerer\/","title":{"rendered":"Vandmark\u00f8rer"},"content":{"rendered":"<p style=\"text-align: center\" data-start=\"141\" data-end=\"197\"><strong>Se dine tegninger komme til live og flyde p\u00e5 vandet!<\/strong><\/p>\n<p style=\"text-align: center\" data-start=\"199\" data-end=\"408\">Med disse magiske vandmark\u00f8rer kan b\u00f8rn tegne p\u00e5 glatte overflader og derefter se deres kreationer flyde p\u00e5 vandet &#8211; det g\u00f8r kunst til en sp\u00e6ndende, praktisk oplevelse. Perfekt til sjov, l\u00e6ring og samv\u00e6r med familien. De lyse, sikre og ugiftige tuscher er nemme at bruge og nemme at reng\u00f8re. Perfekt til kreativ leg derhjemme, i klassev\u00e6relset eller til fester!<\/p>\n<p data-start=\"199\" data-end=\"408\"><img decoding=\"async\" class=\"size-full wp-image-25151 aligncenter\" src=\"https:\/\/keluvo.com\/template\/wp-content\/uploads\/sites\/5\/2025\/06\/06253-ezgif.com-video-to-webp-converter.webp\" alt=\"\" \/><\/p>\n<h2 style=\"text-align: center\" data-start=\"570\" data-end=\"592\">\ud83c\udf1f Hovedfordele<\/h2>\n<p data-start=\"595\" data-end=\"677\">\ud83c\udfa8 <strong data-start=\"598\" data-end=\"614\">Tegn og flyd<\/strong> \u2013 Se dine tegninger l\u00f8fte sig fra skeen og flyde i vandet!<\/p>\n<p data-start=\"680\" data-end=\"756\">\ud83d\udc68\u200d\ud83d\udc69\u200d\ud83d\udc67 <strong data-start=\"689\" data-end=\"703\">Familiesjov<\/strong> \u2013 Nyd kreativ tid sammen derhjemme eller til fester.<\/p>\n<p data-start=\"759\" data-end=\"831\">\u270f\ufe0f <strong data-start=\"762\" data-end=\"787\">Glat og hurtigt\u00f8rrende<\/strong> \u2013 Ingen l\u00e6kager, intet rod, bare glat skrift.<\/p>\n<p data-start=\"834\" data-end=\"888\">\ud83c\udf08 <strong data-start=\"837\" data-end=\"854\">Lyse farver<\/strong> \u2013 G\u00f8r kunsten mere levende og sjov.<\/p>\n<p data-start=\"891\" data-end=\"953\">\u2705 <strong data-start=\"893\" data-end=\"910\">Sikkert for b\u00f8rn<\/strong> \u2013 Giftfri, lugtsvag og vaskbar bl\u00e6k.<\/p>\n<p data-start=\"956\" data-end=\"1027\">\ud83d\udcda <strong data-start=\"959\" data-end=\"972\">Multi-use<\/strong> \u2013 Ideel til papirkunst, skolearbejde og kontorbrug.<\/p>\n<p data-start=\"956\" data-end=\"1027\"><img decoding=\"async\" class=\"size-full wp-image-25148 aligncenter\" src=\"https:\/\/keluvo.com\/template\/wp-content\/uploads\/sites\/5\/2025\/06\/013c103d-6995-4502-8fd8-e91c50ab82ec.webp\" alt=\"\" \/><\/p>\n<h2 style=\"text-align: center\" data-start=\"1034\" data-end=\"1053\">\ud83d\udd27 S\u00e5dan bruges<\/h2>\n<ol data-start=\"1054\" data-end=\"1305\">\n<li data-start=\"1054\" data-end=\"1109\">\n<p data-start=\"1057\" data-end=\"1109\">Brug en t\u00f8r keramisk ske med en glat overflade.<\/p>\n<\/li>\n<li data-start=\"1110\" data-end=\"1182\">\n<p data-start=\"1113\" data-end=\"1182\">Tegn din yndlingsform, og lad den t\u00f8rre i mindst 5 sekunder.<\/p>\n<\/li>\n<li data-start=\"1183\" data-end=\"1253\">\n<p data-start=\"1186\" data-end=\"1253\">H\u00e6ld langsomt vand under tegningen, indtil den begynder at flyde.<\/p>\n<\/li>\n<li data-start=\"1254\" data-end=\"1305\">\n<p data-start=\"1257\" data-end=\"1305\">Se din kunst komme til live, og nyd magien!<\/p>\n<\/li>\n<\/ol>\n<h2 style=\"text-align: center\" data-start=\"1312\" data-end=\"1336\">\ud83d\udccf Produktdetaljer<\/h2>\n<ul data-start=\"1337\" data-end=\"1574\">\n<li data-start=\"1337\" data-end=\"1377\">\n<p data-start=\"1339\" data-end=\"1377\"><strong data-start=\"1339\" data-end=\"1352\">Bl\u00e6ktype:<\/strong> Vandbaseret, ikke-giftig<\/p>\n<\/li>\n<li data-start=\"1378\" data-end=\"1434\">\n<p data-start=\"1380\" data-end=\"1434\"><strong data-start=\"1380\" data-end=\"1391\">Design:<\/strong> Lyse farver, glat skrift, hurtigt\u00f8rrende<\/p>\n<\/li>\n<li data-start=\"1435\" data-end=\"1498\">\n<p data-start=\"1437\" data-end=\"1498\"><strong data-start=\"1437\" data-end=\"1461\">Anbefalet overflade:<\/strong> Keramisk ske (glat, ikke-por\u00f8s)<\/p>\n<\/li>\n<li data-start=\"1499\" data-end=\"1574\">\n<p data-start=\"1501\" data-end=\"1574\"><strong data-start=\"1501\" data-end=\"1513\">Anvendes til:<\/strong> Flydende tegninger, papirkunst, skrivning, klassev\u00e6relse eller kontor<\/p>\n<\/li>\n<\/ul>\n<h2 style=\"text-align: center\" data-start=\"1581\" data-end=\"1606\">\ud83d\udce6 Pakken indeholder<\/h2>\n<ul data-start=\"1607\" data-end=\"1650\">\n<li data-start=\"1607\" data-end=\"1650\">\n<p data-start=\"1609\" data-end=\"1650\">4, 8, 12x vandmark\u00f8rer (flere farver).<\/p>\n<\/li>\n<\/ul>\n","protected":false},"excerpt":{"rendered":"<p>Se dine tegninger komme til live og flyde p\u00e5 vandet! Med disse magiske vandmark\u00f8rer kan b\u00f8rn tegne p\u00e5 glatte overflader [&hellip;]<\/p>\n","protected":false},"featured_media":18368,"comment_status":"open","ping_status":"closed","template":"","meta":{"site-sidebar-layout":"default","site-content-layout":"","ast-site-content-layout":"default","site-content-style":"default","site-sidebar-style":"default","ast-global-header-display":"","ast-banner-title-visibility":"","ast-main-header-display":"","ast-hfb-above-header-display":"","ast-hfb-below-header-display":"","ast-hfb-mobile-header-display":"","site-post-title":"","ast-breadcrumbs-content":"","ast-featured-img":"","footer-sml-layout":"","theme-transparent-header-meta":"default","adv-header-id-meta":"","stick-header-meta":"","header-above-stick-meta":"","header-main-stick-meta":"","header-below-stick-meta":"","astra-migrate-meta-layouts":"set","ast-page-background-enabled":"default","ast-page-background-meta":{"desktop":{"background-color":"var(--ast-global-color-5)","background-image":"","background-repeat":"repeat","background-position":"center center","background-size":"auto","background-attachment":"scroll","background-type":"","background-media":"","overlay-type":"","overlay-color":"","overlay-opacity":"","overlay-gradient":""},"tablet":{"background-color":"","background-image":"","background-repeat":"repeat","background-position":"center center","background-size":"auto","background-attachment":"scroll","background-type":"","background-media":"","overlay-type":"","overlay-color":"","overlay-opacity":"","overlay-gradient":""},"mobile":{"background-color":"","background-image":"","background-repeat":"repeat","background-position":"center center","background-size":"auto","background-attachment":"scroll","background-type":"","background-media":"","overlay-type":"","overlay-color":"","overlay-opacity":"","overlay-gradient":""}},"ast-content-background-meta":{"desktop":{"background-color":"var(--ast-global-color-4)","background-image":"","background-repeat":"repeat","background-position":"center center","background-size":"auto","background-attachment":"scroll","background-type":"","background-media":"","overlay-type":"","overlay-color":"","overlay-opacity":"","overlay-gradient":""},"tablet":{"background-color":"var(--ast-global-color-4)","background-image":"","background-repeat":"repeat","background-position":"center center","background-size":"auto","background-attachment":"scroll","background-type":"","background-media":"","overlay-type":"","overlay-color":"","overlay-opacity":"","overlay-gradient":""},"mobile":{"background-color":"var(--ast-global-color-4)","background-image":"","background-repeat":"repeat","background-position":"center center","background-size":"auto","background-attachment":"scroll","background-type":"","background-media":"","overlay-type":"","overlay-color":"","overlay-opacity":"","overlay-gradient":""}}},"product_brand":[],"product_cat":[19],"product_tag":[],"class_list":{"0":"post-18372","1":"product","2":"type-product","3":"status-publish","4":"has-post-thumbnail","6":"product_cat-uncategorized","7":"pa_44256_432ktpoo-4-stk","8":"pa_44256_432ktpoo-8-stk","9":"pa_44256_432ktpoo-12-stk","10":"desktop-align-left","11":"tablet-align-left","12":"mobile-align-left","14":"first","15":"instock","16":"shipping-taxable","17":"purchasable","18":"product-type-variable"},"_links":{"self":[{"href":"https:\/\/ecostera.com\/dk\/wp-json\/wp\/v2\/product\/18372","targetHints":{"allow":["GET"]}}],"collection":[{"href":"https:\/\/ecostera.com\/dk\/wp-json\/wp\/v2\/product"}],"about":[{"href":"https:\/\/ecostera.com\/dk\/wp-json\/wp\/v2\/types\/product"}],"replies":[{"embeddable":true,"href":"https:\/\/ecostera.com\/dk\/wp-json\/wp\/v2\/comments?post=18372"}],"wp:featuredmedia":[{"embeddable":true,"href":"https:\/\/ecostera.com\/dk\/wp-json\/wp\/v2\/media\/18368"}],"wp:attachment":[{"href":"https:\/\/ecostera.com\/dk\/wp-json\/wp\/v2\/media?parent=18372"}],"wp:term":[{"taxonomy":"product_brand","embeddable":true,"href":"https:\/\/ecostera.com\/dk\/wp-json\/wp\/v2\/product_brand?post=18372"},{"taxonomy":"product_cat","embeddable":true,"href":"https:\/\/ecostera.com\/dk\/wp-json\/wp\/v2\/product_cat?post=18372"},{"taxonomy":"product_tag","embeddable":true,"href":"https:\/\/ecostera.com\/dk\/wp-json\/wp\/v2\/product_tag?post=18372"}],"curies":[{"name":"wp","href":"https:\/\/api.w.org\/{rel}","templated":true}]}}