{"id":18417,"date":"2025-09-18T11:50:49","date_gmt":"2025-09-18T08:50:49","guid":{"rendered":"https:\/\/ecostera.com\/dk\/product\/arrangoer-til-brusebad\/"},"modified":"2025-09-18T13:22:28","modified_gmt":"2025-09-18T10:22:28","slug":"arrangoer-til-brusebad","status":"publish","type":"product","link":"https:\/\/ecostera.com\/dk\/product\/arrangoer-til-brusebad\/","title":{"rendered":"Arrang\u00f8r til brusebad"},"content":{"rendered":"<p style=\"text-align: center\" data-start=\"84\" data-end=\"149\"><strong>\ud83d\udebf Nyd H\u00e5ndfri Brusebade Med Denne Nemme Stick-On Shower Organizer!<\/strong><\/p>\n<p style=\"text-align: center\" data-start=\"151\" data-end=\"382\">Intet v\u00e6rkt\u00f8j, ingen boring &#8211; bare tryk og g\u00e5! Denne shower organizer kl\u00e6ber til din v\u00e6g og kan justeres til den perfekte h\u00f8jde og vinkel. Perfekt til b\u00f8rn, k\u00e6ledyr eller alle, der \u00f8nsker mere komfort og fleksibilitet i brusebadet.<\/p>\n<p data-start=\"151\" data-end=\"382\"><img decoding=\"async\" class=\"size-full wp-image-24582 aligncenter\" src=\"https:\/\/keluvo.com\/template\/wp-content\/uploads\/sites\/5\/2025\/06\/06234-ezgif.com-video-to-webp-converter.webp\" alt=\"\" \/><\/p>\n<h2 style=\"text-align: center\" data-start=\"384\" data-end=\"405\">\ud83c\udf1f Vigtigste Fordele<\/h2>\n<p data-start=\"408\" data-end=\"458\">\ud83e\uddf2 St\u00e6rkt sug holder t\u00e6t &#8211; ingen skader p\u00e5 v\u00e6ggene<\/p>\n<p data-start=\"461\" data-end=\"509\">\ud83d\udd04 Justerbar vinkel og h\u00f8jde for maksimal komfort<\/p>\n<p data-start=\"512\" data-end=\"568\">\ud83d\udd27 Ingen installation n\u00f8dvendig &#8211; bare tryk, s\u00e6t fast og drej<\/p>\n<p data-start=\"571\" data-end=\"617\">\ud83e\uddfc Vandafvisende og holdbar til daglig brug<\/p>\n<p data-start=\"620\" data-end=\"674\">\ud83e\ude9d Bonuskrog til sm\u00e5ting som h\u00e5ndkl\u00e6der eller loofahs<\/p>\n<p data-start=\"620\" data-end=\"674\"><img decoding=\"async\" class=\"size-full wp-image-24581 aligncenter\" src=\"https:\/\/keluvo.com\/template\/wp-content\/uploads\/sites\/5\/2025\/06\/5f5f31de807d0b41900c86fdf72e14e9.webp\" alt=\"\" \/><\/p>\n<h2 style=\"text-align: center\" data-start=\"676\" data-end=\"693\">\u2705 S\u00e5dan Bruges<\/h2>\n<ol data-start=\"694\" data-end=\"877\">\n<li data-start=\"694\" data-end=\"743\">\n<p data-start=\"697\" data-end=\"743\">Reng\u00f8r v\u00e6ggen, og tr\u00e6k beskyttelsesfilmen af.<\/p>\n<\/li>\n<li data-start=\"744\" data-end=\"795\">\n<p data-start=\"747\" data-end=\"795\">Tryk sugekoppen fast p\u00e5 overfladen.<\/p>\n<\/li>\n<li data-start=\"796\" data-end=\"840\">\n<p data-start=\"799\" data-end=\"840\">Stram knappen for at l\u00e5se den p\u00e5 plads.<\/p>\n<\/li>\n<li data-start=\"841\" data-end=\"877\">\n<p data-start=\"844\" data-end=\"877\">Monter dit brusehoved og nyd det!<\/p>\n<\/li>\n<\/ol>\n<h2 style=\"text-align: center\" data-start=\"879\" data-end=\"902\">\ud83d\udce6 Produktdetaljer<\/h2>\n<ul data-start=\"903\" data-end=\"1010\">\n<li data-start=\"903\" data-end=\"920\">\n<p data-start=\"905\" data-end=\"920\">Materiale: ABS<\/p>\n<\/li>\n<li data-start=\"921\" data-end=\"937\">\n<p data-start=\"923\" data-end=\"937\">V\u00e6gt: 100g<\/p>\n<\/li>\n<li data-start=\"938\" data-end=\"973\">\n<p data-start=\"940\" data-end=\"973\">Passer til de fleste standardbrusehoveder<\/p>\n<\/li>\n<li data-start=\"974\" data-end=\"1010\">\n<p data-start=\"976\" data-end=\"1010\">St\u00f8rrelse: ca. 85mm x 65mm x 64mm<\/p>\n<\/li>\n<\/ul>\n<h2 style=\"text-align: center\" data-start=\"1012\" data-end=\"1036\">\ud83d\udcec Pakken Indeholder<\/h2>\n<ul data-start=\"1037\" data-end=\"1079\">\n<li data-start=\"1037\" data-end=\"1079\">\n<p data-start=\"1039\" data-end=\"1079\">1x brusebadsarrang\u00f8r.<\/p>\n<\/li>\n<\/ul>\n","protected":false},"excerpt":{"rendered":"<p>\ud83d\udebf Nyd H\u00e5ndfri Brusebade Med Denne Nemme Stick-On Shower Organizer! Intet v\u00e6rkt\u00f8j, ingen boring &#8211; bare tryk og g\u00e5! Denne [&hellip;]<\/p>\n","protected":false},"featured_media":18413,"comment_status":"open","ping_status":"closed","template":"","meta":{"site-sidebar-layout":"default","site-content-layout":"","ast-site-content-layout":"default","site-content-style":"default","site-sidebar-style":"default","ast-global-header-display":"","ast-banner-title-visibility":"","ast-main-header-display":"","ast-hfb-above-header-display":"","ast-hfb-below-header-display":"","ast-hfb-mobile-header-display":"","site-post-title":"","ast-breadcrumbs-content":"","ast-featured-img":"","footer-sml-layout":"","theme-transparent-header-meta":"default","adv-header-id-meta":"","stick-header-meta":"","header-above-stick-meta":"","header-main-stick-meta":"","header-below-stick-meta":"","astra-migrate-meta-layouts":"set","ast-page-background-enabled":"default","ast-page-background-meta":{"desktop":{"background-color":"var(--ast-global-color-5)","background-image":"","background-repeat":"repeat","background-position":"center center","background-size":"auto","background-attachment":"scroll","background-type":"","background-media":"","overlay-type":"","overlay-color":"","overlay-opacity":"","overlay-gradient":""},"tablet":{"background-color":"","background-image":"","background-repeat":"repeat","background-position":"center center","background-size":"auto","background-attachment":"scroll","background-type":"","background-media":"","overlay-type":"","overlay-color":"","overlay-opacity":"","overlay-gradient":""},"mobile":{"background-color":"","background-image":"","background-repeat":"repeat","background-position":"center center","background-size":"auto","background-attachment":"scroll","background-type":"","background-media":"","overlay-type":"","overlay-color":"","overlay-opacity":"","overlay-gradient":""}},"ast-content-background-meta":{"desktop":{"background-color":"var(--ast-global-color-4)","background-image":"","background-repeat":"repeat","background-position":"center center","background-size":"auto","background-attachment":"scroll","background-type":"","background-media":"","overlay-type":"","overlay-color":"","overlay-opacity":"","overlay-gradient":""},"tablet":{"background-color":"var(--ast-global-color-4)","background-image":"","background-repeat":"repeat","background-position":"center center","background-size":"auto","background-attachment":"scroll","background-type":"","background-media":"","overlay-type":"","overlay-color":"","overlay-opacity":"","overlay-gradient":""},"mobile":{"background-color":"var(--ast-global-color-4)","background-image":"","background-repeat":"repeat","background-position":"center center","background-size":"auto","background-attachment":"scroll","background-type":"","background-media":"","overlay-type":"","overlay-color":"","overlay-opacity":"","overlay-gradient":""}}},"product_brand":[],"product_cat":[19],"product_tag":[],"class_list":{"0":"post-18417","1":"product","2":"type-product","3":"status-publish","4":"has-post-thumbnail","6":"product_cat-uncategorized","7":"pa_18350_qnaoe3aa-gennemsigtig","8":"pa_18350_qnaoe3aa-hvid","9":"pa_18350_qnaoe3aa-sort","10":"desktop-align-left","11":"tablet-align-left","12":"mobile-align-left","14":"first","15":"instock","16":"shipping-taxable","17":"purchasable","18":"product-type-variable"},"_links":{"self":[{"href":"https:\/\/ecostera.com\/dk\/wp-json\/wp\/v2\/product\/18417","targetHints":{"allow":["GET"]}}],"collection":[{"href":"https:\/\/ecostera.com\/dk\/wp-json\/wp\/v2\/product"}],"about":[{"href":"https:\/\/ecostera.com\/dk\/wp-json\/wp\/v2\/types\/product"}],"replies":[{"embeddable":true,"href":"https:\/\/ecostera.com\/dk\/wp-json\/wp\/v2\/comments?post=18417"}],"wp:featuredmedia":[{"embeddable":true,"href":"https:\/\/ecostera.com\/dk\/wp-json\/wp\/v2\/media\/18413"}],"wp:attachment":[{"href":"https:\/\/ecostera.com\/dk\/wp-json\/wp\/v2\/media?parent=18417"}],"wp:term":[{"taxonomy":"product_brand","embeddable":true,"href":"https:\/\/ecostera.com\/dk\/wp-json\/wp\/v2\/product_brand?post=18417"},{"taxonomy":"product_cat","embeddable":true,"href":"https:\/\/ecostera.com\/dk\/wp-json\/wp\/v2\/product_cat?post=18417"},{"taxonomy":"product_tag","embeddable":true,"href":"https:\/\/ecostera.com\/dk\/wp-json\/wp\/v2\/product_tag?post=18417"}],"curies":[{"name":"wp","href":"https:\/\/api.w.org\/{rel}","templated":true}]}}