{"id":18432,"date":"2025-09-18T11:52:04","date_gmt":"2025-09-18T08:52:04","guid":{"rendered":"https:\/\/ecostera.com\/dk\/product\/tilbehoer-til-haaret\/"},"modified":"2025-09-18T11:52:31","modified_gmt":"2025-09-18T08:52:31","slug":"tilbehoer-til-haaret","status":"publish","type":"product","link":"https:\/\/ecostera.com\/dk\/product\/tilbehoer-til-haaret\/","title":{"rendered":"Tilbeh\u00f8r til h\u00e5ret"},"content":{"rendered":"<p style=\"text-align: center\" data-start=\"84\" data-end=\"124\"><strong>\ud83d\udc51 Skab Magiske Frisurer P\u00e5 F\u00e5 Minutter!<\/strong><\/p>\n<p style=\"text-align: center\" data-start=\"126\" data-end=\"355\">Med dette yndige prinsesseh\u00e5rsp\u00e6nde kan din lille pige nemt style sit h\u00e5r. Med indbyggede klips og et fleksibelt b\u00e5nd kan hun sno, klippe og skinne &#8211; helt alene. Perfekt til f\u00f8dselsdage, udkl\u00e6dning eller hverdagsnuttethed!<\/p>\n<p data-start=\"126\" data-end=\"355\"><img decoding=\"async\" class=\"size-full wp-image-24594 aligncenter\" src=\"https:\/\/keluvo.com\/template\/wp-content\/uploads\/sites\/5\/2025\/06\/06235-ezgif.com-video-to-webp-converter.webp\" alt=\"\" \/><\/p>\n<h2 style=\"text-align: center\" data-start=\"357\" data-end=\"378\">\ud83c\udf1f Vigtigste Fordele<\/h2>\n<p data-start=\"381\" data-end=\"423\">\ud83c\udf80 Kombinerer pandeb\u00e5nd og h\u00e5rn\u00e5le i \u00e9t<\/p>\n<p data-start=\"426\" data-end=\"467\">\ud83c\udf38 Let at sno og style uden help<\/p>\n<p data-start=\"470\" data-end=\"523\">\ud83e\uddda\u200d\u2640\ufe0f F\u00e5r enhver frisure til at se charmerende og legende ud<\/p>\n<p data-start=\"526\" data-end=\"569\">\ud83d\udc67 Sikker, behagelig og lavet til sm\u00e5 hoveder<\/p>\n<p data-start=\"572\" data-end=\"624\">\ud83c\udf81 Fantastisk gave til piger, der elsker at lege med h\u00e5r<\/p>\n<p data-start=\"572\" data-end=\"624\"><img fetchpriority=\"high\" decoding=\"async\" class=\"size-full wp-image-24595 aligncenter\" src=\"https:\/\/keluvo.com\/template\/wp-content\/uploads\/sites\/5\/2025\/06\/1_480x480-1.webp\" alt=\"\" width=\"480\" height=\"480\" \/><\/p>\n<h2 style=\"text-align: center\" data-start=\"626\" data-end=\"643\">\u2705 S\u00e5dan Bruges<\/h2>\n<ol data-start=\"644\" data-end=\"772\">\n<li data-start=\"644\" data-end=\"680\">\n<p data-start=\"647\" data-end=\"680\">Placer pandeb\u00e5ndet p\u00e5 hovedet<\/p>\n<\/li>\n<li data-start=\"681\" data-end=\"728\">\n<p data-start=\"684\" data-end=\"728\">Tag sm\u00e5 h\u00e5rsektioner, og sno dem forsigtigt.<\/p>\n<\/li>\n<li data-start=\"729\" data-end=\"772\">\n<p data-start=\"732\" data-end=\"772\">S\u00e6t dem fast i de indbyggede h\u00e5rn\u00e5le &#8211; f\u00e6rdig!<\/p>\n<\/li>\n<\/ol>\n<h2 style=\"text-align: center\" data-start=\"774\" data-end=\"797\">\ud83d\udce6 Produktdetaljer<\/h2>\n<ul data-start=\"798\" data-end=\"890\">\n<li data-start=\"798\" data-end=\"819\">\n<p data-start=\"800\" data-end=\"819\">Materiale: plastik<\/p>\n<\/li>\n<li data-start=\"820\" data-end=\"849\">\n<p data-start=\"822\" data-end=\"849\">Diameter: ca. 11,1 cm<\/p>\n<\/li>\n<li data-start=\"850\" data-end=\"890\">\n<p data-start=\"852\" data-end=\"890\">F\u00e5s i forskellige farverige stilarter<\/p>\n<\/li>\n<\/ul>\n<h2 style=\"text-align: center\" data-start=\"892\" data-end=\"916\">\ud83d\udcec Pakken Indeholder<\/h2>\n<ul data-start=\"917\" data-end=\"955\">\n<li data-start=\"917\" data-end=\"955\">\n<p data-start=\"919\" data-end=\"955\">1x piger prinsesse h\u00e5rn\u00e5l pandeb\u00e5nd.<\/p>\n<\/li>\n<\/ul>\n","protected":false},"excerpt":{"rendered":"<p>\ud83d\udc51 Skab Magiske Frisurer P\u00e5 F\u00e5 Minutter! Med dette yndige prinsesseh\u00e5rsp\u00e6nde kan din lille pige nemt style sit h\u00e5r. Med [&hellip;]<\/p>\n","protected":false},"featured_media":18428,"comment_status":"open","ping_status":"closed","template":"","meta":{"site-sidebar-layout":"default","site-content-layout":"","ast-site-content-layout":"default","site-content-style":"default","site-sidebar-style":"default","ast-global-header-display":"","ast-banner-title-visibility":"","ast-main-header-display":"","ast-hfb-above-header-display":"","ast-hfb-below-header-display":"","ast-hfb-mobile-header-display":"","site-post-title":"","ast-breadcrumbs-content":"","ast-featured-img":"","footer-sml-layout":"","theme-transparent-header-meta":"default","adv-header-id-meta":"","stick-header-meta":"","header-above-stick-meta":"","header-main-stick-meta":"","header-below-stick-meta":"","astra-migrate-meta-layouts":"set","ast-page-background-enabled":"default","ast-page-background-meta":{"desktop":{"background-color":"var(--ast-global-color-5)","background-image":"","background-repeat":"repeat","background-position":"center center","background-size":"auto","background-attachment":"scroll","background-type":"","background-media":"","overlay-type":"","overlay-color":"","overlay-opacity":"","overlay-gradient":""},"tablet":{"background-color":"","background-image":"","background-repeat":"repeat","background-position":"center center","background-size":"auto","background-attachment":"scroll","background-type":"","background-media":"","overlay-type":"","overlay-color":"","overlay-opacity":"","overlay-gradient":""},"mobile":{"background-color":"","background-image":"","background-repeat":"repeat","background-position":"center center","background-size":"auto","background-attachment":"scroll","background-type":"","background-media":"","overlay-type":"","overlay-color":"","overlay-opacity":"","overlay-gradient":""}},"ast-content-background-meta":{"desktop":{"background-color":"var(--ast-global-color-4)","background-image":"","background-repeat":"repeat","background-position":"center center","background-size":"auto","background-attachment":"scroll","background-type":"","background-media":"","overlay-type":"","overlay-color":"","overlay-opacity":"","overlay-gradient":""},"tablet":{"background-color":"var(--ast-global-color-4)","background-image":"","background-repeat":"repeat","background-position":"center center","background-size":"auto","background-attachment":"scroll","background-type":"","background-media":"","overlay-type":"","overlay-color":"","overlay-opacity":"","overlay-gradient":""},"mobile":{"background-color":"var(--ast-global-color-4)","background-image":"","background-repeat":"repeat","background-position":"center center","background-size":"auto","background-attachment":"scroll","background-type":"","background-media":"","overlay-type":"","overlay-color":"","overlay-opacity":"","overlay-gradient":""}}},"product_brand":[],"product_cat":[19],"product_tag":[],"class_list":{"0":"post-18432","1":"product","2":"type-product","3":"status-publish","4":"has-post-thumbnail","6":"product_cat-uncategorized","7":"pa_37614_reqwdjq0-a","8":"pa_37614_reqwdjq0-b","9":"pa_37614_reqwdjq0-c","10":"pa_37614_reqwdjq0-d","11":"pa_37614_reqwdjq0-e","12":"pa_37614_reqwdjq0-f","13":"desktop-align-left","14":"tablet-align-left","15":"mobile-align-left","17":"first","18":"instock","19":"shipping-taxable","20":"purchasable","21":"product-type-variable"},"_links":{"self":[{"href":"https:\/\/ecostera.com\/dk\/wp-json\/wp\/v2\/product\/18432","targetHints":{"allow":["GET"]}}],"collection":[{"href":"https:\/\/ecostera.com\/dk\/wp-json\/wp\/v2\/product"}],"about":[{"href":"https:\/\/ecostera.com\/dk\/wp-json\/wp\/v2\/types\/product"}],"replies":[{"embeddable":true,"href":"https:\/\/ecostera.com\/dk\/wp-json\/wp\/v2\/comments?post=18432"}],"wp:featuredmedia":[{"embeddable":true,"href":"https:\/\/ecostera.com\/dk\/wp-json\/wp\/v2\/media\/18428"}],"wp:attachment":[{"href":"https:\/\/ecostera.com\/dk\/wp-json\/wp\/v2\/media?parent=18432"}],"wp:term":[{"taxonomy":"product_brand","embeddable":true,"href":"https:\/\/ecostera.com\/dk\/wp-json\/wp\/v2\/product_brand?post=18432"},{"taxonomy":"product_cat","embeddable":true,"href":"https:\/\/ecostera.com\/dk\/wp-json\/wp\/v2\/product_cat?post=18432"},{"taxonomy":"product_tag","embeddable":true,"href":"https:\/\/ecostera.com\/dk\/wp-json\/wp\/v2\/product_tag?post=18432"}],"curies":[{"name":"wp","href":"https:\/\/api.w.org\/{rel}","templated":true}]}}