{"id":18481,"date":"2025-09-18T11:55:23","date_gmt":"2025-09-18T08:55:23","guid":{"rendered":"https:\/\/ecostera.com\/dk\/product\/musefaelde\/"},"modified":"2025-11-11T11:39:21","modified_gmt":"2025-11-11T09:39:21","slug":"musefaelde","status":"publish","type":"product","link":"https:\/\/ecostera.com\/dk\/product\/musefaelde\/","title":{"rendered":"Musef\u00e6lde"},"content":{"rendered":"<p style=\"text-align: center\" data-start=\"85\" data-end=\"132\"><strong>\ud83d\udc2d Slip af med mus og rotter &#8211; hurtigt og sikkert!<\/strong><\/p>\n<p style=\"text-align: center\" data-start=\"134\" data-end=\"359\">Denne smarte musef\u00e6lde g\u00f8r det nemt at bek\u00e6mpe gnavere. Du skal bare placere den p\u00e5 en spand, og n\u00e5r musen tr\u00e6der p\u00e5 f\u00e6lden, v\u00e6lter den og lader dem falde ned i den. Ingen gift, intet rod &#8211; bare en sikker, genanvendelig l\u00f8sning til dit hjem eller dine opbevaringsomr\u00e5der.<\/p>\n<p data-start=\"134\" data-end=\"359\"><img decoding=\"async\" class=\"size-full wp-image-24633 aligncenter\" src=\"https:\/\/keluvo.com\/template\/wp-content\/uploads\/sites\/5\/2025\/06\/06237-ezgif.com-video-to-webp-converter.webp\" alt=\"\" \/><\/p>\n<h2 style=\"text-align: center\" data-start=\"361\" data-end=\"382\"><strong>\ud83c\udf1f Vigtigste Fordele<\/strong><\/h2>\n<p data-start=\"385\" data-end=\"425\">\u2705 Ufarlig og sikker &#8211; ingen gift eller lim<\/p>\n<p data-start=\"428\" data-end=\"482\">\ud83d\udd01 Genanvendelig og mere hygiejnisk end traditionelle f\u00e6lder<\/p>\n<p data-start=\"485\" data-end=\"539\">\ud83e\udde0 Smart vippedesign f\u00e5r gnaverne til at falde ned i en spand<\/p>\n<p data-start=\"542\" data-end=\"570\">\ud83e\udea4 Let at t\u00f8mme og nulstille<\/p>\n<p data-start=\"573\" data-end=\"623\">\ud83c\udfe1 Ideel til hjem, garager, spisekamre og skure<\/p>\n<p data-start=\"573\" data-end=\"623\"><img decoding=\"async\" class=\"size-full wp-image-24638 aligncenter\" src=\"https:\/\/keluvo.com\/template\/wp-content\/uploads\/sites\/5\/2025\/06\/3-8-1.jpg\" alt=\"\" \/><\/p>\n<h2 style=\"text-align: center\" data-start=\"625\" data-end=\"642\"><strong>\u2705 S\u00e5dan Bruges<\/strong><\/h2>\n<ol data-start=\"643\" data-end=\"860\">\n<li data-start=\"643\" data-end=\"698\">\n<p data-start=\"646\" data-end=\"698\">Fastg\u00f8r f\u00e6lden til toppen af enhver standardspand.<\/p>\n<\/li>\n<li data-start=\"699\" data-end=\"753\">\n<p data-start=\"702\" data-end=\"753\">Placer lokkemad p\u00e5 klappen, og s\u00e6t stigen i n\u00e6rheden.<\/p>\n<\/li>\n<li data-start=\"754\" data-end=\"830\">\n<p data-start=\"757\" data-end=\"830\">N\u00e5r gnaveren klatrer og tr\u00e6der p\u00e5 f\u00e6lden, falder den ned i spanden.<\/p>\n<\/li>\n<li data-start=\"831\" data-end=\"860\">\n<p data-start=\"834\" data-end=\"860\">T\u00f8m og genbrug efter behov!<\/p>\n<\/li>\n<\/ol>\n<h2 style=\"text-align: center\" data-start=\"862\" data-end=\"885\"><strong>\ud83d\udce6 Produktdetaljer<\/strong><\/h2>\n<ul data-start=\"886\" data-end=\"972\">\n<li data-start=\"929\" data-end=\"946\">\n<p data-start=\"931\" data-end=\"946\">Materiale: PVC<\/p>\n<\/li>\n<li data-start=\"947\" data-end=\"972\">\n<p data-start=\"949\" data-end=\"972\"><em data-start=\"949\" data-end=\"970\">Spand medf\u00f8lger ikke<\/em><\/p>\n<\/li>\n<\/ul>\n<h2 style=\"text-align: center\" data-start=\"974\" data-end=\"998\"><strong>\ud83d\udcec Pakken Indeholder<\/strong><\/h2>\n<ul data-start=\"999\" data-end=\"1068\">\n<li data-start=\"999\" data-end=\"1014\">\n<p data-start=\"1001\" data-end=\"1014\">1x f\u00e6ldel\u00e5g<\/p>\n<\/li>\n<li data-start=\"1015\" data-end=\"1035\">\n<p data-start=\"1017\" data-end=\"1035\">1x v\u00e6gtet flap<\/p>\n<\/li>\n<li data-start=\"1036\" data-end=\"1051\">\n<p data-start=\"1038\" data-end=\"1051\">2-delt rampe.<\/p>\n<\/li>\n<\/ul>\n","protected":false},"excerpt":{"rendered":"<p>\ud83d\udc2d Slip af med mus og rotter &#8211; hurtigt og sikkert! Denne smarte musef\u00e6lde g\u00f8r det nemt at bek\u00e6mpe gnavere. [&hellip;]<\/p>\n","protected":false},"featured_media":18477,"comment_status":"open","ping_status":"closed","template":"","meta":{"site-sidebar-layout":"default","site-content-layout":"","ast-site-content-layout":"default","site-content-style":"default","site-sidebar-style":"default","ast-global-header-display":"","ast-banner-title-visibility":"","ast-main-header-display":"","ast-hfb-above-header-display":"","ast-hfb-below-header-display":"","ast-hfb-mobile-header-display":"","site-post-title":"","ast-breadcrumbs-content":"","ast-featured-img":"","footer-sml-layout":"","theme-transparent-header-meta":"default","adv-header-id-meta":"","stick-header-meta":"","header-above-stick-meta":"","header-main-stick-meta":"","header-below-stick-meta":"","astra-migrate-meta-layouts":"set","ast-page-background-enabled":"default","ast-page-background-meta":{"desktop":{"background-color":"var(--ast-global-color-5)","background-image":"","background-repeat":"repeat","background-position":"center center","background-size":"auto","background-attachment":"scroll","background-type":"","background-media":"","overlay-type":"","overlay-color":"","overlay-opacity":"","overlay-gradient":""},"tablet":{"background-color":"","background-image":"","background-repeat":"repeat","background-position":"center center","background-size":"auto","background-attachment":"scroll","background-type":"","background-media":"","overlay-type":"","overlay-color":"","overlay-opacity":"","overlay-gradient":""},"mobile":{"background-color":"","background-image":"","background-repeat":"repeat","background-position":"center center","background-size":"auto","background-attachment":"scroll","background-type":"","background-media":"","overlay-type":"","overlay-color":"","overlay-opacity":"","overlay-gradient":""}},"ast-content-background-meta":{"desktop":{"background-color":"var(--ast-global-color-4)","background-image":"","background-repeat":"repeat","background-position":"center center","background-size":"auto","background-attachment":"scroll","background-type":"","background-media":"","overlay-type":"","overlay-color":"","overlay-opacity":"","overlay-gradient":""},"tablet":{"background-color":"var(--ast-global-color-4)","background-image":"","background-repeat":"repeat","background-position":"center center","background-size":"auto","background-attachment":"scroll","background-type":"","background-media":"","overlay-type":"","overlay-color":"","overlay-opacity":"","overlay-gradient":""},"mobile":{"background-color":"var(--ast-global-color-4)","background-image":"","background-repeat":"repeat","background-position":"center center","background-size":"auto","background-attachment":"scroll","background-type":"","background-media":"","overlay-type":"","overlay-color":"","overlay-opacity":"","overlay-gradient":""}}},"product_brand":[],"product_cat":[19],"product_tag":[],"class_list":{"0":"post-18481","1":"product","2":"type-product","3":"status-publish","4":"has-post-thumbnail","6":"product_cat-uncategorized","7":"desktop-align-left","8":"tablet-align-left","9":"mobile-align-left","11":"first","12":"instock","13":"shipping-taxable","14":"purchasable","15":"product-type-simple"},"_links":{"self":[{"href":"https:\/\/ecostera.com\/dk\/wp-json\/wp\/v2\/product\/18481","targetHints":{"allow":["GET"]}}],"collection":[{"href":"https:\/\/ecostera.com\/dk\/wp-json\/wp\/v2\/product"}],"about":[{"href":"https:\/\/ecostera.com\/dk\/wp-json\/wp\/v2\/types\/product"}],"replies":[{"embeddable":true,"href":"https:\/\/ecostera.com\/dk\/wp-json\/wp\/v2\/comments?post=18481"}],"wp:featuredmedia":[{"embeddable":true,"href":"https:\/\/ecostera.com\/dk\/wp-json\/wp\/v2\/media\/18477"}],"wp:attachment":[{"href":"https:\/\/ecostera.com\/dk\/wp-json\/wp\/v2\/media?parent=18481"}],"wp:term":[{"taxonomy":"product_brand","embeddable":true,"href":"https:\/\/ecostera.com\/dk\/wp-json\/wp\/v2\/product_brand?post=18481"},{"taxonomy":"product_cat","embeddable":true,"href":"https:\/\/ecostera.com\/dk\/wp-json\/wp\/v2\/product_cat?post=18481"},{"taxonomy":"product_tag","embeddable":true,"href":"https:\/\/ecostera.com\/dk\/wp-json\/wp\/v2\/product_tag?post=18481"}],"curies":[{"name":"wp","href":"https:\/\/api.w.org\/{rel}","templated":true}]}}