{"id":18490,"date":"2025-09-18T11:56:34","date_gmt":"2025-09-18T08:56:34","guid":{"rendered":"https:\/\/ecostera.com\/dk\/product\/alien-maske\/"},"modified":"2025-09-18T13:28:20","modified_gmt":"2025-09-18T10:28:20","slug":"alien-maske","status":"publish","type":"product","link":"https:\/\/ecostera.com\/dk\/product\/alien-maske\/","title":{"rendered":"Alien-maske"},"content":{"rendered":"<p style=\"text-align: center\" data-start=\"67\" data-end=\"129\"><strong>\ud83d\udc7d Bliv Alien-Freak For Dine Venner, Og Stj\u00e6l Showet!<\/strong><\/p>\n<p style=\"text-align: center\" data-start=\"131\" data-end=\"358\">Denne realistiske alien-maske er den perfekte m\u00e5de at bringe lidt sjov ud af denne verden til fester, drengestreger eller Halloween. Den er lavet af bl\u00f8d latex og designet med uhyggelige detaljer, s\u00e5 den er uhyggelig, behagelig og vil helt sikkert v\u00e6kke opsigt, uanset hvor du g\u00e5r hen.<\/p>\n<p data-start=\"131\" data-end=\"358\"><img fetchpriority=\"high\" decoding=\"async\" class=\" wp-image-24641 aligncenter\" src=\"https:\/\/keluvo.com\/template\/wp-content\/uploads\/sites\/5\/2025\/06\/24e48f49301e26c9153651a1ecb19cf4.webp\" alt=\"\" width=\"491\" height=\"491\" \/><\/p>\n<h2 style=\"text-align: center\" data-start=\"360\" data-end=\"381\">\ud83c\udf1f Vigtigste Fordele<\/h2>\n<p data-start=\"384\" data-end=\"442\">\ud83d\udef8 Ultra-realistisk alien-design for maksimal chokfaktor<\/p>\n<p data-start=\"445\" data-end=\"502\">\ud83d\ude02 Perfekt til kostumer, vittigheder, fester og virale drengestreger<\/p>\n<p data-start=\"505\" data-end=\"554\">\ud83e\udde0 Passer til de fleste hovedst\u00f8rrelser &#8211; nem at tage p\u00e5 og af<\/p>\n<p data-start=\"557\" data-end=\"612\">\ud83e\uddfd Bl\u00f8dt latexmateriale, der er fleksibelt og \u00e5ndbart<\/p>\n<p data-start=\"615\" data-end=\"661\">\ud83c\udf83 Et must-have for Halloween- eller cosplay-fans<\/p>\n<p data-start=\"615\" data-end=\"661\"><img decoding=\"async\" class=\" wp-image-24640 aligncenter\" src=\"https:\/\/keluvo.com\/template\/wp-content\/uploads\/sites\/5\/2025\/06\/5f84caa1b1e22e25d8ca10723e373f771e3db0c875890eee413ffdef3f2858d1.webp\" alt=\"\" width=\"500\" height=\"281\" \/><\/p>\n<h2 style=\"text-align: center\">\u2705 S\u00e5dan Bruges<\/h2>\n<ol data-start=\"681\" data-end=\"807\">\n<li data-start=\"681\" data-end=\"723\">\n<p data-start=\"684\" data-end=\"723\">Skub blot masken over hovedet.<\/p>\n<\/li>\n<li data-start=\"724\" data-end=\"763\">\n<p data-start=\"727\" data-end=\"763\">Juster for komfort og udsyn.<\/p>\n<\/li>\n<li data-start=\"724\" data-end=\"763\">\n<p data-start=\"727\" data-end=\"763\">Skr\u00e6m, overrask eller underhold dit publikum!<\/p>\n<\/li>\n<\/ol>\n<h2 style=\"text-align: center\" data-start=\"809\" data-end=\"832\">\ud83d\udce6 Produktdetaljer<\/h2>\n<ul data-start=\"833\" data-end=\"964\">\n<li data-start=\"833\" data-end=\"865\">\n<p data-start=\"835\" data-end=\"865\">Materiale: bl\u00f8d naturlatex<\/p>\n<\/li>\n<li data-start=\"925\" data-end=\"964\">\n<p data-start=\"927\" data-end=\"964\">En st\u00f8rrelse, der passer til de fleste teenagere og voksne<\/p>\n<\/li>\n<\/ul>\n<h2 style=\"text-align: center\" data-start=\"966\" data-end=\"990\">\ud83d\udcec Pakken Indeholder<\/h2>\n<ul data-start=\"991\" data-end=\"1014\">\n<li data-start=\"991\" data-end=\"1014\">\n<p data-start=\"993\" data-end=\"1014\">1 alien-maske.<\/p>\n<\/li>\n<\/ul>\n","protected":false},"excerpt":{"rendered":"<p>\ud83d\udc7d Bliv Alien-Freak For Dine Venner, Og Stj\u00e6l Showet! Denne realistiske alien-maske er den perfekte m\u00e5de at bringe lidt sjov [&hellip;]<\/p>\n","protected":false},"featured_media":18486,"comment_status":"open","ping_status":"closed","template":"","meta":{"site-sidebar-layout":"default","site-content-layout":"","ast-site-content-layout":"default","site-content-style":"default","site-sidebar-style":"default","ast-global-header-display":"","ast-banner-title-visibility":"","ast-main-header-display":"","ast-hfb-above-header-display":"","ast-hfb-below-header-display":"","ast-hfb-mobile-header-display":"","site-post-title":"","ast-breadcrumbs-content":"","ast-featured-img":"","footer-sml-layout":"","theme-transparent-header-meta":"default","adv-header-id-meta":"","stick-header-meta":"","header-above-stick-meta":"","header-main-stick-meta":"","header-below-stick-meta":"","astra-migrate-meta-layouts":"set","ast-page-background-enabled":"default","ast-page-background-meta":{"desktop":{"background-color":"var(--ast-global-color-5)","background-image":"","background-repeat":"repeat","background-position":"center center","background-size":"auto","background-attachment":"scroll","background-type":"","background-media":"","overlay-type":"","overlay-color":"","overlay-opacity":"","overlay-gradient":""},"tablet":{"background-color":"","background-image":"","background-repeat":"repeat","background-position":"center center","background-size":"auto","background-attachment":"scroll","background-type":"","background-media":"","overlay-type":"","overlay-color":"","overlay-opacity":"","overlay-gradient":""},"mobile":{"background-color":"","background-image":"","background-repeat":"repeat","background-position":"center center","background-size":"auto","background-attachment":"scroll","background-type":"","background-media":"","overlay-type":"","overlay-color":"","overlay-opacity":"","overlay-gradient":""}},"ast-content-background-meta":{"desktop":{"background-color":"var(--ast-global-color-4)","background-image":"","background-repeat":"repeat","background-position":"center center","background-size":"auto","background-attachment":"scroll","background-type":"","background-media":"","overlay-type":"","overlay-color":"","overlay-opacity":"","overlay-gradient":""},"tablet":{"background-color":"var(--ast-global-color-4)","background-image":"","background-repeat":"repeat","background-position":"center center","background-size":"auto","background-attachment":"scroll","background-type":"","background-media":"","overlay-type":"","overlay-color":"","overlay-opacity":"","overlay-gradient":""},"mobile":{"background-color":"var(--ast-global-color-4)","background-image":"","background-repeat":"repeat","background-position":"center center","background-size":"auto","background-attachment":"scroll","background-type":"","background-media":"","overlay-type":"","overlay-color":"","overlay-opacity":"","overlay-gradient":""}}},"product_brand":[],"product_cat":[19],"product_tag":[],"class_list":{"0":"post-18490","1":"product","2":"type-product","3":"status-publish","4":"has-post-thumbnail","6":"product_cat-uncategorized","7":"pa_30995_r03oaitl-a","8":"pa_30995_r03oaitl-b","9":"pa_30995_r03oaitl-c","10":"pa_30995_r03oaitl-d","11":"pa_30995_r03oaitl-e","12":"desktop-align-left","13":"tablet-align-left","14":"mobile-align-left","16":"first","17":"instock","18":"shipping-taxable","19":"purchasable","20":"product-type-variable"},"_links":{"self":[{"href":"https:\/\/ecostera.com\/dk\/wp-json\/wp\/v2\/product\/18490","targetHints":{"allow":["GET"]}}],"collection":[{"href":"https:\/\/ecostera.com\/dk\/wp-json\/wp\/v2\/product"}],"about":[{"href":"https:\/\/ecostera.com\/dk\/wp-json\/wp\/v2\/types\/product"}],"replies":[{"embeddable":true,"href":"https:\/\/ecostera.com\/dk\/wp-json\/wp\/v2\/comments?post=18490"}],"wp:featuredmedia":[{"embeddable":true,"href":"https:\/\/ecostera.com\/dk\/wp-json\/wp\/v2\/media\/18486"}],"wp:attachment":[{"href":"https:\/\/ecostera.com\/dk\/wp-json\/wp\/v2\/media?parent=18490"}],"wp:term":[{"taxonomy":"product_brand","embeddable":true,"href":"https:\/\/ecostera.com\/dk\/wp-json\/wp\/v2\/product_brand?post=18490"},{"taxonomy":"product_cat","embeddable":true,"href":"https:\/\/ecostera.com\/dk\/wp-json\/wp\/v2\/product_cat?post=18490"},{"taxonomy":"product_tag","embeddable":true,"href":"https:\/\/ecostera.com\/dk\/wp-json\/wp\/v2\/product_tag?post=18490"}],"curies":[{"name":"wp","href":"https:\/\/api.w.org\/{rel}","templated":true}]}}