{"id":18509,"date":"2025-09-18T11:58:28","date_gmt":"2025-09-18T08:58:28","guid":{"rendered":"https:\/\/ecostera.com\/dk\/product\/indretning-til-katte\/"},"modified":"2025-09-18T13:30:26","modified_gmt":"2025-09-18T10:30:26","slug":"indretning-til-katte","status":"publish","type":"product","link":"https:\/\/ecostera.com\/dk\/product\/indretning-til-katte\/","title":{"rendered":"Indretning til katte"},"content":{"rendered":"<p style=\"text-align: center\" data-start=\"74\" data-end=\"127\"><strong>\ud83d\udc31 Oplys dit rum med et st\u00e6nk af kattecharme!<\/strong><\/p>\n<p style=\"text-align: center\" data-start=\"129\" data-end=\"361\">Dette legesyge katteklisterm\u00e6rke kombinerer en killings nuttethed med de levende farver i farvet glas. S\u00e6t det p\u00e5 dit vindue, spejl eller d\u00f8r for \u00f8jeblikkeligt at pifte ethvert rum op. Det er en sjov, unik dekoration til dyreelskere i alle aldre!<\/p>\n<p data-start=\"129\" data-end=\"361\"><img decoding=\"async\" class=\"size-full wp-image-24657 aligncenter\" src=\"https:\/\/keluvo.com\/template\/wp-content\/uploads\/sites\/5\/2025\/06\/9_6c6e1928-9784-4a55-a033-306312d96e76_480x480.webp\" alt=\"\" \/><\/p>\n<h2 style=\"text-align: center\" data-start=\"363\" data-end=\"384\">\ud83c\udf1f Vigtigste Fordele<\/h2>\n<p data-start=\"387\" data-end=\"440\">\ud83c\udfa8 Levende design, der fanger sollyset smukt<\/p>\n<p data-start=\"443\" data-end=\"497\">\ud83d\udc3e S\u00f8d katteform, der f\u00e5r dig til at smile hver dag<\/p>\n<p data-start=\"500\" data-end=\"549\">\ud83e\ude9f Perfekt til vinduer, spejle eller glasd\u00f8re<\/p>\n<p data-start=\"552\" data-end=\"598\">\ud83c\udf81 Fantastisk gave til katteelskere og k\u00e6ledyrsfor\u00e6ldre<\/p>\n<p data-start=\"601\" data-end=\"630\">\ud83e\uddfc Let at s\u00e6tte p\u00e5 og fjerne<\/p>\n<h2 style=\"text-align: center\" data-start=\"632\" data-end=\"649\">\u2705 S\u00e5dan Bruges<\/h2>\n<ol data-start=\"650\" data-end=\"830\">\n<li data-start=\"650\" data-end=\"715\">\n<p data-start=\"653\" data-end=\"715\">V\u00e6lg en ren, glat overflade (glas eller spejl fungerer bedst).<\/p>\n<\/li>\n<li data-start=\"716\" data-end=\"775\">\n<p data-start=\"719\" data-end=\"775\">Skr\u00e6l og tryk forsigtigt dekorationen ned p\u00e5 overfladen.<\/p>\n<\/li>\n<li data-start=\"776\" data-end=\"830\">\n<p data-start=\"779\" data-end=\"830\">Nyd det lys og den farve, det bringer ind i dit hjem!<\/p>\n<\/li>\n<\/ol>\n<h2 style=\"text-align: center\" data-start=\"832\" data-end=\"855\">\ud83d\udce6 Produktdetaljer<\/h2>\n<ul data-start=\"856\" data-end=\"942\">\n<li data-start=\"856\" data-end=\"873\">\n<p data-start=\"858\" data-end=\"873\">H\u00f8jde: 20 cm<\/p>\n<\/li>\n<li data-start=\"874\" data-end=\"890\">\n<p data-start=\"876\" data-end=\"890\">Bredde: 13 cm<\/p>\n<\/li>\n<li data-start=\"891\" data-end=\"912\">\n<p data-start=\"893\" data-end=\"912\">Materiale: akryl<\/p>\n<\/li>\n<\/ul>\n<h2 style=\"text-align: center\" data-start=\"944\" data-end=\"968\">\ud83d\udcec Pakken Indeholder<\/h2>\n<ul data-start=\"969\" data-end=\"1007\">\n<li data-start=\"969\" data-end=\"1007\">\n<p data-start=\"971\" data-end=\"1007\">1x farverig kattedekorationsklisterm\u00e6rke.<\/p>\n<\/li>\n<\/ul>\n","protected":false},"excerpt":{"rendered":"<p>\ud83d\udc31 Oplys dit rum med et st\u00e6nk af kattecharme! Dette legesyge katteklisterm\u00e6rke kombinerer en killings nuttethed med de levende farver [&hellip;]<\/p>\n","protected":false},"featured_media":18505,"comment_status":"open","ping_status":"closed","template":"","meta":{"site-sidebar-layout":"default","site-content-layout":"","ast-site-content-layout":"default","site-content-style":"default","site-sidebar-style":"default","ast-global-header-display":"","ast-banner-title-visibility":"","ast-main-header-display":"","ast-hfb-above-header-display":"","ast-hfb-below-header-display":"","ast-hfb-mobile-header-display":"","site-post-title":"","ast-breadcrumbs-content":"","ast-featured-img":"","footer-sml-layout":"","theme-transparent-header-meta":"default","adv-header-id-meta":"","stick-header-meta":"","header-above-stick-meta":"","header-main-stick-meta":"","header-below-stick-meta":"","astra-migrate-meta-layouts":"set","ast-page-background-enabled":"default","ast-page-background-meta":{"desktop":{"background-color":"var(--ast-global-color-5)","background-image":"","background-repeat":"repeat","background-position":"center center","background-size":"auto","background-attachment":"scroll","background-type":"","background-media":"","overlay-type":"","overlay-color":"","overlay-opacity":"","overlay-gradient":""},"tablet":{"background-color":"","background-image":"","background-repeat":"repeat","background-position":"center center","background-size":"auto","background-attachment":"scroll","background-type":"","background-media":"","overlay-type":"","overlay-color":"","overlay-opacity":"","overlay-gradient":""},"mobile":{"background-color":"","background-image":"","background-repeat":"repeat","background-position":"center center","background-size":"auto","background-attachment":"scroll","background-type":"","background-media":"","overlay-type":"","overlay-color":"","overlay-opacity":"","overlay-gradient":""}},"ast-content-background-meta":{"desktop":{"background-color":"var(--ast-global-color-4)","background-image":"","background-repeat":"repeat","background-position":"center center","background-size":"auto","background-attachment":"scroll","background-type":"","background-media":"","overlay-type":"","overlay-color":"","overlay-opacity":"","overlay-gradient":""},"tablet":{"background-color":"var(--ast-global-color-4)","background-image":"","background-repeat":"repeat","background-position":"center center","background-size":"auto","background-attachment":"scroll","background-type":"","background-media":"","overlay-type":"","overlay-color":"","overlay-opacity":"","overlay-gradient":""},"mobile":{"background-color":"var(--ast-global-color-4)","background-image":"","background-repeat":"repeat","background-position":"center center","background-size":"auto","background-attachment":"scroll","background-type":"","background-media":"","overlay-type":"","overlay-color":"","overlay-opacity":"","overlay-gradient":""}}},"product_brand":[],"product_cat":[19],"product_tag":[],"class_list":{"0":"post-18509","1":"product","2":"type-product","3":"status-publish","4":"has-post-thumbnail","6":"product_cat-uncategorized","7":"pa_32199_2ri5h6sa-a","8":"pa_32199_2ri5h6sa-b","9":"pa_32199_2ri5h6sa-c","10":"pa_32199_2ri5h6sa-d","11":"pa_32199_2ri5h6sa-e","12":"pa_32199_2ri5h6sa-f","13":"pa_32199_2ri5h6sa-g","14":"pa_32199_2ri5h6sa-h","15":"desktop-align-left","16":"tablet-align-left","17":"mobile-align-left","19":"first","20":"instock","21":"shipping-taxable","22":"purchasable","23":"product-type-variable"},"_links":{"self":[{"href":"https:\/\/ecostera.com\/dk\/wp-json\/wp\/v2\/product\/18509","targetHints":{"allow":["GET"]}}],"collection":[{"href":"https:\/\/ecostera.com\/dk\/wp-json\/wp\/v2\/product"}],"about":[{"href":"https:\/\/ecostera.com\/dk\/wp-json\/wp\/v2\/types\/product"}],"replies":[{"embeddable":true,"href":"https:\/\/ecostera.com\/dk\/wp-json\/wp\/v2\/comments?post=18509"}],"wp:featuredmedia":[{"embeddable":true,"href":"https:\/\/ecostera.com\/dk\/wp-json\/wp\/v2\/media\/18505"}],"wp:attachment":[{"href":"https:\/\/ecostera.com\/dk\/wp-json\/wp\/v2\/media?parent=18509"}],"wp:term":[{"taxonomy":"product_brand","embeddable":true,"href":"https:\/\/ecostera.com\/dk\/wp-json\/wp\/v2\/product_brand?post=18509"},{"taxonomy":"product_cat","embeddable":true,"href":"https:\/\/ecostera.com\/dk\/wp-json\/wp\/v2\/product_cat?post=18509"},{"taxonomy":"product_tag","embeddable":true,"href":"https:\/\/ecostera.com\/dk\/wp-json\/wp\/v2\/product_tag?post=18509"}],"curies":[{"name":"wp","href":"https:\/\/api.w.org\/{rel}","templated":true}]}}