{"id":18535,"date":"2025-09-18T12:00:13","date_gmt":"2025-09-18T09:00:13","guid":{"rendered":"https:\/\/ecostera.com\/dk\/product\/bor-til-firkantet-hul\/"},"modified":"2025-09-18T13:37:35","modified_gmt":"2025-09-18T10:37:35","slug":"bor-til-firkantet-hul","status":"publish","type":"product","link":"https:\/\/ecostera.com\/dk\/product\/bor-til-firkantet-hul\/","title":{"rendered":"Bor til firkantet hul"},"content":{"rendered":"<p style=\"text-align: center\"><strong>\ud83e\udeb5 Lav Perfekte Firkantede Huller\u2014Hurtigt, Rent Og Pr\u00e6cist!<\/strong><\/p>\n<p style=\"text-align: center\">Denne innovative firkantede tr\u00e6mejsel er det ideelle v\u00e6rkt\u00f8j til professionelle tr\u00e6arbejdere og g\u00f8r-det-selv-folk. Den forvandler din almindelige boremaskine til en kraftfuld indstiksmaskine og hj\u00e6lper dig med at lave rene, firkantede huller uden besv\u00e6r.<\/p>\n<p><img decoding=\"async\" class=\"alignnone size-full wp-image-24721 aligncenter\" src=\"https:\/\/keluvo.com\/template\/wp-content\/uploads\/sites\/5\/2025\/06\/4-14.jpg\" alt=\"\" \/><\/p>\n<h2 style=\"text-align: center\">\ud83c\udf1f Vigtigste Fordele<\/h2>\n<p>\ud83e\uddf0 Borer pr\u00e6cise firkantede huller i tr\u00e6, plast og meget mere<\/p>\n<p>\ud83e\ude9a \u00d8ger n\u00f8jagtigheden og h\u00e5ndv\u00e6rket i hvert projekt<\/p>\n<p>\ud83c\udf00 Firetrins sk\u00e6resystem giver j\u00e6vne, rene resultater<\/p>\n<p>\ud83d\udd29 Passer til de fleste standardboremaskiner<\/p>\n<p>\ud83e\udeb5 Perfekt til snedkeri, m\u00f8bler eller t\u00f8mrerarbejde<\/p>\n<p><img decoding=\"async\" class=\"aligncenter wp-image-24724 size-full\" src=\"https:\/\/keluvo.com\/template\/wp-content\/uploads\/sites\/5\/2025\/06\/55c54054-57c6-48da-b575-c06760672944-e1750755139692.webp\" alt=\"\" \/><\/p>\n<h2 style=\"text-align: center\">\u2705 S\u00e5dan Bruger Du Mejslen<\/h2>\n<ol>\n<li>Installer den i din boremaskine.<\/li>\n<li>Ret den ind over det markerede punkt p\u00e5 dit emne.<\/li>\n<li>Bor langsomt ned for at skabe et perfekt firkantet hul.<\/li>\n<li>Gentag for yderligere samlinger eller design.<\/li>\n<\/ol>\n<p><img decoding=\"async\" class=\"alignnone size-full wp-image-24723 aligncenter\" src=\"https:\/\/keluvo.com\/template\/wp-content\/uploads\/sites\/5\/2025\/06\/d74b13c7-743b-4e6f-826d-0ce7a1271a4a.jpg\" alt=\"\" \/><\/p>\n<h2 style=\"text-align: center\">\ud83d\udce6 Produktdetaljer<\/h2>\n<ul>\n<li>Tilg\u00e6ngelige st\u00f8rrelser: 6.4 mm, 8 mm, 9.5 mm, 12.7 mm<\/li>\n<li>Materiale: legeret st\u00e5l med h\u00f8j styrke<\/li>\n<li>Velegnet til: tr\u00e6, PVC, plast og meget mere<\/li>\n<\/ul>\n<h2 style=\"text-align: center\">\ud83d\udcec Pakken Indeholder<\/h2>\n<ul>\n<li>1x firkantet tr\u00e6mejsel i din valgte st\u00f8rrelse.<\/li>\n<\/ul>\n","protected":false},"excerpt":{"rendered":"<p>\ud83e\udeb5 Lav Perfekte Firkantede Huller\u2014Hurtigt, Rent Og Pr\u00e6cist! Denne innovative firkantede tr\u00e6mejsel er det ideelle v\u00e6rkt\u00f8j til professionelle tr\u00e6arbejdere og [&hellip;]<\/p>\n","protected":false},"featured_media":18531,"comment_status":"open","ping_status":"closed","template":"","meta":{"site-sidebar-layout":"default","site-content-layout":"","ast-site-content-layout":"default","site-content-style":"default","site-sidebar-style":"default","ast-global-header-display":"","ast-banner-title-visibility":"","ast-main-header-display":"","ast-hfb-above-header-display":"","ast-hfb-below-header-display":"","ast-hfb-mobile-header-display":"","site-post-title":"","ast-breadcrumbs-content":"","ast-featured-img":"","footer-sml-layout":"","theme-transparent-header-meta":"default","adv-header-id-meta":"","stick-header-meta":"","header-above-stick-meta":"","header-main-stick-meta":"","header-below-stick-meta":"","astra-migrate-meta-layouts":"set","ast-page-background-enabled":"default","ast-page-background-meta":{"desktop":{"background-color":"var(--ast-global-color-5)","background-image":"","background-repeat":"repeat","background-position":"center center","background-size":"auto","background-attachment":"scroll","background-type":"","background-media":"","overlay-type":"","overlay-color":"","overlay-opacity":"","overlay-gradient":""},"tablet":{"background-color":"","background-image":"","background-repeat":"repeat","background-position":"center center","background-size":"auto","background-attachment":"scroll","background-type":"","background-media":"","overlay-type":"","overlay-color":"","overlay-opacity":"","overlay-gradient":""},"mobile":{"background-color":"","background-image":"","background-repeat":"repeat","background-position":"center center","background-size":"auto","background-attachment":"scroll","background-type":"","background-media":"","overlay-type":"","overlay-color":"","overlay-opacity":"","overlay-gradient":""}},"ast-content-background-meta":{"desktop":{"background-color":"var(--ast-global-color-4)","background-image":"","background-repeat":"repeat","background-position":"center center","background-size":"auto","background-attachment":"scroll","background-type":"","background-media":"","overlay-type":"","overlay-color":"","overlay-opacity":"","overlay-gradient":""},"tablet":{"background-color":"var(--ast-global-color-4)","background-image":"","background-repeat":"repeat","background-position":"center center","background-size":"auto","background-attachment":"scroll","background-type":"","background-media":"","overlay-type":"","overlay-color":"","overlay-opacity":"","overlay-gradient":""},"mobile":{"background-color":"var(--ast-global-color-4)","background-image":"","background-repeat":"repeat","background-position":"center center","background-size":"auto","background-attachment":"scroll","background-type":"","background-media":"","overlay-type":"","overlay-color":"","overlay-opacity":"","overlay-gradient":""}}},"product_brand":[],"product_cat":[19],"product_tag":[],"class_list":{"0":"post-18535","1":"product","2":"type-product","3":"status-publish","4":"has-post-thumbnail","6":"product_cat-uncategorized","7":"pa_32333_od524tvf-64-mm","8":"pa_32333_od524tvf-8-mm","9":"pa_32333_od524tvf-95-mm","10":"pa_32333_od524tvf-10-mm","11":"pa_32333_od524tvf-127-mm","12":"pa_32333_od524tvf-fuldt-saet","13":"desktop-align-left","14":"tablet-align-left","15":"mobile-align-left","17":"first","18":"instock","19":"shipping-taxable","20":"purchasable","21":"product-type-variable"},"_links":{"self":[{"href":"https:\/\/ecostera.com\/dk\/wp-json\/wp\/v2\/product\/18535","targetHints":{"allow":["GET"]}}],"collection":[{"href":"https:\/\/ecostera.com\/dk\/wp-json\/wp\/v2\/product"}],"about":[{"href":"https:\/\/ecostera.com\/dk\/wp-json\/wp\/v2\/types\/product"}],"replies":[{"embeddable":true,"href":"https:\/\/ecostera.com\/dk\/wp-json\/wp\/v2\/comments?post=18535"}],"wp:featuredmedia":[{"embeddable":true,"href":"https:\/\/ecostera.com\/dk\/wp-json\/wp\/v2\/media\/18531"}],"wp:attachment":[{"href":"https:\/\/ecostera.com\/dk\/wp-json\/wp\/v2\/media?parent=18535"}],"wp:term":[{"taxonomy":"product_brand","embeddable":true,"href":"https:\/\/ecostera.com\/dk\/wp-json\/wp\/v2\/product_brand?post=18535"},{"taxonomy":"product_cat","embeddable":true,"href":"https:\/\/ecostera.com\/dk\/wp-json\/wp\/v2\/product_cat?post=18535"},{"taxonomy":"product_tag","embeddable":true,"href":"https:\/\/ecostera.com\/dk\/wp-json\/wp\/v2\/product_tag?post=18535"}],"curies":[{"name":"wp","href":"https:\/\/api.w.org\/{rel}","templated":true}]}}