{"id":18556,"date":"2025-09-18T12:01:30","date_gmt":"2025-09-18T09:01:30","guid":{"rendered":"https:\/\/ecostera.com\/dk\/product\/ai-fiskeblink\/"},"modified":"2025-09-18T12:01:30","modified_gmt":"2025-09-18T09:01:30","slug":"ai-fiskeblink","status":"publish","type":"product","link":"https:\/\/ecostera.com\/dk\/product\/ai-fiskeblink\/","title":{"rendered":"AI-fiskeblink"},"content":{"rendered":"<p style=\"text-align: center\"><strong>\ud83c\udfa3 Fang Smartere, Ikke H\u00e5rdere\u2014Med Det AI-Drevne Fiskeblink!<\/strong><\/p>\n<p style=\"text-align: center\">Dette genopladelige blink efterligner rigtige fiskebev\u00e6gelser og tiltr\u00e6kker bid som aldrig f\u00f8r. Den er designet til at bev\u00e6ge sig naturligt og blinke under vandet og er det ultimative v\u00e6rkt\u00f8j til at lande st\u00f8rre fisk med mindre indsats. Uanset om du er weekendfisker eller garvet professionel, opgraderer dette blink din grejboks med det samme.<\/p>\n<p><img decoding=\"async\" class=\"alignnone size-full wp-image-24727 aligncenter\" src=\"https:\/\/keluvo.com\/template\/wp-content\/uploads\/sites\/5\/2025\/06\/ezgif-2-4121499ab8.gif\" alt=\"\" \/><\/p>\n<h2 style=\"text-align: center\">\ud83c\udf1f Hovedfordele<\/h2>\n<p>\ud83d\udc1f Realistisk sv\u00f8mmebev\u00e6gelse giver uimodst\u00e5elig agn<\/p>\n<p>\ud83d\udca1 Indbygget blinkende lys til at tiltr\u00e6kke fisk i alle vande<\/p>\n<p>\ud83d\udd01 Bev\u00e6ger sig automatisk &#8211; ingen konstant oprulning n\u00f8dvendig<\/p>\n<p>\ud83d\udd0b USB-opladelig (oplader medf\u00f8lger)<\/p>\n<p>\ud83d\udee0\ufe0f Let at bruge &#8211; bare bind og kast<\/p>\n<p><img decoding=\"async\" class=\"alignnone size-full wp-image-24730 aligncenter\" src=\"https:\/\/keluvo.com\/template\/wp-content\/uploads\/sites\/5\/2025\/06\/7f3a9559-7d52-4fe1-b22b-3b4dd2a08411.jpg\" alt=\"\" \/><\/p>\n<h2 style=\"text-align: center\">\u2705 S\u00e5dan Bruges<\/h2>\n<ol>\n<li>Lad agnen helt op ved hj\u00e6lp af det medf\u00f8lgende kabel.<\/li>\n<li>Se den sv\u00f8mme af sig selv, og vent p\u00e5 biddet!<\/li>\n<\/ol>\n<p><img decoding=\"async\" class=\"alignnone size-full wp-image-24731 aligncenter\" src=\"https:\/\/keluvo.com\/template\/wp-content\/uploads\/sites\/5\/2025\/06\/lure-Robotic-Swimming-Lure-USB-Rechargeable-LED-Light-Multi-Jointed-Swimbait-Inteli-Self-Propelling-Electric-Fishing.jpg_-1024x1024-1.jpg\" alt=\"\" \/><\/p>\n<h2 style=\"text-align: center\">\ud83d\udce6 Produktdetaljer<\/h2>\n<ul>\n<li>L\u00e6ngde: 12,5 cm<\/li>\n<li>Dybde: dykker ca. 2,5 m<\/li>\n<li>Inkluderer: AI-blink, USB-opladerkabel og ekstra tilbeh\u00f8r<\/li>\n<\/ul>\n<h2 style=\"text-align: center\">\ud83d\udcec Pakken Indeholder<\/h2>\n<ul>\n<li>1x fiskeblink<\/li>\n<li>1x USB-oplader<\/li>\n<li>1x krog + spinner-s\u00e6t.<\/li>\n<\/ul>\n","protected":false},"excerpt":{"rendered":"<p>\ud83c\udfa3 Fang Smartere, Ikke H\u00e5rdere\u2014Med Det AI-Drevne Fiskeblink! Dette genopladelige blink efterligner rigtige fiskebev\u00e6gelser og tiltr\u00e6kker bid som aldrig f\u00f8r. [&hellip;]<\/p>\n","protected":false},"featured_media":18552,"comment_status":"open","ping_status":"closed","template":"","meta":{"site-sidebar-layout":"default","site-content-layout":"","ast-site-content-layout":"default","site-content-style":"default","site-sidebar-style":"default","ast-global-header-display":"","ast-banner-title-visibility":"","ast-main-header-display":"","ast-hfb-above-header-display":"","ast-hfb-below-header-display":"","ast-hfb-mobile-header-display":"","site-post-title":"","ast-breadcrumbs-content":"","ast-featured-img":"","footer-sml-layout":"","theme-transparent-header-meta":"default","adv-header-id-meta":"","stick-header-meta":"","header-above-stick-meta":"","header-main-stick-meta":"","header-below-stick-meta":"","astra-migrate-meta-layouts":"set","ast-page-background-enabled":"default","ast-page-background-meta":{"desktop":{"background-color":"var(--ast-global-color-5)","background-image":"","background-repeat":"repeat","background-position":"center center","background-size":"auto","background-attachment":"scroll","background-type":"","background-media":"","overlay-type":"","overlay-color":"","overlay-opacity":"","overlay-gradient":""},"tablet":{"background-color":"","background-image":"","background-repeat":"repeat","background-position":"center center","background-size":"auto","background-attachment":"scroll","background-type":"","background-media":"","overlay-type":"","overlay-color":"","overlay-opacity":"","overlay-gradient":""},"mobile":{"background-color":"","background-image":"","background-repeat":"repeat","background-position":"center center","background-size":"auto","background-attachment":"scroll","background-type":"","background-media":"","overlay-type":"","overlay-color":"","overlay-opacity":"","overlay-gradient":""}},"ast-content-background-meta":{"desktop":{"background-color":"var(--ast-global-color-4)","background-image":"","background-repeat":"repeat","background-position":"center center","background-size":"auto","background-attachment":"scroll","background-type":"","background-media":"","overlay-type":"","overlay-color":"","overlay-opacity":"","overlay-gradient":""},"tablet":{"background-color":"var(--ast-global-color-4)","background-image":"","background-repeat":"repeat","background-position":"center center","background-size":"auto","background-attachment":"scroll","background-type":"","background-media":"","overlay-type":"","overlay-color":"","overlay-opacity":"","overlay-gradient":""},"mobile":{"background-color":"var(--ast-global-color-4)","background-image":"","background-repeat":"repeat","background-position":"center center","background-size":"auto","background-attachment":"scroll","background-type":"","background-media":"","overlay-type":"","overlay-color":"","overlay-opacity":"","overlay-gradient":""}}},"product_brand":[],"product_cat":[19],"product_tag":[],"class_list":{"0":"post-18556","1":"product","2":"type-product","3":"status-publish","4":"has-post-thumbnail","6":"product_cat-uncategorized","7":"desktop-align-left","8":"tablet-align-left","9":"mobile-align-left","11":"first","12":"instock","13":"shipping-taxable","14":"purchasable","15":"product-type-simple"},"_links":{"self":[{"href":"https:\/\/ecostera.com\/dk\/wp-json\/wp\/v2\/product\/18556","targetHints":{"allow":["GET"]}}],"collection":[{"href":"https:\/\/ecostera.com\/dk\/wp-json\/wp\/v2\/product"}],"about":[{"href":"https:\/\/ecostera.com\/dk\/wp-json\/wp\/v2\/types\/product"}],"replies":[{"embeddable":true,"href":"https:\/\/ecostera.com\/dk\/wp-json\/wp\/v2\/comments?post=18556"}],"wp:featuredmedia":[{"embeddable":true,"href":"https:\/\/ecostera.com\/dk\/wp-json\/wp\/v2\/media\/18552"}],"wp:attachment":[{"href":"https:\/\/ecostera.com\/dk\/wp-json\/wp\/v2\/media?parent=18556"}],"wp:term":[{"taxonomy":"product_brand","embeddable":true,"href":"https:\/\/ecostera.com\/dk\/wp-json\/wp\/v2\/product_brand?post=18556"},{"taxonomy":"product_cat","embeddable":true,"href":"https:\/\/ecostera.com\/dk\/wp-json\/wp\/v2\/product_cat?post=18556"},{"taxonomy":"product_tag","embeddable":true,"href":"https:\/\/ecostera.com\/dk\/wp-json\/wp\/v2\/product_tag?post=18556"}],"curies":[{"name":"wp","href":"https:\/\/api.w.org\/{rel}","templated":true}]}}