{"id":18582,"date":"2025-09-18T12:04:51","date_gmt":"2025-09-18T09:04:51","guid":{"rendered":"https:\/\/ecostera.com\/dk\/product\/briller\/"},"modified":"2025-09-18T12:05:24","modified_gmt":"2025-09-18T09:05:24","slug":"briller","status":"publish","type":"product","link":"https:\/\/ecostera.com\/dk\/product\/briller\/","title":{"rendered":"Briller"},"content":{"rendered":"<p style=\"text-align: center\"><strong>Beskyt Dine \u00d8jne Og Se Klart &#8211; N\u00e5r Som Helst Og Hvor Som Helst! \ud83d\udc53<\/strong><\/p>\n<p style=\"text-align: center\">Disse briller mod bl\u00e5t lys er designet til at reducere belastningen af \u00f8jnene, forbedre fokus og holde dit syn klart, uanset om du k\u00f8rer bil, l\u00e6ser eller bruger din telefon. De er lavet med importerede linser og smart zoom-teknologi og er perfekte til alle, der bruger mange timer p\u00e5 sk\u00e6rme eller bag rattet.<\/p>\n<p><img fetchpriority=\"high\" decoding=\"async\" class=\"alignnone wp-image-24751 aligncenter\" src=\"https:\/\/keluvo.com\/template\/wp-content\/uploads\/sites\/5\/2025\/06\/4e8724fb-74d0-431f-aad0-9bccd3e59144.gif\" alt=\"\" width=\"498\" height=\"332\" \/><\/p>\n<h2 style=\"text-align: center\">Hovedfordele \ud83c\udf1f<\/h2>\n<p>\ud83d\udc41\ufe0f\u200d\ud83d\udde8\ufe0f Filtrerer skadeligt bl\u00e5t lys<\/p>\n<p>\ud83d\ude98 Forbedrer k\u00f8reklarheden, is\u00e6r om natten<\/p>\n<p>\ud83d\udcf1 Reducerer sk\u00e6rmtr\u00e6thed ved brug af telefon og tablet<\/p>\n<p>\ud83d\udcda Perfekt til l\u00e6sning uden at knibe \u00f8jnene sammen<\/p>\n<p>\ud83d\udcaa Brudsikker og ultra-durable<\/p>\n<p>\ud83c\udde9\ud83c\uddea Tysk steldesign + japanske linser<\/p>\n<p><img decoding=\"async\" class=\" wp-image-24752 aligncenter\" src=\"https:\/\/keluvo.com\/template\/wp-content\/uploads\/sites\/5\/2025\/06\/44ccd234-2e7b-4d56-89d3-2b06f2789af5.gif\" alt=\"\" width=\"500\" height=\"281\" \/><\/p>\n<h2 style=\"text-align: center\">S\u00e5dan Bruges \ud83d\udee0\ufe0f<\/h2>\n<ol>\n<li>Put dem p\u00e5 ligesom almindelige briller.<\/li>\n<li>Brug dem, mens du k\u00f8rer, l\u00e6ser eller bruger enheder.<\/li>\n<li>Nyd klarere syn og mindre belastning af \u00f8jnene med det samme.<\/li>\n<\/ol>\n<p><img decoding=\"async\" class=\"alignnone wp-image-24753 aligncenter\" src=\"https:\/\/keluvo.com\/template\/wp-content\/uploads\/sites\/5\/2025\/06\/997816d5-e9f4-45fe-b2ba-66b319d58cdf.gif\" alt=\"\" width=\"500\" height=\"500\" \/><\/p>\n<h2 style=\"text-align: center\">Produktdetaljer \ud83d\udce6<\/h2>\n<ul>\n<li>Stel: Let, fleksibel og stilfuld<\/li>\n<li>Linser: Anti-bl\u00e5t lys-bel\u00e6gning, zoom-funktionalitet<\/li>\n<li>Unisex-design til m\u00e6nd og kvinder<\/li>\n<li>Slagfast og bygget til at holde<\/li>\n<\/ul>\n<h2 style=\"text-align: center\">Pakken Indeholder \ud83c\udf81<\/h2>\n<ul>\n<li>1 x anti-bl\u00e5t lys-l\u00e6sebriller<\/li>\n<li>Beskyttende b\u00e6retaske<\/li>\n<\/ul>\n","protected":false},"excerpt":{"rendered":"<p>Beskyt Dine \u00d8jne Og Se Klart &#8211; N\u00e5r Som Helst Og Hvor Som Helst! \ud83d\udc53 Disse briller mod bl\u00e5t lys [&hellip;]<\/p>\n","protected":false},"featured_media":18579,"comment_status":"open","ping_status":"closed","template":"","meta":{"site-sidebar-layout":"default","site-content-layout":"","ast-site-content-layout":"default","site-content-style":"default","site-sidebar-style":"default","ast-global-header-display":"","ast-banner-title-visibility":"","ast-main-header-display":"","ast-hfb-above-header-display":"","ast-hfb-below-header-display":"","ast-hfb-mobile-header-display":"","site-post-title":"","ast-breadcrumbs-content":"","ast-featured-img":"","footer-sml-layout":"","theme-transparent-header-meta":"default","adv-header-id-meta":"","stick-header-meta":"","header-above-stick-meta":"","header-main-stick-meta":"","header-below-stick-meta":"","astra-migrate-meta-layouts":"set","ast-page-background-enabled":"default","ast-page-background-meta":{"desktop":{"background-color":"var(--ast-global-color-5)","background-image":"","background-repeat":"repeat","background-position":"center center","background-size":"auto","background-attachment":"scroll","background-type":"","background-media":"","overlay-type":"","overlay-color":"","overlay-opacity":"","overlay-gradient":""},"tablet":{"background-color":"","background-image":"","background-repeat":"repeat","background-position":"center center","background-size":"auto","background-attachment":"scroll","background-type":"","background-media":"","overlay-type":"","overlay-color":"","overlay-opacity":"","overlay-gradient":""},"mobile":{"background-color":"","background-image":"","background-repeat":"repeat","background-position":"center center","background-size":"auto","background-attachment":"scroll","background-type":"","background-media":"","overlay-type":"","overlay-color":"","overlay-opacity":"","overlay-gradient":""}},"ast-content-background-meta":{"desktop":{"background-color":"var(--ast-global-color-4)","background-image":"","background-repeat":"repeat","background-position":"center center","background-size":"auto","background-attachment":"scroll","background-type":"","background-media":"","overlay-type":"","overlay-color":"","overlay-opacity":"","overlay-gradient":""},"tablet":{"background-color":"var(--ast-global-color-4)","background-image":"","background-repeat":"repeat","background-position":"center center","background-size":"auto","background-attachment":"scroll","background-type":"","background-media":"","overlay-type":"","overlay-color":"","overlay-opacity":"","overlay-gradient":""},"mobile":{"background-color":"var(--ast-global-color-4)","background-image":"","background-repeat":"repeat","background-position":"center center","background-size":"auto","background-attachment":"scroll","background-type":"","background-media":"","overlay-type":"","overlay-color":"","overlay-opacity":"","overlay-gradient":""}}},"product_brand":[],"product_cat":[19],"product_tag":[],"class_list":{"0":"post-18582","1":"product","2":"type-product","3":"status-publish","4":"has-post-thumbnail","6":"product_cat-uncategorized","7":"pa_29747_9slchwx0-2789","8":"pa_29747_9slchwx0-2790","9":"pa_29747_9slchwx0-2791","10":"pa_29747_9slchwx0-2792","11":"pa_29747_9slchwx0-2793","12":"pa_29747_9slchwx0-2794","13":"pa_29747_9slchwx0-2795","14":"desktop-align-left","15":"tablet-align-left","16":"mobile-align-left","18":"first","19":"instock","20":"shipping-taxable","21":"purchasable","22":"product-type-variable"},"_links":{"self":[{"href":"https:\/\/ecostera.com\/dk\/wp-json\/wp\/v2\/product\/18582","targetHints":{"allow":["GET"]}}],"collection":[{"href":"https:\/\/ecostera.com\/dk\/wp-json\/wp\/v2\/product"}],"about":[{"href":"https:\/\/ecostera.com\/dk\/wp-json\/wp\/v2\/types\/product"}],"replies":[{"embeddable":true,"href":"https:\/\/ecostera.com\/dk\/wp-json\/wp\/v2\/comments?post=18582"}],"wp:featuredmedia":[{"embeddable":true,"href":"https:\/\/ecostera.com\/dk\/wp-json\/wp\/v2\/media\/18579"}],"wp:attachment":[{"href":"https:\/\/ecostera.com\/dk\/wp-json\/wp\/v2\/media?parent=18582"}],"wp:term":[{"taxonomy":"product_brand","embeddable":true,"href":"https:\/\/ecostera.com\/dk\/wp-json\/wp\/v2\/product_brand?post=18582"},{"taxonomy":"product_cat","embeddable":true,"href":"https:\/\/ecostera.com\/dk\/wp-json\/wp\/v2\/product_cat?post=18582"},{"taxonomy":"product_tag","embeddable":true,"href":"https:\/\/ecostera.com\/dk\/wp-json\/wp\/v2\/product_tag?post=18582"}],"curies":[{"name":"wp","href":"https:\/\/api.w.org\/{rel}","templated":true}]}}