{"id":18618,"date":"2025-09-18T12:09:09","date_gmt":"2025-09-18T09:09:09","guid":{"rendered":"https:\/\/ecostera.com\/dk\/product\/skohorn\/"},"modified":"2025-09-18T13:44:48","modified_gmt":"2025-09-18T10:44:48","slug":"skohorn","status":"publish","type":"product","link":"https:\/\/ecostera.com\/dk\/product\/skohorn\/","title":{"rendered":"Skohorn"},"content":{"rendered":"<p style=\"text-align: center\"><strong>Glid ned i dine sko uden at anstrenge dig! \ud83d\udc5f\ud83d\ude4c<\/strong><\/p>\n<p style=\"text-align: center\">Denne praktiske skohj\u00e6lper g\u00f8r det hurtigere, nemmere og smertefrit at tage sko p\u00e5 &#8211; uden at skulle b\u00f8je, tr\u00e6kke eller k\u00e6mpe. Den er perfekt til b\u00f8rn, \u00e6ldre, gravide eller alle med begr\u00e6nset mobilitet.<\/p>\n<p><img fetchpriority=\"high\" decoding=\"async\" class=\"alignnone size-full wp-image-24792 aligncenter\" src=\"https:\/\/keluvo.com\/template\/wp-content\/uploads\/sites\/5\/2025\/06\/922a3bd6-2cf7-42ed-9eb3-5b796ebb2e3a.webp\" alt=\"\" width=\"800\" height=\"800\" \/><\/p>\n<h2 style=\"text-align: center\">Vigtigste Fordele \ud83d\udc4d<\/h2>\n<p>\ud83d\udc63 Hj\u00e6lper dig med at f\u00e5 sko p\u00e5 uden at b\u00f8je dig<\/p>\n<p>\ud83e\uddd2 Perfekt til b\u00f8rn, \u00e6ldre og personer med ryg- eller benproblemer<\/p>\n<p>\ud83d\udd27 One-size-fits-all og fungerer med alle skotyper<\/p>\n<p>\ud83e\uddfc Nem at bruge, reng\u00f8re og opbevare<\/p>\n<p>\ud83c\udfa8 F\u00e5s i sjove farver til hele familien<\/p>\n<p><img decoding=\"async\" class=\"alignnone size-full wp-image-24791 aligncenter\" src=\"https:\/\/keluvo.com\/template\/wp-content\/uploads\/sites\/5\/2025\/06\/edc14fe3-eb28-4b42-a184-0b3bfd6b951b.webp\" alt=\"\" width=\"800\" height=\"800\" \/><\/p>\n<h2 style=\"text-align: center\">S\u00e5dan Bruges Den \ud83e\ude9b<\/h2>\n<ol>\n<li>Placer skohj\u00e6lperen bag p\u00e5 din sko.<\/li>\n<li>Skub din fod ind, mens hj\u00e6lperen holder skoen \u00e5ben.<\/li>\n<li>Din sko er p\u00e5 plads p\u00e5 f\u00e5 sekunder!<\/li>\n<\/ol>\n<p><img decoding=\"async\" class=\"alignnone size-full wp-image-24790 aligncenter\" src=\"https:\/\/keluvo.com\/template\/wp-content\/uploads\/sites\/5\/2025\/06\/6d9009f9-5f05-4ba3-9f01-5a1f8a73429b.webp\" alt=\"\" width=\"800\" height=\"800\" \/><\/p>\n<h2 style=\"text-align: center\">Produktdetaljer \ud83d\udccb<\/h2>\n<ul>\n<li>Materiale: holdbar PP-plast<\/li>\n<li>St\u00f8rrelse: 17 \u00d7 5 \u00d7 2,5 cm<\/li>\n<li>Let og nem at b\u00e6re<\/li>\n<\/ul>\n<h2 style=\"text-align: center\">Pakken Indeholder \ud83d\udce6<\/h2>\n<ul>\n<li>1, 3x par skohj\u00e6lpere.<\/li>\n<\/ul>\n","protected":false},"excerpt":{"rendered":"<p>Glid ned i dine sko uden at anstrenge dig! \ud83d\udc5f\ud83d\ude4c Denne praktiske skohj\u00e6lper g\u00f8r det hurtigere, nemmere og smertefrit at [&hellip;]<\/p>\n","protected":false},"featured_media":18614,"comment_status":"open","ping_status":"closed","template":"","meta":{"site-sidebar-layout":"default","site-content-layout":"","ast-site-content-layout":"default","site-content-style":"default","site-sidebar-style":"default","ast-global-header-display":"","ast-banner-title-visibility":"","ast-main-header-display":"","ast-hfb-above-header-display":"","ast-hfb-below-header-display":"","ast-hfb-mobile-header-display":"","site-post-title":"","ast-breadcrumbs-content":"","ast-featured-img":"","footer-sml-layout":"","theme-transparent-header-meta":"default","adv-header-id-meta":"","stick-header-meta":"","header-above-stick-meta":"","header-main-stick-meta":"","header-below-stick-meta":"","astra-migrate-meta-layouts":"set","ast-page-background-enabled":"default","ast-page-background-meta":{"desktop":{"background-color":"var(--ast-global-color-5)","background-image":"","background-repeat":"repeat","background-position":"center center","background-size":"auto","background-attachment":"scroll","background-type":"","background-media":"","overlay-type":"","overlay-color":"","overlay-opacity":"","overlay-gradient":""},"tablet":{"background-color":"","background-image":"","background-repeat":"repeat","background-position":"center center","background-size":"auto","background-attachment":"scroll","background-type":"","background-media":"","overlay-type":"","overlay-color":"","overlay-opacity":"","overlay-gradient":""},"mobile":{"background-color":"","background-image":"","background-repeat":"repeat","background-position":"center center","background-size":"auto","background-attachment":"scroll","background-type":"","background-media":"","overlay-type":"","overlay-color":"","overlay-opacity":"","overlay-gradient":""}},"ast-content-background-meta":{"desktop":{"background-color":"var(--ast-global-color-4)","background-image":"","background-repeat":"repeat","background-position":"center center","background-size":"auto","background-attachment":"scroll","background-type":"","background-media":"","overlay-type":"","overlay-color":"","overlay-opacity":"","overlay-gradient":""},"tablet":{"background-color":"var(--ast-global-color-4)","background-image":"","background-repeat":"repeat","background-position":"center center","background-size":"auto","background-attachment":"scroll","background-type":"","background-media":"","overlay-type":"","overlay-color":"","overlay-opacity":"","overlay-gradient":""},"mobile":{"background-color":"var(--ast-global-color-4)","background-image":"","background-repeat":"repeat","background-position":"center center","background-size":"auto","background-attachment":"scroll","background-type":"","background-media":"","overlay-type":"","overlay-color":"","overlay-opacity":"","overlay-gradient":""}}},"product_brand":[],"product_cat":[19],"product_tag":[],"class_list":{"0":"post-18618","1":"product","2":"type-product","3":"status-publish","4":"has-post-thumbnail","6":"product_cat-uncategorized","7":"pa_18800_1vrhidbd-1-par","8":"pa_18800_1vrhidbd-3-par","9":"pa_18800_4l5d1vw6-blaa","10":"pa_18800_4l5d1vw6-graa","11":"pa_18800_4l5d1vw6-hvid","12":"pa_18800_4l5d1vw6-roed","13":"desktop-align-left","14":"tablet-align-left","15":"mobile-align-left","17":"first","18":"instock","19":"shipping-taxable","20":"purchasable","21":"product-type-variable","22":"has-default-attributes"},"_links":{"self":[{"href":"https:\/\/ecostera.com\/dk\/wp-json\/wp\/v2\/product\/18618","targetHints":{"allow":["GET"]}}],"collection":[{"href":"https:\/\/ecostera.com\/dk\/wp-json\/wp\/v2\/product"}],"about":[{"href":"https:\/\/ecostera.com\/dk\/wp-json\/wp\/v2\/types\/product"}],"replies":[{"embeddable":true,"href":"https:\/\/ecostera.com\/dk\/wp-json\/wp\/v2\/comments?post=18618"}],"wp:featuredmedia":[{"embeddable":true,"href":"https:\/\/ecostera.com\/dk\/wp-json\/wp\/v2\/media\/18614"}],"wp:attachment":[{"href":"https:\/\/ecostera.com\/dk\/wp-json\/wp\/v2\/media?parent=18618"}],"wp:term":[{"taxonomy":"product_brand","embeddable":true,"href":"https:\/\/ecostera.com\/dk\/wp-json\/wp\/v2\/product_brand?post=18618"},{"taxonomy":"product_cat","embeddable":true,"href":"https:\/\/ecostera.com\/dk\/wp-json\/wp\/v2\/product_cat?post=18618"},{"taxonomy":"product_tag","embeddable":true,"href":"https:\/\/ecostera.com\/dk\/wp-json\/wp\/v2\/product_tag?post=18618"}],"curies":[{"name":"wp","href":"https:\/\/api.w.org\/{rel}","templated":true}]}}