{"id":18797,"date":"2025-09-18T12:25:27","date_gmt":"2025-09-18T09:25:27","guid":{"rendered":"https:\/\/ecostera.com\/dk\/product\/vinkelmaaler\/"},"modified":"2025-09-30T11:05:34","modified_gmt":"2025-09-30T08:05:34","slug":"vinkelmaaler","status":"publish","type":"product","link":"https:\/\/ecostera.com\/dk\/product\/vinkelmaaler\/","title":{"rendered":"Vinkelm\u00e5ler"},"content":{"rendered":"<p style=\"text-align: center\" data-start=\"135\" data-end=\"430\"><strong data-start=\"135\" data-end=\"196\">M\u00e5l vinkler og l\u00e6ngder &#8211; hurtigt, nemt og pr\u00e6cist! \ud83d\udcd0\ud83d\udd22<\/strong><\/p>\n<p style=\"text-align: center\" data-start=\"135\" data-end=\"430\">Denne vinkelm\u00e5ler hj\u00e6lper dig med at m\u00e5le vinkler op til 360\u00b0 med stor pr\u00e6cision. Uanset om du er g\u00f8r-det-selv-mand, t\u00f8mrer eller h\u00e5ndv\u00e6rker, er det det perfekte v\u00e6rkt\u00f8j til at sk\u00e6re, markere eller installere alt med den rigtige vinkel.<\/p>\n<p data-start=\"135\" data-end=\"430\"><img decoding=\"async\" class=\"size-full wp-image-24944 aligncenter\" src=\"https:\/\/keluvo.com\/template\/wp-content\/uploads\/sites\/5\/2025\/06\/06245-ezgif.com-video-to-webp-converter.webp\" alt=\"\" \/><\/p>\n<h2 style=\"text-align: center\" data-start=\"437\" data-end=\"459\">Vigtigste Fordele \ud83d\udca1<\/h2>\n<p data-start=\"462\" data-end=\"513\">\ud83d\udd0e Digital LCD-sk\u00e6rm viser den n\u00f8jagtige vinkel med det samme<\/p>\n<p data-start=\"516\" data-end=\"553\">\ud83d\udccf M\u00e5ler b\u00e5de vinkler og l\u00e6ngder<\/p>\n<p data-start=\"556\" data-end=\"597\">\ud83d\udd04 Roterer 360\u00b0 for maksimal flexibility<\/p>\n<p data-start=\"600\" data-end=\"656\">\u2699\ufe0f Rustfrit st\u00e5l for holdbarhed og glat operation<\/p>\n<p data-start=\"659\" data-end=\"716\">\ud83d\udee0\ufe0f Ideel til tr\u00e6arbejde, reparationer i hjemmet og pr\u00e6cise layouts<\/p>\n<p data-start=\"659\" data-end=\"716\"><img decoding=\"async\" class=\"size-full wp-image-24945 aligncenter\" src=\"https:\/\/keluvo.com\/template\/wp-content\/uploads\/sites\/5\/2025\/06\/Ruler-lifestyleuse-1280x1280-1.jpg\" alt=\"\" \/><\/p>\n<h2 style=\"text-align: center\" data-start=\"723\" data-end=\"742\">S\u00e5dan Bruges Den \ud83e\uddf0<\/h2>\n<ol data-start=\"743\" data-end=\"930\">\n<li data-start=\"743\" data-end=\"788\">\n<p data-start=\"746\" data-end=\"788\">T\u00e6nd for displayet med en enkelt knap.<\/p>\n<\/li>\n<li data-start=\"789\" data-end=\"837\">\n<p data-start=\"792\" data-end=\"837\">Juster linealarmene til den \u00f8nskede vinkel.<\/p>\n<\/li>\n<li data-start=\"838\" data-end=\"879\">\n<p data-start=\"841\" data-end=\"879\">Afl\u00e6s vinklen p\u00e5 den digitale sk\u00e6rm.<\/p>\n<\/li>\n<li data-start=\"880\" data-end=\"930\">\n<p data-start=\"883\" data-end=\"930\">L\u00e5s vinklen, hvis det er n\u00f8dvendigt, og mark\u00e9r dit materiale<\/p>\n<\/li>\n<\/ol>\n<h2 style=\"text-align: center\" data-start=\"937\" data-end=\"961\">Produktdetaljer \ud83d\udccb<\/h2>\n<ul data-start=\"962\" data-end=\"1132\">\n<li data-start=\"962\" data-end=\"1005\">\n<p data-start=\"964\" data-end=\"1005\">M\u00e5ler op til 360\u00b0 og 27 cm i l\u00e6ngden<\/p>\n<\/li>\n<li data-start=\"1006\" data-end=\"1053\">\n<p data-start=\"1008\" data-end=\"1053\">Digital sk\u00e6rm for klare og nemme afl\u00e6sninger<\/p>\n<\/li>\n<li data-start=\"1054\" data-end=\"1096\">\n<p data-start=\"1056\" data-end=\"1096\">Lavet af rustfrit st\u00e5l i h\u00f8j kvalitet<\/p>\n<\/li>\n<li data-start=\"1097\" data-end=\"1132\">\n<p data-start=\"1099\" data-end=\"1132\">Inkluderer hold- og nulstillingsfunktioner<\/p>\n<\/li>\n<\/ul>\n<h2 style=\"text-align: center\" data-start=\"1139\" data-end=\"1164\">Pakken Indeholder \ud83d\udce6<\/h2>\n<ul data-start=\"1165\" data-end=\"1220\">\n<li data-start=\"1165\" data-end=\"1196\">\n<p data-start=\"1167\" data-end=\"1196\">1x vinkelm\u00e5ler<\/p>\n<\/li>\n<li data-start=\"1197\" data-end=\"1220\">\n<p data-start=\"1199\" data-end=\"1220\">1x brugsanvisning.<\/p>\n<\/li>\n<\/ul>\n","protected":false},"excerpt":{"rendered":"<p>M\u00e5l vinkler og l\u00e6ngder &#8211; hurtigt, nemt og pr\u00e6cist! \ud83d\udcd0\ud83d\udd22 Denne vinkelm\u00e5ler hj\u00e6lper dig med at m\u00e5le vinkler op til [&hellip;]<\/p>\n","protected":false},"featured_media":18793,"comment_status":"open","ping_status":"closed","template":"","meta":{"site-sidebar-layout":"default","site-content-layout":"","ast-site-content-layout":"default","site-content-style":"default","site-sidebar-style":"default","ast-global-header-display":"","ast-banner-title-visibility":"","ast-main-header-display":"","ast-hfb-above-header-display":"","ast-hfb-below-header-display":"","ast-hfb-mobile-header-display":"","site-post-title":"","ast-breadcrumbs-content":"","ast-featured-img":"","footer-sml-layout":"","theme-transparent-header-meta":"default","adv-header-id-meta":"","stick-header-meta":"","header-above-stick-meta":"","header-main-stick-meta":"","header-below-stick-meta":"","astra-migrate-meta-layouts":"set","ast-page-background-enabled":"default","ast-page-background-meta":{"desktop":{"background-color":"var(--ast-global-color-5)","background-image":"","background-repeat":"repeat","background-position":"center center","background-size":"auto","background-attachment":"scroll","background-type":"","background-media":"","overlay-type":"","overlay-color":"","overlay-opacity":"","overlay-gradient":""},"tablet":{"background-color":"","background-image":"","background-repeat":"repeat","background-position":"center center","background-size":"auto","background-attachment":"scroll","background-type":"","background-media":"","overlay-type":"","overlay-color":"","overlay-opacity":"","overlay-gradient":""},"mobile":{"background-color":"","background-image":"","background-repeat":"repeat","background-position":"center center","background-size":"auto","background-attachment":"scroll","background-type":"","background-media":"","overlay-type":"","overlay-color":"","overlay-opacity":"","overlay-gradient":""}},"ast-content-background-meta":{"desktop":{"background-color":"var(--ast-global-color-4)","background-image":"","background-repeat":"repeat","background-position":"center center","background-size":"auto","background-attachment":"scroll","background-type":"","background-media":"","overlay-type":"","overlay-color":"","overlay-opacity":"","overlay-gradient":""},"tablet":{"background-color":"var(--ast-global-color-4)","background-image":"","background-repeat":"repeat","background-position":"center center","background-size":"auto","background-attachment":"scroll","background-type":"","background-media":"","overlay-type":"","overlay-color":"","overlay-opacity":"","overlay-gradient":""},"mobile":{"background-color":"var(--ast-global-color-4)","background-image":"","background-repeat":"repeat","background-position":"center center","background-size":"auto","background-attachment":"scroll","background-type":"","background-media":"","overlay-type":"","overlay-color":"","overlay-opacity":"","overlay-gradient":""}}},"product_brand":[],"product_cat":[19],"product_tag":[],"class_list":{"0":"post-18797","1":"product","2":"type-product","3":"status-publish","4":"has-post-thumbnail","6":"product_cat-uncategorized","7":"pa_41730_2oivzr8u-0-200-mm","8":"pa_41730_2oivzr8u-0-300-mm","9":"desktop-align-left","10":"tablet-align-left","11":"mobile-align-left","13":"first","14":"instock","15":"shipping-taxable","16":"purchasable","17":"product-type-variable"},"_links":{"self":[{"href":"https:\/\/ecostera.com\/dk\/wp-json\/wp\/v2\/product\/18797","targetHints":{"allow":["GET"]}}],"collection":[{"href":"https:\/\/ecostera.com\/dk\/wp-json\/wp\/v2\/product"}],"about":[{"href":"https:\/\/ecostera.com\/dk\/wp-json\/wp\/v2\/types\/product"}],"replies":[{"embeddable":true,"href":"https:\/\/ecostera.com\/dk\/wp-json\/wp\/v2\/comments?post=18797"}],"wp:featuredmedia":[{"embeddable":true,"href":"https:\/\/ecostera.com\/dk\/wp-json\/wp\/v2\/media\/18793"}],"wp:attachment":[{"href":"https:\/\/ecostera.com\/dk\/wp-json\/wp\/v2\/media?parent=18797"}],"wp:term":[{"taxonomy":"product_brand","embeddable":true,"href":"https:\/\/ecostera.com\/dk\/wp-json\/wp\/v2\/product_brand?post=18797"},{"taxonomy":"product_cat","embeddable":true,"href":"https:\/\/ecostera.com\/dk\/wp-json\/wp\/v2\/product_cat?post=18797"},{"taxonomy":"product_tag","embeddable":true,"href":"https:\/\/ecostera.com\/dk\/wp-json\/wp\/v2\/product_tag?post=18797"}],"curies":[{"name":"wp","href":"https:\/\/api.w.org\/{rel}","templated":true}]}}