{"id":18811,"date":"2025-09-18T12:26:42","date_gmt":"2025-09-18T09:26:42","guid":{"rendered":"https:\/\/ecostera.com\/dk\/product\/borelokalisering\/"},"modified":"2025-09-18T12:26:55","modified_gmt":"2025-09-18T09:26:55","slug":"borelokalisering","status":"publish","type":"product","link":"https:\/\/ecostera.com\/dk\/product\/borelokalisering\/","title":{"rendered":"Borelokalisering"},"content":{"rendered":"<p style=\"text-align: center\" data-start=\"131\" data-end=\"196\"><strong>Bor Perfekte Huller Hver Gang Med Dette Brugervenlige Lokaliseringsv\u00e6rkt\u00f8j!<\/strong><\/p>\n<p style=\"text-align: center\" data-start=\"198\" data-end=\"420\">Dette s\u00e6t med pr\u00e6cisionsbor er det bedste v\u00e6rkt\u00f8j til at lave rene, pr\u00e6cise huller i tr\u00e6. Uanset om du monterer h\u00e5ndtag, skjuler skruer eller justerer br\u00e6dder, g\u00f8r det alle bore- og dyvelopgaver hurtige, p\u00e6ne og professionelle. Den er lavet af holdbart plast og metal og er bygget til at h\u00e5ndtere alle typer tr\u00e6bearbejdningsprojekter &#8211; perfekt til b\u00e5de g\u00f8r-det-selv-folk og professionelle.<\/p>\n<p data-start=\"198\" data-end=\"420\"><img decoding=\"async\" class=\"size-full wp-image-24955 aligncenter\" src=\"https:\/\/keluvo.com\/template\/wp-content\/uploads\/sites\/5\/2025\/06\/06246-ezgif.com-video-to-webp-converter.webp\" alt=\"\" \/><\/p>\n<h2 style=\"text-align: center\" data-start=\"555\" data-end=\"577\">\ud83c\udf1f Vigtigste Fordele<\/h2>\n<p data-start=\"580\" data-end=\"667\">\ud83e\udeb5 <strong data-start=\"583\" data-end=\"612\">Perfekt Til Tr\u00e6projekter<\/strong> \u2013 Perfekt til boring, dyvling og placering af skruer.<\/p>\n<p data-start=\"670\" data-end=\"744\">\ud83c\udfaf <strong data-start=\"673\" data-end=\"702\">Pr\u00e6cis Hulpositionering<\/strong> \u2013 Hj\u00e6lper dig med at bore pr\u00e6cist hver gang.<\/p>\n<p data-start=\"747\" data-end=\"826\">\ud83d\udcaa <strong data-start=\"750\" data-end=\"767\">Holdbar Konstruktion<\/strong> \u2013 Lavet af slagfast plast og metal for lang levetid.<\/p>\n<p data-start=\"829\" data-end=\"909\">\ud83d\udd27 <strong data-start=\"832\" data-end=\"854\">Bred Kompatibilitet<\/strong> \u2013 Fungerer med forskellige tr\u00e6st\u00f8rrelser og projekttyper.<\/p>\n<p data-start=\"912\" data-end=\"989\">\ud83e\uddf0 <strong data-start=\"915\" data-end=\"939\">Brugervenligt Design<\/strong> \u2013 Let at s\u00e6tte op og betjene, selv for begyndere.<\/p>\n<p data-start=\"912\" data-end=\"989\"><img decoding=\"async\" class=\"size-full wp-image-24956 aligncenter\" src=\"https:\/\/keluvo.com\/template\/wp-content\/uploads\/sites\/5\/2025\/06\/87f22380-6ab6-441f-873d-c0957f8cb5c7.webp\" alt=\"\" \/><\/p>\n<h2 style=\"text-align: center\" data-start=\"996\" data-end=\"1015\">\ud83d\udd27 S\u00e5dan Bruges<\/h2>\n<ol data-start=\"1016\" data-end=\"1202\">\n<li data-start=\"1016\" data-end=\"1057\">\n<p data-start=\"1019\" data-end=\"1057\">Marker dit borested p\u00e5 tr\u00e6et.<\/p>\n<\/li>\n<li data-start=\"1058\" data-end=\"1114\">\n<p data-start=\"1061\" data-end=\"1114\">Placer borelokalisatoren over m\u00e6rket, og juster den.<\/p>\n<\/li>\n<li data-start=\"1115\" data-end=\"1164\">\n<p data-start=\"1118\" data-end=\"1164\">S\u00e6t den p\u00e5 plads, og bor gennem guiden.<\/p>\n<\/li>\n<li data-start=\"1165\" data-end=\"1202\">\n<p data-start=\"1168\" data-end=\"1202\">Gentag for at f\u00e5 ensartede, j\u00e6vne huller.<\/p>\n<\/li>\n<\/ol>\n<h2 style=\"text-align: center\" data-start=\"1209\" data-end=\"1233\">\ud83d\udccf Produktdetaljer<\/h2>\n<ul data-start=\"1234\" data-end=\"1461\">\n<li data-start=\"1234\" data-end=\"1288\">\n<p data-start=\"1236\" data-end=\"1288\"><strong data-start=\"1236\" data-end=\"1249\">Materiale:<\/strong> Genanvendelig plast med h\u00f8j slagfasthed + metal<\/p>\n<\/li>\n<li data-start=\"1289\" data-end=\"1315\">\n<p data-start=\"1291\" data-end=\"1315\"><strong data-start=\"1291\" data-end=\"1300\">St\u00f8rrelse:<\/strong> 9 x 6 x 4 cm<\/p>\n<\/li>\n<li data-start=\"1316\" data-end=\"1394\">\n<p data-start=\"1318\" data-end=\"1394\"><strong data-start=\"1318\" data-end=\"1331\">Funktion:<\/strong> Boring, dyvling, tild\u00e6kning af skruehuller, montering af h\u00e5ndtag<\/p>\n<\/li>\n<li data-start=\"1395\" data-end=\"1461\">\n<p data-start=\"1397\" data-end=\"1461\"><strong data-start=\"1397\" data-end=\"1413\">Kompetenceniveau:<\/strong> Velegnet til b\u00e5de begyndere og professionelle<\/p>\n<\/li>\n<\/ul>\n<h2 style=\"text-align: center\" data-start=\"1468\" data-end=\"1493\">\ud83d\udce6 Pakken Indeholder<\/h2>\n<ul data-start=\"1494\" data-end=\"1521\">\n<li data-start=\"1494\" data-end=\"1521\">\n<p data-start=\"1496\" data-end=\"1521\">1, 2 eller 4x borelokaliseringspar.<\/p>\n<\/li>\n<\/ul>\n","protected":false},"excerpt":{"rendered":"<p>Bor Perfekte Huller Hver Gang Med Dette Brugervenlige Lokaliseringsv\u00e6rkt\u00f8j! Dette s\u00e6t med pr\u00e6cisionsbor er det bedste v\u00e6rkt\u00f8j til at lave [&hellip;]<\/p>\n","protected":false},"featured_media":18807,"comment_status":"open","ping_status":"closed","template":"","meta":{"site-sidebar-layout":"default","site-content-layout":"","ast-site-content-layout":"default","site-content-style":"default","site-sidebar-style":"default","ast-global-header-display":"","ast-banner-title-visibility":"","ast-main-header-display":"","ast-hfb-above-header-display":"","ast-hfb-below-header-display":"","ast-hfb-mobile-header-display":"","site-post-title":"","ast-breadcrumbs-content":"","ast-featured-img":"","footer-sml-layout":"","theme-transparent-header-meta":"default","adv-header-id-meta":"","stick-header-meta":"","header-above-stick-meta":"","header-main-stick-meta":"","header-below-stick-meta":"","astra-migrate-meta-layouts":"set","ast-page-background-enabled":"default","ast-page-background-meta":{"desktop":{"background-color":"var(--ast-global-color-5)","background-image":"","background-repeat":"repeat","background-position":"center center","background-size":"auto","background-attachment":"scroll","background-type":"","background-media":"","overlay-type":"","overlay-color":"","overlay-opacity":"","overlay-gradient":""},"tablet":{"background-color":"","background-image":"","background-repeat":"repeat","background-position":"center center","background-size":"auto","background-attachment":"scroll","background-type":"","background-media":"","overlay-type":"","overlay-color":"","overlay-opacity":"","overlay-gradient":""},"mobile":{"background-color":"","background-image":"","background-repeat":"repeat","background-position":"center center","background-size":"auto","background-attachment":"scroll","background-type":"","background-media":"","overlay-type":"","overlay-color":"","overlay-opacity":"","overlay-gradient":""}},"ast-content-background-meta":{"desktop":{"background-color":"var(--ast-global-color-4)","background-image":"","background-repeat":"repeat","background-position":"center center","background-size":"auto","background-attachment":"scroll","background-type":"","background-media":"","overlay-type":"","overlay-color":"","overlay-opacity":"","overlay-gradient":""},"tablet":{"background-color":"var(--ast-global-color-4)","background-image":"","background-repeat":"repeat","background-position":"center center","background-size":"auto","background-attachment":"scroll","background-type":"","background-media":"","overlay-type":"","overlay-color":"","overlay-opacity":"","overlay-gradient":""},"mobile":{"background-color":"var(--ast-global-color-4)","background-image":"","background-repeat":"repeat","background-position":"center center","background-size":"auto","background-attachment":"scroll","background-type":"","background-media":"","overlay-type":"","overlay-color":"","overlay-opacity":"","overlay-gradient":""}}},"product_brand":[],"product_cat":[19],"product_tag":[],"class_list":{"0":"post-18811","1":"product","2":"type-product","3":"status-publish","4":"has-post-thumbnail","6":"product_cat-uncategorized","7":"pa_32121_kgj3wwx4-1-par","8":"pa_32121_kgj3wwx4-2-par","9":"pa_32121_kgj3wwx4-4-par","10":"desktop-align-left","11":"tablet-align-left","12":"mobile-align-left","14":"first","15":"instock","16":"shipping-taxable","17":"purchasable","18":"product-type-variable"},"_links":{"self":[{"href":"https:\/\/ecostera.com\/dk\/wp-json\/wp\/v2\/product\/18811","targetHints":{"allow":["GET"]}}],"collection":[{"href":"https:\/\/ecostera.com\/dk\/wp-json\/wp\/v2\/product"}],"about":[{"href":"https:\/\/ecostera.com\/dk\/wp-json\/wp\/v2\/types\/product"}],"replies":[{"embeddable":true,"href":"https:\/\/ecostera.com\/dk\/wp-json\/wp\/v2\/comments?post=18811"}],"wp:featuredmedia":[{"embeddable":true,"href":"https:\/\/ecostera.com\/dk\/wp-json\/wp\/v2\/media\/18807"}],"wp:attachment":[{"href":"https:\/\/ecostera.com\/dk\/wp-json\/wp\/v2\/media?parent=18811"}],"wp:term":[{"taxonomy":"product_brand","embeddable":true,"href":"https:\/\/ecostera.com\/dk\/wp-json\/wp\/v2\/product_brand?post=18811"},{"taxonomy":"product_cat","embeddable":true,"href":"https:\/\/ecostera.com\/dk\/wp-json\/wp\/v2\/product_cat?post=18811"},{"taxonomy":"product_tag","embeddable":true,"href":"https:\/\/ecostera.com\/dk\/wp-json\/wp\/v2\/product_tag?post=18811"}],"curies":[{"name":"wp","href":"https:\/\/api.w.org\/{rel}","templated":true}]}}