{"id":18954,"date":"2025-09-18T19:28:25","date_gmt":"2025-09-18T16:28:25","guid":{"rendered":"https:\/\/ecostera.com\/dk\/product\/solskaerm-til-bil-2\/"},"modified":"2025-09-18T19:28:46","modified_gmt":"2025-09-18T16:28:46","slug":"solskaerm-til-bil-2","status":"publish","type":"product","link":"https:\/\/ecostera.com\/dk\/product\/solskaerm-til-bil-2\/","title":{"rendered":"Solsk\u00e6rm til bil"},"content":{"rendered":"<p style=\"text-align: center\" data-start=\"0\" data-end=\"80\"><strong data-start=\"0\" data-end=\"80\">\ud83d\ude97Hold din bil k\u00f8lig og beskyttet med denne brugervenlige udtr\u00e6kkelige solsk\u00e6rm!<\/strong><\/p>\n<p style=\"text-align: center\" data-start=\"82\" data-end=\"373\">Sig farvel til br\u00e6ndende s\u00e6der og indelukket luft, n\u00e5r du s\u00e6tter dig ind i din bil. Denne bilsolsk\u00e6rm er designet til at blokere for varme og sollys og holde dit interi\u00f8r k\u00f8ligere p\u00e5 varme dage. Den er lavet af slidst\u00e6rke materialer og har et smart optr\u00e6kkeligt design og er nem at installere, fjerne og opbevare p\u00e5 f\u00e5 sekunder.<\/p>\n<p data-start=\"82\" data-end=\"373\"><img decoding=\"async\" class=\"size-full wp-image-25386 aligncenter\" src=\"https:\/\/keluvo.com\/template\/wp-content\/uploads\/sites\/5\/2025\/06\/06271-ezgif.com-video-to-webp-converter.webp\" alt=\"\" \/><\/p>\n<h2 style=\"text-align: center\" data-start=\"380\" data-end=\"402\"><strong>Vigtigste Fordele<\/strong><\/h2>\n<p data-start=\"405\" data-end=\"460\">\ud83c\udf1e Blokerer varme og sollys for at holde din bil cool<\/p>\n<p data-start=\"463\" data-end=\"510\">\ud83d\udee0\ufe0f Hurtig ops\u00e6tning ved hj\u00e6lp af st\u00e6rke sugekopper<\/p>\n<p data-start=\"513\" data-end=\"565\">\ud83d\udd04 Udtr\u00e6kkeligt design for nem brug og opbevaring<\/p>\n<p data-start=\"568\" data-end=\"619\">\ud83d\ude98 Passer til de fleste k\u00f8ret\u00f8jer \u2013 fra kompaktbiler til SUVs<\/p>\n<p data-start=\"622\" data-end=\"680\">\u2702\ufe0f Trim-.mulighed for perfekt tilpasning til forruden<\/p>\n<p data-start=\"683\" data-end=\"742\">\ud83e\uddca Lag af aluminiumsfilm giver ekstra varmebeskyttelse<\/p>\n<p data-start=\"683\" data-end=\"742\"><img decoding=\"async\" class=\"size-full wp-image-25387 aligncenter\" src=\"https:\/\/keluvo.com\/template\/wp-content\/uploads\/sites\/5\/2025\/06\/3e126455-c20d-4047-9a54-ba7b94c3d892.webp\" alt=\"\" \/><\/p>\n<h2 style=\"text-align: center\" data-start=\"749\" data-end=\"768\"><strong>S\u00e5dan Bruges<\/strong><\/h2>\n<ol data-start=\"769\" data-end=\"1028\">\n<li data-start=\"769\" data-end=\"847\">\n<p data-start=\"772\" data-end=\"847\">Fastg\u00f8r den ene ende af solsk\u00e6rmen til forruden ved hj\u00e6lp af sugekopperne.<\/p>\n<\/li>\n<li data-start=\"848\" data-end=\"908\">\n<p data-start=\"851\" data-end=\"908\">Fold solsk\u00e6rmen ud, og str\u00e6k den hen over forruden.<\/p>\n<\/li>\n<li data-start=\"909\" data-end=\"965\">\n<p data-start=\"912\" data-end=\"965\">fastg\u00f8r den anden side med den anden sugekop.<\/p>\n<\/li>\n<li data-start=\"966\" data-end=\"1028\">\n<p data-start=\"969\" data-end=\"1028\">n\u00e5r den ikke er i brug, skal du blot tr\u00e6kke den ind og opbevare den i bagagerummet.<\/p>\n<\/li>\n<\/ol>\n<h2 style=\"text-align: center\" data-start=\"1035\" data-end=\"1059\"><strong>Produktdetaljer<\/strong><\/h2>\n<ul data-start=\"1060\" data-end=\"1301\">\n<li data-start=\"1060\" data-end=\"1116\">\n<p data-start=\"1062\" data-end=\"1116\">Materiale: Krypteret polyesterstof + aluminiumsfilm<\/p>\n<\/li>\n<li data-start=\"1117\" data-end=\"1142\">\n<p data-start=\"1119\" data-end=\"1142\">Ramme: Aluminiumslegering<\/p>\n<\/li>\n<li data-start=\"1143\" data-end=\"1189\">\n<p data-start=\"1145\" data-end=\"1189\">L\u00e6ngde: 46 cm, 65 cm, 70 cm og 80 cm.<\/p>\n<\/li>\n<li data-start=\"1190\" data-end=\"1254\">\n<p data-start=\"1192\" data-end=\"1254\">Pasform: Velegnet til de fleste biltyper (kompakt, sedan, SUV osv.)<\/p>\n<\/li>\n<li data-start=\"1255\" data-end=\"1301\">\n<p data-start=\"1257\" data-end=\"1301\">Bem\u00e6rkninger: Kan kr\u00e6ve trimning for tilpasset pasform<\/p>\n<\/li>\n<\/ul>\n<h2 style=\"text-align: center\" data-start=\"1308\" data-end=\"1333\"><strong>Pakken Indeholder<\/strong><\/h2>\n<ul data-start=\"1334\" data-end=\"1371\">\n<li data-start=\"1334\" data-end=\"1371\">\n<p data-start=\"1336\" data-end=\"1371\">1x bilsolsk\u00e6rm.<\/p>\n<\/li>\n<\/ul>\n","protected":false},"excerpt":{"rendered":"<p>\ud83d\ude97Hold din bil k\u00f8lig og beskyttet med denne brugervenlige udtr\u00e6kkelige solsk\u00e6rm! Sig farvel til br\u00e6ndende s\u00e6der og indelukket luft, n\u00e5r [&hellip;]<\/p>\n","protected":false},"featured_media":18950,"comment_status":"open","ping_status":"closed","template":"","meta":{"site-sidebar-layout":"default","site-content-layout":"","ast-site-content-layout":"default","site-content-style":"default","site-sidebar-style":"default","ast-global-header-display":"","ast-banner-title-visibility":"","ast-main-header-display":"","ast-hfb-above-header-display":"","ast-hfb-below-header-display":"","ast-hfb-mobile-header-display":"","site-post-title":"","ast-breadcrumbs-content":"","ast-featured-img":"","footer-sml-layout":"","theme-transparent-header-meta":"default","adv-header-id-meta":"","stick-header-meta":"","header-above-stick-meta":"","header-main-stick-meta":"","header-below-stick-meta":"","astra-migrate-meta-layouts":"set","ast-page-background-enabled":"default","ast-page-background-meta":{"desktop":{"background-color":"var(--ast-global-color-5)","background-image":"","background-repeat":"repeat","background-position":"center center","background-size":"auto","background-attachment":"scroll","background-type":"","background-media":"","overlay-type":"","overlay-color":"","overlay-opacity":"","overlay-gradient":""},"tablet":{"background-color":"","background-image":"","background-repeat":"repeat","background-position":"center center","background-size":"auto","background-attachment":"scroll","background-type":"","background-media":"","overlay-type":"","overlay-color":"","overlay-opacity":"","overlay-gradient":""},"mobile":{"background-color":"","background-image":"","background-repeat":"repeat","background-position":"center center","background-size":"auto","background-attachment":"scroll","background-type":"","background-media":"","overlay-type":"","overlay-color":"","overlay-opacity":"","overlay-gradient":""}},"ast-content-background-meta":{"desktop":{"background-color":"var(--ast-global-color-4)","background-image":"","background-repeat":"repeat","background-position":"center center","background-size":"auto","background-attachment":"scroll","background-type":"","background-media":"","overlay-type":"","overlay-color":"","overlay-opacity":"","overlay-gradient":""},"tablet":{"background-color":"var(--ast-global-color-4)","background-image":"","background-repeat":"repeat","background-position":"center center","background-size":"auto","background-attachment":"scroll","background-type":"","background-media":"","overlay-type":"","overlay-color":"","overlay-opacity":"","overlay-gradient":""},"mobile":{"background-color":"var(--ast-global-color-4)","background-image":"","background-repeat":"repeat","background-position":"center center","background-size":"auto","background-attachment":"scroll","background-type":"","background-media":"","overlay-type":"","overlay-color":"","overlay-opacity":"","overlay-gradient":""}}},"product_brand":[],"product_cat":[19],"product_tag":[],"class_list":{"0":"post-18954","1":"product","2":"type-product","3":"status-publish","4":"has-post-thumbnail","6":"product_cat-uncategorized","7":"pa_32206_hn5ja7pq-46-cm","8":"pa_32206_hn5ja7pq-65-cm","9":"pa_32206_hn5ja7pq-70-cm","10":"pa_32206_hn5ja7pq-80-cm","11":"desktop-align-left","12":"tablet-align-left","13":"mobile-align-left","15":"first","16":"instock","17":"shipping-taxable","18":"purchasable","19":"product-type-variable"},"_links":{"self":[{"href":"https:\/\/ecostera.com\/dk\/wp-json\/wp\/v2\/product\/18954","targetHints":{"allow":["GET"]}}],"collection":[{"href":"https:\/\/ecostera.com\/dk\/wp-json\/wp\/v2\/product"}],"about":[{"href":"https:\/\/ecostera.com\/dk\/wp-json\/wp\/v2\/types\/product"}],"replies":[{"embeddable":true,"href":"https:\/\/ecostera.com\/dk\/wp-json\/wp\/v2\/comments?post=18954"}],"wp:featuredmedia":[{"embeddable":true,"href":"https:\/\/ecostera.com\/dk\/wp-json\/wp\/v2\/media\/18950"}],"wp:attachment":[{"href":"https:\/\/ecostera.com\/dk\/wp-json\/wp\/v2\/media?parent=18954"}],"wp:term":[{"taxonomy":"product_brand","embeddable":true,"href":"https:\/\/ecostera.com\/dk\/wp-json\/wp\/v2\/product_brand?post=18954"},{"taxonomy":"product_cat","embeddable":true,"href":"https:\/\/ecostera.com\/dk\/wp-json\/wp\/v2\/product_cat?post=18954"},{"taxonomy":"product_tag","embeddable":true,"href":"https:\/\/ecostera.com\/dk\/wp-json\/wp\/v2\/product_tag?post=18954"}],"curies":[{"name":"wp","href":"https:\/\/api.w.org\/{rel}","templated":true}]}}