{"id":19081,"date":"2025-09-18T19:39:49","date_gmt":"2025-09-18T16:39:49","guid":{"rendered":"https:\/\/ecostera.com\/dk\/product\/clips-til-sengelinned\/"},"modified":"2025-09-30T11:05:00","modified_gmt":"2025-09-30T08:05:00","slug":"clips-til-sengelinned","status":"publish","type":"product","link":"https:\/\/ecostera.com\/dk\/product\/clips-til-sengelinned\/","title":{"rendered":"Clips til sengelinned"},"content":{"rendered":"<p style=\"text-align: center\" data-start=\"67\" data-end=\"214\"><strong>Ikke mere rodet eller kr\u00f8llet senget\u00f8j! \ud83d\udecf\ufe0f\u2728<\/strong><\/p>\n<p style=\"text-align: center\" data-start=\"67\" data-end=\"214\">Disse sengelinnedklemmer holder dine lagner perfekt p\u00e5 plads uden skarpe stifter eller irriterende klemmer. De er nemme at bruge, sikre for b\u00f8rn og k\u00e6ledyr og bygget til at holde dine lagner p\u00e5 plads hele natten. Bare skub dem ind i hj\u00f8rnerne af dit lagen og tryk &#8211; n\u00e5r de er l\u00e5st, bliver de siddende!<\/p>\n<p data-start=\"67\" data-end=\"214\"><img fetchpriority=\"high\" decoding=\"async\" class=\" wp-image-25486 aligncenter\" src=\"https:\/\/keluvo.com\/template\/wp-content\/uploads\/sites\/5\/2025\/06\/b06f19660ce1ac8b77352076d8935d0450d41dbf_480x480.webp\" alt=\"\" width=\"401\" height=\"401\" \/><\/p>\n<h2 style=\"text-align: center\" data-start=\"403\" data-end=\"425\"><strong>Hovedfordele<\/strong><\/h2>\n<p data-start=\"428\" data-end=\"476\">\ud83e\uddf7 Holder lagnerne fast uden n\u00e5le eller stifter<\/p>\n<p data-start=\"479\" data-end=\"510\">\ud83d\udca1 Nem at installere p\u00e5 f\u00e5 sekunder<\/p>\n<p data-start=\"513\" data-end=\"573\">\ud83d\udcaa Fremstillet af ABS-plast af h\u00f8j kvalitet &#8211; st\u00e6rk og holdbar<\/p>\n<p data-start=\"576\" data-end=\"618\">\ud83e\uddf8 Sikker for alle aldre &#8211; ingen risiko for skader<\/p>\n<p data-start=\"621\" data-end=\"676\">\ud83c\udf08 S\u00f8dt hjerte-design giver et sjovt touch til dit bedding<\/p>\n<p data-start=\"621\" data-end=\"676\"><img decoding=\"async\" class=\"size-full wp-image-25487 aligncenter\" src=\"https:\/\/keluvo.com\/template\/wp-content\/uploads\/sites\/5\/2025\/06\/1_af79615e-c4ca-494e-b3dc-36dc0654c86f_480x480.webp\" alt=\"\" \/><\/p>\n<h2 style=\"text-align: center\" data-start=\"678\" data-end=\"699\"><strong>S\u00e5dan bruges<\/strong><\/h2>\n<ol data-start=\"700\" data-end=\"845\">\n<li data-start=\"700\" data-end=\"741\">\n<p data-start=\"703\" data-end=\"741\">Rul hj\u00f8rnet af dit lagen ind i clipsen.<\/p>\n<\/li>\n<li data-start=\"742\" data-end=\"790\">\n<p data-start=\"745\" data-end=\"790\">Skub proppen ind, og tryk den fast.<\/p>\n<\/li>\n<li data-start=\"791\" data-end=\"845\">\n<p data-start=\"794\" data-end=\"845\">F\u00e6rdig &#8211; dit lagen vil ikke glide eller klumpe sig sammen l\u00e6ngere!<\/p>\n<\/li>\n<\/ol>\n<h2 style=\"text-align: center\" data-start=\"847\" data-end=\"872\"><strong>Produktdetaljer<\/strong><\/h2>\n<ul data-start=\"873\" data-end=\"974\">\n<li data-start=\"873\" data-end=\"898\">\n<p data-start=\"875\" data-end=\"898\">Materiale: ABS-plast<\/p>\n<\/li>\n<li data-start=\"899\" data-end=\"933\">\n<p data-start=\"901\" data-end=\"933\">St\u00f8rrelse: 5,5 cm \u00d7 3,5 cm \u00d7 3,5 cm<\/p>\n<\/li>\n<li data-start=\"934\" data-end=\"956\">\n<p data-start=\"936\" data-end=\"956\">Farver: rosa, bl\u00e5<\/p>\n<\/li>\n<li data-start=\"957\" data-end=\"974\">\n<p data-start=\"959\" data-end=\"974\">V\u00e6gt: 130 g<\/p>\n<\/li>\n<\/ul>\n<h2 style=\"text-align: center\" data-start=\"976\" data-end=\"1002\"><strong>Pakken indeholder<\/strong><\/h2>\n<ul data-start=\"1003\" data-end=\"1081\">\n<li data-start=\"1003\" data-end=\"1057\">\n<p data-start=\"1005\" data-end=\"1057\">6, 12x sengelinnedklemmer.<\/p>\n<\/li>\n<\/ul>\n","protected":false},"excerpt":{"rendered":"<p>Ikke mere rodet eller kr\u00f8llet senget\u00f8j! \ud83d\udecf\ufe0f\u2728 Disse sengelinnedklemmer holder dine lagner perfekt p\u00e5 plads uden skarpe stifter eller irriterende [&hellip;]<\/p>\n","protected":false},"featured_media":19077,"comment_status":"open","ping_status":"closed","template":"","meta":{"site-sidebar-layout":"default","site-content-layout":"","ast-site-content-layout":"default","site-content-style":"default","site-sidebar-style":"default","ast-global-header-display":"","ast-banner-title-visibility":"","ast-main-header-display":"","ast-hfb-above-header-display":"","ast-hfb-below-header-display":"","ast-hfb-mobile-header-display":"","site-post-title":"","ast-breadcrumbs-content":"","ast-featured-img":"","footer-sml-layout":"","theme-transparent-header-meta":"default","adv-header-id-meta":"","stick-header-meta":"","header-above-stick-meta":"","header-main-stick-meta":"","header-below-stick-meta":"","astra-migrate-meta-layouts":"set","ast-page-background-enabled":"default","ast-page-background-meta":{"desktop":{"background-color":"var(--ast-global-color-5)","background-image":"","background-repeat":"repeat","background-position":"center center","background-size":"auto","background-attachment":"scroll","background-type":"","background-media":"","overlay-type":"","overlay-color":"","overlay-opacity":"","overlay-gradient":""},"tablet":{"background-color":"","background-image":"","background-repeat":"repeat","background-position":"center center","background-size":"auto","background-attachment":"scroll","background-type":"","background-media":"","overlay-type":"","overlay-color":"","overlay-opacity":"","overlay-gradient":""},"mobile":{"background-color":"","background-image":"","background-repeat":"repeat","background-position":"center center","background-size":"auto","background-attachment":"scroll","background-type":"","background-media":"","overlay-type":"","overlay-color":"","overlay-opacity":"","overlay-gradient":""}},"ast-content-background-meta":{"desktop":{"background-color":"var(--ast-global-color-4)","background-image":"","background-repeat":"repeat","background-position":"center center","background-size":"auto","background-attachment":"scroll","background-type":"","background-media":"","overlay-type":"","overlay-color":"","overlay-opacity":"","overlay-gradient":""},"tablet":{"background-color":"var(--ast-global-color-4)","background-image":"","background-repeat":"repeat","background-position":"center center","background-size":"auto","background-attachment":"scroll","background-type":"","background-media":"","overlay-type":"","overlay-color":"","overlay-opacity":"","overlay-gradient":""},"mobile":{"background-color":"var(--ast-global-color-4)","background-image":"","background-repeat":"repeat","background-position":"center center","background-size":"auto","background-attachment":"scroll","background-type":"","background-media":"","overlay-type":"","overlay-color":"","overlay-opacity":"","overlay-gradient":""}}},"product_brand":[],"product_cat":[19],"product_tag":[],"class_list":{"0":"post-19081","1":"product","2":"type-product","3":"status-publish","4":"has-post-thumbnail","6":"product_cat-uncategorized","7":"pa_37535_5b6951mf-4-stk","8":"pa_37535_5b6951mf-6-stk","9":"pa_37535_5b6951mf-12-stk","10":"pa_37535_a0lw286w-blaa","11":"pa_37535_a0lw286w-lyseroed","12":"desktop-align-left","13":"tablet-align-left","14":"mobile-align-left","16":"first","17":"instock","18":"shipping-taxable","19":"purchasable","20":"product-type-variable","21":"has-default-attributes"},"_links":{"self":[{"href":"https:\/\/ecostera.com\/dk\/wp-json\/wp\/v2\/product\/19081","targetHints":{"allow":["GET"]}}],"collection":[{"href":"https:\/\/ecostera.com\/dk\/wp-json\/wp\/v2\/product"}],"about":[{"href":"https:\/\/ecostera.com\/dk\/wp-json\/wp\/v2\/types\/product"}],"replies":[{"embeddable":true,"href":"https:\/\/ecostera.com\/dk\/wp-json\/wp\/v2\/comments?post=19081"}],"wp:featuredmedia":[{"embeddable":true,"href":"https:\/\/ecostera.com\/dk\/wp-json\/wp\/v2\/media\/19077"}],"wp:attachment":[{"href":"https:\/\/ecostera.com\/dk\/wp-json\/wp\/v2\/media?parent=19081"}],"wp:term":[{"taxonomy":"product_brand","embeddable":true,"href":"https:\/\/ecostera.com\/dk\/wp-json\/wp\/v2\/product_brand?post=19081"},{"taxonomy":"product_cat","embeddable":true,"href":"https:\/\/ecostera.com\/dk\/wp-json\/wp\/v2\/product_cat?post=19081"},{"taxonomy":"product_tag","embeddable":true,"href":"https:\/\/ecostera.com\/dk\/wp-json\/wp\/v2\/product_tag?post=19081"}],"curies":[{"name":"wp","href":"https:\/\/api.w.org\/{rel}","templated":true}]}}