{"id":19129,"date":"2025-09-18T19:44:07","date_gmt":"2025-09-18T16:44:07","guid":{"rendered":"https:\/\/ecostera.com\/dk\/product\/braetspil\/"},"modified":"2025-11-03T11:35:46","modified_gmt":"2025-11-03T09:35:46","slug":"braetspil","status":"publish","type":"product","link":"https:\/\/ecostera.com\/dk\/product\/braetspil\/","title":{"rendered":"Br\u00e6tspil"},"content":{"rendered":"<p style=\"text-align: center\" data-start=\"67\" data-end=\"337\"><strong>Bring sp\u00e6ndingen ved curling til dit bord! \ud83e\udd4c\ud83c\udfaf<\/strong><\/p>\n<p style=\"text-align: center\" data-start=\"67\" data-end=\"337\">Dette br\u00e6tspil er den perfekte m\u00e5de at knytte b\u00e5nd med familie og venner p\u00e5 &#8211; uden brug af sk\u00f8jtebane! Den glatte, glidende overflade efterligner \u00e6gte curling og giver dig alt det sjove ved sporten i en kompakt, b\u00e6rbar version. Den er nem at s\u00e6tte op og sjov for alle aldre, og den er ideel til fester, rejser eller underholdning p\u00e5 regnvejrsdage.<\/p>\n<p data-start=\"67\" data-end=\"337\"><img decoding=\"async\" class=\"size-full wp-image-25530 aligncenter\" src=\"https:\/\/keluvo.com\/template\/wp-content\/uploads\/sites\/5\/2025\/06\/GIF11.webp\" alt=\"\" \/><\/p>\n<h2 style=\"text-align: center\" data-start=\"437\" data-end=\"459\"><strong>Hovedfordele<\/strong><\/h2>\n<p data-start=\"462\" data-end=\"507\">\ud83e\udd73 Perfekt til 2-8 spillere &#8211; sjovt for alle aldre<\/p>\n<p data-start=\"510\" data-end=\"559\">\u2728 Realistisk is-lignende finish for glat gameplay<\/p>\n<p data-start=\"562\" data-end=\"619\">\ud83e\udde0 Kombinerer strategi, pr\u00e6cision og en smule held<\/p>\n<p data-start=\"622\" data-end=\"682\">\ud83d\udce6 Let og kompakt &#8211; nem at opbevare og rejse med<\/p>\n<p data-start=\"685\" data-end=\"739\">\ud83c\udf89 Perfekt til spilleaftener, familietid og parties<\/p>\n<p data-start=\"685\" data-end=\"739\"><img decoding=\"async\" class=\"size-full wp-image-25529 aligncenter\" src=\"https:\/\/keluvo.com\/template\/wp-content\/uploads\/sites\/5\/2025\/06\/6_448636cb-8c3f-4490-bb43-ca1406df0a9d_480x480.webp\" alt=\"\" \/><\/p>\n<h2 style=\"text-align: center\" data-start=\"741\" data-end=\"762\"><strong>S\u00e5dan bruges<\/strong><\/h2>\n<ol data-start=\"763\" data-end=\"934\">\n<li data-start=\"763\" data-end=\"800\">\n<p data-start=\"766\" data-end=\"800\">Rul m\u00e5tten ud p\u00e5 en flad overflade.<\/p>\n<\/li>\n<li data-start=\"801\" data-end=\"832\">\n<p data-start=\"804\" data-end=\"832\">Placer de magnetiske kanter.<\/p>\n<\/li>\n<li data-start=\"833\" data-end=\"885\">\n<p data-start=\"836\" data-end=\"885\">Skiftes til at skubbe stenene mod m\u00e5let.<\/p>\n<\/li>\n<li data-start=\"886\" data-end=\"934\">\n<p data-start=\"889\" data-end=\"934\">Scor og konkurrer &#8211; ligesom rigtig curling!<\/p>\n<\/li>\n<\/ol>\n<h2 style=\"text-align: center\" data-start=\"936\" data-end=\"961\"><strong>Produktdetaljer<\/strong><\/h2>\n<ul data-start=\"962\" data-end=\"1087\">\n<li data-start=\"962\" data-end=\"991\">\n<p data-start=\"964\" data-end=\"991\">Simulerer olympisk curling<\/p>\n<\/li>\n<li data-start=\"992\" data-end=\"1045\">\n<p data-start=\"994\" data-end=\"1045\">Fleksibelt vinylmateriale med realistisk is-effekt<\/p>\n<\/li>\n<li data-start=\"1046\" data-end=\"1087\">\n<p data-start=\"1048\" data-end=\"1087\">Slidst\u00e6rkt, kompakt og rejsevenligt<\/p>\n<\/li>\n<\/ul>\n<h2 style=\"text-align: center\" data-start=\"1089\" data-end=\"1115\"><strong>Pakken indeholder<\/strong><\/h2>\n<ul data-start=\"1116\" data-end=\"1230\">\n<li data-start=\"1116\" data-end=\"1133\">\n<p data-start=\"1118\" data-end=\"1133\">1x opbevaringsboks<\/p>\n<\/li>\n<li data-start=\"1134\" data-end=\"1151\">\n<p data-start=\"1136\" data-end=\"1151\">1x curlingm\u00e5tte<\/p>\n<\/li>\n<li data-start=\"1152\" data-end=\"1174\">\n<p data-start=\"1154\" data-end=\"1174\">2x magnetiske kanter<\/p>\n<\/li>\n<li data-start=\"1175\" data-end=\"1192\">\n<p data-start=\"1177\" data-end=\"1192\">4x bl\u00e5 sten<\/p>\n<\/li>\n<li data-start=\"1193\" data-end=\"1212\">\n<p data-start=\"1195\" data-end=\"1212\">4x gule sten<\/p>\n<\/li>\n<li data-start=\"1213\" data-end=\"1230\">\n<p data-start=\"1215\" data-end=\"1230\">1x brugervejledning.<\/p>\n<\/li>\n<\/ul>\n","protected":false},"excerpt":{"rendered":"<p>Bring sp\u00e6ndingen ved curling til dit bord! \ud83e\udd4c\ud83c\udfaf Dette br\u00e6tspil er den perfekte m\u00e5de at knytte b\u00e5nd med familie og [&hellip;]<\/p>\n","protected":false},"featured_media":19125,"comment_status":"open","ping_status":"closed","template":"","meta":{"site-sidebar-layout":"default","site-content-layout":"","ast-site-content-layout":"default","site-content-style":"default","site-sidebar-style":"default","ast-global-header-display":"","ast-banner-title-visibility":"","ast-main-header-display":"","ast-hfb-above-header-display":"","ast-hfb-below-header-display":"","ast-hfb-mobile-header-display":"","site-post-title":"","ast-breadcrumbs-content":"","ast-featured-img":"","footer-sml-layout":"","theme-transparent-header-meta":"default","adv-header-id-meta":"","stick-header-meta":"","header-above-stick-meta":"","header-main-stick-meta":"","header-below-stick-meta":"","astra-migrate-meta-layouts":"set","ast-page-background-enabled":"default","ast-page-background-meta":{"desktop":{"background-color":"var(--ast-global-color-5)","background-image":"","background-repeat":"repeat","background-position":"center center","background-size":"auto","background-attachment":"scroll","background-type":"","background-media":"","overlay-type":"","overlay-color":"","overlay-opacity":"","overlay-gradient":""},"tablet":{"background-color":"","background-image":"","background-repeat":"repeat","background-position":"center center","background-size":"auto","background-attachment":"scroll","background-type":"","background-media":"","overlay-type":"","overlay-color":"","overlay-opacity":"","overlay-gradient":""},"mobile":{"background-color":"","background-image":"","background-repeat":"repeat","background-position":"center center","background-size":"auto","background-attachment":"scroll","background-type":"","background-media":"","overlay-type":"","overlay-color":"","overlay-opacity":"","overlay-gradient":""}},"ast-content-background-meta":{"desktop":{"background-color":"var(--ast-global-color-4)","background-image":"","background-repeat":"repeat","background-position":"center center","background-size":"auto","background-attachment":"scroll","background-type":"","background-media":"","overlay-type":"","overlay-color":"","overlay-opacity":"","overlay-gradient":""},"tablet":{"background-color":"var(--ast-global-color-4)","background-image":"","background-repeat":"repeat","background-position":"center center","background-size":"auto","background-attachment":"scroll","background-type":"","background-media":"","overlay-type":"","overlay-color":"","overlay-opacity":"","overlay-gradient":""},"mobile":{"background-color":"var(--ast-global-color-4)","background-image":"","background-repeat":"repeat","background-position":"center center","background-size":"auto","background-attachment":"scroll","background-type":"","background-media":"","overlay-type":"","overlay-color":"","overlay-opacity":"","overlay-gradient":""}}},"product_brand":[],"product_cat":[19],"product_tag":[],"class_list":{"0":"post-19129","1":"product","2":"type-product","3":"status-publish","4":"has-post-thumbnail","6":"product_cat-uncategorized","7":"desktop-align-left","8":"tablet-align-left","9":"mobile-align-left","11":"first","12":"instock","13":"shipping-taxable","14":"purchasable","15":"product-type-simple"},"_links":{"self":[{"href":"https:\/\/ecostera.com\/dk\/wp-json\/wp\/v2\/product\/19129","targetHints":{"allow":["GET"]}}],"collection":[{"href":"https:\/\/ecostera.com\/dk\/wp-json\/wp\/v2\/product"}],"about":[{"href":"https:\/\/ecostera.com\/dk\/wp-json\/wp\/v2\/types\/product"}],"replies":[{"embeddable":true,"href":"https:\/\/ecostera.com\/dk\/wp-json\/wp\/v2\/comments?post=19129"}],"wp:featuredmedia":[{"embeddable":true,"href":"https:\/\/ecostera.com\/dk\/wp-json\/wp\/v2\/media\/19125"}],"wp:attachment":[{"href":"https:\/\/ecostera.com\/dk\/wp-json\/wp\/v2\/media?parent=19129"}],"wp:term":[{"taxonomy":"product_brand","embeddable":true,"href":"https:\/\/ecostera.com\/dk\/wp-json\/wp\/v2\/product_brand?post=19129"},{"taxonomy":"product_cat","embeddable":true,"href":"https:\/\/ecostera.com\/dk\/wp-json\/wp\/v2\/product_cat?post=19129"},{"taxonomy":"product_tag","embeddable":true,"href":"https:\/\/ecostera.com\/dk\/wp-json\/wp\/v2\/product_tag?post=19129"}],"curies":[{"name":"wp","href":"https:\/\/api.w.org\/{rel}","templated":true}]}}