{"id":19185,"date":"2025-09-18T19:50:33","date_gmt":"2025-09-18T16:50:33","guid":{"rendered":"https:\/\/ecostera.com\/dk\/product\/haengende-stativ\/"},"modified":"2025-09-30T12:50:18","modified_gmt":"2025-09-30T09:50:18","slug":"haengende-stativ","status":"publish","type":"product","link":"https:\/\/ecostera.com\/dk\/product\/haengende-stativ\/","title":{"rendered":"H\u00e6ngende stativ (2 stk)"},"content":{"rendered":"<p style=\"text-align: center\" data-start=\"67\" data-end=\"312\"><strong>G\u00f8r enhver hylde til smart opbevaring! \ud83e\uddf0\ud83e\ude9d<\/strong><\/p>\n<p style=\"text-align: center\" data-start=\"67\" data-end=\"312\">Disse oph\u00e6ng til v\u00e6rkt\u00f8j og ting er den nemmeste m\u00e5de at tilf\u00f8je 6 ekstra kroge under dine hylder &#8211; ingen boring, intet besv\u00e6r. Bare skub dem p\u00e5, og begynd at organisere dine k\u00f8kkenredskaber, krus, h\u00e5ndkl\u00e6der eller tilbeh\u00f8r. De er st\u00e6rke, slanke og rustbestandige og er perfekte til brug i k\u00f8kkenet, badev\u00e6relset, gangen eller garderoben.<\/p>\n<p data-start=\"67\" data-end=\"312\"><img fetchpriority=\"high\" decoding=\"async\" class=\" wp-image-25579 aligncenter\" src=\"https:\/\/keluvo.com\/template\/wp-content\/uploads\/sites\/5\/2025\/06\/GIF2_0e934f52-0564-40b5-ae9a-1c75b8274b40_480x480.webp\" alt=\"\" width=\"400\" height=\"400\" \/><\/p>\n<h2 style=\"text-align: center\" data-start=\"422\" data-end=\"444\"><strong>Hovedfordele<\/strong><\/h2>\n<p data-start=\"447\" data-end=\"481\">\ud83e\ude9d 6 kroge i \u00e9n kompakt b\u00f8jle<\/p>\n<p data-start=\"484\" data-end=\"535\">\ud83d\udd27 Ingen installation n\u00f8dvendig &#8211; bare skub p\u00e5 plads<\/p>\n<p data-start=\"538\" data-end=\"585\">\ud83d\udcaa Fremstillet af rustbestandigt st\u00e5l af h\u00f8j kvalitet<\/p>\n<p data-start=\"588\" data-end=\"653\">\ud83e\uddfc Perfekt til organisering af krus, v\u00e6rkt\u00f8j, redskaber, h\u00e5ndkl\u00e6der og meget mere<\/p>\n<p data-start=\"656\" data-end=\"707\">\ud83c\udfaf Passer perfekt i sm\u00e5 rum uden clutter<\/p>\n<p data-start=\"656\" data-end=\"707\"><img decoding=\"async\" class=\" wp-image-25580 aligncenter\" src=\"https:\/\/keluvo.com\/template\/wp-content\/uploads\/sites\/5\/2025\/06\/GIF2_4307990a-bdce-45f3-874b-c77986480fe2_480x480.webp\" alt=\"\" width=\"386\" height=\"386\" \/><\/p>\n<h2 style=\"text-align: center\" data-start=\"709\" data-end=\"730\"><strong>S\u00e5dan bruges<\/strong><\/h2>\n<ol data-start=\"731\" data-end=\"887\">\n<li data-start=\"731\" data-end=\"796\">\n<p data-start=\"734\" data-end=\"796\">Skub b\u00f8jlen p\u00e5 kanten af en hylde (maks. 2.2 cm tyk).<\/p>\n<\/li>\n<li data-start=\"797\" data-end=\"847\">\n<p data-start=\"800\" data-end=\"847\">Just\u00e9r efter behov &#8211; der kr\u00e6ves ingen skruer eller lim<\/p>\n<\/li>\n<li data-start=\"848\" data-end=\"887\">\n<p data-start=\"851\" data-end=\"887\">Begynd at h\u00e6nge dine ting op med det samme<\/p>\n<\/li>\n<\/ol>\n<h2 style=\"text-align: center\" data-start=\"889\" data-end=\"914\"><strong>Produktdetaljer<\/strong><\/h2>\n<ul data-start=\"915\" data-end=\"1020\">\n<li data-start=\"915\" data-end=\"947\">\n<p data-start=\"917\" data-end=\"947\">Materiale: st\u00e5l af h\u00f8j kvalitet<\/p>\n<\/li>\n<li data-start=\"948\" data-end=\"974\">\n<p data-start=\"950\" data-end=\"974\">St\u00f8rrelse: 7,2 \u00d7 3 \u00d7 1,7 cm<\/p>\n<\/li>\n<li data-start=\"975\" data-end=\"992\">\n<p data-start=\"977\" data-end=\"992\">V\u00e6gt: 106 g<\/p>\n<\/li>\n<\/ul>\n<h2 style=\"text-align: center\" data-start=\"1022\" data-end=\"1048\"><strong>Pakken indeholder<\/strong><\/h2>\n<ul data-start=\"1049\" data-end=\"1091\">\n<li data-start=\"1049\" data-end=\"1091\">\n<p data-start=\"1051\" data-end=\"1091\">2 oph\u00e6ngningsstativ.<\/p>\n<\/li>\n<\/ul>\n","protected":false},"excerpt":{"rendered":"<p>G\u00f8r enhver hylde til smart opbevaring! \ud83e\uddf0\ud83e\ude9d Disse oph\u00e6ng til v\u00e6rkt\u00f8j og ting er den nemmeste m\u00e5de at tilf\u00f8je 6 [&hellip;]<\/p>\n","protected":false},"featured_media":19181,"comment_status":"open","ping_status":"closed","template":"","meta":{"site-sidebar-layout":"default","site-content-layout":"","ast-site-content-layout":"default","site-content-style":"default","site-sidebar-style":"default","ast-global-header-display":"","ast-banner-title-visibility":"","ast-main-header-display":"","ast-hfb-above-header-display":"","ast-hfb-below-header-display":"","ast-hfb-mobile-header-display":"","site-post-title":"","ast-breadcrumbs-content":"","ast-featured-img":"","footer-sml-layout":"","theme-transparent-header-meta":"default","adv-header-id-meta":"","stick-header-meta":"","header-above-stick-meta":"","header-main-stick-meta":"","header-below-stick-meta":"","astra-migrate-meta-layouts":"set","ast-page-background-enabled":"default","ast-page-background-meta":{"desktop":{"background-color":"var(--ast-global-color-5)","background-image":"","background-repeat":"repeat","background-position":"center center","background-size":"auto","background-attachment":"scroll","background-type":"","background-media":"","overlay-type":"","overlay-color":"","overlay-opacity":"","overlay-gradient":""},"tablet":{"background-color":"","background-image":"","background-repeat":"repeat","background-position":"center center","background-size":"auto","background-attachment":"scroll","background-type":"","background-media":"","overlay-type":"","overlay-color":"","overlay-opacity":"","overlay-gradient":""},"mobile":{"background-color":"","background-image":"","background-repeat":"repeat","background-position":"center center","background-size":"auto","background-attachment":"scroll","background-type":"","background-media":"","overlay-type":"","overlay-color":"","overlay-opacity":"","overlay-gradient":""}},"ast-content-background-meta":{"desktop":{"background-color":"var(--ast-global-color-4)","background-image":"","background-repeat":"repeat","background-position":"center center","background-size":"auto","background-attachment":"scroll","background-type":"","background-media":"","overlay-type":"","overlay-color":"","overlay-opacity":"","overlay-gradient":""},"tablet":{"background-color":"var(--ast-global-color-4)","background-image":"","background-repeat":"repeat","background-position":"center center","background-size":"auto","background-attachment":"scroll","background-type":"","background-media":"","overlay-type":"","overlay-color":"","overlay-opacity":"","overlay-gradient":""},"mobile":{"background-color":"var(--ast-global-color-4)","background-image":"","background-repeat":"repeat","background-position":"center center","background-size":"auto","background-attachment":"scroll","background-type":"","background-media":"","overlay-type":"","overlay-color":"","overlay-opacity":"","overlay-gradient":""}}},"product_brand":[],"product_cat":[19],"product_tag":[],"class_list":{"0":"post-19185","1":"product","2":"type-product","3":"status-publish","4":"has-post-thumbnail","6":"product_cat-uncategorized","7":"pa_21393_19wrmdti-hvid","8":"pa_21393_19wrmdti-sort","9":"desktop-align-left","10":"tablet-align-left","11":"mobile-align-left","13":"first","14":"instock","15":"shipping-taxable","16":"purchasable","17":"product-type-variable"},"_links":{"self":[{"href":"https:\/\/ecostera.com\/dk\/wp-json\/wp\/v2\/product\/19185","targetHints":{"allow":["GET"]}}],"collection":[{"href":"https:\/\/ecostera.com\/dk\/wp-json\/wp\/v2\/product"}],"about":[{"href":"https:\/\/ecostera.com\/dk\/wp-json\/wp\/v2\/types\/product"}],"replies":[{"embeddable":true,"href":"https:\/\/ecostera.com\/dk\/wp-json\/wp\/v2\/comments?post=19185"}],"wp:featuredmedia":[{"embeddable":true,"href":"https:\/\/ecostera.com\/dk\/wp-json\/wp\/v2\/media\/19181"}],"wp:attachment":[{"href":"https:\/\/ecostera.com\/dk\/wp-json\/wp\/v2\/media?parent=19185"}],"wp:term":[{"taxonomy":"product_brand","embeddable":true,"href":"https:\/\/ecostera.com\/dk\/wp-json\/wp\/v2\/product_brand?post=19185"},{"taxonomy":"product_cat","embeddable":true,"href":"https:\/\/ecostera.com\/dk\/wp-json\/wp\/v2\/product_cat?post=19185"},{"taxonomy":"product_tag","embeddable":true,"href":"https:\/\/ecostera.com\/dk\/wp-json\/wp\/v2\/product_tag?post=19185"}],"curies":[{"name":"wp","href":"https:\/\/api.w.org\/{rel}","templated":true}]}}