{"id":19256,"date":"2025-09-18T19:56:25","date_gmt":"2025-09-18T16:56:25","guid":{"rendered":"https:\/\/ecostera.com\/dk\/product\/digitalt-ur\/"},"modified":"2025-09-19T17:10:37","modified_gmt":"2025-09-19T14:10:37","slug":"digitalt-ur","status":"publish","type":"product","link":"https:\/\/ecostera.com\/dk\/product\/digitalt-ur\/","title":{"rendered":"Digitalt ur"},"content":{"rendered":"<p style=\"text-align: center\" data-start=\"67\" data-end=\"310\"><strong>Bygget Til Action. Stylet Til Hverdagen. \u231a\ud83d\udd25 <\/strong><\/p>\n<p style=\"text-align: center\" data-start=\"67\" data-end=\"310\">Dette digitale ur er den ultimative kombination af robust ydeevne og dristigt design. Uanset om du er p\u00e5 vandretur, tr\u00e6ner eller bare har brug for et p\u00e5lideligt ur, er dette ur klar til alt. Med en st\u00f8dsikker konstruktion, baggrundsbelyst display og vandt\u00e6t kabinet h\u00e5ndterer dette ur h\u00e5rde forhold uden at svede &#8211; og ser godt ud, mens det g\u00f8r det.<\/p>\n<p data-start=\"67\" data-end=\"310\"><img decoding=\"async\" class=\"size-full wp-image-25646 aligncenter\" src=\"https:\/\/keluvo.com\/template\/wp-content\/uploads\/sites\/5\/2025\/06\/xxGpxaTfXsFX88ueqgX6.jpg\" alt=\"\" \/><\/p>\n<h2 style=\"text-align: center\" data-start=\"463\" data-end=\"485\">Hovedfordele<\/h2>\n<p data-start=\"488\" data-end=\"526\">\ud83d\udd52 Letl\u00e6selig digital tidsvisning<\/p>\n<p data-start=\"529\" data-end=\"573\">\ud83d\udca1 Baggrundsbelyst sk\u00e6rm for synlighed om natten<\/p>\n<p data-start=\"529\" data-end=\"573\">\ud83d\udca7 Vandafvisende (WR30M) til hverdagens st\u00e6nk<\/p>\n<p data-start=\"629\" data-end=\"665\">\ud83e\uddf1 Holdbar st\u00f8dsikker konstruktion<\/p>\n<p data-start=\"629\" data-end=\"665\">\ud83c\udfaf Perfekt til sport, tr\u00e6ning og fritid wear<\/p>\n<p data-start=\"629\" data-end=\"665\"><img decoding=\"async\" class=\"size-full wp-image-25645 aligncenter\" src=\"https:\/\/keluvo.com\/template\/wp-content\/uploads\/sites\/5\/2025\/06\/stive.webp\" alt=\"\" \/><\/p>\n<h2 style=\"text-align: center\" data-start=\"718\" data-end=\"739\">S\u00e5dan Bruges<\/h2>\n<ol data-start=\"740\" data-end=\"878\">\n<li data-start=\"740\" data-end=\"780\">\n<p data-start=\"743\" data-end=\"780\">Indstil tiden med sideknapperne.<\/p>\n<\/li>\n<li data-start=\"781\" data-end=\"829\">\n<p data-start=\"784\" data-end=\"829\">Brug alarm- og stopursfunktionerne efter behov.<\/p>\n<\/li>\n<\/ol>\n<h2 style=\"text-align: center\" data-start=\"880\" data-end=\"905\">Produktdetaljer<\/h2>\n<ul data-start=\"906\" data-end=\"1070\">\n<li data-start=\"906\" data-end=\"930\">\n<p data-start=\"908\" data-end=\"930\">Kassediameter: 55 mm<\/p>\n<\/li>\n<li data-start=\"931\" data-end=\"956\">\n<p data-start=\"933\" data-end=\"956\">Kassetykkelse: 18 mm<\/p>\n<\/li>\n<li data-start=\"957\" data-end=\"978\">\n<p data-start=\"959\" data-end=\"978\">B\u00e5ndbredde: 22 mm<\/p>\n<\/li>\n<li data-start=\"979\" data-end=\"1018\">\n<p data-start=\"981\" data-end=\"1018\">B\u00e5ndsl\u00e6ngde: justerbar op til 26 cm<\/p>\n<\/li>\n<li data-start=\"1019\" data-end=\"1043\">\n<p data-start=\"1021\" data-end=\"1043\">V\u00e6gt: ca. 65 g<\/p>\n<\/li>\n<li data-start=\"1044\" data-end=\"1070\">\n<p data-start=\"1046\" data-end=\"1070\">Vandt\u00e6t klassificering: 30M<\/p>\n<\/li>\n<\/ul>\n<h2 style=\"text-align: center\" data-start=\"1072\" data-end=\"1098\">Pakken Indeholder<\/h2>\n<ul data-start=\"1099\" data-end=\"1151\">\n<li data-start=\"1099\" data-end=\"1133\">\n<p data-start=\"1101\" data-end=\"1133\">1x digitalt ur til m\u00e6nd<\/p>\n<\/li>\n<li data-start=\"1134\" data-end=\"1151\">\n<p data-start=\"1136\" data-end=\"1151\">1 brugervejledning.<\/p>\n<\/li>\n<\/ul>\n","protected":false},"excerpt":{"rendered":"<p>Bygget Til Action. Stylet Til Hverdagen. \u231a\ud83d\udd25 Dette digitale ur er den ultimative kombination af robust ydeevne og dristigt design. [&hellip;]<\/p>\n","protected":false},"featured_media":19252,"comment_status":"open","ping_status":"closed","template":"","meta":{"site-sidebar-layout":"default","site-content-layout":"","ast-site-content-layout":"default","site-content-style":"default","site-sidebar-style":"default","ast-global-header-display":"","ast-banner-title-visibility":"","ast-main-header-display":"","ast-hfb-above-header-display":"","ast-hfb-below-header-display":"","ast-hfb-mobile-header-display":"","site-post-title":"","ast-breadcrumbs-content":"","ast-featured-img":"","footer-sml-layout":"","theme-transparent-header-meta":"default","adv-header-id-meta":"","stick-header-meta":"","header-above-stick-meta":"","header-main-stick-meta":"","header-below-stick-meta":"","astra-migrate-meta-layouts":"set","ast-page-background-enabled":"default","ast-page-background-meta":{"desktop":{"background-color":"var(--ast-global-color-5)","background-image":"","background-repeat":"repeat","background-position":"center center","background-size":"auto","background-attachment":"scroll","background-type":"","background-media":"","overlay-type":"","overlay-color":"","overlay-opacity":"","overlay-gradient":""},"tablet":{"background-color":"","background-image":"","background-repeat":"repeat","background-position":"center center","background-size":"auto","background-attachment":"scroll","background-type":"","background-media":"","overlay-type":"","overlay-color":"","overlay-opacity":"","overlay-gradient":""},"mobile":{"background-color":"","background-image":"","background-repeat":"repeat","background-position":"center center","background-size":"auto","background-attachment":"scroll","background-type":"","background-media":"","overlay-type":"","overlay-color":"","overlay-opacity":"","overlay-gradient":""}},"ast-content-background-meta":{"desktop":{"background-color":"var(--ast-global-color-4)","background-image":"","background-repeat":"repeat","background-position":"center center","background-size":"auto","background-attachment":"scroll","background-type":"","background-media":"","overlay-type":"","overlay-color":"","overlay-opacity":"","overlay-gradient":""},"tablet":{"background-color":"var(--ast-global-color-4)","background-image":"","background-repeat":"repeat","background-position":"center center","background-size":"auto","background-attachment":"scroll","background-type":"","background-media":"","overlay-type":"","overlay-color":"","overlay-opacity":"","overlay-gradient":""},"mobile":{"background-color":"var(--ast-global-color-4)","background-image":"","background-repeat":"repeat","background-position":"center center","background-size":"auto","background-attachment":"scroll","background-type":"","background-media":"","overlay-type":"","overlay-color":"","overlay-opacity":"","overlay-gradient":""}}},"product_brand":[],"product_cat":[19],"product_tag":[],"class_list":{"0":"post-19256","1":"product","2":"type-product","3":"status-publish","4":"has-post-thumbnail","6":"product_cat-uncategorized","7":"pa_47636_gb1v54jg-blaa","8":"pa_47636_gb1v54jg-guld","9":"pa_47636_gb1v54jg-roed","10":"pa_47636_gb1v54jg-sort","11":"desktop-align-left","12":"tablet-align-left","13":"mobile-align-left","15":"first","16":"instock","17":"shipping-taxable","18":"purchasable","19":"product-type-variable"},"_links":{"self":[{"href":"https:\/\/ecostera.com\/dk\/wp-json\/wp\/v2\/product\/19256","targetHints":{"allow":["GET"]}}],"collection":[{"href":"https:\/\/ecostera.com\/dk\/wp-json\/wp\/v2\/product"}],"about":[{"href":"https:\/\/ecostera.com\/dk\/wp-json\/wp\/v2\/types\/product"}],"replies":[{"embeddable":true,"href":"https:\/\/ecostera.com\/dk\/wp-json\/wp\/v2\/comments?post=19256"}],"wp:featuredmedia":[{"embeddable":true,"href":"https:\/\/ecostera.com\/dk\/wp-json\/wp\/v2\/media\/19252"}],"wp:attachment":[{"href":"https:\/\/ecostera.com\/dk\/wp-json\/wp\/v2\/media?parent=19256"}],"wp:term":[{"taxonomy":"product_brand","embeddable":true,"href":"https:\/\/ecostera.com\/dk\/wp-json\/wp\/v2\/product_brand?post=19256"},{"taxonomy":"product_cat","embeddable":true,"href":"https:\/\/ecostera.com\/dk\/wp-json\/wp\/v2\/product_cat?post=19256"},{"taxonomy":"product_tag","embeddable":true,"href":"https:\/\/ecostera.com\/dk\/wp-json\/wp\/v2\/product_tag?post=19256"}],"curies":[{"name":"wp","href":"https:\/\/api.w.org\/{rel}","templated":true}]}}