{"id":19315,"date":"2025-09-18T20:01:30","date_gmt":"2025-09-18T17:01:30","guid":{"rendered":"https:\/\/ecostera.com\/dk\/product\/symaskine\/"},"modified":"2025-09-19T17:15:08","modified_gmt":"2025-09-19T14:15:08","slug":"symaskine","status":"publish","type":"product","link":"https:\/\/ecostera.com\/dk\/product\/symaskine\/","title":{"rendered":"Symaskine"},"content":{"rendered":"<p style=\"text-align: center\" data-start=\"111\" data-end=\"149\"><strong>\ud83e\uddf5 Sy Som En Professionel \u2013 N\u00e5r Som Helst Og Hvor Som Helst!<\/strong><\/p>\n<p style=\"text-align: center\" data-start=\"111\" data-end=\"149\">Denne symaskine er en kompakt elektrisk maskine, der g\u00f8r hverdagens t\u00f8jreparationer hurtige, nemme og sjove! Uanset om du justerer en s\u00f8m, reparerer en revne eller skaber noget nyt, er denne lille maskine din hj\u00e6lper. Den er perfekt til begyndere, travle for\u00e6ldre eller alle, der \u00f8nsker en problemfri m\u00e5de at reparere t\u00f8j p\u00e5 uden at skulle bes\u00f8ge en skr\u00e6dder.<\/p>\n<p data-start=\"111\" data-end=\"149\"><img decoding=\"async\" class=\"size-full wp-image-25694 aligncenter\" src=\"https:\/\/keluvo.com\/template\/wp-content\/uploads\/sites\/5\/2025\/06\/d1.gif\" alt=\"\" \/><\/p>\n<h2 style=\"text-align: center\" data-start=\"509\" data-end=\"529\">\u2728 Vigtigste Fordele<\/h2>\n<p data-start=\"532\" data-end=\"581\">\ud83e\udea1 Nem one-touch-betjening &#8211; ideel til begyndere<\/p>\n<p data-start=\"584\" data-end=\"638\">\ud83d\udc5c Kompakt og let &#8211; passer i enhver skuffe eller taske<\/p>\n<p data-start=\"641\" data-end=\"695\">\ud83e\udde5 Fungerer p\u00e5 alle typer stof &#8211; fra bomuld til denim<\/p>\n<p data-start=\"748\" data-end=\"797\">\ud83e\uddfd Enkel at reng\u00f8re og opbevare &#8211; intet rod, ingen stress<\/p>\n<p data-start=\"748\" data-end=\"797\"><img decoding=\"async\" class=\"size-full wp-image-25695 aligncenter\" src=\"https:\/\/keluvo.com\/template\/wp-content\/uploads\/sites\/5\/2025\/06\/a1.png\" alt=\"\" \/><\/p>\n<h2 style=\"text-align: center\" data-start=\"799\" data-end=\"817\">\ud83d\udccd S\u00e5dan Bruges<\/h2>\n<ol data-start=\"818\" data-end=\"984\">\n<li data-start=\"818\" data-end=\"848\">\n<p data-start=\"821\" data-end=\"848\">Slut den til.<\/p>\n<\/li>\n<li data-start=\"849\" data-end=\"900\">\n<p data-start=\"852\" data-end=\"900\">Tr\u00e5d maskinen (bare f\u00f8lg den nemme vejledning!).<\/p>\n<\/li>\n<li data-start=\"901\" data-end=\"939\">\n<p data-start=\"904\" data-end=\"939\">Placer stoffet under trykfoden.<\/p>\n<\/li>\n<li data-start=\"940\" data-end=\"984\">\n<p data-start=\"943\" data-end=\"984\">Tryk p\u00e5 knappen eller pedalen for at begynde at sy.<\/p>\n<\/li>\n<\/ol>\n<h2 style=\"text-align: center\">\ud83d\udccf Produktdetaljer<\/h2>\n<ul data-start=\"1010\" data-end=\"1128\">\n<li data-start=\"1010\" data-end=\"1053\">\n<p data-start=\"1012\" data-end=\"1053\">Dimensioner: lille og pladsbesparende design<\/p>\n<\/li>\n<li data-start=\"1078\" data-end=\"1128\">\n<p data-start=\"1080\" data-end=\"1128\">Inkluderer tr\u00e5d, spoler, n\u00e5l og fodpedal<\/p>\n<\/li>\n<\/ul>\n<h2 style=\"text-align: center\" data-start=\"1130\" data-end=\"1154\">\ud83d\udce6 Pakken Indeholder<\/h2>\n<ul data-start=\"1155\" data-end=\"1279\">\n<li data-start=\"1155\" data-end=\"1198\">\n<p data-start=\"1157\" data-end=\"1198\">1x symaskine<\/p>\n<\/li>\n<li data-start=\"1199\" data-end=\"1226\">\n<p data-start=\"1201\" data-end=\"1226\">Fodpedal + tr\u00e5ds\u00e6t<\/p>\n<\/li>\n<li data-start=\"1199\" data-end=\"1226\">\n<p data-start=\"1201\" data-end=\"1226\">EU-stik<\/p>\n<\/li>\n<li data-start=\"1227\" data-end=\"1256\">\n<p data-start=\"1229\" data-end=\"1256\">Reserve n\u00e5le og spoler<\/p>\n<\/li>\n<li data-start=\"1257\" data-end=\"1279\">\n<p data-start=\"1259\" data-end=\"1279\">Instruktionsmanual.<\/p>\n<\/li>\n<\/ul>\n","protected":false},"excerpt":{"rendered":"<p>\ud83e\uddf5 Sy Som En Professionel \u2013 N\u00e5r Som Helst Og Hvor Som Helst! Denne symaskine er en kompakt elektrisk maskine, [&hellip;]<\/p>\n","protected":false},"featured_media":19311,"comment_status":"open","ping_status":"closed","template":"","meta":{"site-sidebar-layout":"default","site-content-layout":"","ast-site-content-layout":"default","site-content-style":"default","site-sidebar-style":"default","ast-global-header-display":"","ast-banner-title-visibility":"","ast-main-header-display":"","ast-hfb-above-header-display":"","ast-hfb-below-header-display":"","ast-hfb-mobile-header-display":"","site-post-title":"","ast-breadcrumbs-content":"","ast-featured-img":"","footer-sml-layout":"","theme-transparent-header-meta":"default","adv-header-id-meta":"","stick-header-meta":"","header-above-stick-meta":"","header-main-stick-meta":"","header-below-stick-meta":"","astra-migrate-meta-layouts":"set","ast-page-background-enabled":"default","ast-page-background-meta":{"desktop":{"background-color":"var(--ast-global-color-5)","background-image":"","background-repeat":"repeat","background-position":"center center","background-size":"auto","background-attachment":"scroll","background-type":"","background-media":"","overlay-type":"","overlay-color":"","overlay-opacity":"","overlay-gradient":""},"tablet":{"background-color":"","background-image":"","background-repeat":"repeat","background-position":"center center","background-size":"auto","background-attachment":"scroll","background-type":"","background-media":"","overlay-type":"","overlay-color":"","overlay-opacity":"","overlay-gradient":""},"mobile":{"background-color":"","background-image":"","background-repeat":"repeat","background-position":"center center","background-size":"auto","background-attachment":"scroll","background-type":"","background-media":"","overlay-type":"","overlay-color":"","overlay-opacity":"","overlay-gradient":""}},"ast-content-background-meta":{"desktop":{"background-color":"var(--ast-global-color-4)","background-image":"","background-repeat":"repeat","background-position":"center center","background-size":"auto","background-attachment":"scroll","background-type":"","background-media":"","overlay-type":"","overlay-color":"","overlay-opacity":"","overlay-gradient":""},"tablet":{"background-color":"var(--ast-global-color-4)","background-image":"","background-repeat":"repeat","background-position":"center center","background-size":"auto","background-attachment":"scroll","background-type":"","background-media":"","overlay-type":"","overlay-color":"","overlay-opacity":"","overlay-gradient":""},"mobile":{"background-color":"var(--ast-global-color-4)","background-image":"","background-repeat":"repeat","background-position":"center center","background-size":"auto","background-attachment":"scroll","background-type":"","background-media":"","overlay-type":"","overlay-color":"","overlay-opacity":"","overlay-gradient":""}}},"product_brand":[],"product_cat":[19],"product_tag":[],"class_list":{"0":"post-19315","1":"product","2":"type-product","3":"status-publish","4":"has-post-thumbnail","6":"product_cat-uncategorized","7":"desktop-align-left","8":"tablet-align-left","9":"mobile-align-left","11":"first","12":"instock","13":"shipping-taxable","14":"purchasable","15":"product-type-simple"},"_links":{"self":[{"href":"https:\/\/ecostera.com\/dk\/wp-json\/wp\/v2\/product\/19315","targetHints":{"allow":["GET"]}}],"collection":[{"href":"https:\/\/ecostera.com\/dk\/wp-json\/wp\/v2\/product"}],"about":[{"href":"https:\/\/ecostera.com\/dk\/wp-json\/wp\/v2\/types\/product"}],"replies":[{"embeddable":true,"href":"https:\/\/ecostera.com\/dk\/wp-json\/wp\/v2\/comments?post=19315"}],"wp:featuredmedia":[{"embeddable":true,"href":"https:\/\/ecostera.com\/dk\/wp-json\/wp\/v2\/media\/19311"}],"wp:attachment":[{"href":"https:\/\/ecostera.com\/dk\/wp-json\/wp\/v2\/media?parent=19315"}],"wp:term":[{"taxonomy":"product_brand","embeddable":true,"href":"https:\/\/ecostera.com\/dk\/wp-json\/wp\/v2\/product_brand?post=19315"},{"taxonomy":"product_cat","embeddable":true,"href":"https:\/\/ecostera.com\/dk\/wp-json\/wp\/v2\/product_cat?post=19315"},{"taxonomy":"product_tag","embeddable":true,"href":"https:\/\/ecostera.com\/dk\/wp-json\/wp\/v2\/product_tag?post=19315"}],"curies":[{"name":"wp","href":"https:\/\/api.w.org\/{rel}","templated":true}]}}