{"id":19386,"date":"2025-09-18T20:08:55","date_gmt":"2025-09-18T17:08:55","guid":{"rendered":"https:\/\/ecostera.com\/dk\/product\/skuldertaske-3\/"},"modified":"2025-09-19T17:22:17","modified_gmt":"2025-09-19T14:22:17","slug":"skuldertaske-3","status":"publish","type":"product","link":"https:\/\/ecostera.com\/dk\/product\/skuldertaske-3\/","title":{"rendered":"Skuldertaske"},"content":{"rendered":"<p style=\"text-align: center\" data-start=\"122\" data-end=\"167\"><strong>\ud83d\udc5c \u00c9n Taske. Alle Dine Vigtigste Ting. Nul Stress!<\/strong><\/p>\n<p style=\"text-align: center\" data-start=\"122\" data-end=\"167\">Denne skuldertaske er din daglige go-to til arbejde, rejser, fitness, shopping &#8211; eller bare til at holde styr p\u00e5 livet. Med flere rum og et slankt, stilfuldt design rummer den alt, hvad du har brug for, uden at fylde for meget. Fra din b\u00e6rbare computer til din l\u00e6bestift, der er plads til det hele!<\/p>\n<p data-start=\"122\" data-end=\"167\"><img decoding=\"async\" class=\"size-full wp-image-25751 aligncenter\" src=\"https:\/\/keluvo.com\/template\/wp-content\/uploads\/sites\/5\/2025\/06\/e1f8372fe7e38a42b874d36c00fd312d7f08798a_480x480.webp\" alt=\"\" \/><\/p>\n<h2 style=\"text-align: center\" data-start=\"455\" data-end=\"476\">\ud83d\udc96 Vigtigste Fordele<\/h2>\n<p data-start=\"479\" data-end=\"536\">\ud83e\uddf3 Rummeligt interi\u00f8r til b\u00e6rbar computer, b\u00f8ger, t\u00f8j og meget mere<\/p>\n<p data-start=\"539\" data-end=\"587\">\ud83c\udf92 Flere rum til p\u00e6n organisering<\/p>\n<p data-start=\"590\" data-end=\"640\">\ud83d\udca6 Vandafvisende stof holder dine ting sikre<\/p>\n<p data-start=\"643\" data-end=\"685\">\ud83e\uddf5 Holdbare syninger og kvalitetslynl\u00e5se<\/p>\n<p data-start=\"688\" data-end=\"729\">\ud83c\udfa8 F\u00e5s i flere elegante farver<\/p>\n<p data-start=\"688\" data-end=\"729\"><img decoding=\"async\" class=\"size-full wp-image-25750 aligncenter\" src=\"https:\/\/keluvo.com\/template\/wp-content\/uploads\/sites\/5\/2025\/06\/8_5630b8ff-b215-4e83-8aa3-165ef38ade86_480x480.webp\" alt=\"\" \/><\/p>\n<h2 style=\"text-align: center\" data-start=\"731\" data-end=\"749\">\ud83d\udccc S\u00e5dan Bruger Du Den<\/h2>\n<ol data-start=\"750\" data-end=\"888\">\n<li data-start=\"750\" data-end=\"793\">\n<p data-start=\"753\" data-end=\"793\">Fyld den med dine daglige must-haves.<\/p>\n<\/li>\n<li data-start=\"794\" data-end=\"844\">\n<p data-start=\"797\" data-end=\"844\">Brug den som h\u00e5ndtaske, skuldertaske eller crossbody og nyd din dag &#8211; stilfuld og uden rod!<\/p>\n<\/li>\n<li data-start=\"845\" data-end=\"888\">\n<p data-start=\"848\" data-end=\"888\">Nyd din dag &#8211; stilfuld og uden rod!<\/p>\n<\/li>\n<\/ol>\n<h2 style=\"text-align: center\" data-start=\"890\" data-end=\"913\">\ud83d\udccf Produktdetaljer<\/h2>\n<ul data-start=\"914\" data-end=\"1084\">\n<li data-start=\"914\" data-end=\"942\">\n<p data-start=\"916\" data-end=\"942\">St\u00f8rrelse: 32 cm x 28 cm x 13 cm<\/p>\n<\/li>\n<li data-start=\"943\" data-end=\"981\">\n<p data-start=\"945\" data-end=\"981\">Materiale: let nylonstof<\/p>\n<\/li>\n<li data-start=\"982\" data-end=\"1031\">\n<p data-start=\"984\" data-end=\"1031\">Rem: justerbar og aftagelig skulderrem<\/p>\n<\/li>\n<li data-start=\"1032\" data-end=\"1084\">\n<p data-start=\"1034\" data-end=\"1084\">Lommer: hovedlynl\u00e5s + side- og inderrum<\/p>\n<\/li>\n<\/ul>\n<h2 style=\"text-align: center\" data-start=\"1086\" data-end=\"1110\">\ud83d\udce6 Pakken Indeholder<\/h2>\n<ul data-start=\"1111\" data-end=\"1151\">\n<li data-start=\"1111\" data-end=\"1151\">\n<p data-start=\"1113\" data-end=\"1151\">1 stk. skuldertaske.<\/p>\n<\/li>\n<\/ul>\n","protected":false},"excerpt":{"rendered":"<p>\ud83d\udc5c \u00c9n Taske. Alle Dine Vigtigste Ting. Nul Stress! Denne skuldertaske er din daglige go-to til arbejde, rejser, fitness, shopping [&hellip;]<\/p>\n","protected":false},"featured_media":19382,"comment_status":"open","ping_status":"closed","template":"","meta":{"site-sidebar-layout":"default","site-content-layout":"","ast-site-content-layout":"default","site-content-style":"default","site-sidebar-style":"default","ast-global-header-display":"","ast-banner-title-visibility":"","ast-main-header-display":"","ast-hfb-above-header-display":"","ast-hfb-below-header-display":"","ast-hfb-mobile-header-display":"","site-post-title":"","ast-breadcrumbs-content":"","ast-featured-img":"","footer-sml-layout":"","theme-transparent-header-meta":"default","adv-header-id-meta":"","stick-header-meta":"","header-above-stick-meta":"","header-main-stick-meta":"","header-below-stick-meta":"","astra-migrate-meta-layouts":"set","ast-page-background-enabled":"default","ast-page-background-meta":{"desktop":{"background-color":"var(--ast-global-color-5)","background-image":"","background-repeat":"repeat","background-position":"center center","background-size":"auto","background-attachment":"scroll","background-type":"","background-media":"","overlay-type":"","overlay-color":"","overlay-opacity":"","overlay-gradient":""},"tablet":{"background-color":"","background-image":"","background-repeat":"repeat","background-position":"center center","background-size":"auto","background-attachment":"scroll","background-type":"","background-media":"","overlay-type":"","overlay-color":"","overlay-opacity":"","overlay-gradient":""},"mobile":{"background-color":"","background-image":"","background-repeat":"repeat","background-position":"center center","background-size":"auto","background-attachment":"scroll","background-type":"","background-media":"","overlay-type":"","overlay-color":"","overlay-opacity":"","overlay-gradient":""}},"ast-content-background-meta":{"desktop":{"background-color":"var(--ast-global-color-4)","background-image":"","background-repeat":"repeat","background-position":"center center","background-size":"auto","background-attachment":"scroll","background-type":"","background-media":"","overlay-type":"","overlay-color":"","overlay-opacity":"","overlay-gradient":""},"tablet":{"background-color":"var(--ast-global-color-4)","background-image":"","background-repeat":"repeat","background-position":"center center","background-size":"auto","background-attachment":"scroll","background-type":"","background-media":"","overlay-type":"","overlay-color":"","overlay-opacity":"","overlay-gradient":""},"mobile":{"background-color":"var(--ast-global-color-4)","background-image":"","background-repeat":"repeat","background-position":"center center","background-size":"auto","background-attachment":"scroll","background-type":"","background-media":"","overlay-type":"","overlay-color":"","overlay-opacity":"","overlay-gradient":""}}},"product_brand":[],"product_cat":[19],"product_tag":[],"class_list":{"0":"post-19386","1":"product","2":"type-product","3":"status-publish","4":"has-post-thumbnail","6":"product_cat-uncategorized","7":"pa_30629_mj1hcc5l-blaa","8":"pa_30629_mj1hcc5l-gul","9":"pa_30629_mj1hcc5l-lilla","10":"pa_30629_mj1hcc5l-lyseblaa","11":"pa_30629_mj1hcc5l-lyseroed","12":"pa_30629_mj1hcc5l-moerkeblaa","13":"pa_30629_mj1hcc5l-roed","14":"pa_30629_mj1hcc5l-sort","15":"desktop-align-left","16":"tablet-align-left","17":"mobile-align-left","19":"first","20":"instock","21":"shipping-taxable","22":"purchasable","23":"product-type-variable"},"_links":{"self":[{"href":"https:\/\/ecostera.com\/dk\/wp-json\/wp\/v2\/product\/19386","targetHints":{"allow":["GET"]}}],"collection":[{"href":"https:\/\/ecostera.com\/dk\/wp-json\/wp\/v2\/product"}],"about":[{"href":"https:\/\/ecostera.com\/dk\/wp-json\/wp\/v2\/types\/product"}],"replies":[{"embeddable":true,"href":"https:\/\/ecostera.com\/dk\/wp-json\/wp\/v2\/comments?post=19386"}],"wp:featuredmedia":[{"embeddable":true,"href":"https:\/\/ecostera.com\/dk\/wp-json\/wp\/v2\/media\/19382"}],"wp:attachment":[{"href":"https:\/\/ecostera.com\/dk\/wp-json\/wp\/v2\/media?parent=19386"}],"wp:term":[{"taxonomy":"product_brand","embeddable":true,"href":"https:\/\/ecostera.com\/dk\/wp-json\/wp\/v2\/product_brand?post=19386"},{"taxonomy":"product_cat","embeddable":true,"href":"https:\/\/ecostera.com\/dk\/wp-json\/wp\/v2\/product_cat?post=19386"},{"taxonomy":"product_tag","embeddable":true,"href":"https:\/\/ecostera.com\/dk\/wp-json\/wp\/v2\/product_tag?post=19386"}],"curies":[{"name":"wp","href":"https:\/\/api.w.org\/{rel}","templated":true}]}}