{"id":19428,"date":"2025-09-18T20:12:06","date_gmt":"2025-09-18T17:12:06","guid":{"rendered":"https:\/\/ecostera.com\/dk\/product\/ur-med-magnetisk-levitation\/"},"modified":"2025-09-19T17:25:57","modified_gmt":"2025-09-19T14:25:57","slug":"ur-med-magnetisk-levitation","status":"publish","type":"product","link":"https:\/\/ecostera.com\/dk\/product\/ur-med-magnetisk-levitation\/","title":{"rendered":"Ur med magnetisk levitation"},"content":{"rendered":"<p style=\"text-align: center\" data-start=\"76\" data-end=\"292\"><strong>\ud83e\uddf2 Tid, der sv\u00e6ver p\u00e5 dit h\u00e5ndled!\u231a<\/strong><\/p>\n<p style=\"text-align: center\" data-start=\"76\" data-end=\"292\">Dette magnetiske sv\u00e6veur v\u00e6kker opsigt med sit futuristiske design &#8211; hvor tiden bogstaveligt talt bev\u00e6ger sig gennem luften. Ingen traditionelle visere, bare slanke magnetiske kugler, der kredser med stil. Moderne, dristigt og ikke som noget, du har set f\u00f8r.<\/p>\n<p data-start=\"76\" data-end=\"292\"><img decoding=\"async\" class=\"size-full wp-image-25931 aligncenter\" src=\"https:\/\/keluvo.com\/template\/wp-content\/uploads\/sites\/5\/2025\/07\/06251-ezgif.com-video-to-webp-converter.webp\" alt=\"\" \/><\/p>\n<h2 style=\"text-align: center\" data-start=\"348\" data-end=\"369\">\u2728 Vigtigste Fordele<\/h2>\n<p data-start=\"372\" data-end=\"417\">\ud83c\udf00 Unik magnetisk bev\u00e6gelse &#8211; ingen visere er n\u00f8dvendige<\/p>\n<p data-start=\"420\" data-end=\"456\">\ud83e\uddf2 Tiden sv\u00e6ver synligt p\u00e5 urskiven<\/p>\n<p data-start=\"459\" data-end=\"521\">\ud83d\udcbc Elegant, maskulint look, perfekt til hverdag eller fest<\/p>\n<p data-start=\"524\" data-end=\"558\">\ud83d\udca7 Vandt\u00e6t til daglig brug<\/p>\n<p data-start=\"561\" data-end=\"597\">\ud83e\ude84 Garanteret samtalestarter<\/p>\n<p data-start=\"561\" data-end=\"597\"><img decoding=\"async\" class=\"size-full wp-image-25932 aligncenter\" src=\"https:\/\/keluvo.com\/template\/wp-content\/uploads\/sites\/5\/2025\/07\/cb0e8f08-4ef0-40d4-ada1-60965f1b9918.gif\" alt=\"\" \/><\/p>\n<h2 style=\"text-align: center\" data-start=\"599\" data-end=\"618\">\ud83d\udd27 S\u00e5dan Bruges<\/h2>\n<ol data-start=\"619\" data-end=\"804\">\n<li data-start=\"619\" data-end=\"677\">\n<p data-start=\"622\" data-end=\"677\">Tag det p\u00e5 som ethvert andet ur, og juster remmen, s\u00e5 den passer.<\/p>\n<\/li>\n<li data-start=\"678\" data-end=\"755\">\n<p data-start=\"681\" data-end=\"755\">Afl\u00e6s tiden ved hj\u00e6lp af den ydre kugle for timer og den indre kugle for minutter.<\/p>\n<\/li>\n<li data-start=\"756\" data-end=\"804\">\n<p data-start=\"759\" data-end=\"804\">Nyd komplimenterne og de nysgerrige blikke \ud83d\ude0e<\/p>\n<\/li>\n<\/ol>\n<h2 style=\"text-align: center\" data-start=\"806\" data-end=\"830\">\ud83d\udccf Produktdetaljer<\/h2>\n<ul data-start=\"831\" data-end=\"991\">\n<li data-start=\"831\" data-end=\"860\">\n<p data-start=\"833\" data-end=\"860\">Bev\u00e6gelse: Magnetisk kvarts<\/p>\n<\/li>\n<li data-start=\"861\" data-end=\"887\">\n<p data-start=\"863\" data-end=\"887\">Vandmodstand: 3ATM<\/p>\n<\/li>\n<li data-start=\"888\" data-end=\"911\">\n<p data-start=\"890\" data-end=\"911\">Kabinettets diameter: 42 mm<\/p>\n<\/li>\n<li data-start=\"912\" data-end=\"948\">\n<p data-start=\"914\" data-end=\"948\">Strap materiale: St\u00e5l eller l\u00e6der<\/p>\n<\/li>\n<li data-start=\"949\" data-end=\"971\">\n<p data-start=\"951\" data-end=\"971\">Remmens l\u00e6ngde: 22 cm<\/p>\n<\/li>\n<li data-start=\"972\" data-end=\"991\">\n<p data-start=\"974\" data-end=\"991\">Tykkelse: 12 mm<\/p>\n<\/li>\n<\/ul>\n<h2 style=\"text-align: center\" data-start=\"993\" data-end=\"1018\">\ud83d\udce6 Pakken Indeholder<\/h2>\n<ul data-start=\"1019\" data-end=\"1073\">\n<li data-start=\"1019\" data-end=\"1051\">\n<p data-start=\"1021\" data-end=\"1051\">1x magnetisk sv\u00e6veur<\/p>\n<\/li>\n<li data-start=\"1052\" data-end=\"1073\">\n<p data-start=\"1054\" data-end=\"1073\">1x f\u00f8rsteklasses gave\u00e6ske.<\/p>\n<\/li>\n<\/ul>\n","protected":false},"excerpt":{"rendered":"<p>\ud83e\uddf2 Tid, der sv\u00e6ver p\u00e5 dit h\u00e5ndled!\u231a Dette magnetiske sv\u00e6veur v\u00e6kker opsigt med sit futuristiske design &#8211; hvor tiden bogstaveligt [&hellip;]<\/p>\n","protected":false},"featured_media":19424,"comment_status":"open","ping_status":"closed","template":"","meta":{"site-sidebar-layout":"default","site-content-layout":"","ast-site-content-layout":"default","site-content-style":"default","site-sidebar-style":"default","ast-global-header-display":"","ast-banner-title-visibility":"","ast-main-header-display":"","ast-hfb-above-header-display":"","ast-hfb-below-header-display":"","ast-hfb-mobile-header-display":"","site-post-title":"","ast-breadcrumbs-content":"","ast-featured-img":"","footer-sml-layout":"","theme-transparent-header-meta":"default","adv-header-id-meta":"","stick-header-meta":"","header-above-stick-meta":"","header-main-stick-meta":"","header-below-stick-meta":"","astra-migrate-meta-layouts":"set","ast-page-background-enabled":"default","ast-page-background-meta":{"desktop":{"background-color":"var(--ast-global-color-5)","background-image":"","background-repeat":"repeat","background-position":"center center","background-size":"auto","background-attachment":"scroll","background-type":"","background-media":"","overlay-type":"","overlay-color":"","overlay-opacity":"","overlay-gradient":""},"tablet":{"background-color":"","background-image":"","background-repeat":"repeat","background-position":"center center","background-size":"auto","background-attachment":"scroll","background-type":"","background-media":"","overlay-type":"","overlay-color":"","overlay-opacity":"","overlay-gradient":""},"mobile":{"background-color":"","background-image":"","background-repeat":"repeat","background-position":"center center","background-size":"auto","background-attachment":"scroll","background-type":"","background-media":"","overlay-type":"","overlay-color":"","overlay-opacity":"","overlay-gradient":""}},"ast-content-background-meta":{"desktop":{"background-color":"var(--ast-global-color-4)","background-image":"","background-repeat":"repeat","background-position":"center center","background-size":"auto","background-attachment":"scroll","background-type":"","background-media":"","overlay-type":"","overlay-color":"","overlay-opacity":"","overlay-gradient":""},"tablet":{"background-color":"var(--ast-global-color-4)","background-image":"","background-repeat":"repeat","background-position":"center center","background-size":"auto","background-attachment":"scroll","background-type":"","background-media":"","overlay-type":"","overlay-color":"","overlay-opacity":"","overlay-gradient":""},"mobile":{"background-color":"var(--ast-global-color-4)","background-image":"","background-repeat":"repeat","background-position":"center center","background-size":"auto","background-attachment":"scroll","background-type":"","background-media":"","overlay-type":"","overlay-color":"","overlay-opacity":"","overlay-gradient":""}}},"product_brand":[],"product_cat":[19],"product_tag":[],"class_list":{"0":"post-19428","1":"product","2":"type-product","3":"status-publish","4":"has-post-thumbnail","6":"product_cat-uncategorized","7":"pa_37608_9e10xgzu-a","8":"pa_37608_9e10xgzu-b","9":"pa_37608_9e10xgzu-c","10":"desktop-align-left","11":"tablet-align-left","12":"mobile-align-left","14":"first","15":"instock","16":"shipping-taxable","17":"purchasable","18":"product-type-variable"},"_links":{"self":[{"href":"https:\/\/ecostera.com\/dk\/wp-json\/wp\/v2\/product\/19428","targetHints":{"allow":["GET"]}}],"collection":[{"href":"https:\/\/ecostera.com\/dk\/wp-json\/wp\/v2\/product"}],"about":[{"href":"https:\/\/ecostera.com\/dk\/wp-json\/wp\/v2\/types\/product"}],"replies":[{"embeddable":true,"href":"https:\/\/ecostera.com\/dk\/wp-json\/wp\/v2\/comments?post=19428"}],"wp:featuredmedia":[{"embeddable":true,"href":"https:\/\/ecostera.com\/dk\/wp-json\/wp\/v2\/media\/19424"}],"wp:attachment":[{"href":"https:\/\/ecostera.com\/dk\/wp-json\/wp\/v2\/media?parent=19428"}],"wp:term":[{"taxonomy":"product_brand","embeddable":true,"href":"https:\/\/ecostera.com\/dk\/wp-json\/wp\/v2\/product_brand?post=19428"},{"taxonomy":"product_cat","embeddable":true,"href":"https:\/\/ecostera.com\/dk\/wp-json\/wp\/v2\/product_cat?post=19428"},{"taxonomy":"product_tag","embeddable":true,"href":"https:\/\/ecostera.com\/dk\/wp-json\/wp\/v2\/product_tag?post=19428"}],"curies":[{"name":"wp","href":"https:\/\/api.w.org\/{rel}","templated":true}]}}