{"id":19495,"date":"2025-09-18T20:17:31","date_gmt":"2025-09-18T17:17:31","guid":{"rendered":"https:\/\/ecostera.com\/dk\/product\/telefonholder-3\/"},"modified":"2025-09-18T20:17:31","modified_gmt":"2025-09-18T17:17:31","slug":"telefonholder-3","status":"publish","type":"product","link":"https:\/\/ecostera.com\/dk\/product\/telefonholder-3\/","title":{"rendered":"Telefonholder"},"content":{"rendered":"<p style=\"text-align: center\" data-start=\"87\" data-end=\"297\"><strong>Hold \u00f8jnene p\u00e5 vejen og din telefon i perfekt udsyn \ud83d\udcf1\u00a0<\/strong><\/p>\n<p style=\"text-align: center\" data-start=\"87\" data-end=\"297\">Denne universelle biltelefonholder sidder sikkert p\u00e5 dit instrumentbr\u00e6t, s\u00e5 du kan navigere, ringe eller streame h\u00e5ndfrit &#8211; uden at blokere din forrude. Enkel, sikker og perfekt til enhver k\u00f8retur.<\/p>\n<p data-start=\"87\" data-end=\"297\"><img fetchpriority=\"high\" decoding=\"async\" class=\" wp-image-26049 aligncenter\" src=\"https:\/\/keluvo.com\/template\/wp-content\/uploads\/sites\/5\/2025\/07\/e9832b98338e6c4b9c4c2d96b2d67a5e_1_480x480_e6859fb2-0744-4865-972f-b83ff397038a_480x480.webp\" alt=\"\" width=\"404\" height=\"471\" \/><\/p>\n<h2 style=\"text-align: center\" data-start=\"345\" data-end=\"366\"><strong>Vigtigste Fordele<\/strong><\/h2>\n<p data-start=\"369\" data-end=\"415\">\ud83d\ude98 Monteres p\u00e5 instrumentbr\u00e6ttet, s\u00e5 du nemt kan se den<\/p>\n<p data-start=\"418\" data-end=\"460\">\ud83d\udd04 Kan justeres 360\u00b0 til den perfekte vinkel<\/p>\n<p data-start=\"463\" data-end=\"506\">\ud83d\udccf Passer til de fleste smartphones (op til 7 tommer)<\/p>\n<p data-start=\"509\" data-end=\"564\">\ud83e\uddf2 Et st\u00e6rkt greb holder din telefon stabil p\u00e5 uj\u00e6vne veje<\/p>\n<p data-start=\"567\" data-end=\"598\">\ud83e\uddf1 Holdbart og kompakt design<\/p>\n<p data-start=\"567\" data-end=\"598\"><img decoding=\"async\" class=\" wp-image-26048 aligncenter\" src=\"https:\/\/keluvo.com\/template\/wp-content\/uploads\/sites\/5\/2025\/07\/e9832b98338e6c4b9c4c2d96b2d_1_480x480_ee4fd999-1a75-4b5c-9594-f22a54015398_480x480.webp\" alt=\"\" width=\"407\" height=\"464\" \/><\/p>\n<h2 style=\"text-align: center\" data-start=\"600\" data-end=\"619\"><strong>S\u00e5dan Bruges<\/strong><\/h2>\n<ol data-start=\"620\" data-end=\"803\">\n<li data-start=\"620\" data-end=\"690\">\n<p data-start=\"623\" data-end=\"690\">Klip holderen fast p\u00e5 kanten af dit instrumentbr\u00e6t eller bakspejl.<\/p>\n<\/li>\n<li data-start=\"691\" data-end=\"748\">\n<p data-start=\"694\" data-end=\"748\">Placer din telefon i holderen, og juster vinklen.<\/p>\n<\/li>\n<li data-start=\"749\" data-end=\"803\">\n<p data-start=\"752\" data-end=\"803\">K\u00f8r h\u00e5ndfrit med din telefon inden for synsvidde!<\/p>\n<\/li>\n<\/ol>\n<h2 style=\"text-align: center\" data-start=\"805\" data-end=\"829\"><strong>Produktdetaljer<\/strong><\/h2>\n<ul data-start=\"830\" data-end=\"933\">\n<li data-start=\"830\" data-end=\"855\">\n<p data-start=\"832\" data-end=\"855\">Materiale: ABS-plast<\/p>\n<\/li>\n<li data-start=\"873\" data-end=\"909\">\n<p data-start=\"875\" data-end=\"909\">Passer til de fleste smartphones<\/p>\n<\/li>\n<li data-start=\"910\" data-end=\"933\">\n<p data-start=\"912\" data-end=\"933\">Nemt clip-on-design<\/p>\n<\/li>\n<\/ul>\n<h2 style=\"text-align: center\" data-start=\"935\" data-end=\"960\"><strong>Pakken Indeholder<\/strong><\/h2>\n<ul data-start=\"961\" data-end=\"1002\">\n<li data-start=\"961\" data-end=\"1002\">\n<p data-start=\"963\" data-end=\"1002\">1x telefonholder.<\/p>\n<\/li>\n<\/ul>\n","protected":false},"excerpt":{"rendered":"<p>Hold \u00f8jnene p\u00e5 vejen og din telefon i perfekt udsyn \ud83d\udcf1\u00a0 Denne universelle biltelefonholder sidder sikkert p\u00e5 dit instrumentbr\u00e6t, s\u00e5 [&hellip;]<\/p>\n","protected":false},"featured_media":19491,"comment_status":"open","ping_status":"closed","template":"","meta":{"site-sidebar-layout":"default","site-content-layout":"","ast-site-content-layout":"default","site-content-style":"default","site-sidebar-style":"default","ast-global-header-display":"","ast-banner-title-visibility":"","ast-main-header-display":"","ast-hfb-above-header-display":"","ast-hfb-below-header-display":"","ast-hfb-mobile-header-display":"","site-post-title":"","ast-breadcrumbs-content":"","ast-featured-img":"","footer-sml-layout":"","theme-transparent-header-meta":"default","adv-header-id-meta":"","stick-header-meta":"","header-above-stick-meta":"","header-main-stick-meta":"","header-below-stick-meta":"","astra-migrate-meta-layouts":"set","ast-page-background-enabled":"default","ast-page-background-meta":{"desktop":{"background-color":"var(--ast-global-color-5)","background-image":"","background-repeat":"repeat","background-position":"center center","background-size":"auto","background-attachment":"scroll","background-type":"","background-media":"","overlay-type":"","overlay-color":"","overlay-opacity":"","overlay-gradient":""},"tablet":{"background-color":"","background-image":"","background-repeat":"repeat","background-position":"center center","background-size":"auto","background-attachment":"scroll","background-type":"","background-media":"","overlay-type":"","overlay-color":"","overlay-opacity":"","overlay-gradient":""},"mobile":{"background-color":"","background-image":"","background-repeat":"repeat","background-position":"center center","background-size":"auto","background-attachment":"scroll","background-type":"","background-media":"","overlay-type":"","overlay-color":"","overlay-opacity":"","overlay-gradient":""}},"ast-content-background-meta":{"desktop":{"background-color":"var(--ast-global-color-4)","background-image":"","background-repeat":"repeat","background-position":"center center","background-size":"auto","background-attachment":"scroll","background-type":"","background-media":"","overlay-type":"","overlay-color":"","overlay-opacity":"","overlay-gradient":""},"tablet":{"background-color":"var(--ast-global-color-4)","background-image":"","background-repeat":"repeat","background-position":"center center","background-size":"auto","background-attachment":"scroll","background-type":"","background-media":"","overlay-type":"","overlay-color":"","overlay-opacity":"","overlay-gradient":""},"mobile":{"background-color":"var(--ast-global-color-4)","background-image":"","background-repeat":"repeat","background-position":"center center","background-size":"auto","background-attachment":"scroll","background-type":"","background-media":"","overlay-type":"","overlay-color":"","overlay-opacity":"","overlay-gradient":""}}},"product_brand":[],"product_cat":[19],"product_tag":[],"class_list":{"0":"post-19495","1":"product","2":"type-product","3":"status-publish","4":"has-post-thumbnail","6":"product_cat-uncategorized","7":"desktop-align-left","8":"tablet-align-left","9":"mobile-align-left","11":"first","12":"instock","13":"shipping-taxable","14":"purchasable","15":"product-type-simple"},"_links":{"self":[{"href":"https:\/\/ecostera.com\/dk\/wp-json\/wp\/v2\/product\/19495","targetHints":{"allow":["GET"]}}],"collection":[{"href":"https:\/\/ecostera.com\/dk\/wp-json\/wp\/v2\/product"}],"about":[{"href":"https:\/\/ecostera.com\/dk\/wp-json\/wp\/v2\/types\/product"}],"replies":[{"embeddable":true,"href":"https:\/\/ecostera.com\/dk\/wp-json\/wp\/v2\/comments?post=19495"}],"wp:featuredmedia":[{"embeddable":true,"href":"https:\/\/ecostera.com\/dk\/wp-json\/wp\/v2\/media\/19491"}],"wp:attachment":[{"href":"https:\/\/ecostera.com\/dk\/wp-json\/wp\/v2\/media?parent=19495"}],"wp:term":[{"taxonomy":"product_brand","embeddable":true,"href":"https:\/\/ecostera.com\/dk\/wp-json\/wp\/v2\/product_brand?post=19495"},{"taxonomy":"product_cat","embeddable":true,"href":"https:\/\/ecostera.com\/dk\/wp-json\/wp\/v2\/product_cat?post=19495"},{"taxonomy":"product_tag","embeddable":true,"href":"https:\/\/ecostera.com\/dk\/wp-json\/wp\/v2\/product_tag?post=19495"}],"curies":[{"name":"wp","href":"https:\/\/api.w.org\/{rel}","templated":true}]}}