{"id":19504,"date":"2025-09-18T20:18:31","date_gmt":"2025-09-18T17:18:31","guid":{"rendered":"https:\/\/ecostera.com\/dk\/product\/taenger\/"},"modified":"2025-09-19T17:31:25","modified_gmt":"2025-09-19T14:31:25","slug":"taenger","status":"publish","type":"product","link":"https:\/\/ecostera.com\/dk\/product\/taenger\/","title":{"rendered":"T\u00e6nger"},"content":{"rendered":"<p style=\"text-align: center\" data-start=\"76\" data-end=\"249\"><strong>\ud83d\udd25 Vend p\u00f8lser som en professionel &#8211; ingen udskridninger, ingen forbr\u00e6ndinger!<\/strong><\/p>\n<p style=\"text-align: center\" data-start=\"76\" data-end=\"249\">Denne tang er specielt designet til at gribe og vende p\u00f8lser med pr\u00e6cision, hvilket g\u00f8r det nemmere, hurtigere og mere sikkert at grille. Et must-have-v\u00e6rkt\u00f8j for enhver grillelsker!<\/p>\n<p data-start=\"76\" data-end=\"249\"><img decoding=\"async\" class=\"size-full wp-image-26056 aligncenter\" src=\"https:\/\/keluvo.com\/template\/wp-content\/uploads\/sites\/5\/2025\/07\/06254-ezgif.com-video-to-webp-converter.webp\" alt=\"\" \/><\/p>\n<h2 style=\"text-align: center\" data-start=\"293\" data-end=\"314\">\u2728 Vigtigste Fordele<\/h2>\n<p data-start=\"317\" data-end=\"374\">\ud83c\udf2d Holder p\u00f8lserne sikkert fast uden at stikke hul eller glide<\/p>\n<p data-start=\"377\" data-end=\"415\">\ud83d\udcaa Fremstillet af holdbart rustfrit st\u00e5l<\/p>\n<p data-start=\"418\" data-end=\"459\">\ud83d\udd25 T\u00e5ler h\u00f8j varme uden bending<\/p>\n<p data-start=\"462\" data-end=\"518\">\ud83d\udc68\u200d\ud83c\udf73 Designet til j\u00e6vn, nem vending med \u00e9n h\u00e5nd<\/p>\n<p data-start=\"521\" data-end=\"549\">\ud83e\uddfc Nem at reng\u00f8re og opbevare<\/p>\n<p data-start=\"521\" data-end=\"549\"><img decoding=\"async\" class=\"size-full wp-image-26061 aligncenter\" src=\"https:\/\/keluvo.com\/template\/wp-content\/uploads\/sites\/5\/2025\/07\/35211fe9-3c48-4649-b0b5-10bf10370f4b.webp\" alt=\"\" \/><\/p>\n<h2 style=\"text-align: center\" data-start=\"551\" data-end=\"570\">\ud83d\udd27 S\u00e5dan Bruges<\/h2>\n<ol data-start=\"571\" data-end=\"726\">\n<li data-start=\"571\" data-end=\"619\">\n<p data-start=\"574\" data-end=\"619\">Grib om tangen, og skub den ind under p\u00f8lsen.<\/p>\n<\/li>\n<li data-start=\"620\" data-end=\"671\">\n<p data-start=\"623\" data-end=\"671\">L\u00f8ft og vend med lethed ved hj\u00e6lp af de buede spidser.<\/p>\n<\/li>\n<li data-start=\"672\" data-end=\"726\">\n<p data-start=\"675\" data-end=\"726\">Nyd perfekte, j\u00e6vnt grillede resultater hver gang!<\/p>\n<\/li>\n<\/ol>\n<h2 style=\"text-align: center\" data-start=\"728\" data-end=\"752\">\ud83d\udccf Produktdetaljer<\/h2>\n<ul data-start=\"753\" data-end=\"873\">\n<li data-start=\"753\" data-end=\"793\">\n<p data-start=\"755\" data-end=\"793\">Materiale: Rustfrit st\u00e5l af f\u00f8devarekvalitet<\/p>\n<\/li>\n<li data-start=\"794\" data-end=\"826\">\n<p data-start=\"796\" data-end=\"826\">Varmeresistent og rustfri<\/p>\n<\/li>\n<li data-start=\"827\" data-end=\"854\">\n<p data-start=\"829\" data-end=\"854\">Let og holdbar<\/p>\n<\/li>\n<li data-start=\"855\" data-end=\"873\">\n<p data-start=\"857\" data-end=\"873\">Ergonomisk greb<\/p>\n<\/li>\n<\/ul>\n<h2 style=\"text-align: center\" data-start=\"875\" data-end=\"900\">\ud83d\udce6 Pakken Indeholder<\/h2>\n<ul data-start=\"901\" data-end=\"931\">\n<li style=\"list-style-type: none\">\n<ul data-start=\"901\" data-end=\"931\">\n<li data-start=\"901\" data-end=\"931\">\n<p data-start=\"903\" data-end=\"931\">1 eller 2 t\u00e6nger.<\/p>\n<\/li>\n<\/ul>\n<\/li>\n<\/ul>\n","protected":false},"excerpt":{"rendered":"<p>\ud83d\udd25 Vend p\u00f8lser som en professionel &#8211; ingen udskridninger, ingen forbr\u00e6ndinger! Denne tang er specielt designet til at gribe og [&hellip;]<\/p>\n","protected":false},"featured_media":19500,"comment_status":"open","ping_status":"closed","template":"","meta":{"site-sidebar-layout":"default","site-content-layout":"","ast-site-content-layout":"default","site-content-style":"default","site-sidebar-style":"default","ast-global-header-display":"","ast-banner-title-visibility":"","ast-main-header-display":"","ast-hfb-above-header-display":"","ast-hfb-below-header-display":"","ast-hfb-mobile-header-display":"","site-post-title":"","ast-breadcrumbs-content":"","ast-featured-img":"","footer-sml-layout":"","theme-transparent-header-meta":"default","adv-header-id-meta":"","stick-header-meta":"","header-above-stick-meta":"","header-main-stick-meta":"","header-below-stick-meta":"","astra-migrate-meta-layouts":"set","ast-page-background-enabled":"default","ast-page-background-meta":{"desktop":{"background-color":"var(--ast-global-color-5)","background-image":"","background-repeat":"repeat","background-position":"center center","background-size":"auto","background-attachment":"scroll","background-type":"","background-media":"","overlay-type":"","overlay-color":"","overlay-opacity":"","overlay-gradient":""},"tablet":{"background-color":"","background-image":"","background-repeat":"repeat","background-position":"center center","background-size":"auto","background-attachment":"scroll","background-type":"","background-media":"","overlay-type":"","overlay-color":"","overlay-opacity":"","overlay-gradient":""},"mobile":{"background-color":"","background-image":"","background-repeat":"repeat","background-position":"center center","background-size":"auto","background-attachment":"scroll","background-type":"","background-media":"","overlay-type":"","overlay-color":"","overlay-opacity":"","overlay-gradient":""}},"ast-content-background-meta":{"desktop":{"background-color":"var(--ast-global-color-4)","background-image":"","background-repeat":"repeat","background-position":"center center","background-size":"auto","background-attachment":"scroll","background-type":"","background-media":"","overlay-type":"","overlay-color":"","overlay-opacity":"","overlay-gradient":""},"tablet":{"background-color":"var(--ast-global-color-4)","background-image":"","background-repeat":"repeat","background-position":"center center","background-size":"auto","background-attachment":"scroll","background-type":"","background-media":"","overlay-type":"","overlay-color":"","overlay-opacity":"","overlay-gradient":""},"mobile":{"background-color":"var(--ast-global-color-4)","background-image":"","background-repeat":"repeat","background-position":"center center","background-size":"auto","background-attachment":"scroll","background-type":"","background-media":"","overlay-type":"","overlay-color":"","overlay-opacity":"","overlay-gradient":""}}},"product_brand":[],"product_cat":[19],"product_tag":[],"class_list":{"0":"post-19504","1":"product","2":"type-product","3":"status-publish","4":"has-post-thumbnail","6":"product_cat-uncategorized","7":"pa_18367_smhofn4a-1-stk","8":"pa_18367_smhofn4a-2-stk","9":"desktop-align-left","10":"tablet-align-left","11":"mobile-align-left","13":"first","14":"instock","15":"shipping-taxable","16":"purchasable","17":"product-type-variable"},"_links":{"self":[{"href":"https:\/\/ecostera.com\/dk\/wp-json\/wp\/v2\/product\/19504","targetHints":{"allow":["GET"]}}],"collection":[{"href":"https:\/\/ecostera.com\/dk\/wp-json\/wp\/v2\/product"}],"about":[{"href":"https:\/\/ecostera.com\/dk\/wp-json\/wp\/v2\/types\/product"}],"replies":[{"embeddable":true,"href":"https:\/\/ecostera.com\/dk\/wp-json\/wp\/v2\/comments?post=19504"}],"wp:featuredmedia":[{"embeddable":true,"href":"https:\/\/ecostera.com\/dk\/wp-json\/wp\/v2\/media\/19500"}],"wp:attachment":[{"href":"https:\/\/ecostera.com\/dk\/wp-json\/wp\/v2\/media?parent=19504"}],"wp:term":[{"taxonomy":"product_brand","embeddable":true,"href":"https:\/\/ecostera.com\/dk\/wp-json\/wp\/v2\/product_brand?post=19504"},{"taxonomy":"product_cat","embeddable":true,"href":"https:\/\/ecostera.com\/dk\/wp-json\/wp\/v2\/product_cat?post=19504"},{"taxonomy":"product_tag","embeddable":true,"href":"https:\/\/ecostera.com\/dk\/wp-json\/wp\/v2\/product_tag?post=19504"}],"curies":[{"name":"wp","href":"https:\/\/api.w.org\/{rel}","templated":true}]}}