{"id":19536,"date":"2025-09-18T20:21:36","date_gmt":"2025-09-18T17:21:36","guid":{"rendered":"https:\/\/ecostera.com\/dk\/product\/tegnebog-4\/"},"modified":"2025-09-18T20:21:47","modified_gmt":"2025-09-18T17:21:47","slug":"tegnebog-4","status":"publish","type":"product","link":"https:\/\/ecostera.com\/dk\/product\/tegnebog-4\/","title":{"rendered":"Tegnebog"},"content":{"rendered":"<p style=\"text-align: center\" data-start=\"79\" data-end=\"294\"><strong>\ud83d\udee1\ufe0f Hold Dine Penge Og Din Identitet Sikre Med Stil<\/strong><\/p>\n<p style=\"text-align: center\" data-start=\"79\" data-end=\"294\">Denne pung er fremstillet af f\u00f8rsteklasses l\u00e6der og bygget til at beskytte dine kort mod digitalt tyveri &#8211; samtidig med at alt er organiseret og let tilg\u00e6ngeligt. Smart, elegant og lavet til hverdagsbrug.<\/p>\n<p data-start=\"79\" data-end=\"294\"><img decoding=\"async\" class=\"size-full wp-image-26085 aligncenter\" src=\"https:\/\/keluvo.com\/template\/wp-content\/uploads\/sites\/5\/2025\/07\/06255-ezgif.com-video-to-webp-converter.webp\" alt=\"\" \/><\/p>\n<h2 style=\"text-align: center\" data-start=\"338\" data-end=\"359\">\u2728 Vigtigste Fordele<\/h2>\n<p data-start=\"362\" data-end=\"416\">\ud83d\udd12 Blokerer u\u00f8nskede RFID-signaler for at beskytte dine data<\/p>\n<p data-start=\"419\" data-end=\"464\">\ud83d\udc5d Holder kort, kontanter, m\u00f8nter og n\u00f8gler sikkert<\/p>\n<p data-start=\"467\" data-end=\"512\">\ud83d\udcbc Slank design passer perfekt i enhver lomme<\/p>\n<p data-start=\"515\" data-end=\"563\">\ud83d\udca7 Vandt\u00e6t og holdbar l\u00e6derkonstruktion<\/p>\n<p data-start=\"566\" data-end=\"617\">\ud83c\udf81 Fantastisk gaveid\u00e9 til f\u00e6dre, \u00e6gtem\u00e6nd eller venner<\/p>\n<p data-start=\"566\" data-end=\"617\"><img decoding=\"async\" class=\"size-full wp-image-26088 aligncenter\" src=\"https:\/\/keluvo.com\/template\/wp-content\/uploads\/sites\/5\/2025\/07\/240817de-9ba7-4176-b8fd-41348906bf65.webp\" alt=\"\" \/><\/p>\n<h2 style=\"text-align: center\" data-start=\"619\" data-end=\"638\">\ud83d\udd27 S\u00e5dan Bruges<\/h2>\n<ol data-start=\"639\" data-end=\"805\">\n<li data-start=\"639\" data-end=\"702\">\n<p data-start=\"642\" data-end=\"702\">Organiser dine kort og kontanter i de mange rum.<\/p>\n<\/li>\n<li data-start=\"703\" data-end=\"754\">\n<p data-start=\"706\" data-end=\"754\">Lyn den op og l\u00e6g den i lommen eller tasken.<\/p>\n<\/li>\n<li data-start=\"755\" data-end=\"805\">\n<p data-start=\"758\" data-end=\"805\">S\u00e5 du er beskyttet og organiseret, uanset hvor du g\u00e5r hen!<\/p>\n<\/li>\n<\/ol>\n<h2 style=\"text-align: center\" data-start=\"807\" data-end=\"831\">\ud83d\udccf Produktdetaljer<\/h2>\n<ul data-start=\"832\" data-end=\"1001\">\n<li data-start=\"832\" data-end=\"866\">\n<p data-start=\"834\" data-end=\"866\">Materiale: L\u00e6der af h\u00f8j kvalitet<\/p>\n<\/li>\n<li data-start=\"867\" data-end=\"897\">\n<p data-start=\"869\" data-end=\"897\">RFID-blokerende lag indvendigt<\/p>\n<\/li>\n<li data-start=\"898\" data-end=\"922\">\n<p data-start=\"900\" data-end=\"922\">M\u00f8ntlomme med lynl\u00e5s<\/p>\n<\/li>\n<li data-start=\"923\" data-end=\"960\">\n<p data-start=\"925\" data-end=\"960\">Flere kortholdere og ID-vindue<\/p>\n<\/li>\n<\/ul>\n<h2 style=\"text-align: center\" data-start=\"1003\" data-end=\"1028\">\ud83d\udce6 Pakken Indeholder<\/h2>\n<ul data-start=\"1029\" data-end=\"1062\">\n<li data-start=\"1029\" data-end=\"1062\">\n<p data-start=\"1031\" data-end=\"1062\">1x pung.<\/p>\n<\/li>\n<\/ul>\n","protected":false},"excerpt":{"rendered":"<p>\ud83d\udee1\ufe0f Hold Dine Penge Og Din Identitet Sikre Med Stil Denne pung er fremstillet af f\u00f8rsteklasses l\u00e6der og bygget til [&hellip;]<\/p>\n","protected":false},"featured_media":19532,"comment_status":"open","ping_status":"closed","template":"","meta":{"site-sidebar-layout":"default","site-content-layout":"","ast-site-content-layout":"default","site-content-style":"default","site-sidebar-style":"default","ast-global-header-display":"","ast-banner-title-visibility":"","ast-main-header-display":"","ast-hfb-above-header-display":"","ast-hfb-below-header-display":"","ast-hfb-mobile-header-display":"","site-post-title":"","ast-breadcrumbs-content":"","ast-featured-img":"","footer-sml-layout":"","theme-transparent-header-meta":"default","adv-header-id-meta":"","stick-header-meta":"","header-above-stick-meta":"","header-main-stick-meta":"","header-below-stick-meta":"","astra-migrate-meta-layouts":"set","ast-page-background-enabled":"default","ast-page-background-meta":{"desktop":{"background-color":"var(--ast-global-color-5)","background-image":"","background-repeat":"repeat","background-position":"center center","background-size":"auto","background-attachment":"scroll","background-type":"","background-media":"","overlay-type":"","overlay-color":"","overlay-opacity":"","overlay-gradient":""},"tablet":{"background-color":"","background-image":"","background-repeat":"repeat","background-position":"center center","background-size":"auto","background-attachment":"scroll","background-type":"","background-media":"","overlay-type":"","overlay-color":"","overlay-opacity":"","overlay-gradient":""},"mobile":{"background-color":"","background-image":"","background-repeat":"repeat","background-position":"center center","background-size":"auto","background-attachment":"scroll","background-type":"","background-media":"","overlay-type":"","overlay-color":"","overlay-opacity":"","overlay-gradient":""}},"ast-content-background-meta":{"desktop":{"background-color":"var(--ast-global-color-4)","background-image":"","background-repeat":"repeat","background-position":"center center","background-size":"auto","background-attachment":"scroll","background-type":"","background-media":"","overlay-type":"","overlay-color":"","overlay-opacity":"","overlay-gradient":""},"tablet":{"background-color":"var(--ast-global-color-4)","background-image":"","background-repeat":"repeat","background-position":"center center","background-size":"auto","background-attachment":"scroll","background-type":"","background-media":"","overlay-type":"","overlay-color":"","overlay-opacity":"","overlay-gradient":""},"mobile":{"background-color":"var(--ast-global-color-4)","background-image":"","background-repeat":"repeat","background-position":"center center","background-size":"auto","background-attachment":"scroll","background-type":"","background-media":"","overlay-type":"","overlay-color":"","overlay-opacity":"","overlay-gradient":""}}},"product_brand":[],"product_cat":[19],"product_tag":[],"class_list":{"0":"post-19536","1":"product","2":"type-product","3":"status-publish","4":"has-post-thumbnail","6":"product_cat-uncategorized","7":"pa_33395_szhb6x0f-brun","8":"pa_33395_szhb6x0f-khaki","9":"pa_33395_szhb6x0f-sort","10":"desktop-align-left","11":"tablet-align-left","12":"mobile-align-left","14":"first","15":"instock","16":"shipping-taxable","17":"purchasable","18":"product-type-variable"},"_links":{"self":[{"href":"https:\/\/ecostera.com\/dk\/wp-json\/wp\/v2\/product\/19536","targetHints":{"allow":["GET"]}}],"collection":[{"href":"https:\/\/ecostera.com\/dk\/wp-json\/wp\/v2\/product"}],"about":[{"href":"https:\/\/ecostera.com\/dk\/wp-json\/wp\/v2\/types\/product"}],"replies":[{"embeddable":true,"href":"https:\/\/ecostera.com\/dk\/wp-json\/wp\/v2\/comments?post=19536"}],"wp:featuredmedia":[{"embeddable":true,"href":"https:\/\/ecostera.com\/dk\/wp-json\/wp\/v2\/media\/19532"}],"wp:attachment":[{"href":"https:\/\/ecostera.com\/dk\/wp-json\/wp\/v2\/media?parent=19536"}],"wp:term":[{"taxonomy":"product_brand","embeddable":true,"href":"https:\/\/ecostera.com\/dk\/wp-json\/wp\/v2\/product_brand?post=19536"},{"taxonomy":"product_cat","embeddable":true,"href":"https:\/\/ecostera.com\/dk\/wp-json\/wp\/v2\/product_cat?post=19536"},{"taxonomy":"product_tag","embeddable":true,"href":"https:\/\/ecostera.com\/dk\/wp-json\/wp\/v2\/product_tag?post=19536"}],"curies":[{"name":"wp","href":"https:\/\/api.w.org\/{rel}","templated":true}]}}