{"id":19571,"date":"2025-09-18T20:23:56","date_gmt":"2025-09-18T17:23:56","guid":{"rendered":"https:\/\/ecostera.com\/dk\/product\/turboventilator\/"},"modified":"2025-09-19T18:10:31","modified_gmt":"2025-09-19T15:10:31","slug":"turboventilator","status":"publish","type":"product","link":"https:\/\/ecostera.com\/dk\/product\/turboventilator\/","title":{"rendered":"Turboventilator"},"content":{"rendered":"<p style=\"text-align: center\" data-start=\"82\" data-end=\"290\"><strong>\ud83d\ude97 Boost Din Motor Og Spar Br\u00e6ndstof Med Det Samme!<\/strong><\/p>\n<p style=\"text-align: center\" data-start=\"82\" data-end=\"290\">Denne turboventilator, der er nem at installere, \u00f8ger luftindtagets effektivitet og hj\u00e6lper din motor med at forbr\u00e6nde br\u00e6ndstof bedre og forbedre ydeevnen &#8211; samtidig med at du sparer penge ved pumpen. En smart opgradering til enhver \u00e6ldre bil!<\/p>\n<p data-start=\"82\" data-end=\"290\"><img decoding=\"async\" class=\"size-full wp-image-26115 aligncenter\" src=\"https:\/\/keluvo.com\/template\/wp-content\/uploads\/sites\/5\/2025\/07\/1eb195aec52ee80d23e747efa4d0ddc0.gif\" alt=\"\" \/><\/p>\n<h2 style=\"text-align: center\" data-start=\"328\" data-end=\"349\">\u2728 Vigtigste Fordele<\/h2>\n<p data-start=\"352\" data-end=\"398\">\ud83d\udca8 Forbedrer hestekr\u00e6fter og gasrespons<\/p>\n<p data-start=\"401\" data-end=\"449\">\u26fd Sparer op til 20% br\u00e6ndstof ved at forbedre forbr\u00e6ndingen<\/p>\n<p data-start=\"452\" data-end=\"499\">\ud83d\udd27 Installeres nemt p\u00e5 f\u00e5 minutter &#8211; uden brug af v\u00e6rkt\u00f8j<\/p>\n<p data-start=\"502\" data-end=\"554\">\ud83c\udf00 Turboventilatorens blade \u00f8ger luftstr\u00f8mmen til motoren<\/p>\n<p data-start=\"557\" data-end=\"608\">\ud83d\udee0 Lavet af holdbare materialer til langvarig brug<\/p>\n<p data-start=\"557\" data-end=\"608\"><img decoding=\"async\" class=\"size-full wp-image-26116 aligncenter\" src=\"https:\/\/keluvo.com\/template\/wp-content\/uploads\/sites\/5\/2025\/07\/48c03f94bb610d42f441b4fa21f6c63c.gif\" alt=\"\" \/><\/p>\n<h2 style=\"text-align: center\" data-start=\"610\" data-end=\"629\">\ud83d\udd27 S\u00e5dan Bruges<\/h2>\n<ol data-start=\"630\" data-end=\"806\">\n<li data-start=\"630\" data-end=\"692\">\n<p data-start=\"633\" data-end=\"692\">V\u00e6lg den korrekte st\u00f8rrelse gummiring til dit indsugningsr\u00f8r.<\/p>\n<\/li>\n<li data-start=\"693\" data-end=\"733\">\n<p data-start=\"696\" data-end=\"733\">S\u00e6t turboventilatoren ind i r\u00f8ret.<\/p>\n<\/li>\n<li data-start=\"734\" data-end=\"806\">\n<p data-start=\"737\" data-end=\"806\">S\u00e6t den fast &#8211; f\u00e6rdig! Start din motor og m\u00e6rk forskellen.<\/p>\n<\/li>\n<\/ol>\n<h2 style=\"text-align: center\" data-start=\"808\" data-end=\"832\">\ud83d\udccf Produktdetaljer<\/h2>\n<ul data-start=\"833\" data-end=\"992\">\n<li data-start=\"833\" data-end=\"882\">\n<p data-start=\"835\" data-end=\"882\">Materiale: Letv\u00e6gtsaluminium med h\u00f8j styrke<\/p>\n<\/li>\n<li data-start=\"883\" data-end=\"937\">\n<p data-start=\"885\" data-end=\"937\">Pasform: Universal til de fleste biler med luftindsugningsr\u00f8r<\/p>\n<\/li>\n<\/ul>\n<h2 style=\"text-align: center\" data-start=\"994\" data-end=\"1019\">\ud83d\udce6 Pakken Indeholder<\/h2>\n<ul data-start=\"1020\" data-end=\"1064\">\n<li data-start=\"1020\" data-end=\"1036\">\n<p data-start=\"1022\" data-end=\"1036\">1x turbofan<\/p>\n<\/li>\n<li data-start=\"1037\" data-end=\"1064\">\n<p data-start=\"1039\" data-end=\"1064\">2x silikone monteringsringe.<\/p>\n<\/li>\n<\/ul>\n","protected":false},"excerpt":{"rendered":"<p>\ud83d\ude97 Boost Din Motor Og Spar Br\u00e6ndstof Med Det Samme! Denne turboventilator, der er nem at installere, \u00f8ger luftindtagets effektivitet [&hellip;]<\/p>\n","protected":false},"featured_media":19567,"comment_status":"open","ping_status":"closed","template":"","meta":{"site-sidebar-layout":"default","site-content-layout":"","ast-site-content-layout":"default","site-content-style":"default","site-sidebar-style":"default","ast-global-header-display":"","ast-banner-title-visibility":"","ast-main-header-display":"","ast-hfb-above-header-display":"","ast-hfb-below-header-display":"","ast-hfb-mobile-header-display":"","site-post-title":"","ast-breadcrumbs-content":"","ast-featured-img":"","footer-sml-layout":"","theme-transparent-header-meta":"default","adv-header-id-meta":"","stick-header-meta":"","header-above-stick-meta":"","header-main-stick-meta":"","header-below-stick-meta":"","astra-migrate-meta-layouts":"set","ast-page-background-enabled":"default","ast-page-background-meta":{"desktop":{"background-color":"var(--ast-global-color-5)","background-image":"","background-repeat":"repeat","background-position":"center center","background-size":"auto","background-attachment":"scroll","background-type":"","background-media":"","overlay-type":"","overlay-color":"","overlay-opacity":"","overlay-gradient":""},"tablet":{"background-color":"","background-image":"","background-repeat":"repeat","background-position":"center center","background-size":"auto","background-attachment":"scroll","background-type":"","background-media":"","overlay-type":"","overlay-color":"","overlay-opacity":"","overlay-gradient":""},"mobile":{"background-color":"","background-image":"","background-repeat":"repeat","background-position":"center center","background-size":"auto","background-attachment":"scroll","background-type":"","background-media":"","overlay-type":"","overlay-color":"","overlay-opacity":"","overlay-gradient":""}},"ast-content-background-meta":{"desktop":{"background-color":"var(--ast-global-color-4)","background-image":"","background-repeat":"repeat","background-position":"center center","background-size":"auto","background-attachment":"scroll","background-type":"","background-media":"","overlay-type":"","overlay-color":"","overlay-opacity":"","overlay-gradient":""},"tablet":{"background-color":"var(--ast-global-color-4)","background-image":"","background-repeat":"repeat","background-position":"center center","background-size":"auto","background-attachment":"scroll","background-type":"","background-media":"","overlay-type":"","overlay-color":"","overlay-opacity":"","overlay-gradient":""},"mobile":{"background-color":"var(--ast-global-color-4)","background-image":"","background-repeat":"repeat","background-position":"center center","background-size":"auto","background-attachment":"scroll","background-type":"","background-media":"","overlay-type":"","overlay-color":"","overlay-opacity":"","overlay-gradient":""}}},"product_brand":[],"product_cat":[19],"product_tag":[],"class_list":{"0":"post-19571","1":"product","2":"type-product","3":"status-publish","4":"has-post-thumbnail","6":"product_cat-uncategorized","7":"desktop-align-left","8":"tablet-align-left","9":"mobile-align-left","11":"first","12":"instock","13":"shipping-taxable","14":"purchasable","15":"product-type-simple"},"_links":{"self":[{"href":"https:\/\/ecostera.com\/dk\/wp-json\/wp\/v2\/product\/19571","targetHints":{"allow":["GET"]}}],"collection":[{"href":"https:\/\/ecostera.com\/dk\/wp-json\/wp\/v2\/product"}],"about":[{"href":"https:\/\/ecostera.com\/dk\/wp-json\/wp\/v2\/types\/product"}],"replies":[{"embeddable":true,"href":"https:\/\/ecostera.com\/dk\/wp-json\/wp\/v2\/comments?post=19571"}],"wp:featuredmedia":[{"embeddable":true,"href":"https:\/\/ecostera.com\/dk\/wp-json\/wp\/v2\/media\/19567"}],"wp:attachment":[{"href":"https:\/\/ecostera.com\/dk\/wp-json\/wp\/v2\/media?parent=19571"}],"wp:term":[{"taxonomy":"product_brand","embeddable":true,"href":"https:\/\/ecostera.com\/dk\/wp-json\/wp\/v2\/product_brand?post=19571"},{"taxonomy":"product_cat","embeddable":true,"href":"https:\/\/ecostera.com\/dk\/wp-json\/wp\/v2\/product_cat?post=19571"},{"taxonomy":"product_tag","embeddable":true,"href":"https:\/\/ecostera.com\/dk\/wp-json\/wp\/v2\/product_tag?post=19571"}],"curies":[{"name":"wp","href":"https:\/\/api.w.org\/{rel}","templated":true}]}}