{"id":19611,"date":"2025-09-18T20:27:38","date_gmt":"2025-09-18T17:27:38","guid":{"rendered":"https:\/\/ecostera.com\/dk\/product\/skruetraekkerbits\/"},"modified":"2025-09-19T18:13:51","modified_gmt":"2025-09-19T15:13:51","slug":"skruetraekkerbits","status":"publish","type":"product","link":"https:\/\/ecostera.com\/dk\/product\/skruetraekkerbits\/","title":{"rendered":"Skruetr\u00e6kkerbits"},"content":{"rendered":"<p style=\"text-align: center\" data-start=\"75\" data-end=\"314\"><strong>\ud83e\uddf2 Det Ultimative Skruetr\u00e6kkerbits\u00e6t, Som Enhver V\u00e6rkt\u00f8jskasse Har Brug For<\/strong><\/p>\n<p style=\"text-align: center\" data-start=\"75\" data-end=\"314\">Dette magnetiske bits\u00e6t med 8 dele g\u00f8r det hurtigere og nemmere at skrue, bore og fastg\u00f8re &#8211; med st\u00e6rke magnetiske spidser, der holder skruerne p\u00e5 plads, og forl\u00e6nget l\u00e6ngde til sv\u00e6rt tilg\u00e6ngelige steder. Bygget til ethvert job, stort eller lille!<\/p>\n<p data-start=\"75\" data-end=\"314\"><img decoding=\"async\" class=\"size-full wp-image-26150 aligncenter\" src=\"https:\/\/keluvo.com\/template\/wp-content\/uploads\/sites\/5\/2025\/07\/07021-ezgif.com-video-to-webp-converter.webp\" alt=\"\" \/><\/p>\n<h2 style=\"text-align: center\" data-start=\"356\" data-end=\"377\">\u2728 Vigtigste Fordele<\/h2>\n<p data-start=\"380\" data-end=\"432\">\ud83e\uddf2 Magnetiske spidser til sikker, skridsikker fastholdelse af skruer<\/p>\n<p data-start=\"435\" data-end=\"481\">\ud83e\ude9b Ekstra langt design til sv\u00e6rt tilg\u00e6ngelige steder<\/p>\n<p data-start=\"484\" data-end=\"530\">\ud83d\udee0\ufe0f Holdbart legeret st\u00e5l til langvarig brug<\/p>\n<p data-start=\"533\" data-end=\"590\">\ud83d\udd04 Kompatibel med alle almindelige boremaskiner og skruetr\u00e6kkere<\/p>\n<p data-start=\"593\" data-end=\"638\">\ud83d\udce6 Leveres i et kompakt etui til nem opbevaring<\/p>\n<p><img decoding=\"async\" class=\"size-full wp-image-26154\" src=\"https:\/\/keluvo.com\/template\/wp-content\/uploads\/sites\/5\/2025\/07\/Zestaw-Bitow-Magnetycznych-8szt-Dlugie-Bity-XXL-Wkretaki-Srubokrety-PH2.jpeg\" alt=\"\" \/><\/p>\n<h2 style=\"text-align: center\" data-start=\"640\" data-end=\"659\">\ud83d\udd27 S\u00e5dan Bruges<\/h2>\n<ol data-start=\"660\" data-end=\"834\">\n<li data-start=\"660\" data-end=\"707\">\n<p data-start=\"663\" data-end=\"707\">Fastg\u00f8r en bit p\u00e5 din skruetr\u00e6kker eller boremaskine.<\/p>\n<\/li>\n<li data-start=\"708\" data-end=\"770\">\n<p data-start=\"711\" data-end=\"770\">Drej skruer rent, selv i vanskelige vinkler eller dybe steder.<\/p>\n<\/li>\n<\/ol>\n<h2 style=\"text-align: center\" data-start=\"836\" data-end=\"863\">\ud83d\udccf S\u00e6ttet Indeholder St\u00f8rrelserne<\/h2>\n<ul data-start=\"864\" data-end=\"988\">\n<li data-start=\"864\" data-end=\"878\">\n<p data-start=\"866\" data-end=\"878\">PH2 x 50mm<\/p>\n<\/li>\n<li data-start=\"879\" data-end=\"893\">\n<p data-start=\"881\" data-end=\"893\">PH2 x 65mm<\/p>\n<\/li>\n<li data-start=\"894\" data-end=\"908\">\n<p data-start=\"896\" data-end=\"908\">PH2 x 80mm<\/p>\n<\/li>\n<li data-start=\"909\" data-end=\"924\">\n<p data-start=\"911\" data-end=\"924\">PH2 x 100mm<\/p>\n<\/li>\n<li data-start=\"925\" data-end=\"940\">\n<p data-start=\"927\" data-end=\"940\">PH2 x 120mm<\/p>\n<\/li>\n<li data-start=\"941\" data-end=\"956\">\n<p data-start=\"943\" data-end=\"956\">PH2 x 150mm<\/p>\n<\/li>\n<li data-start=\"957\" data-end=\"972\">\n<p data-start=\"959\" data-end=\"972\">PH2 x 200mm<\/p>\n<\/li>\n<li data-start=\"973\" data-end=\"988\">\n<p data-start=\"975\" data-end=\"988\">PH2 x 250mm<\/p>\n<\/li>\n<\/ul>\n<h2 style=\"text-align: center\" data-start=\"990\" data-end=\"1015\">\ud83d\udce6 Pakken Indeholder<\/h2>\n<ul data-start=\"1016\" data-end=\"1066\">\n<li data-start=\"1016\" data-end=\"1048\">\n<p data-start=\"1018\" data-end=\"1048\">8x magnetiske skruetr\u00e6kkerbits<\/p>\n<\/li>\n<li data-start=\"1049\" data-end=\"1066\">\n<p data-start=\"1051\" data-end=\"1066\">1x opbevaringsetui.<\/p>\n<\/li>\n<\/ul>\n","protected":false},"excerpt":{"rendered":"<p>\ud83e\uddf2 Det Ultimative Skruetr\u00e6kkerbits\u00e6t, Som Enhver V\u00e6rkt\u00f8jskasse Har Brug For Dette magnetiske bits\u00e6t med 8 dele g\u00f8r det hurtigere og [&hellip;]<\/p>\n","protected":false},"featured_media":19607,"comment_status":"open","ping_status":"closed","template":"","meta":{"site-sidebar-layout":"default","site-content-layout":"","ast-site-content-layout":"default","site-content-style":"default","site-sidebar-style":"default","ast-global-header-display":"","ast-banner-title-visibility":"","ast-main-header-display":"","ast-hfb-above-header-display":"","ast-hfb-below-header-display":"","ast-hfb-mobile-header-display":"","site-post-title":"","ast-breadcrumbs-content":"","ast-featured-img":"","footer-sml-layout":"","theme-transparent-header-meta":"default","adv-header-id-meta":"","stick-header-meta":"","header-above-stick-meta":"","header-main-stick-meta":"","header-below-stick-meta":"","astra-migrate-meta-layouts":"set","ast-page-background-enabled":"default","ast-page-background-meta":{"desktop":{"background-color":"var(--ast-global-color-5)","background-image":"","background-repeat":"repeat","background-position":"center center","background-size":"auto","background-attachment":"scroll","background-type":"","background-media":"","overlay-type":"","overlay-color":"","overlay-opacity":"","overlay-gradient":""},"tablet":{"background-color":"","background-image":"","background-repeat":"repeat","background-position":"center center","background-size":"auto","background-attachment":"scroll","background-type":"","background-media":"","overlay-type":"","overlay-color":"","overlay-opacity":"","overlay-gradient":""},"mobile":{"background-color":"","background-image":"","background-repeat":"repeat","background-position":"center center","background-size":"auto","background-attachment":"scroll","background-type":"","background-media":"","overlay-type":"","overlay-color":"","overlay-opacity":"","overlay-gradient":""}},"ast-content-background-meta":{"desktop":{"background-color":"var(--ast-global-color-4)","background-image":"","background-repeat":"repeat","background-position":"center center","background-size":"auto","background-attachment":"scroll","background-type":"","background-media":"","overlay-type":"","overlay-color":"","overlay-opacity":"","overlay-gradient":""},"tablet":{"background-color":"var(--ast-global-color-4)","background-image":"","background-repeat":"repeat","background-position":"center center","background-size":"auto","background-attachment":"scroll","background-type":"","background-media":"","overlay-type":"","overlay-color":"","overlay-opacity":"","overlay-gradient":""},"mobile":{"background-color":"var(--ast-global-color-4)","background-image":"","background-repeat":"repeat","background-position":"center center","background-size":"auto","background-attachment":"scroll","background-type":"","background-media":"","overlay-type":"","overlay-color":"","overlay-opacity":"","overlay-gradient":""}}},"product_brand":[],"product_cat":[19],"product_tag":[],"class_list":{"0":"post-19611","1":"product","2":"type-product","3":"status-publish","4":"has-post-thumbnail","6":"product_cat-uncategorized","7":"desktop-align-left","8":"tablet-align-left","9":"mobile-align-left","11":"first","12":"instock","13":"shipping-taxable","14":"purchasable","15":"product-type-simple"},"_links":{"self":[{"href":"https:\/\/ecostera.com\/dk\/wp-json\/wp\/v2\/product\/19611","targetHints":{"allow":["GET"]}}],"collection":[{"href":"https:\/\/ecostera.com\/dk\/wp-json\/wp\/v2\/product"}],"about":[{"href":"https:\/\/ecostera.com\/dk\/wp-json\/wp\/v2\/types\/product"}],"replies":[{"embeddable":true,"href":"https:\/\/ecostera.com\/dk\/wp-json\/wp\/v2\/comments?post=19611"}],"wp:featuredmedia":[{"embeddable":true,"href":"https:\/\/ecostera.com\/dk\/wp-json\/wp\/v2\/media\/19607"}],"wp:attachment":[{"href":"https:\/\/ecostera.com\/dk\/wp-json\/wp\/v2\/media?parent=19611"}],"wp:term":[{"taxonomy":"product_brand","embeddable":true,"href":"https:\/\/ecostera.com\/dk\/wp-json\/wp\/v2\/product_brand?post=19611"},{"taxonomy":"product_cat","embeddable":true,"href":"https:\/\/ecostera.com\/dk\/wp-json\/wp\/v2\/product_cat?post=19611"},{"taxonomy":"product_tag","embeddable":true,"href":"https:\/\/ecostera.com\/dk\/wp-json\/wp\/v2\/product_tag?post=19611"}],"curies":[{"name":"wp","href":"https:\/\/api.w.org\/{rel}","templated":true}]}}