{"id":19727,"date":"2025-09-19T12:42:19","date_gmt":"2025-09-19T09:42:19","guid":{"rendered":"https:\/\/ecostera.com\/dk\/product\/serum-til-tandblegning\/"},"modified":"2025-09-20T16:49:51","modified_gmt":"2025-09-20T13:49:51","slug":"serum-til-tandblegning","status":"publish","type":"product","link":"https:\/\/ecostera.com\/dk\/product\/serum-til-tandblegning\/","title":{"rendered":"Serum til tandblegning"},"content":{"rendered":"<p style=\"text-align: center\" data-start=\"108\" data-end=\"156\"><strong>\ud83d\udc9c En ny m\u00e5de at g\u00f8re dit smil lysere p\u00e5 &#8211; \u00f8jeblikkeligt!<\/strong><\/p>\n<p style=\"text-align: center\" data-start=\"158\" data-end=\"304\">Dette dybt violette tandblegningsserum bruger farvevidenskab til at annullere gule toner og give dine t\u00e6nder et synligt hvidere udseende efter bare \u00e9n brug.<\/p>\n<p data-start=\"158\" data-end=\"304\"><img decoding=\"async\" class=\"size-full wp-image-26349 aligncenter\" src=\"https:\/\/keluvo.com\/template\/wp-content\/uploads\/sites\/5\/2025\/07\/07027-ezgif.com-video-to-webp-converter.webp\" alt=\"\" \/><\/p>\n<h2 style=\"text-align: center\" data-start=\"306\" data-end=\"327\">\ud83d\ude01 Hovedfordele<\/h2>\n<p data-start=\"330\" data-end=\"378\">\u2728 Neutraliserer gule pletter ved hj\u00e6lp af lilla pigment<\/p>\n<p data-start=\"381\" data-end=\"425\">\ud83d\udca1 \u00d8ger lysstyrken uden skrappe kemikalier<\/p>\n<p data-start=\"428\" data-end=\"472\">\ud83e\udea5 Nem og sikker at bruge med din tandb\u00f8rste<\/p>\n<p data-start=\"475\" data-end=\"538\">\ud83d\udcf8 Synlige resultater p\u00e5 f\u00e5 minutter &#8211; perfekt f\u00f8r fotos eller begivenheder<\/p>\n<p data-start=\"541\" data-end=\"580\">\ud83d\udc9c Sk\u00e5nsom mod emaljen, sikker til daglig brug<\/p>\n<p data-start=\"541\" data-end=\"580\"><img decoding=\"async\" class=\"size-full wp-image-26351 aligncenter\" src=\"https:\/\/keluvo.com\/template\/wp-content\/uploads\/sites\/5\/2025\/07\/7f9164de684c2e0c3236e4b8ec72ff29.jpg\" alt=\"\" \/><\/p>\n<h2 style=\"text-align: center\" data-start=\"582\" data-end=\"600\">\ud83e\udea5 S\u00e5dan bruges<\/h2>\n<ol data-start=\"601\" data-end=\"692\">\n<li data-start=\"601\" data-end=\"636\">\n<p data-start=\"604\" data-end=\"636\">Pump to gange p\u00e5 din tandb\u00f8rste.<\/p>\n<\/li>\n<li data-start=\"637\" data-end=\"660\">\n<p data-start=\"640\" data-end=\"660\">B\u00f8rst i 2 minutter.<\/p>\n<\/li>\n<li data-start=\"661\" data-end=\"692\">\n<p data-start=\"664\" data-end=\"692\">Skyl og smil med selvtillid!<\/p>\n<\/li>\n<\/ol>\n<h2 style=\"text-align: center\" data-start=\"694\" data-end=\"717\">\ud83d\udcd0 Produktdetaljer<\/h2>\n<ul data-start=\"718\" data-end=\"844\">\n<li data-start=\"718\" data-end=\"751\">\n<p data-start=\"720\" data-end=\"751\">30 ml V34 lilla tandblegningsserum<\/p>\n<\/li>\n<li data-start=\"752\" data-end=\"814\">\n<p data-start=\"754\" data-end=\"814\">Designet til at neutralisere gule toner med dyb violet formel<\/p>\n<\/li>\n<li data-start=\"815\" data-end=\"844\">\n<p data-start=\"817\" data-end=\"844\">Kompakt og rejsevenlig<\/p>\n<\/li>\n<\/ul>\n<h2 style=\"text-align: center\" data-start=\"846\" data-end=\"870\">\ud83d\udce6 Pakken indeholder<\/h2>\n<ul data-start=\"871\" data-end=\"918\">\n<li data-start=\"871\" data-end=\"918\">\n<p data-start=\"873\" data-end=\"918\">1, 3, 5x Tandblegningsserum (30 ml).<\/p>\n<\/li>\n<\/ul>\n","protected":false},"excerpt":{"rendered":"<p>\ud83d\udc9c En ny m\u00e5de at g\u00f8re dit smil lysere p\u00e5 &#8211; \u00f8jeblikkeligt! Dette dybt violette tandblegningsserum bruger farvevidenskab til at [&hellip;]<\/p>\n","protected":false},"featured_media":19723,"comment_status":"open","ping_status":"closed","template":"","meta":{"site-sidebar-layout":"default","site-content-layout":"","ast-site-content-layout":"default","site-content-style":"default","site-sidebar-style":"default","ast-global-header-display":"","ast-banner-title-visibility":"","ast-main-header-display":"","ast-hfb-above-header-display":"","ast-hfb-below-header-display":"","ast-hfb-mobile-header-display":"","site-post-title":"","ast-breadcrumbs-content":"","ast-featured-img":"","footer-sml-layout":"","theme-transparent-header-meta":"default","adv-header-id-meta":"","stick-header-meta":"","header-above-stick-meta":"","header-main-stick-meta":"","header-below-stick-meta":"","astra-migrate-meta-layouts":"set","ast-page-background-enabled":"default","ast-page-background-meta":{"desktop":{"background-color":"var(--ast-global-color-5)","background-image":"","background-repeat":"repeat","background-position":"center center","background-size":"auto","background-attachment":"scroll","background-type":"","background-media":"","overlay-type":"","overlay-color":"","overlay-opacity":"","overlay-gradient":""},"tablet":{"background-color":"","background-image":"","background-repeat":"repeat","background-position":"center center","background-size":"auto","background-attachment":"scroll","background-type":"","background-media":"","overlay-type":"","overlay-color":"","overlay-opacity":"","overlay-gradient":""},"mobile":{"background-color":"","background-image":"","background-repeat":"repeat","background-position":"center center","background-size":"auto","background-attachment":"scroll","background-type":"","background-media":"","overlay-type":"","overlay-color":"","overlay-opacity":"","overlay-gradient":""}},"ast-content-background-meta":{"desktop":{"background-color":"var(--ast-global-color-4)","background-image":"","background-repeat":"repeat","background-position":"center center","background-size":"auto","background-attachment":"scroll","background-type":"","background-media":"","overlay-type":"","overlay-color":"","overlay-opacity":"","overlay-gradient":""},"tablet":{"background-color":"var(--ast-global-color-4)","background-image":"","background-repeat":"repeat","background-position":"center center","background-size":"auto","background-attachment":"scroll","background-type":"","background-media":"","overlay-type":"","overlay-color":"","overlay-opacity":"","overlay-gradient":""},"mobile":{"background-color":"var(--ast-global-color-4)","background-image":"","background-repeat":"repeat","background-position":"center center","background-size":"auto","background-attachment":"scroll","background-type":"","background-media":"","overlay-type":"","overlay-color":"","overlay-opacity":"","overlay-gradient":""}}},"product_brand":[],"product_cat":[19],"product_tag":[],"class_list":{"0":"post-19727","1":"product","2":"type-product","3":"status-publish","4":"has-post-thumbnail","6":"product_cat-uncategorized","7":"pa_29545_k43tg09i-1-stk","8":"pa_29545_k43tg09i-3-stk","9":"pa_29545_k43tg09i-5-stk","10":"desktop-align-left","11":"tablet-align-left","12":"mobile-align-left","14":"first","15":"instock","16":"shipping-taxable","17":"purchasable","18":"product-type-variable"},"_links":{"self":[{"href":"https:\/\/ecostera.com\/dk\/wp-json\/wp\/v2\/product\/19727","targetHints":{"allow":["GET"]}}],"collection":[{"href":"https:\/\/ecostera.com\/dk\/wp-json\/wp\/v2\/product"}],"about":[{"href":"https:\/\/ecostera.com\/dk\/wp-json\/wp\/v2\/types\/product"}],"replies":[{"embeddable":true,"href":"https:\/\/ecostera.com\/dk\/wp-json\/wp\/v2\/comments?post=19727"}],"wp:featuredmedia":[{"embeddable":true,"href":"https:\/\/ecostera.com\/dk\/wp-json\/wp\/v2\/media\/19723"}],"wp:attachment":[{"href":"https:\/\/ecostera.com\/dk\/wp-json\/wp\/v2\/media?parent=19727"}],"wp:term":[{"taxonomy":"product_brand","embeddable":true,"href":"https:\/\/ecostera.com\/dk\/wp-json\/wp\/v2\/product_brand?post=19727"},{"taxonomy":"product_cat","embeddable":true,"href":"https:\/\/ecostera.com\/dk\/wp-json\/wp\/v2\/product_cat?post=19727"},{"taxonomy":"product_tag","embeddable":true,"href":"https:\/\/ecostera.com\/dk\/wp-json\/wp\/v2\/product_tag?post=19727"}],"curies":[{"name":"wp","href":"https:\/\/api.w.org\/{rel}","templated":true}]}}