{"id":19742,"date":"2025-09-19T12:43:37","date_gmt":"2025-09-19T09:43:37","guid":{"rendered":"https:\/\/ecostera.com\/dk\/product\/fjernstyret-krokodille\/"},"modified":"2025-09-19T12:43:37","modified_gmt":"2025-09-19T09:43:37","slug":"fjernstyret-krokodille","status":"publish","type":"product","link":"https:\/\/ecostera.com\/dk\/product\/fjernstyret-krokodille\/","title":{"rendered":"Fjernstyret krokodille"},"content":{"rendered":"<p style=\"text-align: center\" data-start=\"110\" data-end=\"180\"><strong>\ud83d\udc0a Er det en rigtig krokodille?! Ikke helt &#8230; men det ligner!<\/strong><\/p>\n<p style=\"text-align: center\" data-start=\"182\" data-end=\"341\">Skr\u00e6m dine venner og beskyt din dam med dette ultra-realistiske fjernstyrede krokodillehoved! Det glider let p\u00e5 vandet og ser skr\u00e6mmende livagtigt ud.<\/p>\n<p data-start=\"182\" data-end=\"341\"><img decoding=\"async\" class=\"size-full wp-image-26361 aligncenter\" src=\"https:\/\/keluvo.com\/template\/wp-content\/uploads\/sites\/5\/2025\/07\/gif2.webp\" alt=\"\" \/><\/p>\n<h2 style=\"text-align: center\" data-start=\"343\" data-end=\"364\"><strong>\ud83d\ude31 Hovedfordele<\/strong><\/h2>\n<p data-start=\"367\" data-end=\"422\">\ud83d\udc0a Realistisk krokodillehoveddesign til sjov scares<\/p>\n<p data-start=\"425\" data-end=\"477\">\ud83d\udd79\ufe0f Nem fjernbetjening til j\u00e6vn bev\u00e6gelse p\u00e5 vandet<\/p>\n<p data-start=\"480\" data-end=\"512\">\ud83e\udd2b Stille motor til luskede drengestreger<\/p>\n<p data-start=\"515\" data-end=\"563\">\ud83c\udf0a Flyder ubesv\u00e6ret p\u00e5 s\u00f8er, bassiner eller damme<\/p>\n<p data-start=\"566\" data-end=\"613\">\ud83d\udd0b Genopladeligt batteri med USB-kabel medf\u00f8lger<\/p>\n<p data-start=\"566\" data-end=\"613\"><img decoding=\"async\" class=\"size-full wp-image-26360 aligncenter\" src=\"https:\/\/keluvo.com\/template\/wp-content\/uploads\/sites\/5\/2025\/07\/crocprdbild-1024x869.jpg.webp\" alt=\"\" \/><\/p>\n<h2 style=\"text-align: center\" data-start=\"615\" data-end=\"633\"><strong>\ud83c\udfae S\u00e5dan bruges<\/strong><\/h2>\n<ol data-start=\"634\" data-end=\"802\">\n<li data-start=\"634\" data-end=\"685\">\n<p data-start=\"637\" data-end=\"685\">Oplad batteriet med det medf\u00f8lgende USB-kabel.<\/p>\n<\/li>\n<li data-start=\"686\" data-end=\"722\">\n<p data-start=\"689\" data-end=\"722\">Brug fjernbetjeningen til at bev\u00e6ge det fremad, til venstre eller til h\u00f8jre.<\/p>\n<\/li>\n<li data-start=\"723\" data-end=\"802\">\n<p data-start=\"726\" data-end=\"802\">Og se reaktionerne!<\/p>\n<\/li>\n<\/ol>\n<h2 style=\"text-align: center\" data-start=\"804\" data-end=\"827\"><strong>\ud83d\udcd0 Produktdetaljer<\/strong><\/h2>\n<ul data-start=\"828\" data-end=\"926\">\n<li data-start=\"828\" data-end=\"854\">\n<p data-start=\"830\" data-end=\"854\">St\u00f8rrelse: 32 cm x 15 cm x 12 cm<\/p>\n<\/li>\n<li data-start=\"855\" data-end=\"883\">\n<p data-start=\"857\" data-end=\"883\">Fjernbetjeningsafstand: op til 30 m<\/p>\n<\/li>\n<li data-start=\"884\" data-end=\"926\">\n<p data-start=\"886\" data-end=\"926\">Materiale: vandt\u00e6t og holdbar plast<\/p>\n<\/li>\n<\/ul>\n<h2 style=\"text-align: center\" data-start=\"928\" data-end=\"952\"><strong>\ud83d\udce6 Pakken indeholder<\/strong><\/h2>\n<ul data-start=\"953\" data-end=\"1049\">\n<li data-start=\"953\" data-end=\"976\">\n<p data-start=\"955\" data-end=\"976\">1x krokodillehoved<\/p>\n<\/li>\n<li data-start=\"977\" data-end=\"999\">\n<p data-start=\"979\" data-end=\"999\">1x fjernbetjening<\/p>\n<\/li>\n<li data-start=\"1000\" data-end=\"1025\">\n<p data-start=\"1002\" data-end=\"1025\">1x genopladeligt batteri<\/p>\n<\/li>\n<li data-start=\"1026\" data-end=\"1049\">\n<p data-start=\"1028\" data-end=\"1049\">1x USB-opladerkabel.<\/p>\n<\/li>\n<\/ul>\n","protected":false},"excerpt":{"rendered":"<p>\ud83d\udc0a Er det en rigtig krokodille?! Ikke helt &#8230; men det ligner! Skr\u00e6m dine venner og beskyt din dam med [&hellip;]<\/p>\n","protected":false},"featured_media":19738,"comment_status":"open","ping_status":"closed","template":"","meta":{"site-sidebar-layout":"default","site-content-layout":"","ast-site-content-layout":"default","site-content-style":"default","site-sidebar-style":"default","ast-global-header-display":"","ast-banner-title-visibility":"","ast-main-header-display":"","ast-hfb-above-header-display":"","ast-hfb-below-header-display":"","ast-hfb-mobile-header-display":"","site-post-title":"","ast-breadcrumbs-content":"","ast-featured-img":"","footer-sml-layout":"","theme-transparent-header-meta":"default","adv-header-id-meta":"","stick-header-meta":"","header-above-stick-meta":"","header-main-stick-meta":"","header-below-stick-meta":"","astra-migrate-meta-layouts":"set","ast-page-background-enabled":"default","ast-page-background-meta":{"desktop":{"background-color":"var(--ast-global-color-5)","background-image":"","background-repeat":"repeat","background-position":"center center","background-size":"auto","background-attachment":"scroll","background-type":"","background-media":"","overlay-type":"","overlay-color":"","overlay-opacity":"","overlay-gradient":""},"tablet":{"background-color":"","background-image":"","background-repeat":"repeat","background-position":"center center","background-size":"auto","background-attachment":"scroll","background-type":"","background-media":"","overlay-type":"","overlay-color":"","overlay-opacity":"","overlay-gradient":""},"mobile":{"background-color":"","background-image":"","background-repeat":"repeat","background-position":"center center","background-size":"auto","background-attachment":"scroll","background-type":"","background-media":"","overlay-type":"","overlay-color":"","overlay-opacity":"","overlay-gradient":""}},"ast-content-background-meta":{"desktop":{"background-color":"var(--ast-global-color-4)","background-image":"","background-repeat":"repeat","background-position":"center center","background-size":"auto","background-attachment":"scroll","background-type":"","background-media":"","overlay-type":"","overlay-color":"","overlay-opacity":"","overlay-gradient":""},"tablet":{"background-color":"var(--ast-global-color-4)","background-image":"","background-repeat":"repeat","background-position":"center center","background-size":"auto","background-attachment":"scroll","background-type":"","background-media":"","overlay-type":"","overlay-color":"","overlay-opacity":"","overlay-gradient":""},"mobile":{"background-color":"var(--ast-global-color-4)","background-image":"","background-repeat":"repeat","background-position":"center center","background-size":"auto","background-attachment":"scroll","background-type":"","background-media":"","overlay-type":"","overlay-color":"","overlay-opacity":"","overlay-gradient":""}}},"product_brand":[],"product_cat":[19],"product_tag":[],"class_list":{"0":"post-19742","1":"product","2":"type-product","3":"status-publish","4":"has-post-thumbnail","6":"product_cat-uncategorized","7":"desktop-align-left","8":"tablet-align-left","9":"mobile-align-left","11":"first","12":"instock","13":"shipping-taxable","14":"purchasable","15":"product-type-simple"},"_links":{"self":[{"href":"https:\/\/ecostera.com\/dk\/wp-json\/wp\/v2\/product\/19742","targetHints":{"allow":["GET"]}}],"collection":[{"href":"https:\/\/ecostera.com\/dk\/wp-json\/wp\/v2\/product"}],"about":[{"href":"https:\/\/ecostera.com\/dk\/wp-json\/wp\/v2\/types\/product"}],"replies":[{"embeddable":true,"href":"https:\/\/ecostera.com\/dk\/wp-json\/wp\/v2\/comments?post=19742"}],"wp:featuredmedia":[{"embeddable":true,"href":"https:\/\/ecostera.com\/dk\/wp-json\/wp\/v2\/media\/19738"}],"wp:attachment":[{"href":"https:\/\/ecostera.com\/dk\/wp-json\/wp\/v2\/media?parent=19742"}],"wp:term":[{"taxonomy":"product_brand","embeddable":true,"href":"https:\/\/ecostera.com\/dk\/wp-json\/wp\/v2\/product_brand?post=19742"},{"taxonomy":"product_cat","embeddable":true,"href":"https:\/\/ecostera.com\/dk\/wp-json\/wp\/v2\/product_cat?post=19742"},{"taxonomy":"product_tag","embeddable":true,"href":"https:\/\/ecostera.com\/dk\/wp-json\/wp\/v2\/product_tag?post=19742"}],"curies":[{"name":"wp","href":"https:\/\/api.w.org\/{rel}","templated":true}]}}