{"id":19905,"date":"2025-09-19T13:00:35","date_gmt":"2025-09-19T10:00:35","guid":{"rendered":"https:\/\/ecostera.com\/dk\/product\/dukke\/"},"modified":"2025-09-19T13:01:10","modified_gmt":"2025-09-19T10:01:10","slug":"dukke","status":"publish","type":"product","link":"https:\/\/ecostera.com\/dk\/product\/dukke\/","title":{"rendered":"Dukke"},"content":{"rendered":"<p style=\"text-align: center\" data-start=\"84\" data-end=\"143\"><strong>\ud83e\uddf5 En charmerende f\u00f8lgesvend, lavet med k\u00e6rlighed og naturlig pleje \ud83d\udc9b<\/strong><\/p>\n<p style=\"text-align: center\" data-start=\"145\" data-end=\"286\">Denne smukke h\u00e5ndlavede dukke er lavet af bl\u00f8d \u00f8kologisk bomuld og designet til at s\u00e6tte gang i fantasien, komforten og kreativiteten hos ethvert barn.<\/p>\n<p data-start=\"145\" data-end=\"286\"><img decoding=\"async\" class=\"size-full wp-image-26559 aligncenter\" src=\"https:\/\/keluvo.com\/template\/wp-content\/uploads\/sites\/5\/2025\/07\/lQDPJxbfNdeVyITNAyDNAyCwjN79FKM3t38DbsYrOEBwAA_800_800_480x480.jpg\" alt=\"\" \/><\/p>\n<h2 style=\"text-align: center\" data-start=\"288\" data-end=\"309\"><strong>\ud83c\udf3f Hovedfordele<\/strong><\/h2>\n<p data-start=\"312\" data-end=\"358\">\ud83e\uddf6 Lavet af 100% naturlig bomuld af h\u00f8j kvalitet<\/p>\n<p data-start=\"361\" data-end=\"410\">\ud83e\udd0e Hver dukke er h\u00e5ndsyet og virkelig unik<\/p>\n<p data-start=\"413\" data-end=\"468\">\ud83c\udfad Hj\u00e6lper b\u00f8rn med at udtrykke f\u00f8lelser og udforske sociale roller<\/p>\n<p data-start=\"471\" data-end=\"520\">\ud83e\uddf8 Bl\u00f8d og sikker &#8211; ingen kemikalier, ingen plastikdele<\/p>\n<p data-start=\"523\" data-end=\"576\">\ud83d\udca7 Let at reng\u00f8re &#8211; kan vaskes i h\u00e5nden eller i maskine (30\u00b0C)<\/p>\n<p data-start=\"523\" data-end=\"576\"><img decoding=\"async\" class=\"size-full wp-image-26558 aligncenter\" src=\"https:\/\/keluvo.com\/template\/wp-content\/uploads\/sites\/5\/2025\/07\/sku1_feb1a6fc-7fce-47c5-b1e9-0ac1cd0dceb8_480x480.webp\" alt=\"\" \/><\/p>\n<h2 style=\"text-align: center\" data-start=\"578\" data-end=\"602\"><strong>\ud83d\udc67 Derfor elsker b\u00f8rn det<\/strong><\/h2>\n<ul data-start=\"603\" data-end=\"735\">\n<li data-start=\"603\" data-end=\"648\">\n<p data-start=\"605\" data-end=\"648\">Nuttet, tr\u00f8stende og fuld af personlighed<\/p>\n<\/li>\n<li data-start=\"649\" data-end=\"697\">\n<p data-start=\"651\" data-end=\"697\">Fremmer historiefort\u00e6lling og f\u00f8lelsesm\u00e6ssig l\u00e6ring<\/p>\n<\/li>\n<li data-start=\"698\" data-end=\"735\">\n<p data-start=\"700\" data-end=\"735\">F\u00f8les som en ven, ikke bare et stykke leget\u00f8j<\/p>\n<\/li>\n<\/ul>\n<h2 style=\"text-align: center\" data-start=\"737\" data-end=\"760\"><strong>\ud83d\udcd0 Produktdetaljer<\/strong><\/h2>\n<ul data-start=\"761\" data-end=\"837\">\n<li data-start=\"761\" data-end=\"787\">\n<p data-start=\"763\" data-end=\"787\">Materiale: \u00d8kologisk bomuld<\/p>\n<\/li>\n<li data-start=\"788\" data-end=\"813\">\n<p data-start=\"790\" data-end=\"813\">St\u00f8rrelse: 30cm x 6cm x 12cm<\/p>\n<\/li>\n<\/ul>\n<h2 style=\"text-align: center\" data-start=\"839\" data-end=\"863\"><strong>\ud83d\udce6 Pakken indeholder<\/strong><\/h2>\n<ul data-start=\"864\" data-end=\"907\">\n<li data-start=\"864\" data-end=\"907\">\n<p data-start=\"866\" data-end=\"907\">1x h\u00e5ndlavet dukke<\/p>\n<\/li>\n<li data-start=\"864\" data-end=\"907\">\n<p data-start=\"866\" data-end=\"907\">venlig gave\u00e6ske.<\/p>\n<\/li>\n<\/ul>\n","protected":false},"excerpt":{"rendered":"<p>\ud83e\uddf5 En charmerende f\u00f8lgesvend, lavet med k\u00e6rlighed og naturlig pleje \ud83d\udc9b Denne smukke h\u00e5ndlavede dukke er lavet af bl\u00f8d \u00f8kologisk [&hellip;]<\/p>\n","protected":false},"featured_media":19903,"comment_status":"open","ping_status":"closed","template":"","meta":{"site-sidebar-layout":"default","site-content-layout":"","ast-site-content-layout":"default","site-content-style":"default","site-sidebar-style":"default","ast-global-header-display":"","ast-banner-title-visibility":"","ast-main-header-display":"","ast-hfb-above-header-display":"","ast-hfb-below-header-display":"","ast-hfb-mobile-header-display":"","site-post-title":"","ast-breadcrumbs-content":"","ast-featured-img":"","footer-sml-layout":"","theme-transparent-header-meta":"default","adv-header-id-meta":"","stick-header-meta":"","header-above-stick-meta":"","header-main-stick-meta":"","header-below-stick-meta":"","astra-migrate-meta-layouts":"set","ast-page-background-enabled":"default","ast-page-background-meta":{"desktop":{"background-color":"var(--ast-global-color-5)","background-image":"","background-repeat":"repeat","background-position":"center center","background-size":"auto","background-attachment":"scroll","background-type":"","background-media":"","overlay-type":"","overlay-color":"","overlay-opacity":"","overlay-gradient":""},"tablet":{"background-color":"","background-image":"","background-repeat":"repeat","background-position":"center center","background-size":"auto","background-attachment":"scroll","background-type":"","background-media":"","overlay-type":"","overlay-color":"","overlay-opacity":"","overlay-gradient":""},"mobile":{"background-color":"","background-image":"","background-repeat":"repeat","background-position":"center center","background-size":"auto","background-attachment":"scroll","background-type":"","background-media":"","overlay-type":"","overlay-color":"","overlay-opacity":"","overlay-gradient":""}},"ast-content-background-meta":{"desktop":{"background-color":"var(--ast-global-color-4)","background-image":"","background-repeat":"repeat","background-position":"center center","background-size":"auto","background-attachment":"scroll","background-type":"","background-media":"","overlay-type":"","overlay-color":"","overlay-opacity":"","overlay-gradient":""},"tablet":{"background-color":"var(--ast-global-color-4)","background-image":"","background-repeat":"repeat","background-position":"center center","background-size":"auto","background-attachment":"scroll","background-type":"","background-media":"","overlay-type":"","overlay-color":"","overlay-opacity":"","overlay-gradient":""},"mobile":{"background-color":"var(--ast-global-color-4)","background-image":"","background-repeat":"repeat","background-position":"center center","background-size":"auto","background-attachment":"scroll","background-type":"","background-media":"","overlay-type":"","overlay-color":"","overlay-opacity":"","overlay-gradient":""}}},"product_brand":[],"product_cat":[19],"product_tag":[],"class_list":{"0":"post-19905","1":"product","2":"type-product","3":"status-publish","4":"has-post-thumbnail","6":"product_cat-uncategorized","7":"pa_19446_5njtdwgz-a","8":"pa_19446_5njtdwgz-b","9":"pa_19446_5njtdwgz-c","10":"pa_19446_5njtdwgz-d","11":"pa_19446_5njtdwgz-e","12":"pa_19446_5njtdwgz-f","13":"pa_19446_5njtdwgz-g","14":"desktop-align-left","15":"tablet-align-left","16":"mobile-align-left","18":"first","19":"instock","20":"shipping-taxable","21":"purchasable","22":"product-type-variable"},"_links":{"self":[{"href":"https:\/\/ecostera.com\/dk\/wp-json\/wp\/v2\/product\/19905","targetHints":{"allow":["GET"]}}],"collection":[{"href":"https:\/\/ecostera.com\/dk\/wp-json\/wp\/v2\/product"}],"about":[{"href":"https:\/\/ecostera.com\/dk\/wp-json\/wp\/v2\/types\/product"}],"replies":[{"embeddable":true,"href":"https:\/\/ecostera.com\/dk\/wp-json\/wp\/v2\/comments?post=19905"}],"wp:featuredmedia":[{"embeddable":true,"href":"https:\/\/ecostera.com\/dk\/wp-json\/wp\/v2\/media\/19903"}],"wp:attachment":[{"href":"https:\/\/ecostera.com\/dk\/wp-json\/wp\/v2\/media?parent=19905"}],"wp:term":[{"taxonomy":"product_brand","embeddable":true,"href":"https:\/\/ecostera.com\/dk\/wp-json\/wp\/v2\/product_brand?post=19905"},{"taxonomy":"product_cat","embeddable":true,"href":"https:\/\/ecostera.com\/dk\/wp-json\/wp\/v2\/product_cat?post=19905"},{"taxonomy":"product_tag","embeddable":true,"href":"https:\/\/ecostera.com\/dk\/wp-json\/wp\/v2\/product_tag?post=19905"}],"curies":[{"name":"wp","href":"https:\/\/api.w.org\/{rel}","templated":true}]}}