{"id":20068,"date":"2025-09-19T13:16:51","date_gmt":"2025-09-19T10:16:51","guid":{"rendered":"https:\/\/ecostera.com\/dk\/product\/draenende-kurv\/"},"modified":"2025-09-19T13:17:17","modified_gmt":"2025-09-19T10:17:17","slug":"draenende-kurv","status":"publish","type":"product","link":"https:\/\/ecostera.com\/dk\/product\/draenende-kurv\/","title":{"rendered":"Dr\u00e6nende kurv"},"content":{"rendered":"<p style=\"text-align: center\" data-start=\"79\" data-end=\"276\"><strong>\ud83c\udf53 Skyl, dr\u00e6n og server &#8211; alt sammen i \u00e9n smart kurv!<\/strong><\/p>\n<p style=\"text-align: center\" data-start=\"79\" data-end=\"276\">Denne multifunktionelle dr\u00e6nkurv g\u00f8r madlavningen hurtigere og renere. Dens vinklede design dr\u00e6ner vandet hurtigt, mens maden er sikker indeni. Perfekt til salater, pasta, frugt, gr\u00f8ntsager og meget mere!<\/p>\n<p data-start=\"79\" data-end=\"276\"><img fetchpriority=\"high\" decoding=\"async\" class=\" wp-image-26184 aligncenter\" src=\"https:\/\/keluvo.com\/template\/wp-content\/uploads\/sites\/5\/2025\/07\/dda1d5642b9a2c102da08f823b59dfde8ad8156f.webp\" alt=\"\" width=\"434\" height=\"521\" \/><\/p>\n<h2 style=\"text-align: center\" data-start=\"333\" data-end=\"354\"><strong>\u2728 Vigtigste Fordele<\/strong><\/h2>\n<p data-start=\"357\" data-end=\"404\">\ud83d\udca7 Hurtig afl\u00f8bstud forhindrer spild og rod<\/p>\n<p data-start=\"407\" data-end=\"466\">\ud83e\udd66 Perfekt til skylning af frugt, gr\u00f8ntsager og konserves<\/p>\n<p data-start=\"469\" data-end=\"524\">\ud83c\udf5d Bred sk\u00e5l til pasta, nudler eller salat ease<\/p>\n<p data-start=\"527\" data-end=\"576\">\ud83d\udee1\ufe0f Fremstillet af sikker, holdbar plast i f\u00f8devarekvalitet<\/p>\n<p data-start=\"579\" data-end=\"625\">\ud83c\udf7d Kan bruges som si eller serveringssk\u00e5l<\/p>\n<p data-start=\"579\" data-end=\"625\"><img decoding=\"async\" class=\" wp-image-26183 aligncenter\" src=\"https:\/\/keluvo.com\/template\/wp-content\/uploads\/sites\/5\/2025\/07\/179552197ccf727338ddafa8bc208dfea8a1908e.webp\" alt=\"\" width=\"431\" height=\"517\" \/><\/p>\n<h2 style=\"text-align: center\" data-start=\"627\" data-end=\"646\"><strong>\ud83d\udd27 S\u00e5dan Bruges<\/strong><\/h2>\n<ol data-start=\"647\" data-end=\"784\">\n<li data-start=\"647\" data-end=\"681\">\n<p data-start=\"650\" data-end=\"681\">L\u00e6g maden i kurven.<\/p>\n<\/li>\n<li data-start=\"682\" data-end=\"711\">\n<p data-start=\"685\" data-end=\"711\">Skyl eller vask efter behov.<\/p>\n<\/li>\n<li data-start=\"712\" data-end=\"784\">\n<p data-start=\"715\" data-end=\"784\">Vip for at dr\u00e6ne vand gennem tuden &#8211; intet l\u00e5g eller ekstra v\u00e6rkt\u00f8j er p\u00e5kr\u00e6vet!<\/p>\n<\/li>\n<\/ol>\n<h2 style=\"text-align: center\" data-start=\"786\" data-end=\"810\"><strong>\ud83d\udccf Produktdetaljer<\/strong><\/h2>\n<ul data-start=\"811\" data-end=\"931\">\n<li data-start=\"811\" data-end=\"849\">\n<p data-start=\"813\" data-end=\"849\">Materiale: PC\/TPR-plast, BPA-fri<\/p>\n<\/li>\n<li data-start=\"880\" data-end=\"907\">\n<p data-start=\"882\" data-end=\"907\">St\u00f8rrelse: 22 x 7,5 x 6,8 cm<\/p>\n<\/li>\n<\/ul>\n<h2 style=\"text-align: center\" data-start=\"933\" data-end=\"958\"><strong>\ud83d\udce6 Pakken Indeholder<\/strong><\/h2>\n<ul data-start=\"959\" data-end=\"993\">\n<li data-start=\"959\" data-end=\"993\">\n<p data-start=\"961\" data-end=\"993\">1, 2, 4x multifunktionelle afl\u00f8bskurve.<\/p>\n<\/li>\n<\/ul>\n","protected":false},"excerpt":{"rendered":"<p>\ud83c\udf53 Skyl, dr\u00e6n og server &#8211; alt sammen i \u00e9n smart kurv! Denne multifunktionelle dr\u00e6nkurv g\u00f8r madlavningen hurtigere og renere. [&hellip;]<\/p>\n","protected":false},"featured_media":20064,"comment_status":"open","ping_status":"closed","template":"","meta":{"site-sidebar-layout":"default","site-content-layout":"","ast-site-content-layout":"default","site-content-style":"default","site-sidebar-style":"default","ast-global-header-display":"","ast-banner-title-visibility":"","ast-main-header-display":"","ast-hfb-above-header-display":"","ast-hfb-below-header-display":"","ast-hfb-mobile-header-display":"","site-post-title":"","ast-breadcrumbs-content":"","ast-featured-img":"","footer-sml-layout":"","theme-transparent-header-meta":"default","adv-header-id-meta":"","stick-header-meta":"","header-above-stick-meta":"","header-main-stick-meta":"","header-below-stick-meta":"","astra-migrate-meta-layouts":"set","ast-page-background-enabled":"default","ast-page-background-meta":{"desktop":{"background-color":"var(--ast-global-color-5)","background-image":"","background-repeat":"repeat","background-position":"center center","background-size":"auto","background-attachment":"scroll","background-type":"","background-media":"","overlay-type":"","overlay-color":"","overlay-opacity":"","overlay-gradient":""},"tablet":{"background-color":"","background-image":"","background-repeat":"repeat","background-position":"center center","background-size":"auto","background-attachment":"scroll","background-type":"","background-media":"","overlay-type":"","overlay-color":"","overlay-opacity":"","overlay-gradient":""},"mobile":{"background-color":"","background-image":"","background-repeat":"repeat","background-position":"center center","background-size":"auto","background-attachment":"scroll","background-type":"","background-media":"","overlay-type":"","overlay-color":"","overlay-opacity":"","overlay-gradient":""}},"ast-content-background-meta":{"desktop":{"background-color":"var(--ast-global-color-4)","background-image":"","background-repeat":"repeat","background-position":"center center","background-size":"auto","background-attachment":"scroll","background-type":"","background-media":"","overlay-type":"","overlay-color":"","overlay-opacity":"","overlay-gradient":""},"tablet":{"background-color":"var(--ast-global-color-4)","background-image":"","background-repeat":"repeat","background-position":"center center","background-size":"auto","background-attachment":"scroll","background-type":"","background-media":"","overlay-type":"","overlay-color":"","overlay-opacity":"","overlay-gradient":""},"mobile":{"background-color":"var(--ast-global-color-4)","background-image":"","background-repeat":"repeat","background-position":"center center","background-size":"auto","background-attachment":"scroll","background-type":"","background-media":"","overlay-type":"","overlay-color":"","overlay-opacity":"","overlay-gradient":""}}},"product_brand":[],"product_cat":[19],"product_tag":[],"class_list":{"0":"post-20068","1":"product","2":"type-product","3":"status-publish","4":"has-post-thumbnail","6":"product_cat-uncategorized","7":"pa_35012_cjw5vo25-1-stk","8":"pa_35012_cjw5vo25-2-stk","9":"pa_35012_cjw5vo25-4-stk","10":"pa_35012_vfhqm2pc-gennemsigtig","11":"pa_35012_vfhqm2pc-graa","12":"desktop-align-left","13":"tablet-align-left","14":"mobile-align-left","16":"first","17":"instock","18":"shipping-taxable","19":"purchasable","20":"product-type-variable","21":"has-default-attributes"},"_links":{"self":[{"href":"https:\/\/ecostera.com\/dk\/wp-json\/wp\/v2\/product\/20068","targetHints":{"allow":["GET"]}}],"collection":[{"href":"https:\/\/ecostera.com\/dk\/wp-json\/wp\/v2\/product"}],"about":[{"href":"https:\/\/ecostera.com\/dk\/wp-json\/wp\/v2\/types\/product"}],"replies":[{"embeddable":true,"href":"https:\/\/ecostera.com\/dk\/wp-json\/wp\/v2\/comments?post=20068"}],"wp:featuredmedia":[{"embeddable":true,"href":"https:\/\/ecostera.com\/dk\/wp-json\/wp\/v2\/media\/20064"}],"wp:attachment":[{"href":"https:\/\/ecostera.com\/dk\/wp-json\/wp\/v2\/media?parent=20068"}],"wp:term":[{"taxonomy":"product_brand","embeddable":true,"href":"https:\/\/ecostera.com\/dk\/wp-json\/wp\/v2\/product_brand?post=20068"},{"taxonomy":"product_cat","embeddable":true,"href":"https:\/\/ecostera.com\/dk\/wp-json\/wp\/v2\/product_cat?post=20068"},{"taxonomy":"product_tag","embeddable":true,"href":"https:\/\/ecostera.com\/dk\/wp-json\/wp\/v2\/product_tag?post=20068"}],"curies":[{"name":"wp","href":"https:\/\/api.w.org\/{rel}","templated":true}]}}