{"id":20090,"date":"2025-09-19T13:18:26","date_gmt":"2025-09-19T10:18:26","guid":{"rendered":"https:\/\/ecostera.com\/dk\/product\/saet-med-armbaand\/"},"modified":"2025-09-19T13:18:40","modified_gmt":"2025-09-19T10:18:40","slug":"saet-med-armbaand","status":"publish","type":"product","link":"https:\/\/ecostera.com\/dk\/product\/saet-med-armbaand\/","title":{"rendered":"S\u00e6t med armb\u00e5nd"},"content":{"rendered":"<p style=\"text-align: center\" data-start=\"101\" data-end=\"250\"><strong>\ud83d\udee1\ufe0f Kanaliser din indre kriger med hvert eneste outfit!<\/strong><\/p>\n<p style=\"text-align: center\" data-start=\"101\" data-end=\"250\">M\u00e6rk de nordiske guders kraft om dit h\u00e5ndled med dette dristige og robuste armb\u00e5ndss\u00e6t. Vikings-krigerarmb\u00e5ndene er bygget til dem, der g\u00e5r med styrke og stil. Hvert stykke er lavet af holdbart rustfrit st\u00e5l og f\u00f8rsteklasses perler og har vikingeinspirerede designs, der kr\u00e6ver opm\u00e6rksomhed.<\/p>\n<p data-start=\"101\" data-end=\"250\"><img decoding=\"async\" class=\"size-full wp-image-26211 aligncenter\" src=\"https:\/\/keluvo.com\/template\/wp-content\/uploads\/sites\/5\/2025\/07\/07024-ezgif.com-video-to-webp-converter.webp\" alt=\"\" \/><\/p>\n<h2 style=\"text-align: center\" data-start=\"460\" data-end=\"487\"><strong>\u2728 Hvorfor Du Vil Elske Det<\/strong><\/h2>\n<p data-start=\"490\" data-end=\"538\">\ud83e\uddff Indeholder 2 perlearmb\u00e5nd + 1 manchet bangle<\/p>\n<p data-start=\"541\" data-end=\"606\">\ud83d\udee0\ufe0f Lavet af rustfrit st\u00e5l i h\u00f8j kvalitet &#8211; ingen rust, ingen falmning<\/p>\n<p data-start=\"609\" data-end=\"648\">\u26a1 Tilf\u00f8jer et frygtl\u00f8st touch til ethvert outfit<\/p>\n<p data-start=\"651\" data-end=\"704\">\ud83e\uddd4\u200d\u2642\ufe0f Perfekt til gave eller opgradering af personlig stil<\/p>\n<p data-start=\"707\" data-end=\"754\">\ud83d\udd12 Bygget til at holde og v\u00e6re behageligt hele dagen<\/p>\n<h2 style=\"text-align: center\" data-start=\"756\" data-end=\"911\"><strong>\ud83d\udce6 S\u00e5dan Bruges<\/strong><\/h2>\n<ol>\n<li data-start=\"756\" data-end=\"911\">Slip perlearmb\u00e5ndene over dit h\u00e5ndled og fastg\u00f8r manchetarmb\u00e5ndet.<\/li>\n<li data-start=\"756\" data-end=\"911\">Stabel dem sammen eller brug dem hver for sig &#8211; din stil, dine regler.<\/li>\n<\/ol>\n<h2 style=\"text-align: center\" data-start=\"913\" data-end=\"938\"><strong>\ud83d\udccf Produktdetaljer<\/strong><\/h2>\n<ul data-start=\"939\" data-end=\"1077\">\n<li data-start=\"939\" data-end=\"994\">\n<p data-start=\"941\" data-end=\"994\">S\u00e6t med 3 dele: 2 x perlearmb\u00e5nd + 1 x cuff bangle<\/p>\n<\/li>\n<li data-start=\"1014\" data-end=\"1059\">\n<p data-start=\"1016\" data-end=\"1059\">Materiale: Rustfrit st\u00e5l + f\u00f8rsteklasses perler<\/p>\n<\/li>\n<li data-start=\"1060\" data-end=\"1077\">\n<p data-start=\"1062\" data-end=\"1077\">Unisex-design<\/p>\n<\/li>\n<\/ul>\n<h2 style=\"text-align: center\" data-start=\"1079\" data-end=\"1105\"><strong>\ud83c\udf81 Pakken Indeholder<\/strong><\/h2>\n<ul data-start=\"1106\" data-end=\"1154\">\n<li data-start=\"1106\" data-end=\"1154\">\n<p data-start=\"1108\" data-end=\"1154\">1 x armb\u00e5ndss\u00e6t (3 stk. i alt).<\/p>\n<\/li>\n<\/ul>\n","protected":false},"excerpt":{"rendered":"<p>\ud83d\udee1\ufe0f Kanaliser din indre kriger med hvert eneste outfit! M\u00e6rk de nordiske guders kraft om dit h\u00e5ndled med dette dristige [&hellip;]<\/p>\n","protected":false},"featured_media":20086,"comment_status":"open","ping_status":"closed","template":"","meta":{"site-sidebar-layout":"default","site-content-layout":"","ast-site-content-layout":"default","site-content-style":"default","site-sidebar-style":"default","ast-global-header-display":"","ast-banner-title-visibility":"","ast-main-header-display":"","ast-hfb-above-header-display":"","ast-hfb-below-header-display":"","ast-hfb-mobile-header-display":"","site-post-title":"","ast-breadcrumbs-content":"","ast-featured-img":"","footer-sml-layout":"","theme-transparent-header-meta":"default","adv-header-id-meta":"","stick-header-meta":"","header-above-stick-meta":"","header-main-stick-meta":"","header-below-stick-meta":"","astra-migrate-meta-layouts":"set","ast-page-background-enabled":"default","ast-page-background-meta":{"desktop":{"background-color":"var(--ast-global-color-5)","background-image":"","background-repeat":"repeat","background-position":"center center","background-size":"auto","background-attachment":"scroll","background-type":"","background-media":"","overlay-type":"","overlay-color":"","overlay-opacity":"","overlay-gradient":""},"tablet":{"background-color":"","background-image":"","background-repeat":"repeat","background-position":"center center","background-size":"auto","background-attachment":"scroll","background-type":"","background-media":"","overlay-type":"","overlay-color":"","overlay-opacity":"","overlay-gradient":""},"mobile":{"background-color":"","background-image":"","background-repeat":"repeat","background-position":"center center","background-size":"auto","background-attachment":"scroll","background-type":"","background-media":"","overlay-type":"","overlay-color":"","overlay-opacity":"","overlay-gradient":""}},"ast-content-background-meta":{"desktop":{"background-color":"var(--ast-global-color-4)","background-image":"","background-repeat":"repeat","background-position":"center center","background-size":"auto","background-attachment":"scroll","background-type":"","background-media":"","overlay-type":"","overlay-color":"","overlay-opacity":"","overlay-gradient":""},"tablet":{"background-color":"var(--ast-global-color-4)","background-image":"","background-repeat":"repeat","background-position":"center center","background-size":"auto","background-attachment":"scroll","background-type":"","background-media":"","overlay-type":"","overlay-color":"","overlay-opacity":"","overlay-gradient":""},"mobile":{"background-color":"var(--ast-global-color-4)","background-image":"","background-repeat":"repeat","background-position":"center center","background-size":"auto","background-attachment":"scroll","background-type":"","background-media":"","overlay-type":"","overlay-color":"","overlay-opacity":"","overlay-gradient":""}}},"product_brand":[],"product_cat":[19],"product_tag":[],"class_list":{"0":"post-20090","1":"product","2":"type-product","3":"status-publish","4":"has-post-thumbnail","6":"product_cat-uncategorized","7":"pa_38245_6satm0ah-kloee","8":"pa_38245_6satm0ah-kranium","9":"pa_38245_6satm0ah-kriger","10":"desktop-align-left","11":"tablet-align-left","12":"mobile-align-left","14":"first","15":"instock","16":"shipping-taxable","17":"purchasable","18":"product-type-variable"},"_links":{"self":[{"href":"https:\/\/ecostera.com\/dk\/wp-json\/wp\/v2\/product\/20090","targetHints":{"allow":["GET"]}}],"collection":[{"href":"https:\/\/ecostera.com\/dk\/wp-json\/wp\/v2\/product"}],"about":[{"href":"https:\/\/ecostera.com\/dk\/wp-json\/wp\/v2\/types\/product"}],"replies":[{"embeddable":true,"href":"https:\/\/ecostera.com\/dk\/wp-json\/wp\/v2\/comments?post=20090"}],"wp:featuredmedia":[{"embeddable":true,"href":"https:\/\/ecostera.com\/dk\/wp-json\/wp\/v2\/media\/20086"}],"wp:attachment":[{"href":"https:\/\/ecostera.com\/dk\/wp-json\/wp\/v2\/media?parent=20090"}],"wp:term":[{"taxonomy":"product_brand","embeddable":true,"href":"https:\/\/ecostera.com\/dk\/wp-json\/wp\/v2\/product_brand?post=20090"},{"taxonomy":"product_cat","embeddable":true,"href":"https:\/\/ecostera.com\/dk\/wp-json\/wp\/v2\/product_cat?post=20090"},{"taxonomy":"product_tag","embeddable":true,"href":"https:\/\/ecostera.com\/dk\/wp-json\/wp\/v2\/product_tag?post=20090"}],"curies":[{"name":"wp","href":"https:\/\/api.w.org\/{rel}","templated":true}]}}