{"id":20212,"date":"2025-09-19T13:29:06","date_gmt":"2025-09-19T10:29:06","guid":{"rendered":"https:\/\/ecostera.com\/dk\/product\/vaerktoej-til-fjernelse-af-fuger\/"},"modified":"2025-09-19T13:29:23","modified_gmt":"2025-09-19T10:29:23","slug":"vaerktoej-til-fjernelse-af-fuger","status":"publish","type":"product","link":"https:\/\/ecostera.com\/dk\/product\/vaerktoej-til-fjernelse-af-fuger\/","title":{"rendered":"V\u00e6rkt\u00f8j til fjernelse af fuger"},"content":{"rendered":"<p style=\"text-align: center\" data-start=\"105\" data-end=\"167\"><strong>\ud83d\udd27 Fjern tr\u00e6kst\u00e6nger som en professionel &#8211; ingen grund til at afmontere tandstangen!<\/strong><\/p>\n<p style=\"text-align: center\" data-start=\"169\" data-end=\"345\">Dette v\u00e6rkt\u00f8j til fjernelse af led g\u00f8r bilreparationer hurtige, nemme og frustrationsfrie. Den er designet til trange steder og griber fat i og fjerner tr\u00e6kst\u00e6nger uden at r\u00f8re ved tandstangen.<\/p>\n<p data-start=\"169\" data-end=\"345\"><img fetchpriority=\"high\" decoding=\"async\" class=\" wp-image-26307 aligncenter\" src=\"https:\/\/keluvo.com\/template\/wp-content\/uploads\/sites\/5\/2025\/07\/63a00a251ec0e4f8080b74c4bd16633e.gif\" width=\"451\" height=\"451\" \/><\/p>\n<h2 style=\"text-align: center\" data-start=\"347\" data-end=\"367\"><strong>\u2705 Hovedfordele<\/strong><\/h2>\n<p data-start=\"370\" data-end=\"425\">\ud83d\ude97 Fungerer med biler, lastbiler, SUV&#8217;er, motorcykler og more<\/p>\n<p data-start=\"428\" data-end=\"482\">\ud83d\udee0\ufe0f Griber fast om tr\u00e6kst\u00e6nger uden at glide (\u00d827-42 mm)<\/p>\n<p data-start=\"485\" data-end=\"530\">\ud83d\udcaa Fremstillet af rustbeskyttet, kraftigt CR-V-st\u00e5l<\/p>\n<p data-start=\"533\" data-end=\"585\">\ud83d\udd04 Let at bruge selv i smalle eller sv\u00e6rt tilg\u00e6ngelige omr\u00e5der<\/p>\n<p data-start=\"588\" data-end=\"633\">\ud83e\uddf0 Sparer tid &#8211; ingen grund til at fjerne andre parts<\/p>\n<p data-start=\"588\" data-end=\"633\"><img decoding=\"async\" class=\"size-full wp-image-26306 aligncenter\" src=\"https:\/\/keluvo.com\/template\/wp-content\/uploads\/sites\/5\/2025\/07\/74f852867cf5047f735485d9e3d2272b.jpg\" alt=\"\" \/><\/p>\n<h2 style=\"text-align: center\" data-start=\"635\" data-end=\"656\"><strong>\ud83e\uddd1\u200d\ud83d\udd27 S\u00e5dan bruges<\/strong><\/h2>\n<ol data-start=\"657\" data-end=\"761\">\n<li data-start=\"657\" data-end=\"696\">\n<p data-start=\"660\" data-end=\"696\">Skub v\u00e6rkt\u00f8jet over tr\u00e6kstangens ende.<\/p>\n<\/li>\n<li data-start=\"697\" data-end=\"733\">\n<p data-start=\"700\" data-end=\"733\">S\u00e6t din skralde eller forl\u00e6nger p\u00e5.<\/p>\n<\/li>\n<li data-start=\"734\" data-end=\"761\">\n<p data-start=\"737\" data-end=\"761\">Drej og fjern &#8211; f\u00e6rdig!<\/p>\n<\/li>\n<\/ol>\n<h2 style=\"text-align: center\" data-start=\"763\" data-end=\"786\"><strong>\ud83d\udcd0 Produktdetaljer<\/strong><\/h2>\n<ul data-start=\"787\" data-end=\"894\">\n<li data-start=\"787\" data-end=\"821\">\n<p data-start=\"789\" data-end=\"821\">Passer til tr\u00e6kstangsst\u00f8rrelser: 27 mm til 42 mm<\/p>\n<\/li>\n<li data-start=\"855\" data-end=\"894\">\n<p data-start=\"857\" data-end=\"894\">St\u00e6rk og holdbar st\u00e5lkonstruktion<\/p>\n<\/li>\n<\/ul>\n<h2 style=\"text-align: center\" data-start=\"896\" data-end=\"920\"><strong>\ud83d\udce6 Pakken indeholder<\/strong><\/h2>\n<ul data-start=\"921\" data-end=\"954\">\n<li data-start=\"921\" data-end=\"954\">\n<p data-start=\"923\" data-end=\"954\">1, 2, 3 x v\u00e6rkt\u00f8j til fjernelse af led.<\/p>\n<\/li>\n<\/ul>\n","protected":false},"excerpt":{"rendered":"<p>\ud83d\udd27 Fjern tr\u00e6kst\u00e6nger som en professionel &#8211; ingen grund til at afmontere tandstangen! Dette v\u00e6rkt\u00f8j til fjernelse af led g\u00f8r [&hellip;]<\/p>\n","protected":false},"featured_media":20208,"comment_status":"open","ping_status":"closed","template":"","meta":{"site-sidebar-layout":"default","site-content-layout":"","ast-site-content-layout":"default","site-content-style":"default","site-sidebar-style":"default","ast-global-header-display":"","ast-banner-title-visibility":"","ast-main-header-display":"","ast-hfb-above-header-display":"","ast-hfb-below-header-display":"","ast-hfb-mobile-header-display":"","site-post-title":"","ast-breadcrumbs-content":"","ast-featured-img":"","footer-sml-layout":"","theme-transparent-header-meta":"default","adv-header-id-meta":"","stick-header-meta":"","header-above-stick-meta":"","header-main-stick-meta":"","header-below-stick-meta":"","astra-migrate-meta-layouts":"set","ast-page-background-enabled":"default","ast-page-background-meta":{"desktop":{"background-color":"var(--ast-global-color-5)","background-image":"","background-repeat":"repeat","background-position":"center center","background-size":"auto","background-attachment":"scroll","background-type":"","background-media":"","overlay-type":"","overlay-color":"","overlay-opacity":"","overlay-gradient":""},"tablet":{"background-color":"","background-image":"","background-repeat":"repeat","background-position":"center center","background-size":"auto","background-attachment":"scroll","background-type":"","background-media":"","overlay-type":"","overlay-color":"","overlay-opacity":"","overlay-gradient":""},"mobile":{"background-color":"","background-image":"","background-repeat":"repeat","background-position":"center center","background-size":"auto","background-attachment":"scroll","background-type":"","background-media":"","overlay-type":"","overlay-color":"","overlay-opacity":"","overlay-gradient":""}},"ast-content-background-meta":{"desktop":{"background-color":"var(--ast-global-color-4)","background-image":"","background-repeat":"repeat","background-position":"center center","background-size":"auto","background-attachment":"scroll","background-type":"","background-media":"","overlay-type":"","overlay-color":"","overlay-opacity":"","overlay-gradient":""},"tablet":{"background-color":"var(--ast-global-color-4)","background-image":"","background-repeat":"repeat","background-position":"center center","background-size":"auto","background-attachment":"scroll","background-type":"","background-media":"","overlay-type":"","overlay-color":"","overlay-opacity":"","overlay-gradient":""},"mobile":{"background-color":"var(--ast-global-color-4)","background-image":"","background-repeat":"repeat","background-position":"center center","background-size":"auto","background-attachment":"scroll","background-type":"","background-media":"","overlay-type":"","overlay-color":"","overlay-opacity":"","overlay-gradient":""}}},"product_brand":[],"product_cat":[19],"product_tag":[],"class_list":{"0":"post-20212","1":"product","2":"type-product","3":"status-publish","4":"has-post-thumbnail","6":"product_cat-uncategorized","7":"pa_29015_kodmd5uv-1-stk","8":"pa_29015_kodmd5uv-2-stk","9":"pa_29015_kodmd5uv-3-stk","10":"desktop-align-left","11":"tablet-align-left","12":"mobile-align-left","14":"first","15":"instock","16":"shipping-taxable","17":"purchasable","18":"product-type-variable"},"_links":{"self":[{"href":"https:\/\/ecostera.com\/dk\/wp-json\/wp\/v2\/product\/20212","targetHints":{"allow":["GET"]}}],"collection":[{"href":"https:\/\/ecostera.com\/dk\/wp-json\/wp\/v2\/product"}],"about":[{"href":"https:\/\/ecostera.com\/dk\/wp-json\/wp\/v2\/types\/product"}],"replies":[{"embeddable":true,"href":"https:\/\/ecostera.com\/dk\/wp-json\/wp\/v2\/comments?post=20212"}],"wp:featuredmedia":[{"embeddable":true,"href":"https:\/\/ecostera.com\/dk\/wp-json\/wp\/v2\/media\/20208"}],"wp:attachment":[{"href":"https:\/\/ecostera.com\/dk\/wp-json\/wp\/v2\/media?parent=20212"}],"wp:term":[{"taxonomy":"product_brand","embeddable":true,"href":"https:\/\/ecostera.com\/dk\/wp-json\/wp\/v2\/product_brand?post=20212"},{"taxonomy":"product_cat","embeddable":true,"href":"https:\/\/ecostera.com\/dk\/wp-json\/wp\/v2\/product_cat?post=20212"},{"taxonomy":"product_tag","embeddable":true,"href":"https:\/\/ecostera.com\/dk\/wp-json\/wp\/v2\/product_tag?post=20212"}],"curies":[{"name":"wp","href":"https:\/\/api.w.org\/{rel}","templated":true}]}}