{"id":20284,"date":"2025-09-19T13:37:27","date_gmt":"2025-09-19T10:37:27","guid":{"rendered":"https:\/\/ecostera.com\/dk\/product\/taske-2\/"},"modified":"2025-09-19T13:37:37","modified_gmt":"2025-09-19T10:37:37","slug":"taske-2","status":"publish","type":"product","link":"https:\/\/ecostera.com\/dk\/product\/taske-2\/","title":{"rendered":"Taske"},"content":{"rendered":"<p style=\"text-align: center\" data-start=\"108\" data-end=\"151\"><strong data-start=\"108\" data-end=\"151\">V\u00e6r Stilfuld Og Sikker P\u00e5 Farten! \ud83c\udf92\ud83d\udd12<\/strong><\/p>\n<p style=\"text-align: center\" data-start=\"153\" data-end=\"353\">Denne alsidige, tyverisikrede skuldertaske er den perfekte blanding af mode og funktion. Uanset om du pendler, shopper eller rejser, kan du holde dine vigtigste ting organiseret og sikre &#8211; uden at g\u00e5 p\u00e5 kompromis med stilen.<\/p>\n<p data-start=\"153\" data-end=\"353\"><img decoding=\"async\" class=\"size-full wp-image-26867 aligncenter\" src=\"https:\/\/keluvo.com\/template\/wp-content\/uploads\/sites\/5\/2025\/07\/ef3dcb751d4ea50cce5a95446346d408ed5bdc3b.gif\" alt=\"\" \/><\/p>\n<h2 style=\"text-align: center\" data-start=\"355\" data-end=\"376\">\ud83d\udc5c Vigtigste Fordele<\/h2>\n<p data-start=\"379\" data-end=\"424\">\ud83d\udca7 Lavet af vandt\u00e6t stof i h\u00f8j kvalitet<\/p>\n<p data-start=\"427\" data-end=\"485\">\ud83d\udd10 Skjulte lynl\u00e5se og tyverisikret design for ekstra sikkerhed<\/p>\n<p data-start=\"488\" data-end=\"552\">\ud83d\udcbc 3-i-1-brug: brug den som rygs\u00e6k, skuldertaske eller h\u00e5ndtaske<\/p>\n<p data-start=\"555\" data-end=\"609\">\ud83c\udfa8 Elegant, minimalistisk look, der passer til ethvert outfit<\/p>\n<p data-start=\"612\" data-end=\"662\">\ud83e\uddf3 Ideel til daglige \u00e6rinder, arbejde eller weekendture<\/p>\n<p data-start=\"612\" data-end=\"662\"><img decoding=\"async\" class=\"size-full wp-image-26866 aligncenter\" src=\"https:\/\/keluvo.com\/template\/wp-content\/uploads\/sites\/5\/2025\/07\/d8ef2c924c458945188ba3fe2ab799c98b7f69c4.gif\" alt=\"\" \/><\/p>\n<h2 style=\"text-align: center\" data-start=\"664\" data-end=\"682\">\ud83e\udded S\u00e5dan Bruger Du Den<\/h2>\n<ol data-start=\"683\" data-end=\"866\">\n<li data-start=\"683\" data-end=\"755\">\n<p data-start=\"686\" data-end=\"755\">V\u00e6lg din foretrukne stroppestil &#8211; skulder, rygs\u00e6k eller h\u00e5ndb\u00e6ring.<\/p>\n<\/li>\n<li data-start=\"756\" data-end=\"816\">\n<p data-start=\"759\" data-end=\"816\">L\u00e6g dine vigtigste ting i det rummelige hovedrum.<\/p>\n<\/li>\n<li data-start=\"817\" data-end=\"866\">\n<p data-start=\"820\" data-end=\"866\">Luk lynl\u00e5sen, juster stropperne, og du er klar til at tage af sted!<\/p>\n<\/li>\n<\/ol>\n<h2 style=\"text-align: center\" data-start=\"868\" data-end=\"891\">\ud83d\udccf Produktdetaljer<\/h2>\n<ul data-start=\"892\" data-end=\"1079\">\n<li data-start=\"892\" data-end=\"929\">\n<p data-start=\"894\" data-end=\"929\">Materiale: Vandt\u00e6t nylonstof<\/p>\n<\/li>\n<li data-start=\"930\" data-end=\"984\">\n<p data-start=\"932\" data-end=\"984\">St\u00f8rrelse: 31 cm (l\u00e6ngde) x 17 cm (bredde) x 32 cm (h\u00f8jde)<\/p>\n<\/li>\n<li data-start=\"1017\" data-end=\"1079\">\n<p data-start=\"1019\" data-end=\"1079\">Rum: Stor hovedlomme, indvendige og udvendige lynl\u00e5slommer<\/p>\n<\/li>\n<\/ul>\n<h2 style=\"text-align: center\" data-start=\"1081\" data-end=\"1105\">\ud83d\udce6 Pakken Indeholder<\/h2>\n<ul data-start=\"1106\" data-end=\"1150\">\n<li data-start=\"1106\" data-end=\"1150\">\n<p data-start=\"1108\" data-end=\"1150\">1x taske.<\/p>\n<\/li>\n<\/ul>\n","protected":false},"excerpt":{"rendered":"<p>V\u00e6r Stilfuld Og Sikker P\u00e5 Farten! \ud83c\udf92\ud83d\udd12 Denne alsidige, tyverisikrede skuldertaske er den perfekte blanding af mode og funktion. Uanset [&hellip;]<\/p>\n","protected":false},"featured_media":20280,"comment_status":"open","ping_status":"closed","template":"","meta":{"site-sidebar-layout":"default","site-content-layout":"","ast-site-content-layout":"default","site-content-style":"default","site-sidebar-style":"default","ast-global-header-display":"","ast-banner-title-visibility":"","ast-main-header-display":"","ast-hfb-above-header-display":"","ast-hfb-below-header-display":"","ast-hfb-mobile-header-display":"","site-post-title":"","ast-breadcrumbs-content":"","ast-featured-img":"","footer-sml-layout":"","theme-transparent-header-meta":"default","adv-header-id-meta":"","stick-header-meta":"","header-above-stick-meta":"","header-main-stick-meta":"","header-below-stick-meta":"","astra-migrate-meta-layouts":"set","ast-page-background-enabled":"default","ast-page-background-meta":{"desktop":{"background-color":"var(--ast-global-color-5)","background-image":"","background-repeat":"repeat","background-position":"center center","background-size":"auto","background-attachment":"scroll","background-type":"","background-media":"","overlay-type":"","overlay-color":"","overlay-opacity":"","overlay-gradient":""},"tablet":{"background-color":"","background-image":"","background-repeat":"repeat","background-position":"center center","background-size":"auto","background-attachment":"scroll","background-type":"","background-media":"","overlay-type":"","overlay-color":"","overlay-opacity":"","overlay-gradient":""},"mobile":{"background-color":"","background-image":"","background-repeat":"repeat","background-position":"center center","background-size":"auto","background-attachment":"scroll","background-type":"","background-media":"","overlay-type":"","overlay-color":"","overlay-opacity":"","overlay-gradient":""}},"ast-content-background-meta":{"desktop":{"background-color":"var(--ast-global-color-4)","background-image":"","background-repeat":"repeat","background-position":"center center","background-size":"auto","background-attachment":"scroll","background-type":"","background-media":"","overlay-type":"","overlay-color":"","overlay-opacity":"","overlay-gradient":""},"tablet":{"background-color":"var(--ast-global-color-4)","background-image":"","background-repeat":"repeat","background-position":"center center","background-size":"auto","background-attachment":"scroll","background-type":"","background-media":"","overlay-type":"","overlay-color":"","overlay-opacity":"","overlay-gradient":""},"mobile":{"background-color":"var(--ast-global-color-4)","background-image":"","background-repeat":"repeat","background-position":"center center","background-size":"auto","background-attachment":"scroll","background-type":"","background-media":"","overlay-type":"","overlay-color":"","overlay-opacity":"","overlay-gradient":""}}},"product_brand":[],"product_cat":[19],"product_tag":[],"class_list":{"0":"post-20284","1":"product","2":"type-product","3":"status-publish","4":"has-post-thumbnail","6":"product_cat-uncategorized","7":"pa_18024_ntq1sskk-brun","8":"pa_18024_ntq1sskk-sort","9":"desktop-align-left","10":"tablet-align-left","11":"mobile-align-left","13":"first","14":"instock","15":"shipping-taxable","16":"purchasable","17":"product-type-variable"},"_links":{"self":[{"href":"https:\/\/ecostera.com\/dk\/wp-json\/wp\/v2\/product\/20284","targetHints":{"allow":["GET"]}}],"collection":[{"href":"https:\/\/ecostera.com\/dk\/wp-json\/wp\/v2\/product"}],"about":[{"href":"https:\/\/ecostera.com\/dk\/wp-json\/wp\/v2\/types\/product"}],"replies":[{"embeddable":true,"href":"https:\/\/ecostera.com\/dk\/wp-json\/wp\/v2\/comments?post=20284"}],"wp:featuredmedia":[{"embeddable":true,"href":"https:\/\/ecostera.com\/dk\/wp-json\/wp\/v2\/media\/20280"}],"wp:attachment":[{"href":"https:\/\/ecostera.com\/dk\/wp-json\/wp\/v2\/media?parent=20284"}],"wp:term":[{"taxonomy":"product_brand","embeddable":true,"href":"https:\/\/ecostera.com\/dk\/wp-json\/wp\/v2\/product_brand?post=20284"},{"taxonomy":"product_cat","embeddable":true,"href":"https:\/\/ecostera.com\/dk\/wp-json\/wp\/v2\/product_cat?post=20284"},{"taxonomy":"product_tag","embeddable":true,"href":"https:\/\/ecostera.com\/dk\/wp-json\/wp\/v2\/product_tag?post=20284"}],"curies":[{"name":"wp","href":"https:\/\/api.w.org\/{rel}","templated":true}]}}