{"id":20297,"date":"2025-09-19T13:39:26","date_gmt":"2025-09-19T10:39:26","guid":{"rendered":"https:\/\/ecostera.com\/dk\/product\/selvklaebende-folie\/"},"modified":"2025-09-19T13:40:56","modified_gmt":"2025-09-19T10:40:56","slug":"selvklaebende-folie","status":"publish","type":"product","link":"https:\/\/ecostera.com\/dk\/product\/selvklaebende-folie\/","title":{"rendered":"Selvkl\u00e6bende folie"},"content":{"rendered":"<p style=\"text-align: center\"><strong data-start=\"88\" data-end=\"154\">Hold dit k\u00f8kken pletfrit og beskyttet &#8211; uden rod! \ud83e\uddfd\u2728<\/strong><\/p>\n<p style=\"text-align: center\">Denne selvkl\u00e6bende folie er en game-changer for ethvert k\u00f8kken. Den beskytter dine bordplader, skabe og skuffer mod olie, varme og vand &#8211; samtidig med at den ser elegant og moderne ud!<\/p>\n<p><img decoding=\"async\" class=\"size-full wp-image-26877 aligncenter\" src=\"https:\/\/keluvo.com\/template\/wp-content\/uploads\/sites\/5\/2025\/07\/07026-ezgif.com-video-to-webp-converter.webp\" alt=\"\" \/><\/p>\n<h2 style=\"text-align: center\" data-start=\"344\" data-end=\"366\"><strong>Hovedfordele<\/strong><\/h2>\n<p data-start=\"369\" data-end=\"410\">\ud83d\udca7 Vandt\u00e6t og oliebestandig overflade<\/p>\n<p data-start=\"413\" data-end=\"457\">\ud83d\udd25 Varmebestandig til sikker brug i n\u00e6rheden af komfurer<\/p>\n<p data-start=\"460\" data-end=\"506\">\ud83e\uddfc Let at t\u00f8rre af med en fugtig cloth<\/p>\n<p data-start=\"509\" data-end=\"576\">\u2702\ufe0f Designet passer overalt &#8211; bordplader, skuffer, hylder<\/p>\n<p data-start=\"579\" data-end=\"629\">\ud83d\udcaa St\u00e6rkt kl\u00e6bemiddel, der bliver p\u00e5 plads, ingen afskalning<\/p>\n<p data-start=\"579\" data-end=\"629\"><img decoding=\"async\" class=\"size-full wp-image-26880 aligncenter\" src=\"https:\/\/keluvo.com\/template\/wp-content\/uploads\/sites\/5\/2025\/07\/ALUMAX24054__74ec21d4.webp\" alt=\"\" \/><\/p>\n<h2 style=\"text-align: center\" data-start=\"631\" data-end=\"649\"><strong>S\u00e5dan Bruges<\/strong><\/h2>\n<ol data-start=\"650\" data-end=\"801\">\n<li data-start=\"650\" data-end=\"704\">\n<p data-start=\"653\" data-end=\"704\">Reng\u00f8r overfladen, hvor du vil s\u00e6tte folien p\u00e5.<\/p>\n<\/li>\n<li data-start=\"705\" data-end=\"747\">\n<p data-start=\"708\" data-end=\"747\">Klip folien til i den \u00f8nskede st\u00f8rrelse.<\/p>\n<\/li>\n<li data-start=\"748\" data-end=\"801\">\n<p data-start=\"751\" data-end=\"801\">Tr\u00e6k den af og s\u00e6t den p\u00e5 &#8211; glat den ud for en perfekt finish!<\/p>\n<\/li>\n<\/ol>\n<h2 style=\"text-align: center\" data-start=\"803\" data-end=\"826\"><strong>Produktdetaljer<\/strong><\/h2>\n<ul data-start=\"827\" data-end=\"908\">\n<li data-start=\"827\" data-end=\"860\">\n<p data-start=\"829\" data-end=\"860\">Materiale: Aluminiumsfolie + PET<\/p>\n<\/li>\n<li data-start=\"861\" data-end=\"883\">\n<p data-start=\"863\" data-end=\"883\">St\u00f8rrelse:\u00a0<span style=\"font-size: 16px\">40cm x 300cm, <\/span><span style=\"font-size: 16px\">40cm x 500cm, <\/span>40cm x 1m, 60cm x 1m.<\/p>\n<\/li>\n<\/ul>\n<h2 style=\"text-align: center\" data-start=\"910\" data-end=\"934\"><strong>Pakken Indeholder<\/strong><\/h2>\n<ul data-start=\"935\" data-end=\"980\">\n<li data-start=\"935\" data-end=\"980\">\n<p data-start=\"937\" data-end=\"980\">1x rulle selvkl\u00e6bende folie.<\/p>\n<\/li>\n<\/ul>\n","protected":false},"excerpt":{"rendered":"<p>Hold dit k\u00f8kken pletfrit og beskyttet &#8211; uden rod! \ud83e\uddfd\u2728 Denne selvkl\u00e6bende folie er en game-changer for ethvert k\u00f8kken. Den [&hellip;]<\/p>\n","protected":false},"featured_media":20293,"comment_status":"open","ping_status":"closed","template":"","meta":{"site-sidebar-layout":"default","site-content-layout":"","ast-site-content-layout":"default","site-content-style":"default","site-sidebar-style":"default","ast-global-header-display":"","ast-banner-title-visibility":"","ast-main-header-display":"","ast-hfb-above-header-display":"","ast-hfb-below-header-display":"","ast-hfb-mobile-header-display":"","site-post-title":"","ast-breadcrumbs-content":"","ast-featured-img":"","footer-sml-layout":"","theme-transparent-header-meta":"default","adv-header-id-meta":"","stick-header-meta":"","header-above-stick-meta":"","header-main-stick-meta":"","header-below-stick-meta":"","astra-migrate-meta-layouts":"set","ast-page-background-enabled":"default","ast-page-background-meta":{"desktop":{"background-color":"var(--ast-global-color-5)","background-image":"","background-repeat":"repeat","background-position":"center center","background-size":"auto","background-attachment":"scroll","background-type":"","background-media":"","overlay-type":"","overlay-color":"","overlay-opacity":"","overlay-gradient":""},"tablet":{"background-color":"","background-image":"","background-repeat":"repeat","background-position":"center center","background-size":"auto","background-attachment":"scroll","background-type":"","background-media":"","overlay-type":"","overlay-color":"","overlay-opacity":"","overlay-gradient":""},"mobile":{"background-color":"","background-image":"","background-repeat":"repeat","background-position":"center center","background-size":"auto","background-attachment":"scroll","background-type":"","background-media":"","overlay-type":"","overlay-color":"","overlay-opacity":"","overlay-gradient":""}},"ast-content-background-meta":{"desktop":{"background-color":"var(--ast-global-color-4)","background-image":"","background-repeat":"repeat","background-position":"center center","background-size":"auto","background-attachment":"scroll","background-type":"","background-media":"","overlay-type":"","overlay-color":"","overlay-opacity":"","overlay-gradient":""},"tablet":{"background-color":"var(--ast-global-color-4)","background-image":"","background-repeat":"repeat","background-position":"center center","background-size":"auto","background-attachment":"scroll","background-type":"","background-media":"","overlay-type":"","overlay-color":"","overlay-opacity":"","overlay-gradient":""},"mobile":{"background-color":"var(--ast-global-color-4)","background-image":"","background-repeat":"repeat","background-position":"center center","background-size":"auto","background-attachment":"scroll","background-type":"","background-media":"","overlay-type":"","overlay-color":"","overlay-opacity":"","overlay-gradient":""}}},"product_brand":[],"product_cat":[19],"product_tag":[],"class_list":{"0":"post-20297","1":"product","2":"type-product","3":"status-publish","4":"has-post-thumbnail","6":"product_cat-uncategorized","7":"pa_44579_3310pix2-guld","8":"pa_44579_3310pix2-soelv","9":"pa_44579_ckivzbem-a","10":"pa_44579_ckivzbem-b","11":"pa_44579_wo3k082p-40-cm-x-1-m","12":"pa_44579_wo3k082p-40-cm-x-300-cm","13":"pa_44579_wo3k082p-40-cm-x-500-cm","14":"pa_44579_wo3k082p-60-cm-x-1-m","15":"desktop-align-left","16":"tablet-align-left","17":"mobile-align-left","19":"first","20":"instock","21":"shipping-taxable","22":"purchasable","23":"product-type-variable","24":"has-default-attributes"},"_links":{"self":[{"href":"https:\/\/ecostera.com\/dk\/wp-json\/wp\/v2\/product\/20297","targetHints":{"allow":["GET"]}}],"collection":[{"href":"https:\/\/ecostera.com\/dk\/wp-json\/wp\/v2\/product"}],"about":[{"href":"https:\/\/ecostera.com\/dk\/wp-json\/wp\/v2\/types\/product"}],"replies":[{"embeddable":true,"href":"https:\/\/ecostera.com\/dk\/wp-json\/wp\/v2\/comments?post=20297"}],"wp:featuredmedia":[{"embeddable":true,"href":"https:\/\/ecostera.com\/dk\/wp-json\/wp\/v2\/media\/20293"}],"wp:attachment":[{"href":"https:\/\/ecostera.com\/dk\/wp-json\/wp\/v2\/media?parent=20297"}],"wp:term":[{"taxonomy":"product_brand","embeddable":true,"href":"https:\/\/ecostera.com\/dk\/wp-json\/wp\/v2\/product_brand?post=20297"},{"taxonomy":"product_cat","embeddable":true,"href":"https:\/\/ecostera.com\/dk\/wp-json\/wp\/v2\/product_cat?post=20297"},{"taxonomy":"product_tag","embeddable":true,"href":"https:\/\/ecostera.com\/dk\/wp-json\/wp\/v2\/product_tag?post=20297"}],"curies":[{"name":"wp","href":"https:\/\/api.w.org\/{rel}","templated":true}]}}