{"id":20438,"date":"2025-09-19T14:31:16","date_gmt":"2025-09-19T11:31:16","guid":{"rendered":"https:\/\/ecostera.com\/dk\/product\/guitartraener\/"},"modified":"2025-09-19T14:31:16","modified_gmt":"2025-09-19T11:31:16","slug":"guitartraener","status":"publish","type":"product","link":"https:\/\/ecostera.com\/dk\/product\/guitartraener\/","title":{"rendered":"Guitartr\u00e6ner"},"content":{"rendered":"<p style=\"text-align: center\" data-start=\"83\" data-end=\"133\"><strong>\ud83c\udfb8 \u00d8v Guitar Hvor Som Helst &#8211; Ingen St\u00f8j, Intet Besv\u00e6r!<\/strong><\/p>\n<p style=\"text-align: center\" data-start=\"135\" data-end=\"354\">Med denne guitartr\u00e6ner i lommeformat kan du sk\u00e6rpe dine akkordovergange og fingerstyrke n\u00e5r som helst og hvor som helst. Perfekt til begyndere eller travle musikere, der gerne vil holde deres f\u00e6rdigheder ved lige uden at have en hel guitar med.<\/p>\n<p data-start=\"135\" data-end=\"354\"><img decoding=\"async\" class=\"size-full wp-image-27875 aligncenter\" src=\"https:\/\/keluvo.com\/template\/wp-content\/uploads\/sites\/5\/2025\/07\/777ac3396002f09b956bca7bcb140a20d0b9beb5.webp\" alt=\"\" \/><\/p>\n<h2 style=\"text-align: center\" data-start=\"356\" data-end=\"377\"><strong>\ud83c\udfb6 Vigtigste Fordele<\/strong><\/h2>\n<p data-start=\"380\" data-end=\"434\">\ud83e\uddf3 Kompakt og sammenklappelig &#8211; passer i tasken eller lommen<\/p>\n<p data-start=\"437\" data-end=\"485\">\ud83d\udd07 Lydl\u00f8s \u00f8vning med rigtige strenge og b\u00e5nd<\/p>\n<p data-start=\"488\" data-end=\"536\">\ud83c\udfaf Ideel til akkordhukommelse og finger\u00f8velser<\/p>\n<p data-start=\"539\" data-end=\"597\">\ud83d\udcf1 Digital sk\u00e6rm med akkordvejledning<\/p>\n<p data-start=\"600\" data-end=\"646\">\ud83e\udeb5 Simuleret tr\u00e6f\u00f8lelse for et realistisk touch<\/p>\n<p data-start=\"600\" data-end=\"646\"><img decoding=\"async\" class=\"size-full wp-image-27874 aligncenter\" src=\"https:\/\/keluvo.com\/template\/wp-content\/uploads\/sites\/5\/2025\/07\/948646253a67e38257e8dbe6c91f112e89507e52.avif\" alt=\"\" \/><\/p>\n<h2 style=\"text-align: center\" data-start=\"648\" data-end=\"666\"><strong>\ud83d\udccc S\u00e5dan Bruges<\/strong><\/h2>\n<ol data-start=\"667\" data-end=\"834\">\n<li data-start=\"667\" data-end=\"721\">\n<p data-start=\"670\" data-end=\"721\">\u00c5bn tr\u00e6neren, og juster sp\u00e6ndingen, hvis det er n\u00f8dvendigt.<\/p>\n<\/li>\n<li data-start=\"722\" data-end=\"771\">\n<p data-start=\"725\" data-end=\"771\">\u00d8v fingerplacering og overgange, n\u00e5r du vil!<\/p>\n<\/li>\n<li data-start=\"772\" data-end=\"834\">\n<p data-start=\"775\" data-end=\"834\">\u00d8v fingerplacering og overgange, n\u00e5r du vil!<\/p>\n<\/li>\n<\/ol>\n<h2 style=\"text-align: center\" data-start=\"836\" data-end=\"859\"><strong>\ud83d\udcd0 Produktdetaljer<\/strong><\/h2>\n<ul data-start=\"860\" data-end=\"972\">\n<li data-start=\"860\" data-end=\"908\">\n<p data-start=\"862\" data-end=\"908\">6 rigtige strenge, holdbar ABS + simuleret tr\u00e6<\/p>\n<\/li>\n<li data-start=\"909\" data-end=\"940\">\n<p data-start=\"911\" data-end=\"940\">Foldet st\u00f8rrelse: ca. 19,5 cm<\/p>\n<\/li>\n<li data-start=\"941\" data-end=\"972\">\n<p data-start=\"943\" data-end=\"972\">Udfoldet st\u00f8rrelse: ca. 35 cm<\/p>\n<\/li>\n<\/ul>\n<h2 style=\"text-align: center\" data-start=\"974\" data-end=\"998\"><strong>\ud83d\udce6 Pakken Indeholder<\/strong><\/h2>\n<ul data-start=\"999\" data-end=\"1047\">\n<li data-start=\"999\" data-end=\"1029\">\n<p data-start=\"1001\" data-end=\"1029\">1x guitartr\u00e6ner med sk\u00e6rm<\/p>\n<\/li>\n<li data-start=\"1030\" data-end=\"1047\">\n<p data-start=\"1032\" data-end=\"1047\">1x brugervejledning.<\/p>\n<\/li>\n<\/ul>\n","protected":false},"excerpt":{"rendered":"<p>\ud83c\udfb8 \u00d8v Guitar Hvor Som Helst &#8211; Ingen St\u00f8j, Intet Besv\u00e6r! Med denne guitartr\u00e6ner i lommeformat kan du sk\u00e6rpe dine [&hellip;]<\/p>\n","protected":false},"featured_media":20434,"comment_status":"open","ping_status":"closed","template":"","meta":{"site-sidebar-layout":"default","site-content-layout":"","ast-site-content-layout":"default","site-content-style":"default","site-sidebar-style":"default","ast-global-header-display":"","ast-banner-title-visibility":"","ast-main-header-display":"","ast-hfb-above-header-display":"","ast-hfb-below-header-display":"","ast-hfb-mobile-header-display":"","site-post-title":"","ast-breadcrumbs-content":"","ast-featured-img":"","footer-sml-layout":"","theme-transparent-header-meta":"default","adv-header-id-meta":"","stick-header-meta":"","header-above-stick-meta":"","header-main-stick-meta":"","header-below-stick-meta":"","astra-migrate-meta-layouts":"set","ast-page-background-enabled":"default","ast-page-background-meta":{"desktop":{"background-color":"var(--ast-global-color-5)","background-image":"","background-repeat":"repeat","background-position":"center center","background-size":"auto","background-attachment":"scroll","background-type":"","background-media":"","overlay-type":"","overlay-color":"","overlay-opacity":"","overlay-gradient":""},"tablet":{"background-color":"","background-image":"","background-repeat":"repeat","background-position":"center center","background-size":"auto","background-attachment":"scroll","background-type":"","background-media":"","overlay-type":"","overlay-color":"","overlay-opacity":"","overlay-gradient":""},"mobile":{"background-color":"","background-image":"","background-repeat":"repeat","background-position":"center center","background-size":"auto","background-attachment":"scroll","background-type":"","background-media":"","overlay-type":"","overlay-color":"","overlay-opacity":"","overlay-gradient":""}},"ast-content-background-meta":{"desktop":{"background-color":"var(--ast-global-color-4)","background-image":"","background-repeat":"repeat","background-position":"center center","background-size":"auto","background-attachment":"scroll","background-type":"","background-media":"","overlay-type":"","overlay-color":"","overlay-opacity":"","overlay-gradient":""},"tablet":{"background-color":"var(--ast-global-color-4)","background-image":"","background-repeat":"repeat","background-position":"center center","background-size":"auto","background-attachment":"scroll","background-type":"","background-media":"","overlay-type":"","overlay-color":"","overlay-opacity":"","overlay-gradient":""},"mobile":{"background-color":"var(--ast-global-color-4)","background-image":"","background-repeat":"repeat","background-position":"center center","background-size":"auto","background-attachment":"scroll","background-type":"","background-media":"","overlay-type":"","overlay-color":"","overlay-opacity":"","overlay-gradient":""}}},"product_brand":[],"product_cat":[19],"product_tag":[],"class_list":{"0":"post-20438","1":"product","2":"type-product","3":"status-publish","4":"has-post-thumbnail","6":"product_cat-uncategorized","7":"desktop-align-left","8":"tablet-align-left","9":"mobile-align-left","11":"first","12":"instock","13":"shipping-taxable","14":"purchasable","15":"product-type-simple"},"_links":{"self":[{"href":"https:\/\/ecostera.com\/dk\/wp-json\/wp\/v2\/product\/20438","targetHints":{"allow":["GET"]}}],"collection":[{"href":"https:\/\/ecostera.com\/dk\/wp-json\/wp\/v2\/product"}],"about":[{"href":"https:\/\/ecostera.com\/dk\/wp-json\/wp\/v2\/types\/product"}],"replies":[{"embeddable":true,"href":"https:\/\/ecostera.com\/dk\/wp-json\/wp\/v2\/comments?post=20438"}],"wp:featuredmedia":[{"embeddable":true,"href":"https:\/\/ecostera.com\/dk\/wp-json\/wp\/v2\/media\/20434"}],"wp:attachment":[{"href":"https:\/\/ecostera.com\/dk\/wp-json\/wp\/v2\/media?parent=20438"}],"wp:term":[{"taxonomy":"product_brand","embeddable":true,"href":"https:\/\/ecostera.com\/dk\/wp-json\/wp\/v2\/product_brand?post=20438"},{"taxonomy":"product_cat","embeddable":true,"href":"https:\/\/ecostera.com\/dk\/wp-json\/wp\/v2\/product_cat?post=20438"},{"taxonomy":"product_tag","embeddable":true,"href":"https:\/\/ecostera.com\/dk\/wp-json\/wp\/v2\/product_tag?post=20438"}],"curies":[{"name":"wp","href":"https:\/\/api.w.org\/{rel}","templated":true}]}}