{"id":20475,"date":"2025-09-19T14:35:25","date_gmt":"2025-09-19T11:35:25","guid":{"rendered":"https:\/\/ecostera.com\/dk\/product\/seng-til-kaeledyr\/"},"modified":"2025-09-19T14:35:48","modified_gmt":"2025-09-19T11:35:48","slug":"seng-til-kaeledyr","status":"publish","type":"product","link":"https:\/\/ecostera.com\/dk\/product\/seng-til-kaeledyr\/","title":{"rendered":"Seng til k\u00e6ledyr"},"content":{"rendered":"<p style=\"text-align: center\" data-start=\"73\" data-end=\"125\"><strong>\ud83c\udf4c Giv Dit K\u00e6ledyr Den Hyggeligste (Og S\u00f8deste) Lur Nogensinde!<\/strong><\/p>\n<p style=\"text-align: center\" data-start=\"127\" data-end=\"348\">Denne hyggelige bananformede k\u00e6ledyrsseng er det ultimative sted at putte sig for katte, sm\u00e5 hunde eller andre sm\u00e5 pelsede venner. Den er bl\u00f8d, varm og uimodst\u00e5elig sjov &#8211; og f\u00e5r dit k\u00e6ledyr til at f\u00f8le sig trygt, samtidig med at den giver dit hjem et personligt pr\u00e6g.<\/p>\n<p data-start=\"127\" data-end=\"348\"><img decoding=\"async\" class=\"size-full wp-image-27911 aligncenter\" src=\"https:\/\/keluvo.com\/template\/wp-content\/uploads\/sites\/5\/2025\/07\/giphy_16700f9f-feee-4f2f-8448-e840952d4683_480x480.webp\" alt=\"\" \/><\/p>\n<h2 style=\"text-align: center\" data-start=\"350\" data-end=\"371\">\ud83d\udc3e Hovedfordele<\/h2>\n<p data-start=\"374\" data-end=\"429\">\ud83c\udf4c Sjovt banandesign, som dit k\u00e6ledyr vil elske at kravle i into<\/p>\n<p data-start=\"432\" data-end=\"482\">\ud83d\udecf\ufe0f Bl\u00f8dt plysinteri\u00f8r holder dem lune og varme<\/p>\n<p data-start=\"485\" data-end=\"535\">\ud83d\udc36 Perfekt til katte, sm\u00e5 hunde, kaniner og meget mere<\/p>\n<p data-start=\"538\" data-end=\"569\">\ud83e\uddfc Let at reng\u00f8re og vedligeholde<\/p>\n<p data-start=\"572\" data-end=\"616\">\ud83c\udfe0 Tilf\u00f8jer et legende touch til din boligindretning<\/p>\n<p data-start=\"572\" data-end=\"616\"><img decoding=\"async\" class=\"size-full wp-image-27910 aligncenter\" src=\"https:\/\/keluvo.com\/template\/wp-content\/uploads\/sites\/5\/2025\/07\/cHamFunny-Banana-Cat-Bed-House-Cute-Cozy-Cat-Mat-Beds-Warm-Durable-Portable-Pet-Basket-Kennel_1fef26a7-665f-4c6b-8d6e-c88ebfe21313_480x480.webp\" alt=\"\" \/><\/p>\n<h2 style=\"text-align: center\" data-start=\"618\" data-end=\"636\">\ud83d\udccc S\u00e5dan Bruges<\/h2>\n<ol data-start=\"637\" data-end=\"781\">\n<li data-start=\"637\" data-end=\"694\">\n<p data-start=\"640\" data-end=\"694\">Fold sengen ud og placer den p\u00e5 dit k\u00e6ledyrs yndlingssted.<\/p>\n<\/li>\n<li data-start=\"695\" data-end=\"747\">\n<p data-start=\"698\" data-end=\"747\">Lad dem kravle ind og nyde deres banankokon.<\/p>\n<\/li>\n<li data-start=\"748\" data-end=\"781\">\n<p data-start=\"751\" data-end=\"781\">Og se dem sove som kongelige!<\/p>\n<\/li>\n<\/ol>\n<h2 style=\"text-align: center\" data-start=\"783\" data-end=\"806\">\ud83d\udcd0 Produktdetaljer<\/h2>\n<ul data-start=\"807\" data-end=\"909\">\n<li data-start=\"807\" data-end=\"840\">\n<p data-start=\"809\" data-end=\"840\">Materiale: bl\u00f8dt plys + svamp<\/p>\n<\/li>\n<li data-start=\"873\" data-end=\"909\">\n<p data-start=\"875\" data-end=\"909\">Velegnet til katte og sm\u00e5 hunde<\/p>\n<\/li>\n<li data-start=\"873\" data-end=\"909\">St\u00f8rrelser: S (40x15x11cm), M (52x20x15cm), L (62x25x18cm), XL (82x30x20cm).<\/li>\n<\/ul>\n<h2 style=\"text-align: center\" data-start=\"911\" data-end=\"935\">\ud83d\udce6 Pakken Indeholder<\/h2>\n<ul data-start=\"936\" data-end=\"964\">\n<li data-start=\"936\" data-end=\"964\">\n<p data-start=\"938\" data-end=\"964\">1x k\u00e6ledyrsseng.<\/p>\n<\/li>\n<\/ul>\n","protected":false},"excerpt":{"rendered":"<p>\ud83c\udf4c Giv Dit K\u00e6ledyr Den Hyggeligste (Og S\u00f8deste) Lur Nogensinde! Denne hyggelige bananformede k\u00e6ledyrsseng er det ultimative sted at putte [&hellip;]<\/p>\n","protected":false},"featured_media":20471,"comment_status":"open","ping_status":"closed","template":"","meta":{"site-sidebar-layout":"default","site-content-layout":"","ast-site-content-layout":"default","site-content-style":"default","site-sidebar-style":"default","ast-global-header-display":"","ast-banner-title-visibility":"","ast-main-header-display":"","ast-hfb-above-header-display":"","ast-hfb-below-header-display":"","ast-hfb-mobile-header-display":"","site-post-title":"","ast-breadcrumbs-content":"","ast-featured-img":"","footer-sml-layout":"","theme-transparent-header-meta":"default","adv-header-id-meta":"","stick-header-meta":"","header-above-stick-meta":"","header-main-stick-meta":"","header-below-stick-meta":"","astra-migrate-meta-layouts":"set","ast-page-background-enabled":"default","ast-page-background-meta":{"desktop":{"background-color":"var(--ast-global-color-5)","background-image":"","background-repeat":"repeat","background-position":"center center","background-size":"auto","background-attachment":"scroll","background-type":"","background-media":"","overlay-type":"","overlay-color":"","overlay-opacity":"","overlay-gradient":""},"tablet":{"background-color":"","background-image":"","background-repeat":"repeat","background-position":"center center","background-size":"auto","background-attachment":"scroll","background-type":"","background-media":"","overlay-type":"","overlay-color":"","overlay-opacity":"","overlay-gradient":""},"mobile":{"background-color":"","background-image":"","background-repeat":"repeat","background-position":"center center","background-size":"auto","background-attachment":"scroll","background-type":"","background-media":"","overlay-type":"","overlay-color":"","overlay-opacity":"","overlay-gradient":""}},"ast-content-background-meta":{"desktop":{"background-color":"var(--ast-global-color-4)","background-image":"","background-repeat":"repeat","background-position":"center center","background-size":"auto","background-attachment":"scroll","background-type":"","background-media":"","overlay-type":"","overlay-color":"","overlay-opacity":"","overlay-gradient":""},"tablet":{"background-color":"var(--ast-global-color-4)","background-image":"","background-repeat":"repeat","background-position":"center center","background-size":"auto","background-attachment":"scroll","background-type":"","background-media":"","overlay-type":"","overlay-color":"","overlay-opacity":"","overlay-gradient":""},"mobile":{"background-color":"var(--ast-global-color-4)","background-image":"","background-repeat":"repeat","background-position":"center center","background-size":"auto","background-attachment":"scroll","background-type":"","background-media":"","overlay-type":"","overlay-color":"","overlay-opacity":"","overlay-gradient":""}}},"product_brand":[],"product_cat":[19],"product_tag":[],"class_list":{"0":"post-20475","1":"product","2":"type-product","3":"status-publish","4":"has-post-thumbnail","6":"product_cat-uncategorized","7":"pa_23835_o5ttnv1b-s","8":"pa_23835_o5ttnv1b-m","9":"pa_23835_o5ttnv1b-l","10":"pa_23835_o5ttnv1b-xl","11":"desktop-align-left","12":"tablet-align-left","13":"mobile-align-left","15":"first","16":"instock","17":"shipping-taxable","18":"purchasable","19":"product-type-variable"},"_links":{"self":[{"href":"https:\/\/ecostera.com\/dk\/wp-json\/wp\/v2\/product\/20475","targetHints":{"allow":["GET"]}}],"collection":[{"href":"https:\/\/ecostera.com\/dk\/wp-json\/wp\/v2\/product"}],"about":[{"href":"https:\/\/ecostera.com\/dk\/wp-json\/wp\/v2\/types\/product"}],"replies":[{"embeddable":true,"href":"https:\/\/ecostera.com\/dk\/wp-json\/wp\/v2\/comments?post=20475"}],"wp:featuredmedia":[{"embeddable":true,"href":"https:\/\/ecostera.com\/dk\/wp-json\/wp\/v2\/media\/20471"}],"wp:attachment":[{"href":"https:\/\/ecostera.com\/dk\/wp-json\/wp\/v2\/media?parent=20475"}],"wp:term":[{"taxonomy":"product_brand","embeddable":true,"href":"https:\/\/ecostera.com\/dk\/wp-json\/wp\/v2\/product_brand?post=20475"},{"taxonomy":"product_cat","embeddable":true,"href":"https:\/\/ecostera.com\/dk\/wp-json\/wp\/v2\/product_cat?post=20475"},{"taxonomy":"product_tag","embeddable":true,"href":"https:\/\/ecostera.com\/dk\/wp-json\/wp\/v2\/product_tag?post=20475"}],"curies":[{"name":"wp","href":"https:\/\/api.w.org\/{rel}","templated":true}]}}