{"id":20492,"date":"2025-09-19T14:37:19","date_gmt":"2025-09-19T11:37:19","guid":{"rendered":"https:\/\/ecostera.com\/dk\/product\/dampstrygejern-2\/"},"modified":"2025-09-19T14:37:30","modified_gmt":"2025-09-19T11:37:30","slug":"dampstrygejern-2","status":"publish","type":"product","link":"https:\/\/ecostera.com\/dk\/product\/dampstrygejern-2\/","title":{"rendered":"Dampstrygejern"},"content":{"rendered":"<p style=\"text-align: center\" data-start=\"85\" data-end=\"139\"><strong>\ud83d\udc54 Sig farvel til rynker &#8211; hurtigt, nemt og overalt!<\/strong><\/p>\n<p style=\"text-align: center\" data-start=\"141\" data-end=\"414\">Med dette kraftfulde dampstrygejern kan du glatte t\u00f8jet ud p\u00e5 f\u00e5 sekunder uden at bruge et stort strygejern. Det varmer hurtigt op, fungerer p\u00e5 alle stoffer og er perfekt til hjemmet eller p\u00e5 rejsen. Uanset om det er skjorter, gardiner eller sarte stoffer &#8211; dette dampstrygejern klarer opgaven uden problemer.<\/p>\n<p data-start=\"141\" data-end=\"414\"><img decoding=\"async\" class=\"size-full wp-image-27926 aligncenter\" src=\"https:\/\/keluvo.com\/template\/wp-content\/uploads\/sites\/5\/2025\/07\/07112-ezgif.com-video-to-webp-converter-1.webp\" alt=\"\" \/><\/p>\n<h2 style=\"text-align: center\" data-start=\"416\" data-end=\"437\"><strong>\ud83d\udd25 Vigtigste Fordele<\/strong><\/h2>\n<p data-start=\"440\" data-end=\"496\">\ud83d\udca8 Hurtig og kraftig damp fjerner rynker med det samme<\/p>\n<p data-start=\"499\" data-end=\"546\">\ud83d\udc57 Sikkert til alle stoffer &#8211; fra bomuld til silke<\/p>\n<p data-start=\"549\" data-end=\"598\">\ud83e\uddf3 Kompakt og let &#8211; perfekt til rejser<\/p>\n<p data-start=\"601\" data-end=\"640\">\u26a1 Hurtig opvarmningstid til brug p\u00e5 farten<\/p>\n<p data-start=\"643\" data-end=\"693\">\ud83e\uddfc Kan ogs\u00e5 bruges til let t\u00f8jrensning<\/p>\n<p data-start=\"643\" data-end=\"693\"><img decoding=\"async\" class=\"size-full wp-image-27927 aligncenter\" src=\"https:\/\/keluvo.com\/template\/wp-content\/uploads\/sites\/5\/2025\/07\/S0f5b405516c74e8780d54510a71a2ed1Y.jpg\" alt=\"\" \/><\/p>\n<h2 style=\"text-align: center\" data-start=\"695\" data-end=\"713\"><strong>\ud83d\udccc S\u00e5dan Bruges<\/strong><\/h2>\n<ol data-start=\"714\" data-end=\"852\">\n<li data-start=\"714\" data-end=\"743\">\n<p data-start=\"717\" data-end=\"743\">Fyld tanken med vand.<\/p>\n<\/li>\n<li data-start=\"744\" data-end=\"786\">\n<p data-start=\"747\" data-end=\"786\">Lad dampstrygejernet glide hen over t\u00f8jet &#8211; der er ikke brug for et strygebr\u00e6t!<\/p>\n<\/li>\n<\/ol>\n<h2 style=\"text-align: center\" data-start=\"854\" data-end=\"877\"><strong>\ud83d\udcd0 Produktdetaljer<\/strong><\/h2>\n<ul data-start=\"878\" data-end=\"974\">\n<li data-start=\"878\" data-end=\"910\">\n<p data-start=\"880\" data-end=\"910\">Fuldautomatisk dampoutput<\/p>\n<\/li>\n<li data-start=\"911\" data-end=\"945\">\n<p data-start=\"913\" data-end=\"945\">Ergonomisk design, der er nemt at gribe om<\/p>\n<\/li>\n<li data-start=\"946\" data-end=\"974\">\n<p data-start=\"948\" data-end=\"974\">Let og b\u00e6rbart<\/p>\n<\/li>\n<li data-start=\"946\" data-end=\"974\">EU-stik<\/li>\n<\/ul>\n<h2 style=\"text-align: center\" data-start=\"976\" data-end=\"1000\"><strong>\ud83d\udce6 Pakken Indeholder<\/strong><\/h2>\n<ul data-start=\"1001\" data-end=\"1051\">\n<li data-start=\"1001\" data-end=\"1032\">\n<p data-start=\"1003\" data-end=\"1032\">1x dampstrygejern<\/p>\n<\/li>\n<li data-start=\"1033\" data-end=\"1051\">\n<p data-start=\"1035\" data-end=\"1051\">1x brugervejledning.<\/p>\n<\/li>\n<\/ul>\n","protected":false},"excerpt":{"rendered":"<p>\ud83d\udc54 Sig farvel til rynker &#8211; hurtigt, nemt og overalt! Med dette kraftfulde dampstrygejern kan du glatte t\u00f8jet ud p\u00e5 [&hellip;]<\/p>\n","protected":false},"featured_media":20488,"comment_status":"open","ping_status":"closed","template":"","meta":{"site-sidebar-layout":"default","site-content-layout":"","ast-site-content-layout":"default","site-content-style":"default","site-sidebar-style":"default","ast-global-header-display":"","ast-banner-title-visibility":"","ast-main-header-display":"","ast-hfb-above-header-display":"","ast-hfb-below-header-display":"","ast-hfb-mobile-header-display":"","site-post-title":"","ast-breadcrumbs-content":"","ast-featured-img":"","footer-sml-layout":"","theme-transparent-header-meta":"default","adv-header-id-meta":"","stick-header-meta":"","header-above-stick-meta":"","header-main-stick-meta":"","header-below-stick-meta":"","astra-migrate-meta-layouts":"set","ast-page-background-enabled":"default","ast-page-background-meta":{"desktop":{"background-color":"var(--ast-global-color-5)","background-image":"","background-repeat":"repeat","background-position":"center center","background-size":"auto","background-attachment":"scroll","background-type":"","background-media":"","overlay-type":"","overlay-color":"","overlay-opacity":"","overlay-gradient":""},"tablet":{"background-color":"","background-image":"","background-repeat":"repeat","background-position":"center center","background-size":"auto","background-attachment":"scroll","background-type":"","background-media":"","overlay-type":"","overlay-color":"","overlay-opacity":"","overlay-gradient":""},"mobile":{"background-color":"","background-image":"","background-repeat":"repeat","background-position":"center center","background-size":"auto","background-attachment":"scroll","background-type":"","background-media":"","overlay-type":"","overlay-color":"","overlay-opacity":"","overlay-gradient":""}},"ast-content-background-meta":{"desktop":{"background-color":"var(--ast-global-color-4)","background-image":"","background-repeat":"repeat","background-position":"center center","background-size":"auto","background-attachment":"scroll","background-type":"","background-media":"","overlay-type":"","overlay-color":"","overlay-opacity":"","overlay-gradient":""},"tablet":{"background-color":"var(--ast-global-color-4)","background-image":"","background-repeat":"repeat","background-position":"center center","background-size":"auto","background-attachment":"scroll","background-type":"","background-media":"","overlay-type":"","overlay-color":"","overlay-opacity":"","overlay-gradient":""},"mobile":{"background-color":"var(--ast-global-color-4)","background-image":"","background-repeat":"repeat","background-position":"center center","background-size":"auto","background-attachment":"scroll","background-type":"","background-media":"","overlay-type":"","overlay-color":"","overlay-opacity":"","overlay-gradient":""}}},"product_brand":[],"product_cat":[19],"product_tag":[],"class_list":{"0":"post-20492","1":"product","2":"type-product","3":"status-publish","4":"has-post-thumbnail","6":"product_cat-uncategorized","7":"pa_45886_89rpb1u5-hvid","8":"pa_45886_89rpb1u5-sort","9":"desktop-align-left","10":"tablet-align-left","11":"mobile-align-left","13":"first","14":"instock","15":"shipping-taxable","16":"purchasable","17":"product-type-variable"},"_links":{"self":[{"href":"https:\/\/ecostera.com\/dk\/wp-json\/wp\/v2\/product\/20492","targetHints":{"allow":["GET"]}}],"collection":[{"href":"https:\/\/ecostera.com\/dk\/wp-json\/wp\/v2\/product"}],"about":[{"href":"https:\/\/ecostera.com\/dk\/wp-json\/wp\/v2\/types\/product"}],"replies":[{"embeddable":true,"href":"https:\/\/ecostera.com\/dk\/wp-json\/wp\/v2\/comments?post=20492"}],"wp:featuredmedia":[{"embeddable":true,"href":"https:\/\/ecostera.com\/dk\/wp-json\/wp\/v2\/media\/20488"}],"wp:attachment":[{"href":"https:\/\/ecostera.com\/dk\/wp-json\/wp\/v2\/media?parent=20492"}],"wp:term":[{"taxonomy":"product_brand","embeddable":true,"href":"https:\/\/ecostera.com\/dk\/wp-json\/wp\/v2\/product_brand?post=20492"},{"taxonomy":"product_cat","embeddable":true,"href":"https:\/\/ecostera.com\/dk\/wp-json\/wp\/v2\/product_cat?post=20492"},{"taxonomy":"product_tag","embeddable":true,"href":"https:\/\/ecostera.com\/dk\/wp-json\/wp\/v2\/product_tag?post=20492"}],"curies":[{"name":"wp","href":"https:\/\/api.w.org\/{rel}","templated":true}]}}