{"id":20506,"date":"2025-09-19T14:39:19","date_gmt":"2025-09-19T11:39:19","guid":{"rendered":"https:\/\/ecostera.com\/dk\/product\/automatisk-vandingssystem\/"},"modified":"2025-09-19T14:39:51","modified_gmt":"2025-09-19T11:39:51","slug":"automatisk-vandingssystem","status":"publish","type":"product","link":"https:\/\/ecostera.com\/dk\/product\/automatisk-vandingssystem\/","title":{"rendered":"Automatisk vandingssystem"},"content":{"rendered":"<p style=\"text-align: center\" data-start=\"92\" data-end=\"143\"><strong>\ud83c\udf3f Hold Dine Planter Glade &#8211; Selv N\u00e5r Du Er V\u00e6k!<\/strong><\/p>\n<p style=\"text-align: center\" data-start=\"145\" data-end=\"399\">Dette automatiske vandingssystem s\u00f8rger for, at dine planter forbliver hydrerede uden daglig opm\u00e6rksomhed. Bare s\u00e6t spidsen p\u00e5 en flaske, stik den ned i jorden, og lad den langsomt afgive vand over tid. Ingen timere, ingen stress &#8211; bare enkel, h\u00e5ndfri plantepleje!<\/p>\n<p data-start=\"145\" data-end=\"399\"><img decoding=\"async\" class=\"size-full wp-image-27941 aligncenter\" src=\"https:\/\/keluvo.com\/template\/wp-content\/uploads\/sites\/5\/2025\/07\/07113-ezgif.com-video-to-webp-converter-1.webp\" alt=\"\" \/><\/p>\n<h2 style=\"text-align: center\" data-start=\"401\" data-end=\"422\">\ud83d\udca7 Vigtigste Fordele<\/h2>\n<p data-start=\"425\" data-end=\"479\">\ud83e\udeb4 Vander dine planter konsekvent, mens du er v\u00e6k<\/p>\n<p data-start=\"482\" data-end=\"540\">\ud83e\uddc3 Passer til de fleste plastflasker &#8211; nem at installere og genbruge<\/p>\n<p data-start=\"543\" data-end=\"590\">\ud83d\udd52 Langsomt drypsystem holder jorden fugtig i flere dage<\/p>\n<p data-start=\"593\" data-end=\"635\">\ud83c\udf3c Perfekt til indend\u00f8rs og udend\u00f8rs plants<\/p>\n<p data-start=\"638\" data-end=\"668\">\u267b\ufe0f Milj\u00f8venlig og genanvendelig<\/p>\n<p data-start=\"638\" data-end=\"668\"><img decoding=\"async\" class=\"size-full wp-image-27943 aligncenter\" src=\"https:\/\/keluvo.com\/template\/wp-content\/uploads\/sites\/5\/2025\/07\/Screenshot_12_a3e56a69-726a-4b18-ad50-2034c0e4ba0b_large.webp\" alt=\"\" \/><\/p>\n<h2 style=\"text-align: center\" data-start=\"670\" data-end=\"688\">\ud83d\udccc S\u00e5dan Bruger Du<\/h2>\n<ol data-start=\"689\" data-end=\"816\">\n<li data-start=\"689\" data-end=\"726\">\n<p data-start=\"692\" data-end=\"726\">Fyld en plastflaske med vand.<\/p>\n<\/li>\n<li data-start=\"727\" data-end=\"774\">\n<p data-start=\"730\" data-end=\"774\">S\u00e6t spyddet p\u00e5 og juster flowet, hvis det er n\u00f8dvendigt.<\/p>\n<\/li>\n<li data-start=\"775\" data-end=\"816\">\n<p data-start=\"778\" data-end=\"816\">og s\u00e6t det i jorden n\u00e6r din plante<\/p>\n<\/li>\n<\/ol>\n<h2 style=\"text-align: center\" data-start=\"818\" data-end=\"841\">\ud83d\udcd0 Produktdetaljer<\/h2>\n<ul data-start=\"842\" data-end=\"925\">\n<li data-start=\"900\" data-end=\"925\">\n<p data-start=\"902\" data-end=\"925\">Spydh\u00f8jde: 13,5 cm<\/p>\n<\/li>\n<\/ul>\n<h2 style=\"text-align: center\" data-start=\"927\" data-end=\"951\">\ud83d\udce6 Pakken Indeholder<\/h2>\n<ul data-start=\"952\" data-end=\"985\">\n<li data-start=\"952\" data-end=\"985\">\n<p data-start=\"954\" data-end=\"985\">1, 6, 12x automatisk vandingssystem.<\/p>\n<\/li>\n<\/ul>\n","protected":false},"excerpt":{"rendered":"<p>\ud83c\udf3f Hold Dine Planter Glade &#8211; Selv N\u00e5r Du Er V\u00e6k! Dette automatiske vandingssystem s\u00f8rger for, at dine planter forbliver [&hellip;]<\/p>\n","protected":false},"featured_media":20501,"comment_status":"open","ping_status":"closed","template":"","meta":{"site-sidebar-layout":"default","site-content-layout":"","ast-site-content-layout":"default","site-content-style":"default","site-sidebar-style":"default","ast-global-header-display":"","ast-banner-title-visibility":"","ast-main-header-display":"","ast-hfb-above-header-display":"","ast-hfb-below-header-display":"","ast-hfb-mobile-header-display":"","site-post-title":"","ast-breadcrumbs-content":"","ast-featured-img":"","footer-sml-layout":"","theme-transparent-header-meta":"default","adv-header-id-meta":"","stick-header-meta":"","header-above-stick-meta":"","header-main-stick-meta":"","header-below-stick-meta":"","astra-migrate-meta-layouts":"set","ast-page-background-enabled":"default","ast-page-background-meta":{"desktop":{"background-color":"var(--ast-global-color-5)","background-image":"","background-repeat":"repeat","background-position":"center center","background-size":"auto","background-attachment":"scroll","background-type":"","background-media":"","overlay-type":"","overlay-color":"","overlay-opacity":"","overlay-gradient":""},"tablet":{"background-color":"","background-image":"","background-repeat":"repeat","background-position":"center center","background-size":"auto","background-attachment":"scroll","background-type":"","background-media":"","overlay-type":"","overlay-color":"","overlay-opacity":"","overlay-gradient":""},"mobile":{"background-color":"","background-image":"","background-repeat":"repeat","background-position":"center center","background-size":"auto","background-attachment":"scroll","background-type":"","background-media":"","overlay-type":"","overlay-color":"","overlay-opacity":"","overlay-gradient":""}},"ast-content-background-meta":{"desktop":{"background-color":"var(--ast-global-color-4)","background-image":"","background-repeat":"repeat","background-position":"center center","background-size":"auto","background-attachment":"scroll","background-type":"","background-media":"","overlay-type":"","overlay-color":"","overlay-opacity":"","overlay-gradient":""},"tablet":{"background-color":"var(--ast-global-color-4)","background-image":"","background-repeat":"repeat","background-position":"center center","background-size":"auto","background-attachment":"scroll","background-type":"","background-media":"","overlay-type":"","overlay-color":"","overlay-opacity":"","overlay-gradient":""},"mobile":{"background-color":"var(--ast-global-color-4)","background-image":"","background-repeat":"repeat","background-position":"center center","background-size":"auto","background-attachment":"scroll","background-type":"","background-media":"","overlay-type":"","overlay-color":"","overlay-opacity":"","overlay-gradient":""}}},"product_brand":[],"product_cat":[19],"product_tag":[],"class_list":{"0":"post-20506","1":"product","2":"type-product","3":"status-publish","4":"has-post-thumbnail","6":"product_cat-uncategorized","7":"pa_21873_e7oqzodw-blaa","8":"pa_21873_e7oqzodw-groen","9":"pa_21873_hh8vjkjl-1-stk","10":"pa_21873_hh8vjkjl-12-stk","11":"pa_21873_hh8vjkjl-6-stk","12":"desktop-align-left","13":"tablet-align-left","14":"mobile-align-left","16":"first","17":"instock","18":"shipping-taxable","19":"purchasable","20":"product-type-variable","21":"has-default-attributes"},"_links":{"self":[{"href":"https:\/\/ecostera.com\/dk\/wp-json\/wp\/v2\/product\/20506","targetHints":{"allow":["GET"]}}],"collection":[{"href":"https:\/\/ecostera.com\/dk\/wp-json\/wp\/v2\/product"}],"about":[{"href":"https:\/\/ecostera.com\/dk\/wp-json\/wp\/v2\/types\/product"}],"replies":[{"embeddable":true,"href":"https:\/\/ecostera.com\/dk\/wp-json\/wp\/v2\/comments?post=20506"}],"wp:featuredmedia":[{"embeddable":true,"href":"https:\/\/ecostera.com\/dk\/wp-json\/wp\/v2\/media\/20501"}],"wp:attachment":[{"href":"https:\/\/ecostera.com\/dk\/wp-json\/wp\/v2\/media?parent=20506"}],"wp:term":[{"taxonomy":"product_brand","embeddable":true,"href":"https:\/\/ecostera.com\/dk\/wp-json\/wp\/v2\/product_brand?post=20506"},{"taxonomy":"product_cat","embeddable":true,"href":"https:\/\/ecostera.com\/dk\/wp-json\/wp\/v2\/product_cat?post=20506"},{"taxonomy":"product_tag","embeddable":true,"href":"https:\/\/ecostera.com\/dk\/wp-json\/wp\/v2\/product_tag?post=20506"}],"curies":[{"name":"wp","href":"https:\/\/api.w.org\/{rel}","templated":true}]}}