{"id":20636,"date":"2025-09-19T14:51:57","date_gmt":"2025-09-19T11:51:57","guid":{"rendered":"https:\/\/ecostera.com\/dk\/product\/slibehoved-med-diamant\/"},"modified":"2025-09-19T14:52:44","modified_gmt":"2025-09-19T11:52:44","slug":"slibehoved-med-diamant","status":"publish","type":"product","link":"https:\/\/ecostera.com\/dk\/product\/slibehoved-med-diamant\/","title":{"rendered":"Slibehoved med diamant"},"content":{"rendered":"<p style=\"text-align: center\" data-start=\"106\" data-end=\"156\"><strong data-start=\"106\" data-end=\"156\">Sk\u00e6r renere. Sliber hurtigere. Bygget til at holde. \u2699\ufe0f\ud83d\udca5<\/strong><\/p>\n<p style=\"text-align: center\" data-start=\"158\" data-end=\"319\">Dette diamantslibehoved er specielt designet til vinkelslibere &#8211; perfekt til pr\u00e6cis slibning og trimning af h\u00e5rde materialer som marmor, granit og sten.<\/p>\n<p data-start=\"158\" data-end=\"319\"><img decoding=\"async\" class=\"size-full wp-image-26989 aligncenter\" src=\"https:\/\/keluvo.com\/template\/wp-content\/uploads\/sites\/5\/2025\/07\/07028-ezgif.com-video-to-webp-converter-1.webp\" alt=\"\" \/><\/p>\n<h2 style=\"text-align: center\" data-start=\"321\" data-end=\"343\"><strong>Hovedfordele<\/strong><\/h2>\n<p data-start=\"346\" data-end=\"401\">\ud83d\udc8e Loddet diamantbel\u00e6gning giver h\u00f8j sk\u00e6reeffektivitet<\/p>\n<p data-start=\"404\" data-end=\"456\">\ud83d\udd29 M10-gevindgr\u00e6nseflade passer til de fleste vinkelslibere<\/p>\n<p data-start=\"459\" data-end=\"517\">\ud83e\uddf1 Sk\u00e6rer gennem marmor, granit, kvarts, fliser og meget mere<\/p>\n<p data-start=\"520\" data-end=\"572\">\ud83d\udd27 Robust og slidst\u00e6rk &#8211; deformeres eller g\u00e5r ikke i stykker<\/p>\n<p data-start=\"575\" data-end=\"619\">\ud83d\udd04 J\u00e6vn ydelse med minimal vibration<\/p>\n<p data-start=\"575\" data-end=\"619\"><img decoding=\"async\" class=\"size-full wp-image-26990 aligncenter\" src=\"https:\/\/keluvo.com\/template\/wp-content\/uploads\/sites\/5\/2025\/07\/d07db71a-6fb1-4236-ac5e-96feb0b46948.jpg\" alt=\"\" \/><\/p>\n<h2 style=\"text-align: center\" data-start=\"621\" data-end=\"639\"><strong>S\u00e5dan Bruges<\/strong><\/h2>\n<ol data-start=\"640\" data-end=\"798\">\n<li data-start=\"640\" data-end=\"689\">\n<p data-start=\"643\" data-end=\"689\">Fastg\u00f8r til dit M10-kompatible slibehoved.<\/p>\n<\/li>\n<li data-start=\"690\" data-end=\"738\">\n<p data-start=\"693\" data-end=\"738\">T\u00e6nd for det, og f\u00f8r det forsigtigt hen over materialet.<\/p>\n<\/li>\n<li data-start=\"739\" data-end=\"798\">\n<p data-start=\"742\" data-end=\"798\">Skab rene riller eller trim med kontrol og pr\u00e6cision.<\/p>\n<\/li>\n<\/ol>\n<h2 style=\"text-align: center\" data-start=\"800\" data-end=\"823\"><strong>Produktdetaljer<\/strong><\/h2>\n<ul data-start=\"824\" data-end=\"977\">\n<li data-start=\"824\" data-end=\"886\">\n<p data-start=\"826\" data-end=\"886\">St\u00f8rrelser: 6 mm, 10 mm, 15 mm (forskellige arbejds- og totall\u00e6ngder)<\/p>\n<\/li>\n<li data-start=\"887\" data-end=\"921\">\n<p data-start=\"889\" data-end=\"921\">Materiale: Diamantloddet st\u00e5l<\/p>\n<\/li>\n<li data-start=\"922\" data-end=\"977\">\n<p data-start=\"924\" data-end=\"977\">Anvendelse: Marmor, granit, kvarts, keramik, sten<\/p>\n<\/li>\n<\/ul>\n<h2 style=\"text-align: center\" data-start=\"979\" data-end=\"1003\"><strong>Pakken Indeholder<\/strong><\/h2>\n<ul data-start=\"1004\" data-end=\"1050\">\n<li data-start=\"1004\" data-end=\"1050\">\n<p data-start=\"1006\" data-end=\"1050\">1, 2, 3x diamantslibehoved.<\/p>\n<\/li>\n<\/ul>\n","protected":false},"excerpt":{"rendered":"<p>Sk\u00e6r renere. Sliber hurtigere. Bygget til at holde. \u2699\ufe0f\ud83d\udca5 Dette diamantslibehoved er specielt designet til vinkelslibere &#8211; perfekt til pr\u00e6cis [&hellip;]<\/p>\n","protected":false},"featured_media":20632,"comment_status":"open","ping_status":"closed","template":"","meta":{"site-sidebar-layout":"default","site-content-layout":"","ast-site-content-layout":"default","site-content-style":"default","site-sidebar-style":"default","ast-global-header-display":"","ast-banner-title-visibility":"","ast-main-header-display":"","ast-hfb-above-header-display":"","ast-hfb-below-header-display":"","ast-hfb-mobile-header-display":"","site-post-title":"","ast-breadcrumbs-content":"","ast-featured-img":"","footer-sml-layout":"","theme-transparent-header-meta":"default","adv-header-id-meta":"","stick-header-meta":"","header-above-stick-meta":"","header-main-stick-meta":"","header-below-stick-meta":"","astra-migrate-meta-layouts":"set","ast-page-background-enabled":"default","ast-page-background-meta":{"desktop":{"background-color":"var(--ast-global-color-5)","background-image":"","background-repeat":"repeat","background-position":"center center","background-size":"auto","background-attachment":"scroll","background-type":"","background-media":"","overlay-type":"","overlay-color":"","overlay-opacity":"","overlay-gradient":""},"tablet":{"background-color":"","background-image":"","background-repeat":"repeat","background-position":"center center","background-size":"auto","background-attachment":"scroll","background-type":"","background-media":"","overlay-type":"","overlay-color":"","overlay-opacity":"","overlay-gradient":""},"mobile":{"background-color":"","background-image":"","background-repeat":"repeat","background-position":"center center","background-size":"auto","background-attachment":"scroll","background-type":"","background-media":"","overlay-type":"","overlay-color":"","overlay-opacity":"","overlay-gradient":""}},"ast-content-background-meta":{"desktop":{"background-color":"var(--ast-global-color-4)","background-image":"","background-repeat":"repeat","background-position":"center center","background-size":"auto","background-attachment":"scroll","background-type":"","background-media":"","overlay-type":"","overlay-color":"","overlay-opacity":"","overlay-gradient":""},"tablet":{"background-color":"var(--ast-global-color-4)","background-image":"","background-repeat":"repeat","background-position":"center center","background-size":"auto","background-attachment":"scroll","background-type":"","background-media":"","overlay-type":"","overlay-color":"","overlay-opacity":"","overlay-gradient":""},"mobile":{"background-color":"var(--ast-global-color-4)","background-image":"","background-repeat":"repeat","background-position":"center center","background-size":"auto","background-attachment":"scroll","background-type":"","background-media":"","overlay-type":"","overlay-color":"","overlay-opacity":"","overlay-gradient":""}}},"product_brand":[],"product_cat":[19],"product_tag":[],"class_list":{"0":"post-20636","1":"product","2":"type-product","3":"status-publish","4":"has-post-thumbnail","6":"product_cat-uncategorized","7":"pa_45978_4wm7dhjj-1-stk","8":"pa_45978_4wm7dhjj-2-stk","9":"pa_45978_4wm7dhjj-3-stk","10":"pa_45978_u3xwg4te-10-mm","11":"pa_45978_u3xwg4te-15-mm","12":"pa_45978_u3xwg4te-6-mm","13":"desktop-align-left","14":"tablet-align-left","15":"mobile-align-left","17":"first","18":"instock","19":"shipping-taxable","20":"purchasable","21":"product-type-variable","22":"has-default-attributes"},"_links":{"self":[{"href":"https:\/\/ecostera.com\/dk\/wp-json\/wp\/v2\/product\/20636","targetHints":{"allow":["GET"]}}],"collection":[{"href":"https:\/\/ecostera.com\/dk\/wp-json\/wp\/v2\/product"}],"about":[{"href":"https:\/\/ecostera.com\/dk\/wp-json\/wp\/v2\/types\/product"}],"replies":[{"embeddable":true,"href":"https:\/\/ecostera.com\/dk\/wp-json\/wp\/v2\/comments?post=20636"}],"wp:featuredmedia":[{"embeddable":true,"href":"https:\/\/ecostera.com\/dk\/wp-json\/wp\/v2\/media\/20632"}],"wp:attachment":[{"href":"https:\/\/ecostera.com\/dk\/wp-json\/wp\/v2\/media?parent=20636"}],"wp:term":[{"taxonomy":"product_brand","embeddable":true,"href":"https:\/\/ecostera.com\/dk\/wp-json\/wp\/v2\/product_brand?post=20636"},{"taxonomy":"product_cat","embeddable":true,"href":"https:\/\/ecostera.com\/dk\/wp-json\/wp\/v2\/product_cat?post=20636"},{"taxonomy":"product_tag","embeddable":true,"href":"https:\/\/ecostera.com\/dk\/wp-json\/wp\/v2\/product_tag?post=20636"}],"curies":[{"name":"wp","href":"https:\/\/api.w.org\/{rel}","templated":true}]}}