{"id":20778,"date":"2025-09-19T15:06:20","date_gmt":"2025-09-19T12:06:20","guid":{"rendered":"https:\/\/ecostera.com\/dk\/product\/datakabel\/"},"modified":"2025-09-19T15:09:38","modified_gmt":"2025-09-19T12:09:38","slug":"datakabel","status":"publish","type":"product","link":"https:\/\/ecostera.com\/dk\/product\/datakabel\/","title":{"rendered":"Datakabel"},"content":{"rendered":"<p style=\"text-align: center\" data-start=\"0\" data-end=\"93\"><strong data-start=\"0\" data-end=\"93\">\ud83d\udcf1Lad din enhed op hurtigere, sikrere og nemmere med dette 540\u00b0 roterende magnetiske datakabel!<\/strong><\/p>\n<p style=\"text-align: center\" data-start=\"95\" data-end=\"409\">Dette smarte magnetiske datakabel g\u00f8r opladning ubesv\u00e6ret med sit roterende hoved og aftagelige magnetiske stik. Det er bygget til at holde med en st\u00e6rk nylonfletning og aluminiumslegering, mens LED-indikatoren fort\u00e6ller dig, hvorn\u00e5r din enhed oplades. Sig farvel til sammenfiltrede kabler, beskadigede porte og langsom opladning!<\/p>\n<p data-start=\"95\" data-end=\"409\"><img decoding=\"async\" class=\"size-full wp-image-27090 aligncenter\" src=\"https:\/\/keluvo.com\/template\/wp-content\/uploads\/sites\/5\/2025\/07\/070212-ezgif.com-video-to-webp-converter.webp\" alt=\"\" \/><\/p>\n<h2 style=\"text-align: center\" data-start=\"416\" data-end=\"438\">\ud83c\udf1f Vigtigste Fordele<\/h2>\n<p data-start=\"441\" data-end=\"512\">\ud83d\udd04 <strong data-start=\"444\" data-end=\"466\">540\u00b0 Roterende Hoved<\/strong> g\u00f8r opladningen mere fleksibel og praktisk<\/p>\n<p data-start=\"515\" data-end=\"578\">\ud83d\udca1 <strong data-start=\"518\" data-end=\"541\">LED-Lysindikator<\/strong> viser, n\u00e5r din enhed oplades<\/p>\n<p data-start=\"581\" data-end=\"647\">\ud83e\uddf2 <strong data-start=\"584\" data-end=\"601\">Magnetisk Stik<\/strong> fastg\u00f8res nemt\u2014ikke mere tilslutning og out<\/p>\n<p data-start=\"650\" data-end=\"712\">\ud83d\udee1\ufe0f <strong data-start=\"654\" data-end=\"674\">St\u00f8vt\u00e6t Design<\/strong> beskytter din telefons opladningsport<\/p>\n<p data-start=\"715\" data-end=\"760\">\ud83d\udd0c <strong data-start=\"718\" data-end=\"735\">Hurtig Opladning<\/strong> med op til 2.4A output<\/p>\n<p data-start=\"763\" data-end=\"833\">\ud83d\udcf1 <strong data-start=\"766\" data-end=\"793\">Universel Kompatibilitet<\/strong> \u2013 underst\u00f8tter Type-C, Micro USB, og iOS<\/p>\n<p data-start=\"763\" data-end=\"833\"><img decoding=\"async\" class=\"size-full wp-image-27093 aligncenter\" src=\"https:\/\/keluvo.com\/template\/wp-content\/uploads\/sites\/5\/2025\/07\/S9ea221542a10489e9e5c52bb71ee3a9dc.jpg_960x960q75.jpg_.jpg\" alt=\"\" \/><\/p>\n<h2 style=\"text-align: center\" data-start=\"840\" data-end=\"859\">\ud83e\udded S\u00e5dan Bruges<\/h2>\n<ol data-start=\"860\" data-end=\"1110\">\n<li data-start=\"860\" data-end=\"923\">\n<p data-start=\"863\" data-end=\"923\">S\u00e6t det magnetiske stik i din enheds opladningsport.<\/p>\n<\/li>\n<li data-start=\"924\" data-end=\"995\">\n<p data-start=\"927\" data-end=\"995\">Bring kablet t\u00e6t p\u00e5 stikket\u2014magneterne klikker det p\u00e5 plads.<\/p>\n<\/li>\n<li data-start=\"996\" data-end=\"1054\">\n<p data-start=\"999\" data-end=\"1054\">Drej hovedet op til 540\u00b0 for nem brug i alle vinkler.<\/p>\n<\/li>\n<li data-start=\"1055\" data-end=\"1110\">\n<p data-start=\"1058\" data-end=\"1110\">LED-lyset t\u00e6ndes for at vise, at opladningen er aktiv.<\/p>\n<\/li>\n<\/ol>\n<h2 style=\"text-align: center\" data-start=\"1117\" data-end=\"1141\">\ud83d\udccf Produktdetaljer<\/h2>\n<ul data-start=\"1142\" data-end=\"1382\">\n<li data-start=\"1142\" data-end=\"1178\">\n<p data-start=\"1144\" data-end=\"1178\">L\u00e6ngdeindstillinger: 0,5 m, 1 m, 2 m, 3 m<\/p>\n<\/li>\n<li data-start=\"1179\" data-end=\"1204\">\n<p data-start=\"1181\" data-end=\"1204\">Output: 5V \/ 2,4A max<\/p>\n<\/li>\n<li data-start=\"1205\" data-end=\"1255\">\n<p data-start=\"1207\" data-end=\"1255\">Materiale: Aluminiumslegering + nylonflettet kabel<\/p>\n<\/li>\n<li data-start=\"1256\" data-end=\"1318\">\n<p data-start=\"1258\" data-end=\"1318\">Stiktyper: Type-C, Micro USB, iOS<\/p>\n<\/li>\n<li data-start=\"1319\" data-end=\"1382\">\n<p data-start=\"1321\" data-end=\"1382\">Funktioner: Roterende magnetisk hoved, LED-lys, st\u00f8vt\u00e6t stik<\/p>\n<\/li>\n<\/ul>\n<h2 style=\"text-align: center\" data-start=\"1389\" data-end=\"1414\">\ud83d\udce6 Pakken Indeholder<\/h2>\n<ul data-start=\"1415\" data-end=\"1542\">\n<li data-start=\"1415\" data-end=\"1469\">\n<p data-start=\"1417\" data-end=\"1469\">1x datakabel<\/p>\n<\/li>\n<li data-start=\"1470\" data-end=\"1542\">\n<p data-start=\"1472\" data-end=\"1542\">1x magnetisk stik.<\/p>\n<\/li>\n<\/ul>\n","protected":false},"excerpt":{"rendered":"<p>\ud83d\udcf1Lad din enhed op hurtigere, sikrere og nemmere med dette 540\u00b0 roterende magnetiske datakabel! Dette smarte magnetiske datakabel g\u00f8r opladning [&hellip;]<\/p>\n","protected":false},"featured_media":20774,"comment_status":"open","ping_status":"closed","template":"","meta":{"site-sidebar-layout":"default","site-content-layout":"","ast-site-content-layout":"default","site-content-style":"default","site-sidebar-style":"default","ast-global-header-display":"","ast-banner-title-visibility":"","ast-main-header-display":"","ast-hfb-above-header-display":"","ast-hfb-below-header-display":"","ast-hfb-mobile-header-display":"","site-post-title":"","ast-breadcrumbs-content":"","ast-featured-img":"","footer-sml-layout":"","theme-transparent-header-meta":"default","adv-header-id-meta":"","stick-header-meta":"","header-above-stick-meta":"","header-main-stick-meta":"","header-below-stick-meta":"","astra-migrate-meta-layouts":"set","ast-page-background-enabled":"default","ast-page-background-meta":{"desktop":{"background-color":"var(--ast-global-color-5)","background-image":"","background-repeat":"repeat","background-position":"center center","background-size":"auto","background-attachment":"scroll","background-type":"","background-media":"","overlay-type":"","overlay-color":"","overlay-opacity":"","overlay-gradient":""},"tablet":{"background-color":"","background-image":"","background-repeat":"repeat","background-position":"center center","background-size":"auto","background-attachment":"scroll","background-type":"","background-media":"","overlay-type":"","overlay-color":"","overlay-opacity":"","overlay-gradient":""},"mobile":{"background-color":"","background-image":"","background-repeat":"repeat","background-position":"center center","background-size":"auto","background-attachment":"scroll","background-type":"","background-media":"","overlay-type":"","overlay-color":"","overlay-opacity":"","overlay-gradient":""}},"ast-content-background-meta":{"desktop":{"background-color":"var(--ast-global-color-4)","background-image":"","background-repeat":"repeat","background-position":"center center","background-size":"auto","background-attachment":"scroll","background-type":"","background-media":"","overlay-type":"","overlay-color":"","overlay-opacity":"","overlay-gradient":""},"tablet":{"background-color":"var(--ast-global-color-4)","background-image":"","background-repeat":"repeat","background-position":"center center","background-size":"auto","background-attachment":"scroll","background-type":"","background-media":"","overlay-type":"","overlay-color":"","overlay-opacity":"","overlay-gradient":""},"mobile":{"background-color":"var(--ast-global-color-4)","background-image":"","background-repeat":"repeat","background-position":"center center","background-size":"auto","background-attachment":"scroll","background-type":"","background-media":"","overlay-type":"","overlay-color":"","overlay-opacity":"","overlay-gradient":""}}},"product_brand":[],"product_cat":[19],"product_tag":[],"class_list":{"0":"post-20778","1":"product","2":"type-product","3":"status-publish","4":"has-post-thumbnail","6":"product_cat-uncategorized","7":"pa_24285_7lx7e3rm-iphone","8":"pa_24285_7lx7e3rm-mikro-usb","9":"pa_24285_7lx7e3rm-type-c","10":"pa_24285_9jl5fd40-lilla","11":"pa_24285_9jl5fd40-roed","12":"pa_24285_9jl5fd40-sort","13":"pa_24285_ljbcqdtk-0-5m","14":"pa_24285_ljbcqdtk-1m","15":"pa_24285_ljbcqdtk-2m","16":"pa_24285_ljbcqdtk-3m","17":"desktop-align-left","18":"tablet-align-left","19":"mobile-align-left","21":"first","22":"instock","23":"shipping-taxable","24":"purchasable","25":"product-type-variable","26":"has-default-attributes"},"_links":{"self":[{"href":"https:\/\/ecostera.com\/dk\/wp-json\/wp\/v2\/product\/20778","targetHints":{"allow":["GET"]}}],"collection":[{"href":"https:\/\/ecostera.com\/dk\/wp-json\/wp\/v2\/product"}],"about":[{"href":"https:\/\/ecostera.com\/dk\/wp-json\/wp\/v2\/types\/product"}],"replies":[{"embeddable":true,"href":"https:\/\/ecostera.com\/dk\/wp-json\/wp\/v2\/comments?post=20778"}],"wp:featuredmedia":[{"embeddable":true,"href":"https:\/\/ecostera.com\/dk\/wp-json\/wp\/v2\/media\/20774"}],"wp:attachment":[{"href":"https:\/\/ecostera.com\/dk\/wp-json\/wp\/v2\/media?parent=20778"}],"wp:term":[{"taxonomy":"product_brand","embeddable":true,"href":"https:\/\/ecostera.com\/dk\/wp-json\/wp\/v2\/product_brand?post=20778"},{"taxonomy":"product_cat","embeddable":true,"href":"https:\/\/ecostera.com\/dk\/wp-json\/wp\/v2\/product_cat?post=20778"},{"taxonomy":"product_tag","embeddable":true,"href":"https:\/\/ecostera.com\/dk\/wp-json\/wp\/v2\/product_tag?post=20778"}],"curies":[{"name":"wp","href":"https:\/\/api.w.org\/{rel}","templated":true}]}}