{"id":20927,"date":"2025-09-19T15:18:20","date_gmt":"2025-09-19T12:18:20","guid":{"rendered":"https:\/\/ecostera.com\/dk\/product\/hundehalsbaand\/"},"modified":"2025-09-19T15:19:12","modified_gmt":"2025-09-19T12:19:12","slug":"hundehalsbaand","status":"publish","type":"product","link":"https:\/\/ecostera.com\/dk\/product\/hundehalsbaand\/","title":{"rendered":"Hundehalsb\u00e5nd"},"content":{"rendered":"<p style=\"text-align: center\" data-start=\"76\" data-end=\"160\"><strong data-start=\"76\" data-end=\"158\">\u2728 G\u00f8r din hvalp til stjernen p\u00e5 fortovet med dette stilfulde hundehalsb\u00e5nd i l\u00e6der!<\/strong><\/p>\n<p style=\"text-align: center\" data-start=\"162\" data-end=\"379\">Fork\u00e6l din pelsede ven med den perfekte blanding af komfort, kvalitet og mode. Dette f\u00f8rsteklasses hundehalsb\u00e5nd i PU-l\u00e6der er inspireret af designerlook og har legende m\u00f8nstre og et gyldent sp\u00e6nde, der giver din hvalp et stilfuldt touch.<\/p>\n<p data-start=\"162\" data-end=\"379\"><img decoding=\"async\" class=\"size-full wp-image-27335 aligncenter\" src=\"https:\/\/keluvo.com\/template\/wp-content\/uploads\/sites\/5\/2025\/07\/XtRSrQX7iimUln4GvS4I.webp\" alt=\"\" \/><\/p>\n<h2 style=\"text-align: center\" data-start=\"381\" data-end=\"402\">\ud83d\udc3e Vigtigste Fordele<\/h2>\n<p data-start=\"405\" data-end=\"459\">\ud83d\udc8e Luksuri\u00f8st look med farverigt, i\u00f8jnefaldende design<\/p>\n<p data-start=\"462\" data-end=\"502\">\ud83d\udc36 Bl\u00f8dt PU-l\u00e6der for maksimal komfort<\/p>\n<p data-start=\"505\" data-end=\"557\">\ud83d\udd12 St\u00e6rkt guldfarvet sp\u00e6nde holder halsb\u00e5ndet sikkert<\/p>\n<p data-start=\"560\" data-end=\"602\">\ud83d\udccf Justerbar st\u00f8rrelse for den perfekte pasform<\/p>\n<p data-start=\"605\" data-end=\"657\">\ud83c\udf81 Fantastisk gave til nye hvalpe eller stilfulde hundefor\u00e6ldre<\/p>\n<p data-start=\"605\" data-end=\"657\"><img decoding=\"async\" class=\"size-full wp-image-27339 aligncenter\" src=\"https:\/\/keluvo.com\/template\/wp-content\/uploads\/sites\/5\/2025\/07\/7056e3db-3436-4822-9bc0-01ba0e6a4cf5.webp\" alt=\"\" \/><\/p>\n<h2 style=\"text-align: center\" data-start=\"659\" data-end=\"679\">\ud83d\udcd8 S\u00e5dan Bruges<\/h2>\n<ol data-start=\"680\" data-end=\"834\">\n<li data-start=\"680\" data-end=\"723\">\n<p data-start=\"683\" data-end=\"723\">Skub halsb\u00e5ndet over din hvalps hals.<\/p>\n<\/li>\n<li data-start=\"724\" data-end=\"789\">\n<p data-start=\"727\" data-end=\"789\">Juster sp\u00e6ndet for at sikre, at det sidder t\u00e6t, men behageligt.<\/p>\n<\/li>\n<li data-start=\"790\" data-end=\"834\">\n<p data-start=\"793\" data-end=\"834\">S\u00e6t din snor p\u00e5, og du er klar til at g\u00e5!<\/p>\n<\/li>\n<\/ol>\n<h2 style=\"text-align: center\" data-start=\"836\" data-end=\"859\">\ud83d\udccf Produktdetaljer<\/h2>\n<ul data-start=\"860\" data-end=\"1044\">\n<li data-start=\"860\" data-end=\"906\">\n<p data-start=\"862\" data-end=\"906\">Materiale: PU-l\u00e6der + gyldent metalsp\u00e6nde<\/p>\n<\/li>\n<li data-start=\"993\" data-end=\"1044\">\n<p data-start=\"995\" data-end=\"1044\">Dekoreret med farverige, designerinspirerede prints<\/p>\n<\/li>\n<\/ul>\n<h2 style=\"text-align: center\">\ud83d\udc36Produktst\u00f8rrelser<\/h2>\n<ul>\n<li>XS: bredde 1,5 cm, halsb\u00e5ndets l\u00e6ngde 30 cm, halsens omkreds: 20-25,5 cm<\/li>\n<li>S: bredde 1,5 cm, halsb\u00e5ndets l\u00e6ngde 35 cm, halsens omkreds: 26-32 cm<\/li>\n<li>M: bredde 2 cm, halsb\u00e5ndets l\u00e6ngde 40 cm, halsens omkreds: 29-36 cm<\/li>\n<li>L: bredde 2,5 cm, halsb\u00e5ndets l\u00e6ngde 50 cm, halsens omkreds: 35-45 cm<\/li>\n<li>XL: bredde 2,5 cm, kravel\u00e6ngde 60 cm, halsomkreds: 44-55 cm.<\/li>\n<\/ul>\n<h2 style=\"text-align: center\">\ud83d\udce6 Pakken Indeholder<\/h2>\n<ul data-start=\"1071\" data-end=\"1102\">\n<li data-start=\"1071\" data-end=\"1102\">\n<p data-start=\"1073\" data-end=\"1102\">1\u00d7 hundehalsb\u00e5nd.<\/p>\n<\/li>\n<\/ul>\n","protected":false},"excerpt":{"rendered":"<p>\u2728 G\u00f8r din hvalp til stjernen p\u00e5 fortovet med dette stilfulde hundehalsb\u00e5nd i l\u00e6der! Fork\u00e6l din pelsede ven med den [&hellip;]<\/p>\n","protected":false},"featured_media":20923,"comment_status":"open","ping_status":"closed","template":"","meta":{"site-sidebar-layout":"default","site-content-layout":"","ast-site-content-layout":"default","site-content-style":"default","site-sidebar-style":"default","ast-global-header-display":"","ast-banner-title-visibility":"","ast-main-header-display":"","ast-hfb-above-header-display":"","ast-hfb-below-header-display":"","ast-hfb-mobile-header-display":"","site-post-title":"","ast-breadcrumbs-content":"","ast-featured-img":"","footer-sml-layout":"","theme-transparent-header-meta":"default","adv-header-id-meta":"","stick-header-meta":"","header-above-stick-meta":"","header-main-stick-meta":"","header-below-stick-meta":"","astra-migrate-meta-layouts":"set","ast-page-background-enabled":"default","ast-page-background-meta":{"desktop":{"background-color":"var(--ast-global-color-5)","background-image":"","background-repeat":"repeat","background-position":"center center","background-size":"auto","background-attachment":"scroll","background-type":"","background-media":"","overlay-type":"","overlay-color":"","overlay-opacity":"","overlay-gradient":""},"tablet":{"background-color":"","background-image":"","background-repeat":"repeat","background-position":"center center","background-size":"auto","background-attachment":"scroll","background-type":"","background-media":"","overlay-type":"","overlay-color":"","overlay-opacity":"","overlay-gradient":""},"mobile":{"background-color":"","background-image":"","background-repeat":"repeat","background-position":"center center","background-size":"auto","background-attachment":"scroll","background-type":"","background-media":"","overlay-type":"","overlay-color":"","overlay-opacity":"","overlay-gradient":""}},"ast-content-background-meta":{"desktop":{"background-color":"var(--ast-global-color-4)","background-image":"","background-repeat":"repeat","background-position":"center center","background-size":"auto","background-attachment":"scroll","background-type":"","background-media":"","overlay-type":"","overlay-color":"","overlay-opacity":"","overlay-gradient":""},"tablet":{"background-color":"var(--ast-global-color-4)","background-image":"","background-repeat":"repeat","background-position":"center center","background-size":"auto","background-attachment":"scroll","background-type":"","background-media":"","overlay-type":"","overlay-color":"","overlay-opacity":"","overlay-gradient":""},"mobile":{"background-color":"var(--ast-global-color-4)","background-image":"","background-repeat":"repeat","background-position":"center center","background-size":"auto","background-attachment":"scroll","background-type":"","background-media":"","overlay-type":"","overlay-color":"","overlay-opacity":"","overlay-gradient":""}}},"product_brand":[],"product_cat":[19],"product_tag":[],"class_list":{"0":"post-20927","1":"product","2":"type-product","3":"status-publish","4":"has-post-thumbnail","6":"product_cat-uncategorized","7":"pa_47967_2d24l8gq-l","8":"pa_47967_2d24l8gq-m","9":"pa_47967_2d24l8gq-s","10":"pa_47967_2d24l8gq-xl","11":"pa_47967_2d24l8gq-xs","12":"pa_47967_fkvpqvio-brun","13":"pa_47967_fkvpqvio-hvid","14":"desktop-align-left","15":"tablet-align-left","16":"mobile-align-left","18":"first","19":"instock","20":"shipping-taxable","21":"purchasable","22":"product-type-variable","23":"has-default-attributes"},"_links":{"self":[{"href":"https:\/\/ecostera.com\/dk\/wp-json\/wp\/v2\/product\/20927","targetHints":{"allow":["GET"]}}],"collection":[{"href":"https:\/\/ecostera.com\/dk\/wp-json\/wp\/v2\/product"}],"about":[{"href":"https:\/\/ecostera.com\/dk\/wp-json\/wp\/v2\/types\/product"}],"replies":[{"embeddable":true,"href":"https:\/\/ecostera.com\/dk\/wp-json\/wp\/v2\/comments?post=20927"}],"wp:featuredmedia":[{"embeddable":true,"href":"https:\/\/ecostera.com\/dk\/wp-json\/wp\/v2\/media\/20923"}],"wp:attachment":[{"href":"https:\/\/ecostera.com\/dk\/wp-json\/wp\/v2\/media?parent=20927"}],"wp:term":[{"taxonomy":"product_brand","embeddable":true,"href":"https:\/\/ecostera.com\/dk\/wp-json\/wp\/v2\/product_brand?post=20927"},{"taxonomy":"product_cat","embeddable":true,"href":"https:\/\/ecostera.com\/dk\/wp-json\/wp\/v2\/product_cat?post=20927"},{"taxonomy":"product_tag","embeddable":true,"href":"https:\/\/ecostera.com\/dk\/wp-json\/wp\/v2\/product_tag?post=20927"}],"curies":[{"name":"wp","href":"https:\/\/api.w.org\/{rel}","templated":true}]}}