{"id":20957,"date":"2025-09-19T15:20:28","date_gmt":"2025-09-19T12:20:28","guid":{"rendered":"https:\/\/ecostera.com\/dk\/product\/strandtelt\/"},"modified":"2025-09-19T15:20:43","modified_gmt":"2025-09-19T12:20:43","slug":"strandtelt","status":"publish","type":"product","link":"https:\/\/ecostera.com\/dk\/product\/strandtelt\/","title":{"rendered":"Strandtelt"},"content":{"rendered":"<p style=\"text-align: center\" data-start=\"93\" data-end=\"169\"><strong data-start=\"93\" data-end=\"169\">\ud83c\udf1e Hold din baby sikker og k\u00f8lig p\u00e5 stranden med dette pop-up babytelt!<\/strong><\/p>\n<p style=\"text-align: center\" data-start=\"171\" data-end=\"327\">Du skal ikke l\u00e6ngere bekymre dig om solskoldning eller overophedning &#8211; dette smarte strandtelt giver din lille et behageligt og skyggefuldt sted at lege eller tage en lur, selv p\u00e5 de varmeste dage.<\/p>\n<p data-start=\"171\" data-end=\"327\"><img decoding=\"async\" class=\"size-full wp-image-27359 aligncenter\" src=\"https:\/\/keluvo.com\/template\/wp-content\/uploads\/sites\/5\/2025\/07\/GIF1-ezgif.com-crop.webp\" alt=\"\" \/><\/p>\n<h2 style=\"text-align: center\" data-start=\"329\" data-end=\"350\"><strong>Main Benefits<\/strong><\/h2>\n<p data-start=\"353\" data-end=\"414\">\ud83d\udee1\ufe0f Indbygget UV-beskyttelse (UPF 50+) for at beskytte sart hud<\/p>\n<p data-start=\"417\" data-end=\"466\">\ud83d\udca8 Mesh-sider for luftgennemstr\u00f8mning og frisk ventilation<\/p>\n<p data-start=\"469\" data-end=\"516\">\ud83d\udca7 Indbygget minipoolomr\u00e5de til sikker vandsjov<\/p>\n<p data-start=\"519\" data-end=\"560\">\u26a1 \u00c5bnes \u00f8jeblikkeligt &#8211; ingen ops\u00e6tning n\u00f8dvendig<\/p>\n<p data-start=\"563\" data-end=\"608\">\ud83c\udf92 Kan foldes sammen og passe i en b\u00e6retaske<\/p>\n<p data-start=\"563\" data-end=\"608\"><img decoding=\"async\" class=\"size-full wp-image-27358 aligncenter\" src=\"https:\/\/keluvo.com\/template\/wp-content\/uploads\/sites\/5\/2025\/07\/gif_2.webp\" alt=\"\" \/><\/p>\n<h2 style=\"text-align: center\" data-start=\"610\" data-end=\"629\"><strong>How To Use<\/strong><\/h2>\n<ol data-start=\"630\" data-end=\"809\">\n<li data-start=\"630\" data-end=\"677\">\n<p data-start=\"633\" data-end=\"677\">Lyn teltet op, og lad det \u00e5bne sig af sig selv.<\/p>\n<\/li>\n<li data-start=\"678\" data-end=\"758\">\n<p data-start=\"681\" data-end=\"758\">Placer det p\u00e5 sandet, og fyld minipoolen med lidt vand (valgfrit).<\/p>\n<\/li>\n<li data-start=\"759\" data-end=\"809\">\n<p data-start=\"762\" data-end=\"809\">Lad din baby nyde en skyggefuld, luftig stranddag!<\/p>\n<\/li>\n<\/ol>\n<h2 style=\"text-align: center\" data-start=\"811\" data-end=\"834\"><strong>Product Details<\/strong><\/h2>\n<ul data-start=\"835\" data-end=\"1027\">\n<li data-start=\"835\" data-end=\"884\">\n<p data-start=\"837\" data-end=\"884\">St\u00f8rrelse: Rummelig nok til babyer og sm\u00e5b\u00f8rn<\/p>\n<\/li>\n<li data-start=\"885\" data-end=\"944\">\n<p data-start=\"887\" data-end=\"944\">Materialer: Let, \u00e5ndbar og vandafvisende<\/p>\n<\/li>\n<\/ul>\n<h2 style=\"text-align: center\" data-start=\"1029\" data-end=\"1053\"><strong>Package Includes<\/strong><\/h2>\n<ul data-start=\"1054\" data-end=\"1106\">\n<li data-start=\"1054\" data-end=\"1083\">\n<p data-start=\"1056\" data-end=\"1083\">1x strandtelt<\/p>\n<\/li>\n<li data-start=\"1084\" data-end=\"1106\">\n<p data-start=\"1086\" data-end=\"1106\">1x opbevarings-\/b\u00e6repose.<\/p>\n<\/li>\n<\/ul>\n","protected":false},"excerpt":{"rendered":"<p>\ud83c\udf1e Hold din baby sikker og k\u00f8lig p\u00e5 stranden med dette pop-up babytelt! Du skal ikke l\u00e6ngere bekymre dig om [&hellip;]<\/p>\n","protected":false},"featured_media":20953,"comment_status":"open","ping_status":"closed","template":"","meta":{"site-sidebar-layout":"default","site-content-layout":"","ast-site-content-layout":"default","site-content-style":"default","site-sidebar-style":"default","ast-global-header-display":"","ast-banner-title-visibility":"","ast-main-header-display":"","ast-hfb-above-header-display":"","ast-hfb-below-header-display":"","ast-hfb-mobile-header-display":"","site-post-title":"","ast-breadcrumbs-content":"","ast-featured-img":"","footer-sml-layout":"","theme-transparent-header-meta":"default","adv-header-id-meta":"","stick-header-meta":"","header-above-stick-meta":"","header-main-stick-meta":"","header-below-stick-meta":"","astra-migrate-meta-layouts":"set","ast-page-background-enabled":"default","ast-page-background-meta":{"desktop":{"background-color":"var(--ast-global-color-5)","background-image":"","background-repeat":"repeat","background-position":"center center","background-size":"auto","background-attachment":"scroll","background-type":"","background-media":"","overlay-type":"","overlay-color":"","overlay-opacity":"","overlay-gradient":""},"tablet":{"background-color":"","background-image":"","background-repeat":"repeat","background-position":"center center","background-size":"auto","background-attachment":"scroll","background-type":"","background-media":"","overlay-type":"","overlay-color":"","overlay-opacity":"","overlay-gradient":""},"mobile":{"background-color":"","background-image":"","background-repeat":"repeat","background-position":"center center","background-size":"auto","background-attachment":"scroll","background-type":"","background-media":"","overlay-type":"","overlay-color":"","overlay-opacity":"","overlay-gradient":""}},"ast-content-background-meta":{"desktop":{"background-color":"var(--ast-global-color-4)","background-image":"","background-repeat":"repeat","background-position":"center center","background-size":"auto","background-attachment":"scroll","background-type":"","background-media":"","overlay-type":"","overlay-color":"","overlay-opacity":"","overlay-gradient":""},"tablet":{"background-color":"var(--ast-global-color-4)","background-image":"","background-repeat":"repeat","background-position":"center center","background-size":"auto","background-attachment":"scroll","background-type":"","background-media":"","overlay-type":"","overlay-color":"","overlay-opacity":"","overlay-gradient":""},"mobile":{"background-color":"var(--ast-global-color-4)","background-image":"","background-repeat":"repeat","background-position":"center center","background-size":"auto","background-attachment":"scroll","background-type":"","background-media":"","overlay-type":"","overlay-color":"","overlay-opacity":"","overlay-gradient":""}}},"product_brand":[],"product_cat":[19],"product_tag":[],"class_list":{"0":"post-20957","1":"product","2":"type-product","3":"status-publish","4":"has-post-thumbnail","6":"product_cat-uncategorized","7":"pa_37956_6r2fyjjn-blaa","8":"pa_37956_6r2fyjjn-lyseroed","9":"pa_37956_6r2fyjjn-orange","10":"desktop-align-left","11":"tablet-align-left","12":"mobile-align-left","14":"first","15":"instock","16":"shipping-taxable","17":"purchasable","18":"product-type-variable"},"_links":{"self":[{"href":"https:\/\/ecostera.com\/dk\/wp-json\/wp\/v2\/product\/20957","targetHints":{"allow":["GET"]}}],"collection":[{"href":"https:\/\/ecostera.com\/dk\/wp-json\/wp\/v2\/product"}],"about":[{"href":"https:\/\/ecostera.com\/dk\/wp-json\/wp\/v2\/types\/product"}],"replies":[{"embeddable":true,"href":"https:\/\/ecostera.com\/dk\/wp-json\/wp\/v2\/comments?post=20957"}],"wp:featuredmedia":[{"embeddable":true,"href":"https:\/\/ecostera.com\/dk\/wp-json\/wp\/v2\/media\/20953"}],"wp:attachment":[{"href":"https:\/\/ecostera.com\/dk\/wp-json\/wp\/v2\/media?parent=20957"}],"wp:term":[{"taxonomy":"product_brand","embeddable":true,"href":"https:\/\/ecostera.com\/dk\/wp-json\/wp\/v2\/product_brand?post=20957"},{"taxonomy":"product_cat","embeddable":true,"href":"https:\/\/ecostera.com\/dk\/wp-json\/wp\/v2\/product_cat?post=20957"},{"taxonomy":"product_tag","embeddable":true,"href":"https:\/\/ecostera.com\/dk\/wp-json\/wp\/v2\/product_tag?post=20957"}],"curies":[{"name":"wp","href":"https:\/\/api.w.org\/{rel}","templated":true}]}}