{"id":20970,"date":"2025-09-19T15:21:36","date_gmt":"2025-09-19T12:21:36","guid":{"rendered":"https:\/\/ecostera.com\/dk\/product\/haartrimmer\/"},"modified":"2025-09-19T15:21:36","modified_gmt":"2025-09-19T12:21:36","slug":"haartrimmer","status":"publish","type":"product","link":"https:\/\/ecostera.com\/dk\/product\/haartrimmer\/","title":{"rendered":"H\u00e5rtrimmer"},"content":{"rendered":"<p style=\"text-align: center\" data-start=\"101\" data-end=\"171\"><strong data-start=\"101\" data-end=\"169\">\u2702\ufe0f Trim nemt omr\u00e5der, der er sv\u00e6re at n\u00e5, med denne smarte h\u00e5rtrimmer!<\/strong><\/p>\n<p style=\"text-align: center\" data-start=\"173\" data-end=\"340\">Sig farvel til akavede barberingsvinkler og glemte steder. Denne udtr\u00e6kkelige h\u00e5rtrimmer hj\u00e6lper dig med at pleje din hals, ryg og bakkenbarter med pr\u00e6cision &#8211; helt alene!<\/p>\n<p data-start=\"173\" data-end=\"340\"><img decoding=\"async\" class=\"size-full wp-image-27366 aligncenter\" src=\"https:\/\/keluvo.com\/template\/wp-content\/uploads\/sites\/5\/2025\/07\/gif2-80.webp\" alt=\"\" \/><\/p>\n<h2 style=\"text-align: center\" data-start=\"342\" data-end=\"365\">\ud83d\udca1 Hovedfordele<\/h2>\n<p data-start=\"368\" data-end=\"417\">\ud83d\ude4c Design med ekstra r\u00e6kkevidde til trimning af vanskelige steder<\/p>\n<p data-start=\"420\" data-end=\"462\">\ud83d\udc88 Glatte, rene snit uden irritation<\/p>\n<p data-start=\"420\" data-end=\"462\">\ud83d\udd0b Genopladeligt batteri med lang brugstid<\/p>\n<p data-start=\"514\" data-end=\"562\">\ud83c\udfaf Flere styrekamme til den perfekte l\u00e6ngde<\/p>\n<p data-start=\"565\" data-end=\"595\">\ud83d\udc5c Kompakt og rejsevenlig<\/p>\n<p data-start=\"565\" data-end=\"595\"><img decoding=\"async\" class=\"size-full wp-image-27367 aligncenter\" src=\"https:\/\/keluvo.com\/template\/wp-content\/uploads\/sites\/5\/2025\/07\/gif4.gif\" alt=\"\" \/><\/p>\n<h2 style=\"text-align: center\" data-start=\"597\" data-end=\"620\">\ud83e\uddd1\u200d\ud83e\uddb1 S\u00e5dan bruges<\/h2>\n<ol data-start=\"621\" data-end=\"812\">\n<li data-start=\"621\" data-end=\"656\">\n<p data-start=\"624\" data-end=\"656\">Fastg\u00f8r den \u00f8nskede styrekam.<\/p>\n<\/li>\n<li data-start=\"657\" data-end=\"690\">\n<p data-start=\"660\" data-end=\"690\">T\u00e6nd for den, og f\u00f8r trimmeren langs h\u00e5rgr\u00e6nsen eller halsudsk\u00e6ringen.<\/p>\n<\/li>\n<li data-start=\"691\" data-end=\"761\">\n<p data-start=\"694\" data-end=\"761\">Reng\u00f8r bladet efter brug for at opn\u00e5 den bedste ydeevne.<\/p>\n<\/li>\n<li data-start=\"762\" data-end=\"812\">\n<p data-start=\"765\" data-end=\"812\">Clean the blade after use for best performance.<\/p>\n<\/li>\n<\/ol>\n<h2 style=\"text-align: center\" data-start=\"814\" data-end=\"839\">\ud83d\udccf Produktdetaljer<\/h2>\n<ul data-start=\"840\" data-end=\"1000\">\n<li data-start=\"840\" data-end=\"877\">\n<p data-start=\"842\" data-end=\"877\">USB genopladeligt (kabel medf\u00f8lger)<\/p>\n<\/li>\n<li data-start=\"878\" data-end=\"911\">\n<p data-start=\"880\" data-end=\"911\">Brugstid: op til 120 minutter<\/p>\n<\/li>\n<li data-start=\"912\" data-end=\"955\">\n<p data-start=\"914\" data-end=\"955\">Indeholder 6 guidekamme + reng\u00f8ringsb\u00f8rste<\/p>\n<\/li>\n<li data-start=\"956\" data-end=\"1000\">\n<p data-start=\"958\" data-end=\"1000\">Ergonomisk h\u00e5ndtag for nemt greb og kontrol<\/p>\n<\/li>\n<\/ul>\n<h2 style=\"text-align: center\" data-start=\"1002\" data-end=\"1028\">\ud83d\udce6 Pakken indeholder<\/h2>\n<ul data-start=\"1029\" data-end=\"1136\">\n<li data-start=\"1029\" data-end=\"1071\">\n<p data-start=\"1031\" data-end=\"1071\">1\u00d7 h\u00e5rtrimmer med udtr\u00e6kkeligt h\u00e5ndtag<\/p>\n<\/li>\n<li data-start=\"1072\" data-end=\"1090\">\n<p data-start=\"1074\" data-end=\"1090\">6\u00d7 guidekamme<\/p>\n<\/li>\n<li data-start=\"1091\" data-end=\"1116\">\n<p data-start=\"1093\" data-end=\"1116\">1\u00d7 USB-opladerkabel<\/p>\n<\/li>\n<li data-start=\"1117\" data-end=\"1136\">\n<p data-start=\"1119\" data-end=\"1136\">1\u00d7 reng\u00f8ringsb\u00f8rste.<\/p>\n<\/li>\n<\/ul>\n","protected":false},"excerpt":{"rendered":"<p>\u2702\ufe0f Trim nemt omr\u00e5der, der er sv\u00e6re at n\u00e5, med denne smarte h\u00e5rtrimmer! Sig farvel til akavede barberingsvinkler og glemte [&hellip;]<\/p>\n","protected":false},"featured_media":20967,"comment_status":"open","ping_status":"closed","template":"","meta":{"site-sidebar-layout":"default","site-content-layout":"","ast-site-content-layout":"default","site-content-style":"default","site-sidebar-style":"default","ast-global-header-display":"","ast-banner-title-visibility":"","ast-main-header-display":"","ast-hfb-above-header-display":"","ast-hfb-below-header-display":"","ast-hfb-mobile-header-display":"","site-post-title":"","ast-breadcrumbs-content":"","ast-featured-img":"","footer-sml-layout":"","theme-transparent-header-meta":"default","adv-header-id-meta":"","stick-header-meta":"","header-above-stick-meta":"","header-main-stick-meta":"","header-below-stick-meta":"","astra-migrate-meta-layouts":"set","ast-page-background-enabled":"default","ast-page-background-meta":{"desktop":{"background-color":"var(--ast-global-color-5)","background-image":"","background-repeat":"repeat","background-position":"center center","background-size":"auto","background-attachment":"scroll","background-type":"","background-media":"","overlay-type":"","overlay-color":"","overlay-opacity":"","overlay-gradient":""},"tablet":{"background-color":"","background-image":"","background-repeat":"repeat","background-position":"center center","background-size":"auto","background-attachment":"scroll","background-type":"","background-media":"","overlay-type":"","overlay-color":"","overlay-opacity":"","overlay-gradient":""},"mobile":{"background-color":"","background-image":"","background-repeat":"repeat","background-position":"center center","background-size":"auto","background-attachment":"scroll","background-type":"","background-media":"","overlay-type":"","overlay-color":"","overlay-opacity":"","overlay-gradient":""}},"ast-content-background-meta":{"desktop":{"background-color":"var(--ast-global-color-4)","background-image":"","background-repeat":"repeat","background-position":"center center","background-size":"auto","background-attachment":"scroll","background-type":"","background-media":"","overlay-type":"","overlay-color":"","overlay-opacity":"","overlay-gradient":""},"tablet":{"background-color":"var(--ast-global-color-4)","background-image":"","background-repeat":"repeat","background-position":"center center","background-size":"auto","background-attachment":"scroll","background-type":"","background-media":"","overlay-type":"","overlay-color":"","overlay-opacity":"","overlay-gradient":""},"mobile":{"background-color":"var(--ast-global-color-4)","background-image":"","background-repeat":"repeat","background-position":"center center","background-size":"auto","background-attachment":"scroll","background-type":"","background-media":"","overlay-type":"","overlay-color":"","overlay-opacity":"","overlay-gradient":""}}},"product_brand":[],"product_cat":[19],"product_tag":[],"class_list":{"0":"post-20970","1":"product","2":"type-product","3":"status-publish","4":"has-post-thumbnail","6":"product_cat-uncategorized","7":"desktop-align-left","8":"tablet-align-left","9":"mobile-align-left","11":"first","12":"instock","13":"shipping-taxable","14":"purchasable","15":"product-type-simple"},"_links":{"self":[{"href":"https:\/\/ecostera.com\/dk\/wp-json\/wp\/v2\/product\/20970","targetHints":{"allow":["GET"]}}],"collection":[{"href":"https:\/\/ecostera.com\/dk\/wp-json\/wp\/v2\/product"}],"about":[{"href":"https:\/\/ecostera.com\/dk\/wp-json\/wp\/v2\/types\/product"}],"replies":[{"embeddable":true,"href":"https:\/\/ecostera.com\/dk\/wp-json\/wp\/v2\/comments?post=20970"}],"wp:featuredmedia":[{"embeddable":true,"href":"https:\/\/ecostera.com\/dk\/wp-json\/wp\/v2\/media\/20967"}],"wp:attachment":[{"href":"https:\/\/ecostera.com\/dk\/wp-json\/wp\/v2\/media?parent=20970"}],"wp:term":[{"taxonomy":"product_brand","embeddable":true,"href":"https:\/\/ecostera.com\/dk\/wp-json\/wp\/v2\/product_brand?post=20970"},{"taxonomy":"product_cat","embeddable":true,"href":"https:\/\/ecostera.com\/dk\/wp-json\/wp\/v2\/product_cat?post=20970"},{"taxonomy":"product_tag","embeddable":true,"href":"https:\/\/ecostera.com\/dk\/wp-json\/wp\/v2\/product_tag?post=20970"}],"curies":[{"name":"wp","href":"https:\/\/api.w.org\/{rel}","templated":true}]}}